{"id":660,"date":"2023-03-28T11:11:23","date_gmt":"2023-03-28T04:11:23","guid":{"rendered":"https:\/\/fsv.com.vn\/?page_id=660"},"modified":"2026-03-20T15:59:40","modified_gmt":"2026-03-20T08:59:40","slug":"loc-nuoc-nhiem-dau","status":"publish","type":"page","link":"https:\/\/fsv.com.vn\/index.php\/loc-nuoc-nhiem-dau\/","title":{"rendered":"N\u01af\u1edaC NHI\u1ec4M D\u1ea6U"},"content":{"rendered":"\t\t<div data-elementor-type=\"wp-page\" data-elementor-id=\"660\" class=\"elementor elementor-660\" data-elementor-post-type=\"page\">\n\t\t\t\t<div class=\"elementor-element elementor-element-5fa3e1b e-flex e-con-boxed e-con e-parent\" data-id=\"5fa3e1b\" data-element_type=\"container\">\n\t\t\t\t\t<div class=\"e-con-inner\">\n\t\t\t\t<div class=\"elementor-element elementor-element-ab95e3a elementor-widget elementor-widget-spacer\" data-id=\"ab95e3a\" data-element_type=\"widget\" data-widget_type=\"spacer.default\">\n\t\t\t\t<div class=\"elementor-widget-container\">\n\t\t\t\t\t\t\t<div class=\"elementor-spacer\">\n\t\t\t<div class=\"elementor-spacer-inner\"><\/div>\n\t\t<\/div>\n\t\t\t\t\t\t<\/div>\n\t\t\t\t<\/div>\n\t\t\t\t<div class=\"elementor-element elementor-element-a482376 elementor-widget elementor-widget-text-editor\" data-id=\"a482376\" data-element_type=\"widget\" data-widget_type=\"text-editor.default\">\n\t\t\t\t<div class=\"elementor-widget-container\">\n\t\t\t\t\t\t\t\t\t<h4>Gi\u1ea3i Ph\u00e1p X\u1eed L\u00fd N\u01b0\u1edbc Th\u1ea3i Nhi\u1ec5m D\u1ea7u Cho Nh\u00e0 M\u00e1y \u0110i\u1ec7n:<\/h4><p><strong>\u0110\u00e1p \u1ee8ng Chu\u1ea9n 5 ppm Theo QCVN m\u1edbi nh\u1ea5t!<\/strong><\/p><p>Trong b\u1ed1i c\u1ea3nh c\u00e1c quy \u0111\u1ecbnh v\u1ec1 m\u00f4i tr\u01b0\u1eddng t\u1ea1i Vi\u1ec7t Nam ng\u00e0y c\u00e0ng si\u1ebft ch\u1eb7t, \u0111\u1eb7c bi\u1ec7t v\u1edbi d\u1ef1 th\u1ea3o v\u00e0 l\u1ed9 tr\u00ecnh \u00e1p d\u1ee5ng quy chu\u1ea9n QCVN 40:2025\/BTNMT, vi\u1ec7c ki\u1ec3m so\u00e1t h\u00e0m l\u01b0\u1ee3ng d\u1ea7u trong n\u01b0\u1edbc th\u1ea3i c\u00f4ng nghi\u1ec7p xu\u1ed1ng m\u1ee9c \u2264 5 ppm (mg\/l) \u0111ang tr\u1edf th\u00e0nh th\u00e1ch th\u1ee9c l\u1edbn cho c\u00e1c nh\u00e0 m\u00e1y \u0111i\u1ec7n.<\/p><p><strong> L\u00e0m th\u1ebf n\u00e0o \u0111\u1ec3 v\u1eeba \u0111\u1ea3m b\u1ea3o tu\u00e2n th\u1ee7 ph\u00e1p lu\u1eadt, v\u1eeba t\u1ed1i \u01b0u chi ph\u00ed v\u1eadn h\u00e0nh?<\/strong><\/p><p>Th\u00e1ch th\u1ee9c t\u1eeb quy chu\u1ea9n m\u1edbi QCVN 40:2025\/BTNMT.<\/p><p>H\u1ea7u h\u1ebft c\u00e1c nh\u00e0 m\u00e1y hi\u1ec7n nay \u0111\u1ec1u v\u1eadn h\u00e0nh thi\u1ebft b\u1ecb t\u00e1ch d\u1ea7u (Oil Water Separator), tuy nhi\u00ean c\u00e1c thi\u1ebft b\u1ecb n\u00e0y th\u01b0\u1eddng ch\u1ec9 \u0111\u1ea1t ti\u00eau chu\u1ea9n \u0111\u1ea7u ra \u1edf m\u1ee9c 15 ppm. \u0110\u1ec3 \u0111\u1ea1t \u0111\u01b0\u1ee3c con s\u1ed1 5 ppm \u2013 ng\u01b0\u1ee1ng an to\u00e0n v\u00e0 b\u1ec1n v\u1eefng cho h\u1ed3 s\u01a1 m\u00f4i tr\u01b0\u1eddng theo ti\u00eau chu\u1ea9n m\u1edbi \u2013 c\u00e1c h\u1ec7 th\u1ed1ng truy\u1ec1n th\u1ed1ng th\u01b0\u1eddng g\u1eb7p kh\u00f3 kh\u0103n ho\u1eb7c ho\u1ea1t \u0111\u1ed9ng kh\u00f4ng \u1ed5n \u0111\u1ecbnh.<\/p><p><strong> Gi\u1ea3i ph\u00e1p CJC\u2122 Blue Baleen: &#8220;C\u00e1 voi xanh&#8221; l\u00e0m s\u1ea1ch \u0111\u1ea1i d\u01b0\u01a1ng<\/strong><\/p><p>L\u1ea5y c\u1ea3m h\u1ee9ng t\u1eeb c\u01a1 ch\u1ebf l\u1ecdc th\u1ee9c \u0103n t\u1ef1 nhi\u00ean c\u1ee7a c\u00e1 voi t\u1ea5m s\u1eebng h\u00e0m (Baleen Whale), h\u1ec7 th\u1ed1ng CJC\u2122 Blue Baleen l\u00e0 b\u01b0\u1edbc \u0111\u1ed9t ph\u00e1 trong c\u00f4ng ngh\u1ec7 h\u1ea5p th\u1ee5 d\u1ea7u.<\/p><ul><li>Nguy\u00ean l\u00fd ho\u1ea1t \u0111\u1ed9ng: N\u01b0\u1edbc th\u1ea3i sau khi qua thi\u1ebft b\u1ecb t\u00e1ch d\u1ea7u s\u01a1 c\u1ea5p (\u0111\u1ea1t m\u1ee9c 15 ppm) s\u1ebd \u0111\u01b0\u1ee3c b\u01a1m qua h\u1ec7 th\u1ed1ng Blue Baleen. T\u1ea1i \u0111\u00e2y, s\u1ef1 k\u1ebft h\u1ee3p gi\u1eefa thi\u1ebft b\u1ecb CJC\u2122 Pre-conditioner v\u00e0 l\u00f5i l\u1ecdc h\u1ea5p th\u1ee5 d\u1ea7u CJC\u2122 Blue Baleen OilAbsorb s\u1ebd lo\u1ea1i b\u1ecf tri\u1ec7t \u0111\u1ec3 c\u00e1c ph\u00e2n t\u1eed d\u1ea7u c\u00f2n s\u00f3t l\u1ea1i, \u0111\u01b0a n\u1ed3ng \u0111\u1ed9 d\u1ea7u xu\u1ed1ng d\u01b0\u1edbi 5 ppm tr\u01b0\u1edbc khi x\u1ea3 th\u1ea3i.<\/li><\/ul><p>\u00a0<\/p><p><strong>T\u1ea1i sao nh\u00e0 m\u00e1y \u0111i\u1ec7n n\u00ean ch\u1ecdn CJC\u2122 Blue Baleen?<\/strong><\/p><p>H\u1ec7 th\u1ed1ng mang l\u1ea1i l\u1ee3i \u00edch &#8220;3 trong 1&#8221; cho c\u00e1c \u0111\u01a1n v\u1ecb v\u1eadn h\u00e0nh:<\/p><ul><li>Tu\u00e2n th\u1ee7 tuy\u1ec7t \u0111\u1ed1i: \u0110\u1ea3m b\u1ea3o h\u00e0m l\u01b0\u1ee3ng d\u1ea7u lu\u00f4n \u1edf m\u1ee9c \u2264 5 ppm, gi\u00fap nh\u00e0 m\u00e1y t\u1ef1 tin \u0111\u00e1p \u1ee9ng c\u00e1c quy \u0111\u1ecbnh m\u00f4i tr\u01b0\u1eddng kh\u1eaft khe nh\u1ea5t v\u00e0 t\u1ea1o h\u1ed3 s\u01a1 t\u00edch c\u1ef1c v\u1edbi c\u01a1 quan qu\u1ea3n l\u00fd.<\/li><li>T\u1ed1i \u01b0u chi ph\u00ed &amp; v\u1eadn h\u00e0nh: Thi\u1ebft k\u1ebf nh\u1ecf g\u1ecdn, d\u1ec5 d\u00e0ng l\u1eafp \u0111\u1eb7t ngay c\u1ea3 trong kh\u00f4ng gian h\u1eb9p c\u1ee7a nh\u00e0 m\u00e1y. \u00cdt b\u1ea3o tr\u00ec, v\u1eadn h\u00e0nh \u0111\u01a1n gi\u1ea3n, gi\u00fap gi\u1ea3m \u0111\u00e1ng k\u1ec3 chi ph\u00ed nh\u00e2n c\u00f4ng v\u00e0 d\u1eebng m\u00e1y.<\/li><li>Th\u00e2n thi\u1ec7n v\u1edbi m\u00f4i tr\u01b0\u1eddng: L\u00f5i l\u1ecdc OilAbsorb \u0111\u01b0\u1ee3c l\u00e0m t\u1eeb 100% nguy\u00ean li\u1ec7u t\u1ef1 nhi\u00ean v\u00e0 c\u00f3 th\u1ec3 t\u00e1i ch\u1ebf, ho\u00e0n to\u00e0n ph\u00f9 h\u1ee3p v\u1edbi \u0111\u1ecbnh h\u01b0\u1edbng ph\u00e1t tri\u1ec3n xanh c\u1ee7a ng\u00e0nh \u0111i\u1ec7n l\u1ef1c.<\/li><\/ul><p>\u00a0<\/p><p><strong>Filtration Systems Vietnam (FSV)<\/strong> \u2013 \u0110\u1ed1i t\u00e1c tin c\u1eady v\u1ec1 l\u1ecdc d\u1ea7u V\u1edbi h\u01a1n 64 n\u0103m kinh nghi\u1ec7m t\u1eeb t\u1eadp \u0111o\u00e0n C.C.JENSEN (\u0110an M\u1ea1ch), FSV t\u1ef1 h\u00e0o cung c\u1ea5p gi\u1ea3i ph\u00e1p l\u1ecdc n\u01b0\u1edbc th\u1ea3i nhi\u1ec5m d\u1ea7u h\u00e0ng \u0111\u1ea7u t\u1ea1i th\u1ecb tr\u01b0\u1eddng Vi\u1ec7t Nam. Ch\u00fang t\u00f4i kh\u00f4ng ch\u1ec9 cung c\u1ea5p thi\u1ebft b\u1ecb m\u00e0 c\u00f2n mang \u0111\u1ebfn s\u1ef1 an t\u00e2m cho l\u1ed9 tr\u00ecnh chuy\u1ec3n \u0111\u1ed5i xanh c\u1ee7a c\u00e1c nh\u00e0 m\u00e1y \u0111i\u1ec7n. \u0110\u1eebng \u0111\u1ec3 n\u01b0\u1edbc th\u1ea3i nhi\u1ec5m d\u1ea7u tr\u1edf th\u00e0nh r\u00e0o c\u1ea3n v\u1eadn h\u00e0nh c\u1ee7a nh\u00e0 m\u00e1y!<\/p>\t\t\t\t\t\t\t\t<\/div>\n\t\t\t\t<\/div>\n\t\t\t\t\t<\/div>\n\t\t\t\t<\/div>\n\t\t<div class=\"elementor-element elementor-element-c9a6449 e-flex e-con-boxed e-con e-parent\" data-id=\"c9a6449\" data-element_type=\"container\">\n\t\t\t\t\t<div class=\"e-con-inner\">\n\t\t<div class=\"elementor-element elementor-element-fe14fcc e-con-full e-flex e-con e-child\" data-id=\"fe14fcc\" data-element_type=\"container\">\n\t\t<div class=\"elementor-element elementor-element-6d8d1bc e-grid e-con-full e-con e-child\" data-id=\"6d8d1bc\" data-element_type=\"container\">\n\t\t\t\t<div class=\"elementor-element elementor-element-a432b9a elementor--h-position-center elementor--v-position-middle elementor-arrows-position-inside elementor-pagination-position-inside elementor-widget elementor-widget-slides\" data-id=\"a432b9a\" data-element_type=\"widget\" data-settings=\"{&quot;navigation&quot;:&quot;both&quot;,&quot;autoplay&quot;:&quot;yes&quot;,&quot;pause_on_hover&quot;:&quot;yes&quot;,&quot;pause_on_interaction&quot;:&quot;yes&quot;,&quot;autoplay_speed&quot;:5000,&quot;infinite&quot;:&quot;yes&quot;,&quot;transition&quot;:&quot;slide&quot;,&quot;transition_speed&quot;:500}\" data-widget_type=\"slides.default\">\n\t\t\t\t<div class=\"elementor-widget-container\">\n\t\t\t\t\t\t\t\t\t<div class=\"elementor-swiper\">\n\t\t\t\t\t<div class=\"elementor-slides-wrapper elementor-main-swiper swiper\" role=\"region\" aria-roledescription=\"carousel\" aria-label=\"Slides\" dir=\"ltr\" data-animation=\"fadeInUp\">\n\t\t\t\t<div class=\"swiper-wrapper elementor-slides\">\n\t\t\t\t\t\t\t\t\t\t<div class=\"elementor-repeater-item-4bbc76b swiper-slide\" role=\"group\" aria-roledescription=\"slide\"><div class=\"swiper-slide-bg\" role=\"img\" aria-label=\"Screenshot 2026-03-20 at 15.46.17\"><\/div><div class=\"swiper-slide-inner\" ><div class=\"swiper-slide-contents\"><\/div><\/div><\/div>\t\t\t\t<\/div>\n\t\t\t\t\t\t\t<\/div>\n\t\t\t\t<\/div>\n\t\t\t\t\t\t\t\t<\/div>\n\t\t\t\t<\/div>\n\t\t\t\t<div class=\"elementor-element elementor-element-a60ab4a elementor--h-position-center elementor--v-position-middle elementor-arrows-position-inside elementor-pagination-position-inside elementor-widget elementor-widget-slides\" data-id=\"a60ab4a\" data-element_type=\"widget\" data-settings=\"{&quot;navigation&quot;:&quot;both&quot;,&quot;autoplay&quot;:&quot;yes&quot;,&quot;pause_on_hover&quot;:&quot;yes&quot;,&quot;pause_on_interaction&quot;:&quot;yes&quot;,&quot;autoplay_speed&quot;:5000,&quot;infinite&quot;:&quot;yes&quot;,&quot;transition&quot;:&quot;slide&quot;,&quot;transition_speed&quot;:500}\" data-widget_type=\"slides.default\">\n\t\t\t\t<div class=\"elementor-widget-container\">\n\t\t\t\t\t\t\t\t\t<div class=\"elementor-swiper\">\n\t\t\t\t\t<div class=\"elementor-slides-wrapper elementor-main-swiper swiper\" role=\"region\" aria-roledescription=\"carousel\" aria-label=\"Slides\" dir=\"ltr\" data-animation=\"fadeInUp\">\n\t\t\t\t<div class=\"swiper-wrapper elementor-slides\">\n\t\t\t\t\t\t\t\t\t\t<div class=\"elementor-repeater-item-b33ef21 swiper-slide\" role=\"group\" aria-roledescription=\"slide\"><div class=\"swiper-slide-bg\" role=\"img\" aria-label=\"Screenshot 2026-03-20 at 15.46.35\"><\/div><div class=\"swiper-slide-inner\" ><div class=\"swiper-slide-contents\"><\/div><\/div><\/div>\t\t\t\t<\/div>\n\t\t\t\t\t\t\t<\/div>\n\t\t\t\t<\/div>\n\t\t\t\t\t\t\t\t<\/div>\n\t\t\t\t<\/div>\n\t\t\t\t<\/div>\n\t\t\t\t<\/div>\n\t\t<div class=\"elementor-element elementor-element-88c6115 e-con-full e-flex e-con e-child\" data-id=\"88c6115\" data-element_type=\"container\">\n\t\t\t\t<div class=\"elementor-element elementor-element-a8dd4b6 elementor-widget elementor-widget-image\" data-id=\"a8dd4b6\" data-element_type=\"widget\" data-widget_type=\"image.default\">\n\t\t\t\t<div class=\"elementor-widget-container\">\n\t\t\t\t\t\t\t\t\t\t\t\t\t\t\t\t<a href=\"https:\/\/drive.google.com\/file\/d\/1v5IpIQ0Ndo49r-IizQV-fYLdUFQXjVXg\/view?usp=sharing\">\n\t\t\t\t\t\t\t<img fetchpriority=\"high\" decoding=\"async\" width=\"731\" height=\"1024\" src=\"https:\/\/fsv.com.vn\/wp-content\/uploads\/2026\/03\/Screenshot-2026-03-20-at-15.43.04-731x1024.png\" class=\"attachment-large size-large wp-image-2358\" alt=\"\" srcset=\"https:\/\/fsv.com.vn\/wp-content\/uploads\/2026\/03\/Screenshot-2026-03-20-at-15.43.04-731x1024.png 731w, https:\/\/fsv.com.vn\/wp-content\/uploads\/2026\/03\/Screenshot-2026-03-20-at-15.43.04-214x300.png 214w, https:\/\/fsv.com.vn\/wp-content\/uploads\/2026\/03\/Screenshot-2026-03-20-at-15.43.04-768x1076.png 768w, https:\/\/fsv.com.vn\/wp-content\/uploads\/2026\/03\/Screenshot-2026-03-20-at-15.43.04.png 972w\" sizes=\"(max-width: 731px) 100vw, 731px\" \/>\t\t\t\t\t\t\t\t<\/a>\n\t\t\t\t\t\t\t\t\t\t\t\t\t\t\t<\/div>\n\t\t\t\t<\/div>\n\t\t\t\t<div class=\"elementor-element elementor-element-6c1a5c3 elementor--h-position-center elementor--v-position-middle elementor-arrows-position-inside elementor-pagination-position-inside elementor-widget elementor-widget-slides\" data-id=\"6c1a5c3\" data-element_type=\"widget\" data-settings=\"{&quot;navigation&quot;:&quot;both&quot;,&quot;autoplay&quot;:&quot;yes&quot;,&quot;pause_on_hover&quot;:&quot;yes&quot;,&quot;pause_on_interaction&quot;:&quot;yes&quot;,&quot;autoplay_speed&quot;:5000,&quot;infinite&quot;:&quot;yes&quot;,&quot;transition&quot;:&quot;slide&quot;,&quot;transition_speed&quot;:500}\" data-widget_type=\"slides.default\">\n\t\t\t\t<div class=\"elementor-widget-container\">\n\t\t\t\t\t\t\t\t\t<div class=\"elementor-swiper\">\n\t\t\t\t\t<div class=\"elementor-slides-wrapper elementor-main-swiper swiper\" role=\"region\" aria-roledescription=\"carousel\" aria-label=\"Slides\" dir=\"ltr\" data-animation=\"fadeInUp\">\n\t\t\t\t<div class=\"swiper-wrapper elementor-slides\">\n\t\t\t\t\t\t\t\t\t\t<div class=\"elementor-repeater-item-36b77c5 swiper-slide\" role=\"group\" aria-roledescription=\"slide\"><div class=\"swiper-slide-bg\" role=\"img\" aria-label=\"Screenshot 2026-03-20 at 15.47.21\"><\/div><div class=\"swiper-slide-inner\" ><div class=\"swiper-slide-contents\"><\/div><\/div><\/div>\t\t\t\t<\/div>\n\t\t\t\t\t\t\t<\/div>\n\t\t\t\t<\/div>\n\t\t\t\t\t\t\t\t<\/div>\n\t\t\t\t<\/div>\n\t\t\t\t<\/div>\n\t\t\t\t\t<\/div>\n\t\t\t\t<\/div>\n\t\t<div class=\"elementor-element elementor-element-78c79cb e-flex e-con-boxed e-con e-parent\" data-id=\"78c79cb\" data-element_type=\"container\">\n\t\t\t\t\t<div class=\"e-con-inner\">\n\t\t<div class=\"elementor-element elementor-element-5942c47 e-con-full e-flex e-con e-child\" data-id=\"5942c47\" data-element_type=\"container\">\n\t\t\t\t<\/div>\n\t\t\t\t\t<\/div>\n\t\t\t\t<\/div>\n\t\t\t\t<\/div>\n\t\t","protected":false},"excerpt":{"rendered":"<p>Gi\u1ea3i Ph\u00e1p X\u1eed L\u00fd N\u01b0\u1edbc Th\u1ea3i Nhi\u1ec5m D\u1ea7u Cho Nh\u00e0 M\u00e1y \u0110i\u1ec7n: \u0110\u00e1p \u1ee8ng Chu\u1ea9n 5 ppm Theo QCVN m\u1edbi nh\u1ea5t! Trong b\u1ed1i c\u1ea3nh c\u00e1c quy \u0111\u1ecbnh v\u1ec1 m\u00f4i tr\u01b0\u1eddng t\u1ea1i Vi\u1ec7t Nam ng\u00e0y c\u00e0ng si\u1ebft ch\u1eb7t, \u0111\u1eb7c bi\u1ec7t v\u1edbi d\u1ef1 th\u1ea3o v\u00e0 l\u1ed9 tr\u00ecnh \u00e1p d\u1ee5ng quy chu\u1ea9n QCVN 40:2025\/BTNMT, vi\u1ec7c ki\u1ec3m so\u00e1t h\u00e0m [&hellip;]<\/p>\n","protected":false},"author":1,"featured_media":0,"parent":0,"menu_order":13,"comment_status":"closed","ping_status":"closed","template":"","meta":{"footnotes":""},"class_list":["post-660","page","type-page","status-publish","hentry"],"_links":{"self":[{"href":"https:\/\/fsv.com.vn\/index.php\/wp-json\/wp\/v2\/pages\/660","targetHints":{"allow":["GET"]}}],"collection":[{"href":"https:\/\/fsv.com.vn\/index.php\/wp-json\/wp\/v2\/pages"}],"about":[{"href":"https:\/\/fsv.com.vn\/index.php\/wp-json\/wp\/v2\/types\/page"}],"author":[{"embeddable":true,"href":"https:\/\/fsv.com.vn\/index.php\/wp-json\/wp\/v2\/users\/1"}],"replies":[{"embeddable":true,"href":"https:\/\/fsv.com.vn\/index.php\/wp-json\/wp\/v2\/comments?post=660"}],"version-history":[{"count":24,"href":"https:\/\/fsv.com.vn\/index.php\/wp-json\/wp\/v2\/pages\/660\/revisions"}],"predecessor-version":[{"id":2376,"href":"https:\/\/fsv.com.vn\/index.php\/wp-json\/wp\/v2\/pages\/660\/revisions\/2376"}],"wp:attachment":[{"href":"https:\/\/fsv.com.vn\/index.php\/wp-json\/wp\/v2\/media?parent=660"}],"curies":[{"name":"wp","href":"https:\/\/api.w.org\/{rel}","templated":true}]}}