{"id":648,"date":"2023-03-28T11:07:52","date_gmt":"2023-03-28T04:07:52","guid":{"rendered":"https:\/\/fsv.com.vn\/?page_id=648"},"modified":"2025-03-16T14:53:12","modified_gmt":"2025-03-16T07:53:12","slug":"thiet-bi-loai-bo-axit-trong-dau","status":"publish","type":"page","link":"https:\/\/fsv.com.vn\/index.php\/san-pham\/thiet-bi-loai-bo-axit-trong-dau\/","title":{"rendered":"Thi\u1ebft b\u1ecb l\u1ecdc trung ho\u00e0 axit"},"content":{"rendered":"\t\t<div data-elementor-type=\"wp-page\" data-elementor-id=\"648\" class=\"elementor elementor-648\" data-elementor-post-type=\"page\">\n\t\t\t\t\t\t<section class=\"elementor-section elementor-top-section elementor-element elementor-element-094d0eb elementor-section-boxed elementor-section-height-default elementor-section-height-default\" data-id=\"094d0eb\" data-element_type=\"section\">\n\t\t\t\t\t\t<div class=\"elementor-container elementor-column-gap-default\">\n\t\t\t\t\t<div class=\"elementor-column elementor-col-100 elementor-top-column elementor-element elementor-element-4792085\" data-id=\"4792085\" data-element_type=\"column\">\n\t\t\t<div class=\"elementor-widget-wrap elementor-element-populated\">\n\t\t\t\t\t\t<div class=\"elementor-element elementor-element-dda36b9 elementor-widget elementor-widget-spacer\" data-id=\"dda36b9\" data-element_type=\"widget\" data-widget_type=\"spacer.default\">\n\t\t\t\t<div class=\"elementor-widget-container\">\n\t\t\t\t\t\t\t<div class=\"elementor-spacer\">\n\t\t\t<div class=\"elementor-spacer-inner\"><\/div>\n\t\t<\/div>\n\t\t\t\t\t\t<\/div>\n\t\t\t\t<\/div>\n\t\t\t\t\t<\/div>\n\t\t<\/div>\n\t\t\t\t\t<\/div>\n\t\t<\/section>\n\t\t\t\t<section class=\"elementor-section elementor-top-section elementor-element elementor-element-154c4f3 elementor-section-boxed elementor-section-height-default elementor-section-height-default\" data-id=\"154c4f3\" data-element_type=\"section\">\n\t\t\t\t\t\t<div class=\"elementor-container elementor-column-gap-default\">\n\t\t\t\t\t<div class=\"elementor-column elementor-col-66 elementor-top-column elementor-element elementor-element-f6a0c05\" data-id=\"f6a0c05\" data-element_type=\"column\">\n\t\t\t<div class=\"elementor-widget-wrap elementor-element-populated\">\n\t\t\t\t\t\t<div class=\"elementor-element elementor-element-86d8f8a elementor-widget elementor-widget-text-editor\" data-id=\"86d8f8a\" data-element_type=\"widget\" data-widget_type=\"text-editor.default\">\n\t\t\t\t<div class=\"elementor-widget-container\">\n\t\t\t\t\t\t\t\t\t<h5><strong>THI\u1ebeT B\u1eca L\u1eccC TRAO \u0110\u1ed4I ION \/ TRUNG H\u00d2A AXIT \u2013 GI\u1ea2I PH\u00c1P L\u1eccC D\u1ea6U HI\u1ec6U QU\u1ea2<\/strong><\/h5><h4><span style=\"font-family: var( --e-global-typography-text-font-family ), Sans-serif; font-weight: var( --e-global-typography-text-font-weight ); font-size: 1rem;\">Thi\u1ebft b\u1ecb l\u1ecdc <\/span><strong style=\"font-family: var( --e-global-typography-text-font-family ), Sans-serif; font-size: 1rem;\">Trao \u0111\u1ed5i ion \/ Trung h\u00f2a axit<\/strong><span style=\"font-family: var( --e-global-typography-text-font-family ), Sans-serif; font-weight: var( --e-global-typography-text-font-weight ); font-size: 1rem;\"> s\u1eed d\u1ee5ng l\u00f5i l\u1ecdc trung h\u00f2a axit <\/span><strong style=\"font-family: var( --e-global-typography-text-font-family ), Sans-serif; font-size: 1rem;\">k\u1ebft h\u1ee3p v\u1edbi l\u00f5i l\u1ecdc m\u1ecbn 3 micron tuy\u1ec7t \u0111\u1ed1i<\/strong><span style=\"font-family: var( --e-global-typography-text-font-family ), Sans-serif; font-weight: var( --e-global-typography-text-font-weight ); font-size: 1rem;\">, gi\u00fap lo\u1ea1i b\u1ecf c\u1eb7n b\u1ea9n c\u00f3 \u0111\u1ed9 b\u00e1m d\u00ednh cao v\u00e0 trung h\u00f2a axit trong d\u1ea7u.<\/span><\/h4><h4><strong>C\u00d4NG D\u1ee4NG &amp; \u1ee8NG D\u1ee4NG<\/strong><\/h4><p>\u2714\ufe0f <strong>L\u00e0m s\u1ea1ch &amp; t\u00e1i sinh d\u1ea7u bi\u1ebfn \u00e1p (d\u1ea7u c\u00e1ch \u0111i\u1ec7n)<\/strong><br \/>\u2714\ufe0f <strong>Trung h\u00f2a axit trong d\u1ea7u \u0111i\u1ec1u khi\u1ec3n tua-bin<\/strong> (HFD \u2013 Phosphoric Ester)<br \/>\u2714\ufe0f <strong>Duy tr\u00ec ch\u1ea5t l\u01b0\u1ee3ng d\u1ea7u b\u00f4i tr\u01a1n \u0111\u1ed9ng c\u01a1 kh\u00ed (gas engines)<\/strong><\/p><p>Khi d\u1ea7u suy tho\u00e1i, \u0111\u1eb7c bi\u1ec7t l\u00e0 d\u1ea7u <strong>g\u1ed1c ester ti\u1ebfp x\u00fac v\u1edbi \u0111\u1ed9 \u1ea9m<\/strong>, s\u1ebd h\u00ecnh th\u00e0nh <strong>h\u1ee3p ch\u1ea5t axit<\/strong>, l\u00e0m t\u0103ng <strong>ch\u1ec9 s\u1ed1 TAN<\/strong>, g\u00e2y \u0103n m\u00f2n, r\u1ed7 b\u1ec1 m\u1eb7t linh ki\u1ec7n.<\/p><h4><strong>L\u1ee2I \u00cdCH KHI S\u1eec D\u1ee4NG<\/strong><\/h4><p>\u2714\ufe0f <strong>Gi\u1ea3m nguy c\u01a1 ng\u1eebng m\u00e1y kh\u00f4ng mong mu\u1ed1n<\/strong> (v\u00ed d\u1ee5: tua-bin d\u1eebng \u0111\u1ed9t ng\u1ed9t)<br \/>\u2714\ufe0f <strong>T\u0103ng tu\u1ed5i th\u1ecd d\u1ea7u \/ ch\u1ea5t l\u1ecfng nh\u1edd trung h\u00f2a TAN &amp; t\u0103ng \u0111i\u1ec7n tr\u1edf c\u00e1ch \u0111i\u1ec7n<\/strong><br \/>\u2714\ufe0f <strong>B\u1ea3o v\u1ec7 linh ki\u1ec7n, gi\u1ea3m h\u01b0 h\u1ecfng &amp; chi ph\u00ed b\u1ea3o tr\u00ec<\/strong><\/p><p>\ud83d\udca1 <strong>Thi\u1ebft b\u1ecb l\u1ecdc Trao \u0111\u1ed5i Ion \/ Trung H\u00f2a Axit gi\u00fap duy tr\u00ec ch\u1ea5t l\u01b0\u1ee3ng d\u1ea7u, b\u1ea3o v\u1ec7 thi\u1ebft b\u1ecb &amp; t\u1ed1i \u01b0u hi\u1ec7u su\u1ea5t v\u1eadn h\u00e0nh!<\/strong> \ud83d\ude80<\/p>\t\t\t\t\t\t\t\t<\/div>\n\t\t\t\t<\/div>\n\t\t\t\t\t<\/div>\n\t\t<\/div>\n\t\t\t\t<div class=\"elementor-column elementor-col-33 elementor-top-column elementor-element elementor-element-027f37b\" data-id=\"027f37b\" data-element_type=\"column\">\n\t\t\t<div class=\"elementor-widget-wrap elementor-element-populated\">\n\t\t\t\t\t\t<div class=\"elementor-element elementor-element-70c03a1 elementor-widget elementor-widget-image\" data-id=\"70c03a1\" data-element_type=\"widget\" data-widget_type=\"image.default\">\n\t\t\t\t<div class=\"elementor-widget-container\">\n\t\t\t\t\t\t\t\t\t\t\t\t\t\t\t<img fetchpriority=\"high\" decoding=\"async\" width=\"800\" height=\"909\" src=\"https:\/\/fsv.com.vn\/wp-content\/uploads\/2025\/03\/Anh-man-hinh-2025-03-16-luc-14.51.47-901x1024.png\" class=\"attachment-large size-large wp-image-2094\" alt=\"\" srcset=\"https:\/\/fsv.com.vn\/wp-content\/uploads\/2025\/03\/Anh-man-hinh-2025-03-16-luc-14.51.47-901x1024.png 901w, https:\/\/fsv.com.vn\/wp-content\/uploads\/2025\/03\/Anh-man-hinh-2025-03-16-luc-14.51.47-264x300.png 264w, https:\/\/fsv.com.vn\/wp-content\/uploads\/2025\/03\/Anh-man-hinh-2025-03-16-luc-14.51.47-768x872.png 768w, https:\/\/fsv.com.vn\/wp-content\/uploads\/2025\/03\/Anh-man-hinh-2025-03-16-luc-14.51.47.png 1000w\" sizes=\"(max-width: 800px) 100vw, 800px\" \/>\t\t\t\t\t\t\t\t\t\t\t\t\t\t\t<\/div>\n\t\t\t\t<\/div>\n\t\t\t\t<div class=\"elementor-element elementor-element-f000538 elementor-widget elementor-widget-image\" data-id=\"f000538\" data-element_type=\"widget\" data-widget_type=\"image.default\">\n\t\t\t\t<div class=\"elementor-widget-container\">\n\t\t\t\t\t\t\t\t\t\t\t\t\t\t\t<img decoding=\"async\" width=\"800\" height=\"920\" src=\"https:\/\/fsv.com.vn\/wp-content\/uploads\/2025\/03\/Anh-man-hinh-2025-03-16-luc-14.52.33.png\" class=\"attachment-large size-large wp-image-2095\" alt=\"\" srcset=\"https:\/\/fsv.com.vn\/wp-content\/uploads\/2025\/03\/Anh-man-hinh-2025-03-16-luc-14.52.33.png 824w, https:\/\/fsv.com.vn\/wp-content\/uploads\/2025\/03\/Anh-man-hinh-2025-03-16-luc-14.52.33-261x300.png 261w, https:\/\/fsv.com.vn\/wp-content\/uploads\/2025\/03\/Anh-man-hinh-2025-03-16-luc-14.52.33-768x884.png 768w\" sizes=\"(max-width: 800px) 100vw, 800px\" \/>\t\t\t\t\t\t\t\t\t\t\t\t\t\t\t<\/div>\n\t\t\t\t<\/div>\n\t\t\t\t\t<\/div>\n\t\t<\/div>\n\t\t\t\t\t<\/div>\n\t\t<\/section>\n\t\t\t\t<section class=\"elementor-section elementor-top-section elementor-element elementor-element-03f88a5 elementor-section-boxed elementor-section-height-default elementor-section-height-default\" data-id=\"03f88a5\" data-element_type=\"section\">\n\t\t\t\t\t\t<div class=\"elementor-container elementor-column-gap-default\">\n\t\t\t\t\t<div class=\"elementor-column elementor-col-100 elementor-top-column elementor-element elementor-element-2ac3660\" data-id=\"2ac3660\" data-element_type=\"column\">\n\t\t\t<div class=\"elementor-widget-wrap elementor-element-populated\">\n\t\t\t\t\t\t<div class=\"elementor-element elementor-element-f5cb256 elementor-widget elementor-widget-spacer\" data-id=\"f5cb256\" data-element_type=\"widget\" data-widget_type=\"spacer.default\">\n\t\t\t\t<div class=\"elementor-widget-container\">\n\t\t\t\t\t\t\t<div class=\"elementor-spacer\">\n\t\t\t<div class=\"elementor-spacer-inner\"><\/div>\n\t\t<\/div>\n\t\t\t\t\t\t<\/div>\n\t\t\t\t<\/div>\n\t\t\t\t\t<\/div>\n\t\t<\/div>\n\t\t\t\t\t<\/div>\n\t\t<\/section>\n\t\t\t\t<\/div>\n\t\t","protected":false},"excerpt":{"rendered":"<p>THI\u1ebeT B\u1eca L\u1eccC TRAO \u0110\u1ed4I ION \/ TRUNG H\u00d2A AXIT \u2013 GI\u1ea2I PH\u00c1P L\u1eccC D\u1ea6U HI\u1ec6U QU\u1ea2 Thi\u1ebft b\u1ecb l\u1ecdc Trao \u0111\u1ed5i ion \/ Trung h\u00f2a axit s\u1eed d\u1ee5ng l\u00f5i l\u1ecdc trung h\u00f2a axit k\u1ebft h\u1ee3p v\u1edbi l\u00f5i l\u1ecdc m\u1ecbn 3 micron tuy\u1ec7t \u0111\u1ed1i, gi\u00fap lo\u1ea1i b\u1ecf c\u1eb7n b\u1ea9n c\u00f3 \u0111\u1ed9 b\u00e1m d\u00ednh cao v\u00e0 [&hellip;]<\/p>\n","protected":false},"author":1,"featured_media":0,"parent":581,"menu_order":10,"comment_status":"closed","ping_status":"closed","template":"","meta":{"footnotes":""},"class_list":["post-648","page","type-page","status-publish","hentry"],"_links":{"self":[{"href":"https:\/\/fsv.com.vn\/index.php\/wp-json\/wp\/v2\/pages\/648","targetHints":{"allow":["GET"]}}],"collection":[{"href":"https:\/\/fsv.com.vn\/index.php\/wp-json\/wp\/v2\/pages"}],"about":[{"href":"https:\/\/fsv.com.vn\/index.php\/wp-json\/wp\/v2\/types\/page"}],"author":[{"embeddable":true,"href":"https:\/\/fsv.com.vn\/index.php\/wp-json\/wp\/v2\/users\/1"}],"replies":[{"embeddable":true,"href":"https:\/\/fsv.com.vn\/index.php\/wp-json\/wp\/v2\/comments?post=648"}],"version-history":[{"count":11,"href":"https:\/\/fsv.com.vn\/index.php\/wp-json\/wp\/v2\/pages\/648\/revisions"}],"predecessor-version":[{"id":2098,"href":"https:\/\/fsv.com.vn\/index.php\/wp-json\/wp\/v2\/pages\/648\/revisions\/2098"}],"up":[{"embeddable":true,"href":"https:\/\/fsv.com.vn\/index.php\/wp-json\/wp\/v2\/pages\/581"}],"wp:attachment":[{"href":"https:\/\/fsv.com.vn\/index.php\/wp-json\/wp\/v2\/media?parent=648"}],"curies":[{"name":"wp","href":"https:\/\/api.w.org\/{rel}","templated":true}]}}