{"id":613,"date":"2023-03-28T10:58:37","date_gmt":"2023-03-28T03:58:37","guid":{"rendered":"https:\/\/fsv.com.vn\/?page_id=613"},"modified":"2025-03-16T14:44:07","modified_gmt":"2025-03-16T07:44:07","slug":"thiet-bi-tach-nuoc-desorber","status":"publish","type":"page","link":"https:\/\/fsv.com.vn\/index.php\/san-pham\/thiet-bi-tach-nuoc-desorber\/","title":{"rendered":"Thi\u1ebft b\u1ecb t\u00e1ch n\u01b0\u1edbc Desorber"},"content":{"rendered":"\t\t<div data-elementor-type=\"wp-page\" data-elementor-id=\"613\" class=\"elementor elementor-613\" data-elementor-post-type=\"page\">\n\t\t\t\t\t\t<section class=\"elementor-section elementor-top-section elementor-element elementor-element-3437b2b elementor-section-boxed elementor-section-height-default elementor-section-height-default\" data-id=\"3437b2b\" data-element_type=\"section\">\n\t\t\t\t\t\t<div class=\"elementor-container elementor-column-gap-default\">\n\t\t\t\t\t<div class=\"elementor-column elementor-col-100 elementor-top-column elementor-element elementor-element-e74ca9e\" data-id=\"e74ca9e\" data-element_type=\"column\">\n\t\t\t<div class=\"elementor-widget-wrap elementor-element-populated\">\n\t\t\t\t\t\t<div class=\"elementor-element elementor-element-2852ead elementor-widget elementor-widget-spacer\" data-id=\"2852ead\" data-element_type=\"widget\" data-widget_type=\"spacer.default\">\n\t\t\t\t<div class=\"elementor-widget-container\">\n\t\t\t\t\t\t\t<div class=\"elementor-spacer\">\n\t\t\t<div class=\"elementor-spacer-inner\"><\/div>\n\t\t<\/div>\n\t\t\t\t\t\t<\/div>\n\t\t\t\t<\/div>\n\t\t\t\t\t<\/div>\n\t\t<\/div>\n\t\t\t\t\t<\/div>\n\t\t<\/section>\n\t\t\t\t<section class=\"elementor-section elementor-top-section elementor-element elementor-element-7e56f81 elementor-section-boxed elementor-section-height-default elementor-section-height-default\" data-id=\"7e56f81\" data-element_type=\"section\">\n\t\t\t\t\t\t<div class=\"elementor-container elementor-column-gap-default\">\n\t\t\t\t\t<div class=\"elementor-column elementor-col-66 elementor-top-column elementor-element elementor-element-19fd2be\" data-id=\"19fd2be\" data-element_type=\"column\">\n\t\t\t<div class=\"elementor-widget-wrap elementor-element-populated\">\n\t\t\t\t\t\t<div class=\"elementor-element elementor-element-b7abe37 elementor-widget elementor-widget-text-editor\" data-id=\"b7abe37\" data-element_type=\"widget\" data-widget_type=\"text-editor.default\">\n\t\t\t\t<div class=\"elementor-widget-container\">\n\t\t\t\t\t\t\t\t\t<h5><strong>CJC\u00ae DESORBERS \u2013 GI\u1ea2I PH\u00c1P LO\u1ea0I B\u1ece N\u01af\u1edaC TRONG D\u1ea6U<\/strong><\/h5><h4><strong>GI\u1ea2I PH\u00c1P T\u00c1CH N\u01af\u1edaC HI\u1ec6U QU\u1ea2 CHO H\u1ec6 TH\u1ed0NG D\u1ea6U<\/strong><\/h4><p>CJC\u00ae Desorbers l\u00e0 h\u1ec7 th\u1ed1ng <strong>t\u00e1ch n\u01b0\u1edbc trong d\u1ea7u<\/strong> b\u1eb1ng c\u00f4ng ngh\u1ec7 bay h\u01a1i \u0111\u1ed9c quy\u1ec1n, gi\u00fap lo\u1ea1i b\u1ecf n\u01b0\u1edbc hi\u1ec7u qu\u1ea3 kh\u1ecfi <strong>d\u1ea7u b\u00f4i tr\u01a1n, d\u1ea7u h\u1ed9p s\u1ed1, d\u1ea7u th\u1ee7y l\u1ef1c<\/strong>, \u0111\u1eb7c bi\u1ec7t trong c\u00e1c m\u00f4i tr\u01b0\u1eddng <strong>d\u1ea7u d\u1ec5 nh\u0169 h\u00f3a &amp; d\u1ea7u c\u00f3 \u0111\u1ed9 nh\u1edbt cao (l\u00ean \u0111\u1ebfn ISO VG 1000)<\/strong>.<\/p><h4><strong>C\u00d4NG NGH\u1ec6 HO\u1ea0T \u0110\u1ed8NG<\/strong><\/h4><p>\u2714\ufe0f <strong>Gia nhi\u1ec7t nh\u1eb9<\/strong> gi\u00fap d\u1ea7u ti\u1ebfp x\u00fac v\u1edbi lu\u1ed3ng kh\u00f4ng kh\u00ed ng\u01b0\u1ee3c chi\u1ec1u<br \/>\u2714\ufe0f <strong>Kh\u00f4ng kh\u00ed n\u00f3ng n\u1edf ra<\/strong>, h\u00fat n\u01b0\u1edbc t\u1eeb d\u1ea7u v\u00e0 ng\u01b0ng t\u1ee5 th\u00e0nh n\u01b0\u1edbc l\u1ecfng<br \/>\u2714\ufe0f <strong>Kh\u00f4ng kh\u00ed kh\u00f4 \u0111\u01b0\u1ee3c t\u00e1i s\u1eed d\u1ee5ng<\/strong>, t\u1ed1i \u01b0u qu\u00e1 tr\u00ecnh kh\u1eed n\u01b0\u1edbc li\u00ean t\u1ee5c<\/p><h4><strong>L\u1ee2I \u00cdCH C\u1ee6A CJC\u00ae DESORBERS<\/strong><\/h4><p>\u2714\ufe0f <strong>Lo\u1ea1i b\u1ecf n\u01b0\u1edbc li\u00ean t\u1ee5c &amp; hi\u1ec7u qu\u1ea3<\/strong>, duy tr\u00ec \u0111\u1ed9 s\u1ea1ch c\u1ee7a d\u1ea7u<br \/>\u2714\ufe0f <strong>Gi\u1ea3m nguy c\u01a1 h\u01b0 h\u1ecfng &amp; k\u00e9o d\u00e0i tu\u1ed5i th\u1ecd linh ki\u1ec7n<\/strong><br \/>\u2714\ufe0f <strong>Gi\u1ea3m ng\u1eebng m\u00e1y ngo\u00e0i k\u1ebf ho\u1ea1ch &amp; t\u0103ng n\u0103ng su\u1ea5t v\u1eadn h\u00e0nh<\/strong><br \/>\u2714\ufe0f <strong>H\u1ec7 th\u1ed1ng m\u00f4-\u0111un linh ho\u1ea1t<\/strong>, ph\u00f9 h\u1ee3p v\u1edbi d\u1ea7u t\u1eeb <strong>v\u00e0i l\u00edt \u0111\u1ebfn 50.000 l\u00edt<\/strong><\/p><h4><strong>\u1ee8NG D\u1ee4NG \u0110A D\u1ea0NG<\/strong><\/h4><p>\u2705 <strong>Nh\u00e0 m\u00e1y th\u00e9p, nh\u00e0 m\u00e1y gi\u1ea5y, nh\u00e0 m\u00e1y luy\u1ec7n kim<\/strong><br \/>\u2705 <strong>H\u1ec7 th\u1ed1ng tua-bin h\u01a1i, h\u1ed9p s\u1ed1, v\u00f2ng bi, b\u01a1m th\u1ee7y l\u1ef1c<\/strong><br \/>\u2705 <strong>\u1ed0ng \u0111\u1ea9y t\u00e0u bi\u1ec3n (stern tubes), b\u1ed9 \u0111\u1ea9y ngang (thrusters), SAG mills<\/strong><\/p><p>\ud83d\udca1 <strong>CJC\u00ae Desorbers \u2013 Gi\u1ea3i ph\u00e1p t\u1ed1i \u01b0u gi\u00fap b\u1ea1n b\u1ea3o v\u1ec7 h\u1ec7 th\u1ed1ng d\u1ea7u, gi\u1ea3m chi ph\u00ed b\u1ea3o tr\u00ec &amp; t\u1ed1i \u0111a h\u00f3a hi\u1ec7u su\u1ea5t!<\/strong> \ud83d\ude80<\/p>\t\t\t\t\t\t\t\t<\/div>\n\t\t\t\t<\/div>\n\t\t\t\t<div class=\"elementor-element elementor-element-9744ed2 elementor-widget elementor-widget-video\" data-id=\"9744ed2\" data-element_type=\"widget\" data-settings=\"{&quot;youtube_url&quot;:&quot;https:\\\/\\\/www.youtube.com\\\/watch?v=Fa8HWSRnGv8&quot;,&quot;video_type&quot;:&quot;youtube&quot;,&quot;controls&quot;:&quot;yes&quot;}\" data-widget_type=\"video.default\">\n\t\t\t\t<div class=\"elementor-widget-container\">\n\t\t\t\t\t\t\t<div class=\"elementor-wrapper elementor-open-inline\">\n\t\t\t<div class=\"elementor-video\"><\/div>\t\t<\/div>\n\t\t\t\t\t\t<\/div>\n\t\t\t\t<\/div>\n\t\t\t\t\t<\/div>\n\t\t<\/div>\n\t\t\t\t<div class=\"elementor-column elementor-col-33 elementor-top-column elementor-element elementor-element-e593716\" data-id=\"e593716\" data-element_type=\"column\">\n\t\t\t<div class=\"elementor-widget-wrap elementor-element-populated\">\n\t\t\t\t\t\t<div class=\"elementor-element elementor-element-d3dca59 elementor-widget elementor-widget-image\" data-id=\"d3dca59\" data-element_type=\"widget\" data-widget_type=\"image.default\">\n\t\t\t\t<div class=\"elementor-widget-container\">\n\t\t\t\t\t\t\t\t\t\t\t\t\t\t\t<img fetchpriority=\"high\" decoding=\"async\" width=\"800\" height=\"684\" src=\"https:\/\/fsv.com.vn\/wp-content\/uploads\/2025\/03\/Anh-man-hinh-2025-03-16-luc-14.42.51-1024x875.png\" class=\"attachment-large size-large wp-image-2088\" alt=\"\" srcset=\"https:\/\/fsv.com.vn\/wp-content\/uploads\/2025\/03\/Anh-man-hinh-2025-03-16-luc-14.42.51-1024x875.png 1024w, https:\/\/fsv.com.vn\/wp-content\/uploads\/2025\/03\/Anh-man-hinh-2025-03-16-luc-14.42.51-300x256.png 300w, https:\/\/fsv.com.vn\/wp-content\/uploads\/2025\/03\/Anh-man-hinh-2025-03-16-luc-14.42.51-768x656.png 768w, https:\/\/fsv.com.vn\/wp-content\/uploads\/2025\/03\/Anh-man-hinh-2025-03-16-luc-14.42.51.png 1344w\" sizes=\"(max-width: 800px) 100vw, 800px\" \/>\t\t\t\t\t\t\t\t\t\t\t\t\t\t\t<\/div>\n\t\t\t\t<\/div>\n\t\t\t\t\t<\/div>\n\t\t<\/div>\n\t\t\t\t\t<\/div>\n\t\t<\/section>\n\t\t\t\t<section class=\"elementor-section elementor-top-section elementor-element elementor-element-024ed3b elementor-section-boxed elementor-section-height-default elementor-section-height-default\" data-id=\"024ed3b\" data-element_type=\"section\">\n\t\t\t\t\t\t<div class=\"elementor-container elementor-column-gap-default\">\n\t\t\t\t\t<div class=\"elementor-column elementor-col-100 elementor-top-column elementor-element elementor-element-5f92bec\" data-id=\"5f92bec\" data-element_type=\"column\">\n\t\t\t<div class=\"elementor-widget-wrap elementor-element-populated\">\n\t\t\t\t\t\t<div class=\"elementor-element elementor-element-9945d42 elementor-widget elementor-widget-spacer\" data-id=\"9945d42\" data-element_type=\"widget\" data-widget_type=\"spacer.default\">\n\t\t\t\t<div class=\"elementor-widget-container\">\n\t\t\t\t\t\t\t<div class=\"elementor-spacer\">\n\t\t\t<div class=\"elementor-spacer-inner\"><\/div>\n\t\t<\/div>\n\t\t\t\t\t\t<\/div>\n\t\t\t\t<\/div>\n\t\t\t\t\t<\/div>\n\t\t<\/div>\n\t\t\t\t\t<\/div>\n\t\t<\/section>\n\t\t\t\t<\/div>\n\t\t","protected":false},"excerpt":{"rendered":"<p>CJC\u00ae DESORBERS \u2013 GI\u1ea2I PH\u00c1P LO\u1ea0I B\u1ece N\u01af\u1edaC TRONG D\u1ea6U GI\u1ea2I PH\u00c1P T\u00c1CH N\u01af\u1edaC HI\u1ec6U QU\u1ea2 CHO H\u1ec6 TH\u1ed0NG D\u1ea6U CJC\u00ae Desorbers l\u00e0 h\u1ec7 th\u1ed1ng t\u00e1ch n\u01b0\u1edbc trong d\u1ea7u b\u1eb1ng c\u00f4ng ngh\u1ec7 bay h\u01a1i \u0111\u1ed9c quy\u1ec1n, gi\u00fap lo\u1ea1i b\u1ecf n\u01b0\u1edbc hi\u1ec7u qu\u1ea3 kh\u1ecfi d\u1ea7u b\u00f4i tr\u01a1n, d\u1ea7u h\u1ed9p s\u1ed1, d\u1ea7u th\u1ee7y l\u1ef1c, \u0111\u1eb7c bi\u1ec7t trong [&hellip;]<\/p>\n","protected":false},"author":1,"featured_media":0,"parent":581,"menu_order":4,"comment_status":"closed","ping_status":"closed","template":"","meta":{"footnotes":""},"class_list":["post-613","page","type-page","status-publish","hentry"],"_links":{"self":[{"href":"https:\/\/fsv.com.vn\/index.php\/wp-json\/wp\/v2\/pages\/613","targetHints":{"allow":["GET"]}}],"collection":[{"href":"https:\/\/fsv.com.vn\/index.php\/wp-json\/wp\/v2\/pages"}],"about":[{"href":"https:\/\/fsv.com.vn\/index.php\/wp-json\/wp\/v2\/types\/page"}],"author":[{"embeddable":true,"href":"https:\/\/fsv.com.vn\/index.php\/wp-json\/wp\/v2\/users\/1"}],"replies":[{"embeddable":true,"href":"https:\/\/fsv.com.vn\/index.php\/wp-json\/wp\/v2\/comments?post=613"}],"version-history":[{"count":11,"href":"https:\/\/fsv.com.vn\/index.php\/wp-json\/wp\/v2\/pages\/613\/revisions"}],"predecessor-version":[{"id":2091,"href":"https:\/\/fsv.com.vn\/index.php\/wp-json\/wp\/v2\/pages\/613\/revisions\/2091"}],"up":[{"embeddable":true,"href":"https:\/\/fsv.com.vn\/index.php\/wp-json\/wp\/v2\/pages\/581"}],"wp:attachment":[{"href":"https:\/\/fsv.com.vn\/index.php\/wp-json\/wp\/v2\/media?parent=613"}],"curies":[{"name":"wp","href":"https:\/\/api.w.org\/{rel}","templated":true}]}}