{"id":581,"date":"2023-03-28T10:41:58","date_gmt":"2023-03-28T03:41:58","guid":{"rendered":"https:\/\/fsv.com.vn\/?page_id=581"},"modified":"2026-03-12T09:35:29","modified_gmt":"2026-03-12T02:35:29","slug":"san-pham","status":"publish","type":"page","link":"https:\/\/fsv.com.vn\/index.php\/san-pham\/","title":{"rendered":"S\u1ea3n Ph\u1ea9m"},"content":{"rendered":"\t\t<div data-elementor-type=\"wp-page\" data-elementor-id=\"581\" class=\"elementor elementor-581\" data-elementor-post-type=\"page\">\n\t\t\t\t\t\t<section class=\"elementor-section elementor-top-section elementor-element elementor-element-5544334 elementor-section-boxed elementor-section-height-default elementor-section-height-default\" data-id=\"5544334\" data-element_type=\"section\">\n\t\t\t\t\t\t<div class=\"elementor-container elementor-column-gap-default\">\n\t\t\t\t\t<div class=\"elementor-column elementor-col-100 elementor-top-column elementor-element elementor-element-b85f362\" data-id=\"b85f362\" data-element_type=\"column\">\n\t\t\t<div class=\"elementor-widget-wrap elementor-element-populated\">\n\t\t\t\t\t\t<div class=\"elementor-element elementor-element-e22916d elementor-widget elementor-widget-spacer\" data-id=\"e22916d\" data-element_type=\"widget\" data-widget_type=\"spacer.default\">\n\t\t\t\t<div class=\"elementor-widget-container\">\n\t\t\t\t\t\t\t<div class=\"elementor-spacer\">\n\t\t\t<div class=\"elementor-spacer-inner\"><\/div>\n\t\t<\/div>\n\t\t\t\t\t\t<\/div>\n\t\t\t\t<\/div>\n\t\t\t\t\t<\/div>\n\t\t<\/div>\n\t\t\t\t\t<\/div>\n\t\t<\/section>\n\t\t\t\t<section class=\"elementor-section elementor-top-section elementor-element elementor-element-1b52c96 elementor-section-boxed elementor-section-height-default elementor-section-height-default\" data-id=\"1b52c96\" data-element_type=\"section\">\n\t\t\t\t\t\t<div class=\"elementor-container elementor-column-gap-default\">\n\t\t\t\t\t<div class=\"elementor-column elementor-col-66 elementor-top-column elementor-element elementor-element-26fd9e5\" data-id=\"26fd9e5\" data-element_type=\"column\">\n\t\t\t<div class=\"elementor-widget-wrap elementor-element-populated\">\n\t\t\t\t\t\t<div class=\"elementor-element elementor-element-ed7946c elementor-widget elementor-widget-text-editor\" data-id=\"ed7946c\" data-element_type=\"widget\" data-widget_type=\"text-editor.default\">\n\t\t\t\t<div class=\"elementor-widget-container\">\n\t\t\t\t\t\t\t\t\t<h5><strong>C\u00c1C S\u1ea2N PH\u1ea8M &#8211; H\u1ec6 TH\u1ed0NG THI\u1ebeT B\u1eca L\u1eccC D\u1ea6U CJC\u00ae<\/strong><\/h5><h4><strong>D\u1eaaN \u0110\u1ea6U TO\u00c0N C\u1ea6U V\u1ec0 L\u1eccC D\u1ea6U OFFLINE<\/strong><\/h4><p>C.C.JENSEN c\u00f3 <strong>70 n\u0103m kinh nghi\u1ec7m<\/strong> trong s\u1ea3n xu\u1ea5t <strong>h\u1ec7 th\u1ed1ng l\u1ecdc, <\/strong>cung c\u1ea5p c\u00e1c gi\u1ea3i ph\u00e1p <strong>CJC\u00ae Offline Oil Filters<\/strong> v\u00e0 <strong>CJC\u00ae Online Condition Monitoring<\/strong> cho c\u00e1c ng\u00e0nh <strong>c\u00f4ng nghi\u1ec7p, h\u00e0ng h\u1ea3i, khai kho\u00e1ng, n\u0103ng l\u01b0\u1ee3ng v\u00e0 \u0111i\u1ec7n gi\u00f3<\/strong>.<\/p><p>\ud83d\udd39 <strong>Thi\u1ebft b\u1ecb l\u1ecdc d\u1ea7u CJC\u00ae gi\u00fap duy tr\u00ec d\u1ea7u s\u1ea1ch &amp; kh\u00f4<\/strong>, t\u1eeb <strong>10 l\u00edt \u0111\u1ebfn h\u01a1n 200.000 l\u00edt d\u1ea7u<\/strong><br \/>\ud83d\udd39 <strong>Ho\u1ea1t \u0111\u1ed9ng li\u00ean t\u1ee5c 24\/7\/365<\/strong>, kh\u00f4ng \u1ea3nh h\u01b0\u1edfng \u0111\u1ebfn h\u1ec7 th\u1ed1ng khi thay l\u00f5i l\u1ecdc<br \/>\ud83d\udd39 <strong>Gi\u1ea3m ti\u00eau hao d\u1ea7u v\u00e0 n\u0103ng l\u01b0\u1ee3ng nh\u1edd qu\u00e1 tr\u00ecnh tinh ch\u1ebf d\u1ea7u hi\u1ec7u qu\u1ea3<\/strong><\/p><h4><strong>GI\u1ea2M THI\u1ec2U TH\u1edcI GIAN D\u1eeaNG M\u00c1Y NH\u1edc L\u1eccC D\u1ea6U<\/strong><\/h4><p>CJC\u00ae Oil Filters <strong>li\u00ean t\u1ee5c lo\u1ea1i b\u1ecf<\/strong>:<br \/>\u2714\ufe0f <strong>T\u1ea1p ch\u1ea5t r\u1eafn<\/strong><br \/>\u2714\ufe0f <strong>H\u01a1i n\u01b0\u1edbc \/ \u0111\u1ed9 \u1ea9m<\/strong><br \/>\u2714\ufe0f <strong>Axit v\u00e0 s\u1ea3n ph\u1ea9m suy tho\u00e1i d\u1ea7u<\/strong><\/p><p>\u00c1p d\u1ee5ng cho nhi\u1ec1u lo\u1ea1i d\u1ea7u <strong>th\u1ee7y l\u1ef1c, b\u00f4i tr\u01a1n, h\u1ed9p s\u1ed1, \u0111\u1ed9ng c\u01a1, turbine, d\u1ea7u truy\u1ec1n nhi\u1ec7t, d\u1ea7u gia c\u00f4ng, d\u1ea7u quenching, d\u1ea7u phosphate ester, d\u1ea7u c\u00e1ch \u0111i\u1ec7n, n\u01b0\u1edbc-glycol, EAL\u2026<\/strong><\/p><h4><strong>L\u1ee2I \u00cdCH C\u1ee6A THI\u1ebeT B\u1eca L\u1eccC D\u1ea6U OFFLINE CJC\u00ae<\/strong><\/h4><p>\u2714\ufe0f Gi\u1ea3m hao m\u00f2n v\u00e0 h\u1ecfng h\u00f3c linh ki\u1ec7n<br \/>\u2714\ufe0f T\u0103ng tu\u1ed5i th\u1ecd d\u1ea7u v\u00e0 thi\u1ebft b\u1ecb<br \/>\u2714\ufe0f Gi\u1ea3m t\u1eafc ngh\u1ebdn l\u1ecdc tuy\u1ebfn t\u00ednh (in-line filters)<br \/>\u2714\ufe0f Gi\u1ea3m s\u1ed1 l\u1ea7n thay d\u1ea7u<br \/>\u2714\ufe0f Gi\u1ea3m ti\u00eau hao \u0111i\u1ec7n n\u0103ng<br \/>\u2714\ufe0f H\u1ea1n ch\u1ebf s\u1ef1 c\u1ed1 ngo\u00e0i k\u1ebf ho\u1ea1ch<br \/>\u2714\ufe0f T\u0103ng t\u00ednh s\u1eb5n s\u00e0ng c\u1ee7a h\u1ec7 th\u1ed1ng<br \/>\u2714\ufe0f Gi\u1ea3m chi ph\u00ed b\u1ea3o tr\u00ec d\u1ea7u<br \/>\u2714\ufe0f Gi\u1ea3m t\u00e1c \u0111\u1ed9ng m\u00f4i tr\u01b0\u1eddng<\/p><h4><strong>TI\u1ebeT KI\u1ec6M CHI PH\u00cd NH\u1edc H\u1ec6 TH\u1ed0NG L\u1eccC D\u1ea6U HI\u1ec6U QU\u1ea2<\/strong><\/h4><p>\ud83d\udcb0 Thi\u1ebft b\u1ecb l\u1ecdc d\u1ea7u CJC\u00ae gi\u00fap ti\u1ebft ki\u1ec7m t\u1ed1i \u0111a chi ph\u00ed \/ kg t\u1ea1p ch\u1ea5t lo\u1ea1i b\u1ecf<br \/>\ud83d\udcb0 Gi\u1ea3m thay d\u1ea7u, b\u1ea3o tr\u00ec &amp; h\u1ecfng h\u00f3c do d\u1ea7u b\u1ea9n<br \/>\ud83d\udcb0 \u0110\u01b0\u1ee3c c\u00f4ng nh\u1eadn tr\u00ean to\u00e0n c\u1ea7u v\u1edbi hi\u1ec7u su\u1ea5t l\u1ecdc d\u1ea7u v\u01b0\u1ee3t tr\u1ed9i<\/p><p>\ud83d\ude80 <strong>CJC\u00ae Oil Filters &#8211; Gi\u1ea3i ph\u00e1p l\u1ecdc d\u1ea7u t\u1ed1i \u01b0u gi\u00fap b\u1ea3o v\u1ec7 thi\u1ebft b\u1ecb, ti\u1ebft ki\u1ec7m chi ph\u00ed &amp; n\u00e2ng cao hi\u1ec7u su\u1ea5t v\u1eadn h\u00e0nh!<\/strong><\/p>\t\t\t\t\t\t\t\t<\/div>\n\t\t\t\t<\/div>\n\t\t\t\t<div class=\"elementor-element elementor-element-5b5584d elementor-widget elementor-widget-video\" data-id=\"5b5584d\" data-element_type=\"widget\" data-settings=\"{&quot;youtube_url&quot;:&quot;https:\\\/\\\/www.youtube.com\\\/watch?v=c05A2ntmILM&quot;,&quot;video_type&quot;:&quot;youtube&quot;,&quot;controls&quot;:&quot;yes&quot;}\" data-widget_type=\"video.default\">\n\t\t\t\t<div class=\"elementor-widget-container\">\n\t\t\t\t\t\t\t<div class=\"elementor-wrapper elementor-open-inline\">\n\t\t\t<div class=\"elementor-video\"><\/div>\t\t<\/div>\n\t\t\t\t\t\t<\/div>\n\t\t\t\t<\/div>\n\t\t\t\t\t<\/div>\n\t\t<\/div>\n\t\t\t\t<div class=\"elementor-column elementor-col-33 elementor-top-column elementor-element elementor-element-5c5c598\" data-id=\"5c5c598\" data-element_type=\"column\">\n\t\t\t<div class=\"elementor-widget-wrap elementor-element-populated\">\n\t\t\t\t\t\t<div class=\"elementor-element elementor-element-66449d1 elementor-widget elementor-widget-image\" data-id=\"66449d1\" data-element_type=\"widget\" data-widget_type=\"image.default\">\n\t\t\t\t<div class=\"elementor-widget-container\">\n\t\t\t\t\t\t\t\t\t\t\t\t\t\t\t<img fetchpriority=\"high\" decoding=\"async\" width=\"239\" height=\"300\" src=\"https:\/\/fsv.com.vn\/wp-content\/uploads\/2025\/03\/Anh-man-hinh-2025-03-16-luc-14.59.47-239x300.png\" class=\"attachment-medium size-medium wp-image-2100\" alt=\"\" srcset=\"https:\/\/fsv.com.vn\/wp-content\/uploads\/2025\/03\/Anh-man-hinh-2025-03-16-luc-14.59.47-239x300.png 239w, https:\/\/fsv.com.vn\/wp-content\/uploads\/2025\/03\/Anh-man-hinh-2025-03-16-luc-14.59.47.png 540w\" sizes=\"(max-width: 239px) 100vw, 239px\" \/>\t\t\t\t\t\t\t\t\t\t\t\t\t\t\t<\/div>\n\t\t\t\t<\/div>\n\t\t\t\t<div class=\"elementor-element elementor-element-0c35323 elementor-widget elementor-widget-image\" data-id=\"0c35323\" data-element_type=\"widget\" data-widget_type=\"image.default\">\n\t\t\t\t<div class=\"elementor-widget-container\">\n\t\t\t\t\t\t\t\t\t\t\t\t\t\t\t<img decoding=\"async\" width=\"236\" height=\"300\" src=\"https:\/\/fsv.com.vn\/wp-content\/uploads\/2025\/03\/Anh-man-hinh-2025-03-16-luc-14.59.55-236x300.png\" class=\"attachment-medium size-medium wp-image-2101\" alt=\"\" srcset=\"https:\/\/fsv.com.vn\/wp-content\/uploads\/2025\/03\/Anh-man-hinh-2025-03-16-luc-14.59.55-236x300.png 236w, https:\/\/fsv.com.vn\/wp-content\/uploads\/2025\/03\/Anh-man-hinh-2025-03-16-luc-14.59.55.png 520w\" sizes=\"(max-width: 236px) 100vw, 236px\" \/>\t\t\t\t\t\t\t\t\t\t\t\t\t\t\t<\/div>\n\t\t\t\t<\/div>\n\t\t\t\t<div class=\"elementor-element elementor-element-069f08a elementor-widget elementor-widget-image\" data-id=\"069f08a\" data-element_type=\"widget\" data-widget_type=\"image.default\">\n\t\t\t\t<div class=\"elementor-widget-container\">\n\t\t\t\t\t\t\t\t\t\t\t\t\t\t\t<img decoding=\"async\" width=\"241\" height=\"300\" src=\"https:\/\/fsv.com.vn\/wp-content\/uploads\/2025\/03\/Anh-man-hinh-2025-03-16-luc-15.00.02-241x300.png\" class=\"attachment-medium size-medium wp-image-2102\" alt=\"\" srcset=\"https:\/\/fsv.com.vn\/wp-content\/uploads\/2025\/03\/Anh-man-hinh-2025-03-16-luc-15.00.02-241x300.png 241w, https:\/\/fsv.com.vn\/wp-content\/uploads\/2025\/03\/Anh-man-hinh-2025-03-16-luc-15.00.02.png 522w\" sizes=\"(max-width: 241px) 100vw, 241px\" \/>\t\t\t\t\t\t\t\t\t\t\t\t\t\t\t<\/div>\n\t\t\t\t<\/div>\n\t\t\t\t<div class=\"elementor-element elementor-element-218d502 elementor-widget elementor-widget-image\" data-id=\"218d502\" data-element_type=\"widget\" data-widget_type=\"image.default\">\n\t\t\t\t<div class=\"elementor-widget-container\">\n\t\t\t\t\t\t\t\t\t\t\t\t\t\t\t<img loading=\"lazy\" decoding=\"async\" width=\"234\" height=\"300\" src=\"https:\/\/fsv.com.vn\/wp-content\/uploads\/2025\/03\/Anh-man-hinh-2025-03-16-luc-15.00.10-234x300.png\" class=\"attachment-medium size-medium wp-image-2103\" alt=\"\" srcset=\"https:\/\/fsv.com.vn\/wp-content\/uploads\/2025\/03\/Anh-man-hinh-2025-03-16-luc-15.00.10-234x300.png 234w, https:\/\/fsv.com.vn\/wp-content\/uploads\/2025\/03\/Anh-man-hinh-2025-03-16-luc-15.00.10.png 526w\" sizes=\"(max-width: 234px) 100vw, 234px\" \/>\t\t\t\t\t\t\t\t\t\t\t\t\t\t\t<\/div>\n\t\t\t\t<\/div>\n\t\t\t\t<div class=\"elementor-element elementor-element-dc02936 elementor-widget elementor-widget-image\" data-id=\"dc02936\" data-element_type=\"widget\" data-widget_type=\"image.default\">\n\t\t\t\t<div class=\"elementor-widget-container\">\n\t\t\t\t\t\t\t\t\t\t\t\t\t\t\t<img loading=\"lazy\" decoding=\"async\" width=\"234\" height=\"300\" src=\"https:\/\/fsv.com.vn\/wp-content\/uploads\/2025\/03\/Anh-man-hinh-2025-03-16-luc-15.00.16-234x300.png\" class=\"attachment-medium size-medium wp-image-2104\" alt=\"\" srcset=\"https:\/\/fsv.com.vn\/wp-content\/uploads\/2025\/03\/Anh-man-hinh-2025-03-16-luc-15.00.16-234x300.png 234w, https:\/\/fsv.com.vn\/wp-content\/uploads\/2025\/03\/Anh-man-hinh-2025-03-16-luc-15.00.16.png 516w\" sizes=\"(max-width: 234px) 100vw, 234px\" \/>\t\t\t\t\t\t\t\t\t\t\t\t\t\t\t<\/div>\n\t\t\t\t<\/div>\n\t\t\t\t<div class=\"elementor-element elementor-element-fcd3ccd elementor-widget elementor-widget-image\" data-id=\"fcd3ccd\" data-element_type=\"widget\" data-widget_type=\"image.default\">\n\t\t\t\t<div class=\"elementor-widget-container\">\n\t\t\t\t\t\t\t\t\t\t\t\t\t\t\t<img loading=\"lazy\" decoding=\"async\" width=\"231\" height=\"300\" src=\"https:\/\/fsv.com.vn\/wp-content\/uploads\/2025\/03\/Anh-man-hinh-2025-03-16-luc-15.00.43-231x300.png\" class=\"attachment-medium size-medium wp-image-2108\" alt=\"\" srcset=\"https:\/\/fsv.com.vn\/wp-content\/uploads\/2025\/03\/Anh-man-hinh-2025-03-16-luc-15.00.43-231x300.png 231w, https:\/\/fsv.com.vn\/wp-content\/uploads\/2025\/03\/Anh-man-hinh-2025-03-16-luc-15.00.43.png 512w\" sizes=\"(max-width: 231px) 100vw, 231px\" \/>\t\t\t\t\t\t\t\t\t\t\t\t\t\t\t<\/div>\n\t\t\t\t<\/div>\n\t\t\t\t\t<\/div>\n\t\t<\/div>\n\t\t\t\t\t<\/div>\n\t\t<\/section>\n\t\t\t\t<section class=\"elementor-section elementor-top-section elementor-element elementor-element-b626aa0 elementor-section-boxed elementor-section-height-default elementor-section-height-default\" data-id=\"b626aa0\" data-element_type=\"section\">\n\t\t\t\t\t\t<div class=\"elementor-container elementor-column-gap-default\">\n\t\t\t\t\t<div class=\"elementor-column elementor-col-100 elementor-top-column elementor-element elementor-element-314c8ad\" data-id=\"314c8ad\" data-element_type=\"column\">\n\t\t\t<div class=\"elementor-widget-wrap elementor-element-populated\">\n\t\t\t\t\t\t<div class=\"elementor-element elementor-element-ee12e61 elementor-widget elementor-widget-spacer\" data-id=\"ee12e61\" data-element_type=\"widget\" data-widget_type=\"spacer.default\">\n\t\t\t\t<div class=\"elementor-widget-container\">\n\t\t\t\t\t\t\t<div class=\"elementor-spacer\">\n\t\t\t<div class=\"elementor-spacer-inner\"><\/div>\n\t\t<\/div>\n\t\t\t\t\t\t<\/div>\n\t\t\t\t<\/div>\n\t\t\t\t\t<\/div>\n\t\t<\/div>\n\t\t\t\t\t<\/div>\n\t\t<\/section>\n\t\t\t\t<\/div>\n\t\t","protected":false},"excerpt":{"rendered":"<p>C\u00c1C S\u1ea2N PH\u1ea8M &#8211; H\u1ec6 TH\u1ed0NG THI\u1ebeT B\u1eca L\u1eccC D\u1ea6U CJC\u00ae D\u1eaaN \u0110\u1ea6U TO\u00c0N C\u1ea6U V\u1ec0 L\u1eccC D\u1ea6U OFFLINE C.C.JENSEN c\u00f3 70 n\u0103m kinh nghi\u1ec7m trong s\u1ea3n xu\u1ea5t h\u1ec7 th\u1ed1ng l\u1ecdc, cung c\u1ea5p c\u00e1c gi\u1ea3i ph\u00e1p CJC\u00ae Offline Oil Filters v\u00e0 CJC\u00ae Online Condition Monitoring cho c\u00e1c ng\u00e0nh c\u00f4ng nghi\u1ec7p, h\u00e0ng h\u1ea3i, khai kho\u00e1ng, n\u0103ng [&hellip;]<\/p>\n","protected":false},"author":1,"featured_media":0,"parent":0,"menu_order":0,"comment_status":"closed","ping_status":"closed","template":"","meta":{"footnotes":""},"class_list":["post-581","page","type-page","status-publish","hentry"],"_links":{"self":[{"href":"https:\/\/fsv.com.vn\/index.php\/wp-json\/wp\/v2\/pages\/581","targetHints":{"allow":["GET"]}}],"collection":[{"href":"https:\/\/fsv.com.vn\/index.php\/wp-json\/wp\/v2\/pages"}],"about":[{"href":"https:\/\/fsv.com.vn\/index.php\/wp-json\/wp\/v2\/types\/page"}],"author":[{"embeddable":true,"href":"https:\/\/fsv.com.vn\/index.php\/wp-json\/wp\/v2\/users\/1"}],"replies":[{"embeddable":true,"href":"https:\/\/fsv.com.vn\/index.php\/wp-json\/wp\/v2\/comments?post=581"}],"version-history":[{"count":27,"href":"https:\/\/fsv.com.vn\/index.php\/wp-json\/wp\/v2\/pages\/581\/revisions"}],"predecessor-version":[{"id":2350,"href":"https:\/\/fsv.com.vn\/index.php\/wp-json\/wp\/v2\/pages\/581\/revisions\/2350"}],"wp:attachment":[{"href":"https:\/\/fsv.com.vn\/index.php\/wp-json\/wp\/v2\/media?parent=581"}],"curies":[{"name":"wp","href":"https:\/\/api.w.org\/{rel}","templated":true}]}}