{"id":500,"date":"2023-03-28T09:26:16","date_gmt":"2023-03-28T02:26:16","guid":{"rendered":"https:\/\/fsv.com.vn\/?page_id=500"},"modified":"2025-03-16T15:39:26","modified_gmt":"2025-03-16T08:39:26","slug":"dich-vu-loc-dau-va-flushing-duong-ong","status":"publish","type":"page","link":"https:\/\/fsv.com.vn\/index.php\/dich-vu\/dich-vu-loc-dau-va-flushing-duong-ong\/","title":{"rendered":"D\u1ecbch v\u1ee5 l\u1ecdc d\u1ea7u v\u00e0 Flushing \u0111\u01b0\u1eddng \u1ed1ng"},"content":{"rendered":"\t\t<div data-elementor-type=\"wp-page\" data-elementor-id=\"500\" class=\"elementor elementor-500\" data-elementor-post-type=\"page\">\n\t\t\t\t\t\t<section class=\"elementor-section elementor-top-section elementor-element elementor-element-1e37b06 elementor-section-boxed elementor-section-height-default elementor-section-height-default\" data-id=\"1e37b06\" data-element_type=\"section\">\n\t\t\t\t\t\t<div class=\"elementor-container elementor-column-gap-default\">\n\t\t\t\t\t<div class=\"elementor-column elementor-col-100 elementor-top-column elementor-element elementor-element-e617908\" data-id=\"e617908\" data-element_type=\"column\">\n\t\t\t<div class=\"elementor-widget-wrap elementor-element-populated\">\n\t\t\t\t\t\t<div class=\"elementor-element elementor-element-aa0123e elementor-widget elementor-widget-spacer\" data-id=\"aa0123e\" data-element_type=\"widget\" data-widget_type=\"spacer.default\">\n\t\t\t\t<div class=\"elementor-widget-container\">\n\t\t\t\t\t\t\t<div class=\"elementor-spacer\">\n\t\t\t<div class=\"elementor-spacer-inner\"><\/div>\n\t\t<\/div>\n\t\t\t\t\t\t<\/div>\n\t\t\t\t<\/div>\n\t\t\t\t\t<\/div>\n\t\t<\/div>\n\t\t\t\t\t<\/div>\n\t\t<\/section>\n\t\t\t\t<section class=\"elementor-section elementor-top-section elementor-element elementor-element-075fe6e elementor-section-boxed elementor-section-height-default elementor-section-height-default\" data-id=\"075fe6e\" data-element_type=\"section\">\n\t\t\t\t\t\t<div class=\"elementor-container elementor-column-gap-default\">\n\t\t\t\t\t<div class=\"elementor-column elementor-col-66 elementor-top-column elementor-element elementor-element-8751c42\" data-id=\"8751c42\" data-element_type=\"column\">\n\t\t\t<div class=\"elementor-widget-wrap elementor-element-populated\">\n\t\t\t\t\t\t<div class=\"elementor-element elementor-element-a3f9a1e elementor-widget elementor-widget-text-editor\" data-id=\"a3f9a1e\" data-element_type=\"widget\" data-widget_type=\"text-editor.default\">\n\t\t\t\t<div class=\"elementor-widget-container\">\n\t\t\t\t\t\t\t\t\t<h4><strong>\ud83d\udd27 D\u1ecaCH V\u1ee4 L\u1eccC D\u1ea6U FSV 247 &amp; FLUSHING \u0110\u01af\u1edcNG \u1ed0NG \u2013 T\u1ed0I \u01afU HI\u1ec6U SU\u1ea4T H\u1ec6 TH\u1ed0NG \ud83d\udd27<\/strong><\/h4><p>\u00a0<\/p><h5>\ud83d\ude80 <strong>FSV 247 \u2013 Gi\u1ea3i ph\u00e1p h\u00e0ng \u0111\u1ea7u cho h\u1ec7 th\u1ed1ng d\u1ea7u c\u00f4ng nghi\u1ec7p<\/strong><\/h5><p>\u2705 <strong>L\u1ecdc d\u1ea7u c\u00f4ng nghi\u1ec7p<\/strong>: Lo\u1ea1i b\u1ecf t\u1ea1p ch\u1ea5t, n\u01b0\u1edbc v\u00e0 s\u1ea3n ph\u1ea9m ph\u00e2n h\u1ee7y d\u1ea7u, gi\u00fap d\u1ea7u lu\u00f4n s\u1ea1ch v\u00e0 k\u00e9o d\u00e0i tu\u1ed5i th\u1ecd h\u1ec7 th\u1ed1ng.<br \/>\u2705 <strong>L\u1ecdc d\u1ea7u tr\u1ef1c ti\u1ebfp \/ Cho thu\u00ea thi\u1ebft b\u1ecb d\u00e0i h\u1ea1n (&gt;12 th\u00e1ng)<\/strong>: Kh\u00f4ng c\u1ea7n d\u1eebng m\u00e1y, gi\u1ea3m th\u1eddi gian ng\u1eebng ho\u1ea1t \u0111\u1ed9ng, t\u0103ng n\u0103ng su\u1ea5t.<br \/>\u2705 <strong>Ph\u00e2n t\u00edch d\u1ea7u<\/strong>: Ph\u00e1t hi\u1ec7n s\u1edbm c\u00e1c v\u1ea5n \u0111\u1ec1 ti\u1ec1m \u1ea9n, \u0111\u1ea3m b\u1ea3o h\u1ec7 th\u1ed1ng v\u1eadn h\u00e0nh tr\u01a1n tru.<br \/>\u2705 <strong>T\u01b0 v\u1ea5n k\u1ef9 thu\u1eadt<\/strong>: H\u1ed7 tr\u1ee3 gi\u1ea3i ph\u00e1p l\u1ecdc d\u1ea7u ph\u00f9 h\u1ee3p, t\u1ed1i \u01b0u chi ph\u00ed v\u1eadn h\u00e0nh.<\/p><p>\ud83c\udf1f <strong>\u1ee8ng d\u1ee5ng r\u1ed9ng r\u00e3i trong<\/strong>: Nh\u00e0 m\u00e1y xi m\u0103ng, nh\u00e0 m\u00e1y \u0111i\u1ec7n, nh\u00e0 m\u00e1y gi\u1ea5y, nh\u00e0 m\u00e1y s\u1eaft th\u00e9p\u2026<\/p><p>\u00a0<\/p><h5>\ud83d\udd25 <strong>D\u1ecbch v\u1ee5 Flushing \u0111\u01b0\u1eddng \u1ed1ng \u2013 \u0110\u1ea3m b\u1ea3o h\u1ec7 th\u1ed1ng s\u1ea1ch &amp; hi\u1ec7u qu\u1ea3<\/strong><\/h5><p>\u2699\ufe0f <strong>L\u00e0m s\u1ea1ch \u0111\u01b0\u1eddng \u1ed1ng c\u00f4ng ngh\u1ec7<\/strong> (n\u01b0\u1edbc, gas, steam, air, d\u1ea7u th\u1ee7y l\u1ef1c).<br \/>\u26a1 <strong>Thi\u1ebft b\u1ecb c\u00f4ng su\u1ea5t cao \u2013 X\u1eed l\u00fd l\u00ean \u0111\u1ebfn 10,000 lpm<\/strong>.<br \/>\ud83d\udcc9 <strong>Lo\u1ea1i b\u1ecf c\u1eb7n b\u1ea9n, h\u1ea1n ch\u1ebf d\u00f2ng ch\u1ea3y, gi\u1ea3m m\u1ea5t \u00e1p su\u1ea5t<\/strong>.<br \/>\ud83d\udd2c <strong>M\u1ee9c s\u1ea1ch d\u1ea7u \u0111\u1ea1t d\u01b0\u1edbi NAS 5<\/strong>, duy tr\u00ec hi\u1ec7u su\u1ea5t t\u1ed1i \u01b0u cho h\u1ec7 th\u1ed1ng th\u1ee7y l\u1ef1c.<\/p><p>\ud83d\udcaf <strong>Gi\u1ea3i ph\u00e1p to\u00e0n di\u1ec7n \u2013 An to\u00e0n \u2013 Ti\u1ebft ki\u1ec7m chi ph\u00ed v\u1eadn h\u00e0nh<\/strong><\/p><p>\ud83d\udccc <strong>Li\u00ean h\u1ec7 ngay \u0111\u1ec3 t\u1ed1i \u01b0u h\u1ec7 th\u1ed1ng d\u1ea7u &amp; \u0111\u01b0\u1eddng \u1ed1ng c\u1ee7a nh\u00e0 m\u00e1y!<\/strong> \ud83d\ude80<\/p>\t\t\t\t\t\t\t\t<\/div>\n\t\t\t\t<\/div>\n\t\t\t\t\t<\/div>\n\t\t<\/div>\n\t\t\t\t<div class=\"elementor-column elementor-col-33 elementor-top-column elementor-element elementor-element-d5764ef\" data-id=\"d5764ef\" data-element_type=\"column\">\n\t\t\t<div class=\"elementor-widget-wrap elementor-element-populated\">\n\t\t\t\t\t\t<div class=\"elementor-element elementor-element-02f943b elementor-widget elementor-widget-image\" data-id=\"02f943b\" data-element_type=\"widget\" data-widget_type=\"image.default\">\n\t\t\t\t<div class=\"elementor-widget-container\">\n\t\t\t\t\t\t\t\t\t\t\t\t\t\t\t<img fetchpriority=\"high\" decoding=\"async\" width=\"800\" height=\"376\" src=\"https:\/\/fsv.com.vn\/wp-content\/uploads\/2023\/03\/servicecontracttoppicture-6041.jpg\" class=\"attachment-large size-large wp-image-502\" alt=\"\" srcset=\"https:\/\/fsv.com.vn\/wp-content\/uploads\/2023\/03\/servicecontracttoppicture-6041.jpg 850w, https:\/\/fsv.com.vn\/wp-content\/uploads\/2023\/03\/servicecontracttoppicture-6041-300x141.jpg 300w, https:\/\/fsv.com.vn\/wp-content\/uploads\/2023\/03\/servicecontracttoppicture-6041-768x361.jpg 768w\" sizes=\"(max-width: 800px) 100vw, 800px\" \/>\t\t\t\t\t\t\t\t\t\t\t\t\t\t\t<\/div>\n\t\t\t\t<\/div>\n\t\t\t\t<div class=\"elementor-element elementor-element-35a7307 elementor-widget elementor-widget-image\" data-id=\"35a7307\" data-element_type=\"widget\" data-widget_type=\"image.default\">\n\t\t\t\t<div class=\"elementor-widget-container\">\n\t\t\t\t\t\t\t\t\t\t\t\t\t\t\t<img decoding=\"async\" width=\"800\" height=\"377\" src=\"https:\/\/fsv.com.vn\/wp-content\/uploads\/2024\/03\/Service_Rental_topPicture.webp\" class=\"attachment-large size-large wp-image-1354\" alt=\"\" srcset=\"https:\/\/fsv.com.vn\/wp-content\/uploads\/2024\/03\/Service_Rental_topPicture.webp 848w, https:\/\/fsv.com.vn\/wp-content\/uploads\/2024\/03\/Service_Rental_topPicture-300x142.webp 300w, https:\/\/fsv.com.vn\/wp-content\/uploads\/2024\/03\/Service_Rental_topPicture-768x362.webp 768w\" sizes=\"(max-width: 800px) 100vw, 800px\" \/>\t\t\t\t\t\t\t\t\t\t\t\t\t\t\t<\/div>\n\t\t\t\t<\/div>\n\t\t\t\t<div class=\"elementor-element elementor-element-8ff309a elementor-widget elementor-widget-image\" data-id=\"8ff309a\" data-element_type=\"widget\" data-widget_type=\"image.default\">\n\t\t\t\t<div class=\"elementor-widget-container\">\n\t\t\t\t\t\t\t\t\t\t\t\t\t\t\t<img decoding=\"async\" width=\"800\" height=\"377\" src=\"https:\/\/fsv.com.vn\/wp-content\/uploads\/2024\/03\/Service_TopPicture.webp\" class=\"attachment-large size-large wp-image-1355\" alt=\"\" srcset=\"https:\/\/fsv.com.vn\/wp-content\/uploads\/2024\/03\/Service_TopPicture.webp 848w, https:\/\/fsv.com.vn\/wp-content\/uploads\/2024\/03\/Service_TopPicture-300x142.webp 300w, https:\/\/fsv.com.vn\/wp-content\/uploads\/2024\/03\/Service_TopPicture-768x362.webp 768w\" sizes=\"(max-width: 800px) 100vw, 800px\" \/>\t\t\t\t\t\t\t\t\t\t\t\t\t\t\t<\/div>\n\t\t\t\t<\/div>\n\t\t\t\t\t<\/div>\n\t\t<\/div>\n\t\t\t\t\t<\/div>\n\t\t<\/section>\n\t\t\t\t<section class=\"elementor-section elementor-top-section elementor-element elementor-element-9e2086e elementor-section-boxed elementor-section-height-default elementor-section-height-default\" data-id=\"9e2086e\" data-element_type=\"section\">\n\t\t\t\t\t\t<div class=\"elementor-container elementor-column-gap-default\">\n\t\t\t\t\t<div class=\"elementor-column elementor-col-100 elementor-top-column elementor-element elementor-element-ed082c9\" data-id=\"ed082c9\" data-element_type=\"column\">\n\t\t\t<div class=\"elementor-widget-wrap elementor-element-populated\">\n\t\t\t\t\t\t<div class=\"elementor-element elementor-element-6e9e6f8 elementor-widget elementor-widget-spacer\" data-id=\"6e9e6f8\" data-element_type=\"widget\" data-widget_type=\"spacer.default\">\n\t\t\t\t<div class=\"elementor-widget-container\">\n\t\t\t\t\t\t\t<div class=\"elementor-spacer\">\n\t\t\t<div class=\"elementor-spacer-inner\"><\/div>\n\t\t<\/div>\n\t\t\t\t\t\t<\/div>\n\t\t\t\t<\/div>\n\t\t\t\t\t<\/div>\n\t\t<\/div>\n\t\t\t\t\t<\/div>\n\t\t<\/section>\n\t\t\t\t<\/div>\n\t\t","protected":false},"excerpt":{"rendered":"<p>???? D\u1ecaCH V\u1ee4 L\u1eccC D\u1ea6U FSV 247 &amp; FLUSHING \u0110\u01af\u1edcNG \u1ed0NG \u2013 T\u1ed0I \u01afU HI\u1ec6U SU\u1ea4T H\u1ec6 TH\u1ed0NG ???? \u00a0 ???? FSV 247 \u2013 Gi\u1ea3i ph\u00e1p h\u00e0ng \u0111\u1ea7u cho h\u1ec7 th\u1ed1ng d\u1ea7u c\u00f4ng nghi\u1ec7p \u2705 L\u1ecdc d\u1ea7u c\u00f4ng nghi\u1ec7p: Lo\u1ea1i b\u1ecf t\u1ea1p ch\u1ea5t, n\u01b0\u1edbc v\u00e0 s\u1ea3n ph\u1ea9m ph\u00e2n h\u1ee7y d\u1ea7u, gi\u00fap d\u1ea7u lu\u00f4n s\u1ea1ch v\u00e0 [&hellip;]<\/p>\n","protected":false},"author":1,"featured_media":0,"parent":471,"menu_order":3,"comment_status":"closed","ping_status":"closed","template":"","meta":{"footnotes":""},"class_list":["post-500","page","type-page","status-publish","hentry"],"_links":{"self":[{"href":"https:\/\/fsv.com.vn\/index.php\/wp-json\/wp\/v2\/pages\/500","targetHints":{"allow":["GET"]}}],"collection":[{"href":"https:\/\/fsv.com.vn\/index.php\/wp-json\/wp\/v2\/pages"}],"about":[{"href":"https:\/\/fsv.com.vn\/index.php\/wp-json\/wp\/v2\/types\/page"}],"author":[{"embeddable":true,"href":"https:\/\/fsv.com.vn\/index.php\/wp-json\/wp\/v2\/users\/1"}],"replies":[{"embeddable":true,"href":"https:\/\/fsv.com.vn\/index.php\/wp-json\/wp\/v2\/comments?post=500"}],"version-history":[{"count":20,"href":"https:\/\/fsv.com.vn\/index.php\/wp-json\/wp\/v2\/pages\/500\/revisions"}],"predecessor-version":[{"id":2140,"href":"https:\/\/fsv.com.vn\/index.php\/wp-json\/wp\/v2\/pages\/500\/revisions\/2140"}],"up":[{"embeddable":true,"href":"https:\/\/fsv.com.vn\/index.php\/wp-json\/wp\/v2\/pages\/471"}],"wp:attachment":[{"href":"https:\/\/fsv.com.vn\/index.php\/wp-json\/wp\/v2\/media?parent=500"}],"curies":[{"name":"wp","href":"https:\/\/api.w.org\/{rel}","templated":true}]}}