{"id":458,"date":"2023-03-28T08:46:35","date_gmt":"2023-03-28T01:46:35","guid":{"rendered":"https:\/\/fsv.com.vn\/?page_id=458"},"modified":"2025-02-17T15:17:49","modified_gmt":"2025-02-17T08:17:49","slug":"bon-chua-dau","status":"publish","type":"page","link":"https:\/\/fsv.com.vn\/index.php\/giai-phap\/khai-khoang\/bon-chua-dau\/","title":{"rendered":"B\u1ed3n ch\u1ee9a d\u1ea7u"},"content":{"rendered":"\t\t<div data-elementor-type=\"wp-page\" data-elementor-id=\"458\" class=\"elementor elementor-458\" data-elementor-post-type=\"page\">\n\t\t\t\t\t\t<section class=\"elementor-section elementor-top-section elementor-element elementor-element-0bf20ee elementor-section-boxed elementor-section-height-default elementor-section-height-default\" data-id=\"0bf20ee\" data-element_type=\"section\">\n\t\t\t\t\t\t<div class=\"elementor-container elementor-column-gap-default\">\n\t\t\t\t\t<div class=\"elementor-column elementor-col-100 elementor-top-column elementor-element elementor-element-4f72be3\" data-id=\"4f72be3\" data-element_type=\"column\">\n\t\t\t<div class=\"elementor-widget-wrap elementor-element-populated\">\n\t\t\t\t\t\t<div class=\"elementor-element elementor-element-9dfd692 elementor-widget elementor-widget-spacer\" data-id=\"9dfd692\" data-element_type=\"widget\" data-widget_type=\"spacer.default\">\n\t\t\t\t<div class=\"elementor-widget-container\">\n\t\t\t\t\t\t\t<div class=\"elementor-spacer\">\n\t\t\t<div class=\"elementor-spacer-inner\"><\/div>\n\t\t<\/div>\n\t\t\t\t\t\t<\/div>\n\t\t\t\t<\/div>\n\t\t\t\t\t<\/div>\n\t\t<\/div>\n\t\t\t\t\t<\/div>\n\t\t<\/section>\n\t\t\t\t<section class=\"elementor-section elementor-top-section elementor-element elementor-element-fe05c7e elementor-section-boxed elementor-section-height-default elementor-section-height-default\" data-id=\"fe05c7e\" data-element_type=\"section\">\n\t\t\t\t\t\t<div class=\"elementor-container elementor-column-gap-default\">\n\t\t\t\t\t<div class=\"elementor-column elementor-col-100 elementor-top-column elementor-element elementor-element-41160bf\" data-id=\"41160bf\" data-element_type=\"column\">\n\t\t\t<div class=\"elementor-widget-wrap elementor-element-populated\">\n\t\t\t\t\t\t<div class=\"elementor-element elementor-element-c92ede2 elementor-widget elementor-widget-heading\" data-id=\"c92ede2\" data-element_type=\"widget\" data-widget_type=\"heading.default\">\n\t\t\t\t<div class=\"elementor-widget-container\">\n\t\t\t\t\t<h3 class=\"elementor-heading-title elementor-size-default\">B\u1ed3n ch\u1ee9a d\u1ea7u<\/h3>\t\t\t\t<\/div>\n\t\t\t\t<\/div>\n\t\t\t\t<div class=\"elementor-element elementor-element-65dad70 elementor-widget elementor-widget-text-editor\" data-id=\"65dad70\" data-element_type=\"widget\" data-widget_type=\"text-editor.default\">\n\t\t\t\t<div class=\"elementor-widget-container\">\n\t\t\t\t\t\t\t\t\t<p>M\u1ed7i b\u1ec3 ch\u1ee9a d\u1ea7u diesel \u0111\u01b0\u1ee3c thi\u1ebft k\u1ebf v\u00e0 l\u1eafp \u0111\u1eb7t tr\u00ean m\u1ed9t \u0111\u1ecba \u0111i\u1ec3m c\u1ee5 th\u1ec3, v\u00ec c\u01a1 s\u1edf h\u1ea1 t\u1ea7ng thay \u0111\u1ed5i r\u1ea5t nhi\u1ec1u t\u1eeb m\u1ecf n\u00e0y sang m\u1ecf kh\u00e1c. Cho d\u00f9 b\u1ed3n ch\u1ee9a l\u00e0 b\u1ed3n ch\u1ee9a ban ng\u00e0y t\u1ea1i ch\u1ed7, b\u1ed3n ch\u1ee9a v\u00e0 b\u1ed3n ch\u1ee9a ban ng\u00e0y k\u1ebft h\u1ee3p hay c\u01a1 s\u1edf \u0111\u1ea7u cu\u1ed1i, t\u1ea5t c\u1ea3 ch\u00fang \u0111\u1ec1u ph\u1ea3i \u0111\u1ed1i m\u1eb7t v\u1edbi c\u00f9ng m\u1ed9t v\u1ea5n \u0111\u1ec1 v\u1edbi \u0111\u1ed9ng c\u01a1 diesel. D\u1ea7u diesel hi\u1ebfm khi \u0111\u01b0\u1ee3c giao t\u1eadn n\u01a1i v\u1edbi ch\u1ea5t l\u01b0\u1ee3ng ph\u00f9 h\u1ee3p \u0111\u1ec3 c\u1ea5p th\u1eb3ng v\u00e0o thi\u1ebft b\u1ecb, bu\u1ed9c ng\u01b0\u1eddi v\u1eadn h\u00e0nh ph\u1ea3i l\u1ecdc d\u1ea7u diesel tr\u01b0\u1edbc khi s\u1eed d\u1ee5ng. C\u00e1c khuy\u1ebfn ngh\u1ecb c\u1ee7a OEM ng\u00e0y nay ch\u1ec9 \u0111\u1ecbnh \u0111\u1ed9ng c\u01a1 diesel \u1edf m\u00e3 ISO 17\/15\/13, nh\u01b0ng c\u00e1c nh\u00e0 s\u1ea3n xu\u1ea5t kim phun cho bi\u1ebft 10\/12\/8 n\u1ebfu b\u1ea1n mu\u1ed1n tu\u1ed5i th\u1ecd t\u1ed1i \u0111a c\u1ee7a thi\u1ebft b\u1ecb. N\u01b0\u1edbc th\u01b0\u1eddng c\u00f3 trong d\u1ea7u diesel \u2013 \u0111\u01b0\u1ee3c cung c\u1ea5p c\u00f9ng v\u1edbi ngu\u1ed3n cung c\u1ea5p ho\u1eb7c do ng\u01b0ng t\u1ee5. S\u1ef1 hi\u1ec7n di\u1ec7n c\u1ee7a n\u01b0\u1edbc c\u00f3 ngh\u0129a l\u00e0 d\u1ea7u diesel xu\u1ed1ng c\u1ea5p ch\u1ec9 sau v\u00e0i tu\u1ea7n trong b\u1ec3 ch\u1ee9a.<\/p><p><strong>Th\u1eed th\u00e1ch<\/strong><\/p><p>D\u1ea7u diesel trong b\u1ec3 ch\u1ee9a tr\u1ea3i qua r\u1ea5t nhi\u1ec1u b\u01b0\u1edbc t\u1eeb nh\u00e0 m\u00e1y l\u1ecdc d\u1ea7u \u0111\u1ebfn b\u1ec3 ch\u1ee9a, v\u00e0 trong qu\u00e1 tr\u00ecnh \u0111\u00f3, h\u00e0m l\u01b0\u1ee3ng h\u1ea1t t\u0103ng l\u00ean, h\u00e0m l\u01b0\u1ee3ng n\u01b0\u1edbc t\u0103ng l\u00ean v\u00e0 d\u1ea5u v\u1ebft t\u1eeb b\u00f9n v\u00e0 vi khu\u1ea9n c\u00f3 th\u1ec3 \u0111\u01b0\u1ee3c t\u00ecm th\u1ea5y trong d\u1ea7u diesel. N\u1ebfu \u0111\u1ed9ng c\u01a1 diesel kh\u00f4ng \u0111\u01b0\u1ee3c b\u1ea3o d\u01b0\u1ee1ng trong qu\u00e1 tr\u00ecnh b\u1ea3o qu\u1ea3n, b\u1ea1n s\u1ebd s\u1eed d\u1ee5ng c\u00e1c b\u1ed9 l\u1ecdc n\u1ed9i tuy\u1ebfn h\u00e0ng ng\u00e0y v\u00e0 v\u1eabn ph\u1ea3i v\u1eadt l\u1ed9n \u0111\u1ec3 gi\u1eef cho \u0111\u1ed9ng c\u01a1 diesel \u1edf m\u1ee9c th\u00f4ng s\u1ed1 k\u1ef9 thu\u1eadt. Vi\u1ec7c kh\u00f4ng gi\u1eef cho \u0111\u1ed9ng c\u01a1 diesel \u0111\u1ee7 s\u1ea1ch v\u00e0 kh\u00f4 s\u1ebd d\u1eabn \u0111\u1ebfn h\u1ecfng b\u01a1m nhi\u00ean li\u1ec7u, kim phun, \u0103n m\u00f2n v\u00e0 ti\u1ebft ki\u1ec7m nhi\u00ean li\u1ec7u k\u00e9m. M\u1ee9c ti\u00eau th\u1ee5 cao c\u1ee7a c\u00e1c b\u1ed9 l\u1ecdc n\u1ed9i tuy\u1ebfn v\u00e0 t\u1eafc ngh\u1ebdn c\u00e1c b\u1ed9 l\u1ecdc n\u1ed9i tuy\u1ebfn s\u1ebd ph\u1ed5 bi\u1ebfn. \u0110\u1ed1i v\u1edbi m\u1ed9t s\u1ed1 \u1ee9ng d\u1ee5ng tr\u00ecnh t\u1ea1o, v\u00ed d\u1ee5: d\u1ef1 ph\u00f2ng cho c\u00e1c b\u1ec7nh vi\u1ec7n, t\u00ednh m\u1ea1ng th\u1eadm ch\u00ed c\u00f3 th\u1ec3 g\u1eb7p nguy hi\u1ec3m n\u1ebfu d\u1ea7u diesel qu\u00e1 nhi\u1ec5m b\u1ea9n \u0111\u1ec3 duy tr\u00ec ho\u1ea1t \u0111\u1ed9ng c\u1ee7a m\u00e1y ph\u00e1t \u0111i\u1ec7n.<\/p>\t\t\t\t\t\t\t\t<\/div>\n\t\t\t\t<\/div>\n\t\t\t\t<div class=\"elementor-element elementor-element-44a1297 elementor-widget elementor-widget-text-editor\" data-id=\"44a1297\" data-element_type=\"widget\" data-widget_type=\"text-editor.default\">\n\t\t\t\t<div class=\"elementor-widget-container\">\n\t\t\t\t\t\t\t\t\t<p><strong>L\u1ee3i \u00edch, c\u00e0i \u0111\u1eb7t B\u1ed9 l\u1ecdc d\u1ea7u CJC\u00ae<\/strong><\/p><ul><li>K\u00e9o d\u00e0i tu\u1ed5i th\u1ecd c\u1ee7a \u0111\u1ed9ng c\u01a1 v\u00e0 m\u00e1y ph\u00e1t \u0111i\u1ec7n v\u1edbi h\u1ec7 s\u1ed1 3-4<\/li><li>18.000 gi\u1edd tr\u00ean kim phun<\/li><li>Gi\u1ea3m 80% m\u1ee9c ti\u00eau th\u1ee5 b\u1ed9 l\u1ecdc n\u1ed9i tuy\u1ebfn<\/li><li>Gi\u1ea3m m\u1ee9c ti\u00eau th\u1ee5 ph\u1ee5 t\u00f9ng l\u00ean \u0111\u1ebfn 60%<\/li><li>B\u1ea3o v\u1ec7 kho\u1ea3n \u0111\u1ea7u t\u01b0 c\u1ee7a b\u1ea1n<\/li><li>Gi\u1ea3m nguy c\u01a1 h\u1ecfng h\u00f3c, s\u1eeda ch\u1eefa v\u00e0 b\u1ea3o tr\u00ec ngo\u00e0i k\u1ebf ho\u1ea1ch v\u00e0 c\u00f3 \u0111\u01b0\u1ee3c s\u1ef1 an t\u00e2m<\/li><\/ul>\t\t\t\t\t\t\t\t<\/div>\n\t\t\t\t<\/div>\n\t\t\t\t<div class=\"elementor-element elementor-element-533a9bd elementor-widget elementor-widget-text-editor\" data-id=\"533a9bd\" data-element_type=\"widget\" data-widget_type=\"text-editor.default\">\n\t\t\t\t<div class=\"elementor-widget-container\">\n\t\t\t\t\t\t\t\t\t<p>C\u00f3 m\u1ed1i t\u01b0\u01a1ng quan tr\u1ef1c ti\u1ebfp gi\u1eefa \u0111\u1ed9 s\u1ea1ch c\u1ee7a nhi\u00ean li\u1ec7u diesel, th\u1eddi gian ho\u1ea1t \u0111\u1ed9ng c\u1ee7a thi\u1ebft b\u1ecb v\u00e0 chi ph\u00ed v\u1eadn h\u00e0nh. Khi b\u1ea1n l\u1eafp \u0111\u1eb7t gi\u1ea3i ph\u00e1p L\u1ecdc d\u1ea7u CJC\u00ae v\u00e0o th\u00f9ng ch\u1ee9a \u0111\u1ed9ng c\u01a1 diesel, b\u1ea1n s\u1ebd c\u00f3 \u0111\u01b0\u1ee3c b\u1ed9 l\u1ecdc d\u1ea7u c\u00f3 kh\u1ea3 n\u0103ng l\u1ecdc ch\u1ea5t b\u1ea9n cao nh\u1ea5t ph\u00f9 h\u1ee3p v\u1edbi c\u00e1c kho\u1ea3ng th\u1eddi gian b\u1ea3o d\u01b0\u1ee1ng th\u00f4ng th\u01b0\u1eddng, do \u0111\u00f3 b\u1ea1n kh\u00f4ng c\u1ea7n ph\u1ea3i thay b\u1ed9 l\u1ecdc ch\u00e8n h\u00e0ng th\u00e1ng. Nh\u01b0ng quan tr\u1ecdng h\u01a1n, v\u1edbi L\u1ecdc d\u1ea7u CJC\u00ae, b\u1ea1n gi\u1eef cho \u0111\u1ed9ng c\u01a1 diesel kh\u00f4 r\u00e1o v\u00e0 do \u0111\u00f3 \u0111\u01b0\u1ee3c \u0111\u1ea3m b\u1ea3o kh\u00f4ng c\u00f3 d\u1ecbch h\u1ea1i\/b\u00f9n diesel, \u0111\u00e2y l\u00e0 m\u1ed9t v\u1ea5n \u0111\u1ec1 nghi\u00eam tr\u1ecdng v\u1ec1 \u0111\u1ed9 s\u1ea1ch c\u1ee7a \u0111\u1ed9ng c\u01a1 diesel, ti\u00eau th\u1ee5 b\u1ed9 l\u1ecdc n\u1ed9i tuy\u1ebfn v\u00e0 t\u00e1c \u0111\u1ed9ng \u0111\u1ebfn thi\u1ebft b\u1ecb. L\u1ecdc d\u1ea7u CJC\u00ae c\u00f3 th\u1ec3 gi\u00fap b\u1ea1n \u0111\u1ea1t \u0111\u01b0\u1ee3c 18.000 gi\u1edd tr\u00ean kim phun, gi\u1ea3m m\u1ee9c ti\u00eau th\u1ee5 b\u1ed9 l\u1ecdc n\u1ed9i tuy\u1ebfn l\u00ean \u0111\u1ebfn 80% v\u00e0 gi\u00fap b\u1ea1n c\u1ea3i thi\u1ec7n hi\u1ec7u su\u1ea5t nhi\u00ean li\u1ec7u kho\u1ea3ng 3%. V\u00e0 b\u1ea1n th\u1eadm ch\u00ed c\u00f3 th\u1ec3 gi\u00e1m s\u00e1t t\u1eeb xa t\u00ecnh tr\u1ea1ng \u0111\u1ed9ng c\u01a1 diesel c\u1ee7a m\u00ecnh b\u1eb1ng c\u00e1ch s\u1eed d\u1ee5ng B\u1ed9 gi\u00e1m s\u00e1t \u00f4 nhi\u1ec5m d\u1ea7u (OCM).<\/p>\t\t\t\t\t\t\t\t<\/div>\n\t\t\t\t<\/div>\n\t\t\t\t<div class=\"elementor-element elementor-element-028ff5e elementor-widget elementor-widget-text-editor\" data-id=\"028ff5e\" data-element_type=\"widget\" data-widget_type=\"text-editor.default\">\n\t\t\t\t<div class=\"elementor-widget-container\">\n\t\t\t\t\t\t\t\t\t<p><strong>Gi\u1ea3i ph\u00e1p c\u1ee7a b\u1ea1n<\/strong><\/p><p>\u0110\u1ed1i v\u1edbi b\u1ec3 ch\u1ee9a d\u1ea7u diesel, c\u00e1c Gi\u1ea3i ph\u00e1p H\u1ec7 th\u1ed1ng CJC\u00ae sau \u0111\u00e2y \u0111\u01b0\u1ee3c \u00e1p d\u1ee5ng:<\/p><ul><li>B\u1ed9 l\u1ecdc t\u1ed1t t\u1eeb k\u00edch th\u01b0\u1edbc HDU 27\/108 \u0111\u1ebfn l\u1edbn HDU 27\/108 multistay v\u00e0 HDU 427\/- s\u00ea-ri<\/li><li>B\u1ed9 t\u00e1ch l\u1ecdc, PTU3 Multistay<\/li><li>H\u1ea1t dao l\u1ecdc lo\u1ea1i BLA ho\u1eb7c FA<\/li><li>M\u00e0n h\u00ecnh \u00f4 nhi\u1ec5m d\u1ea7u, OCM15<\/li><\/ul>\t\t\t\t\t\t\t\t<\/div>\n\t\t\t\t<\/div>\n\t\t\t\t<div class=\"elementor-element elementor-element-4b4c1d2 elementor-widget elementor-widget-text-editor\" data-id=\"4b4c1d2\" data-element_type=\"widget\" data-widget_type=\"text-editor.default\">\n\t\t\t\t<div class=\"elementor-widget-container\">\n\t\t\t\t\t\t\t\t\t<p>Gi\u1ea3i ph\u00e1p h\u1ec7 th\u1ed1ng CJC\u00ae ph\u00f9 h\u1ee3p v\u1edbi t\u1ea5t c\u1ea3 c\u00e1c b\u1ec3 ch\u1ee9a d\u1ea7u diesel b\u1ea5t k\u1ec3 l\u01b0\u1ee3ng d\u1ea7u l\u00e0 bao nhi\u00eau v\u00e0 ch\u00fang t\u00f4i c\u00f3 th\u1ec3 cung c\u1ea5p tr\u00ean to\u00e0n c\u1ea7u khi \u0111\u01b0\u1ee3c y\u00eau c\u1ea7u. H\u1ee3p t\u00e1c ch\u1eb7t ch\u1ebd v\u1edbi c\u00e1c t\u1ed5 ch\u1ee9c k\u1ef9 thu\u1eadt, ch\u00fang t\u00f4i gi\u00fap ch\u1ecdn gi\u1ea3i ph\u00e1p ph\u00f9 h\u1ee3p nh\u1ea5t t\u00f9y thu\u1ed9c v\u00e0o lo\u1ea1i h\u1ec7 th\u1ed1ng v\u00e0 \u0111i\u1ec1u ki\u1ec7n trong m\u00f4i tr\u01b0\u1eddng.<\/p>\t\t\t\t\t\t\t\t<\/div>\n\t\t\t\t<\/div>\n\t\t\t\t\t<\/div>\n\t\t<\/div>\n\t\t\t\t\t<\/div>\n\t\t<\/section>\n\t\t\t\t<\/div>\n\t\t","protected":false},"excerpt":{"rendered":"<p>B\u1ed3n ch\u1ee9a d\u1ea7u M\u1ed7i b\u1ec3 ch\u1ee9a d\u1ea7u diesel \u0111\u01b0\u1ee3c thi\u1ebft k\u1ebf v\u00e0 l\u1eafp \u0111\u1eb7t tr\u00ean m\u1ed9t \u0111\u1ecba \u0111i\u1ec3m c\u1ee5 th\u1ec3, v\u00ec c\u01a1 s\u1edf h\u1ea1 t\u1ea7ng thay \u0111\u1ed5i r\u1ea5t nhi\u1ec1u t\u1eeb m\u1ecf n\u00e0y sang m\u1ecf kh\u00e1c. Cho d\u00f9 b\u1ed3n ch\u1ee9a l\u00e0 b\u1ed3n ch\u1ee9a ban ng\u00e0y t\u1ea1i ch\u1ed7, b\u1ed3n ch\u1ee9a v\u00e0 b\u1ed3n ch\u1ee9a ban ng\u00e0y k\u1ebft h\u1ee3p [&hellip;]<\/p>\n","protected":false},"author":1,"featured_media":0,"parent":174,"menu_order":10,"comment_status":"closed","ping_status":"closed","template":"","meta":{"footnotes":""},"class_list":["post-458","page","type-page","status-publish","hentry"],"_links":{"self":[{"href":"https:\/\/fsv.com.vn\/index.php\/wp-json\/wp\/v2\/pages\/458","targetHints":{"allow":["GET"]}}],"collection":[{"href":"https:\/\/fsv.com.vn\/index.php\/wp-json\/wp\/v2\/pages"}],"about":[{"href":"https:\/\/fsv.com.vn\/index.php\/wp-json\/wp\/v2\/types\/page"}],"author":[{"embeddable":true,"href":"https:\/\/fsv.com.vn\/index.php\/wp-json\/wp\/v2\/users\/1"}],"replies":[{"embeddable":true,"href":"https:\/\/fsv.com.vn\/index.php\/wp-json\/wp\/v2\/comments?post=458"}],"version-history":[{"count":13,"href":"https:\/\/fsv.com.vn\/index.php\/wp-json\/wp\/v2\/pages\/458\/revisions"}],"predecessor-version":[{"id":1643,"href":"https:\/\/fsv.com.vn\/index.php\/wp-json\/wp\/v2\/pages\/458\/revisions\/1643"}],"up":[{"embeddable":true,"href":"https:\/\/fsv.com.vn\/index.php\/wp-json\/wp\/v2\/pages\/174"}],"wp:attachment":[{"href":"https:\/\/fsv.com.vn\/index.php\/wp-json\/wp\/v2\/media?parent=458"}],"curies":[{"name":"wp","href":"https:\/\/api.w.org\/{rel}","templated":true}]}}