{"id":456,"date":"2023-03-28T08:46:14","date_gmt":"2023-03-28T01:46:14","guid":{"rendered":"https:\/\/fsv.com.vn\/?page_id=456"},"modified":"2023-07-04T10:47:18","modified_gmt":"2023-07-04T03:47:18","slug":"bang-tai","status":"publish","type":"page","link":"https:\/\/fsv.com.vn\/index.php\/giai-phap\/khai-khoang\/bang-tai\/","title":{"rendered":"B\u0103ng t\u1ea3i"},"content":{"rendered":"\t\t<div data-elementor-type=\"wp-page\" data-elementor-id=\"456\" class=\"elementor elementor-456\" data-elementor-post-type=\"page\">\n\t\t\t\t\t\t<section class=\"elementor-section elementor-top-section elementor-element elementor-element-fe05c7e elementor-section-boxed elementor-section-height-default elementor-section-height-default\" data-id=\"fe05c7e\" data-element_type=\"section\">\n\t\t\t\t\t\t<div class=\"elementor-container elementor-column-gap-default\">\n\t\t\t\t\t<div class=\"elementor-column elementor-col-100 elementor-top-column elementor-element elementor-element-41160bf\" data-id=\"41160bf\" data-element_type=\"column\">\n\t\t\t<div class=\"elementor-widget-wrap elementor-element-populated\">\n\t\t\t\t\t\t<div class=\"elementor-element elementor-element-c92ede2 elementor-widget elementor-widget-heading\" data-id=\"c92ede2\" data-element_type=\"widget\" data-widget_type=\"heading.default\">\n\t\t\t\t<div class=\"elementor-widget-container\">\n\t\t\t\t\t<h3 class=\"elementor-heading-title elementor-size-default\">B\u0103ng t\u1ea3i<\/h3>\t\t\t\t<\/div>\n\t\t\t\t<\/div>\n\t\t\t\t<div class=\"elementor-element elementor-element-65dad70 elementor-widget elementor-widget-text-editor\" data-id=\"65dad70\" data-element_type=\"widget\" data-widget_type=\"text-editor.default\">\n\t\t\t\t<div class=\"elementor-widget-container\">\n\t\t\t\t\t\t\t\t\t<p>B\u0103ng t\u1ea3i gi\u1ed1ng nh\u01b0 c\u00e1c m\u1ea1ch m\u00e1u trong c\u01a1 th\u1ec3 b\u1ea1n; ch\u00fang v\u1eadn chuy\u1ec3n kho\u00e1ng ch\u1ea5t gi\u1eefa c\u00e1c quy tr\u00ecnh kh\u00e1c nhau trong m\u1ecf v\u00e0 ch\u00fang c\u00f3 m\u1ed9t s\u1ed1 b\u00e1nh r\u0103ng, \u1ed5 tr\u1ee5c \u0111\u01b0\u1ee3c b\u00f4i tr\u01a1n v\u00e0 h\u1ec7 th\u1ed1ng th\u1ee7y l\u1ef1c ph\u1ea3i ho\u1ea1t \u0111\u1ed9ng \u0111\u1ec3 gi\u1eef cho s\u1ea3n l\u01b0\u1ee3ng kho\u00e1ng s\u1ea3n \u1edf m\u1ee9c cao. Do m\u1ee9c \u0111\u1ed9 cao c\u1ee7a c\u00e1c h\u1ea1t v\u00e0 nhi\u1ec7t \u0111\u1ed9 thay \u0111\u1ed5i trong m\u00f4i tr\u01b0\u1eddng, \u0111i\u1ec1u quan tr\u1ecdng l\u00e0 ph\u1ea3i lo\u1ea1i b\u1ecf c\u00e1c h\u1ea1t, n\u01b0\u1edbc v\u00e0 d\u01b0 l\u01b0\u1ee3ng oxy h\u00f3a \u0111\u1ec3 gi\u1eef cho h\u1ec7 th\u1ed1ng ho\u1ea1t \u0111\u1ed9ng v\u00e0 \u0111\u1ea1t \u0111\u01b0\u1ee3c tu\u1ed5i th\u1ecd l\u00e2u d\u00e0i. M\u1ed9t b\u0103ng chuy\u1ec1n kh\u00f4ng ch\u1ea1y do v\u00f2ng bi puli ho\u1eb7c b\u00e1nh r\u0103ng b\u1ecb h\u1ecfng l\u00e0 r\u1ea5t quan tr\u1ecdng \u0111\u1ed1i v\u1edbi s\u1ea3n l\u01b0\u1ee3ng.<\/p><p><strong>Th\u1eed th\u00e1ch<\/strong><\/p><p>Vi\u1ec7c ti\u1ebfp x\u00fac v\u1edbi th\u1eddi ti\u1ebft kh\u1eafc nghi\u1ec7t v\u00e0 m\u00f4i tr\u01b0\u1eddng b\u1ee5i b\u1eb7m c\u00f3 th\u1ec3 g\u00e2y \u00e1p l\u1ef1c nghi\u00eam tr\u1ecdng cho d\u1ea7u trong c\u00e1c b\u00e1nh r\u0103ng, \u1ed5 tr\u1ee5c v\u00e0 h\u1ec7 th\u1ed1ng th\u1ee7y l\u1ef1c tr\u00ean b\u0103ng t\u1ea3i. N\u1ebfu d\u1ea7u c\u1ee7a h\u1ec7 th\u1ed1ng b\u0103ng t\u1ea3i kh\u00f4ng \u0111\u01b0\u1ee3c gi\u1eef s\u1ea1ch v\u00e0 kh\u00f4, b\u1ea1n c\u00f3 nguy c\u01a1 b\u1ecb h\u1ecfng h\u00f3c nghi\u00eam tr\u1ecdng, s\u1eeda ch\u1eefa ho\u1eb7c thay th\u1ebf t\u1ed1n k\u00e9m. N\u1ebfu b\u1ea1n ch\u1ea1y b\u0103ng chuy\u1ec1n m\u1ed9t d\u00f2ng, s\u1ef1 c\u1ed1 s\u1ebd \u0111\u01a1n gi\u1ea3n l\u00e0 ng\u1eebng s\u1ea3n xu\u1ea5t t\u1ea1i \u0111\u1ecba \u0111i\u1ec3m. V\u1ec1 m\u1eb7t b\u1ea3o d\u01b0\u1ee1ng b\u1ed9 l\u1ecdc, kh\u1ed1i l\u01b0\u1ee3ng l\u1edbn c\u00e1c h\u1ea1t trong m\u00f4i tr\u01b0\u1eddng c\u00f3 nguy c\u01a1 g\u00e2y ra chi ph\u00ed cao cho vi\u1ec7c thay th\u1ebf b\u1ed9 l\u1ecdc b\u1ecb t\u1eafc qu\u00e1 th\u01b0\u1eddng xuy\u00ean, n\u1ebfu kh\u1ea3 n\u0103ng gi\u1eef b\u1ee5i b\u1ea9n th\u1ea5p.<\/p>\t\t\t\t\t\t\t\t<\/div>\n\t\t\t\t<\/div>\n\t\t\t\t<div class=\"elementor-element elementor-element-246cd38 elementor-widget elementor-widget-text-editor\" data-id=\"246cd38\" data-element_type=\"widget\" data-widget_type=\"text-editor.default\">\n\t\t\t\t<div class=\"elementor-widget-container\">\n\t\t\t\t\t\t\t\t\t<p><strong>L\u1ee3i \u00edch, c\u00e0i \u0111\u1eb7t B\u1ed9 l\u1ecdc d\u1ea7u CJC\u00ae<\/strong><\/p><ul><li>Tr\u00e1nh nh\u1eefng h\u1ecfng h\u00f3c kh\u00f4ng l\u01b0\u1eddng tr\u01b0\u1edbc v\u00e0 t\u1eaft m\u00e1y th\u01b0\u1eddng xuy\u00ean \u0111\u1ec3 thay d\u1ea7u.<\/li><li>K\u00e9o d\u00e0i tu\u1ed5i th\u1ecd d\u1ea7u b\u00f4i tr\u01a1n v\u00e0 d\u1ea7u th\u1ee7y l\u1ef1c c\u1ee7a h\u1ec7 th\u1ed1ng b\u0103ng chuy\u1ec1n v\u1edbi h\u1ec7 s\u1ed1 3-4<\/li><li>Gi\u1ea3m m\u1ee9c ti\u00eau th\u1ee5 ph\u1ee5 t\u00f9ng l\u00ean \u0111\u1ebfn 60%<\/li><li>B\u1ea3o v\u1ec7 kho\u1ea3n \u0111\u1ea7u t\u01b0 c\u1ee7a b\u1ea1n<\/li><\/ul>\t\t\t\t\t\t\t\t<\/div>\n\t\t\t\t<\/div>\n\t\t\t\t<div class=\"elementor-element elementor-element-e7f5721 elementor-widget elementor-widget-text-editor\" data-id=\"e7f5721\" data-element_type=\"widget\" data-widget_type=\"text-editor.default\">\n\t\t\t\t<div class=\"elementor-widget-container\">\n\t\t\t\t\t\t\t\t\t<p>Tu\u1ed5i th\u1ecd c\u1ee7a h\u1ed9p s\u1ed1 b\u0103ng chuy\u1ec1n v\u00e0 d\u1ea7u th\u1ee7y l\u1ef1c c\u00f3 th\u1ec3 \u0111\u01b0\u1ee3c k\u00e9o d\u00e0i th\u00eam 3-4 l\u1ea7n m\u00e0 kh\u00f4ng g\u00e2y nguy hi\u1ec3m cho ho\u1ea1t \u0111\u1ed9ng v\u1eadn chuy\u1ec3n kho\u00e1ng s\u1ea3n. Trong th\u1ef1c t\u1ebf, n\u00f3 s\u1ebd l\u00e0m t\u0103ng \u0111\u1ed9 tin c\u1eady c\u1ee7a b\u1ea1n. Khi b\u1ea1n c\u00e0i \u0111\u1eb7t gi\u1ea3i ph\u00e1p L\u1ecdc d\u1ea7u CJC\u00ae tr\u00ean c\u00e1c b\u00e1nh r\u0103ng, h\u1ec7 th\u1ed1ng th\u1ee7y l\u1ef1c v\u00e0 \u1ed5 tr\u1ee5c c\u1ee7a m\u00ecnh, b\u1ea1n s\u1ebd c\u00f3 \u0111\u01b0\u1ee3c b\u1ed9 l\u1ecdc d\u1ea7u c\u00f3 kh\u1ea3 n\u0103ng l\u1ecdc ch\u1ea5t b\u1ea9n cao nh\u1ea5t ph\u00f9 h\u1ee3p v\u1edbi chu k\u1ef3 b\u1ea3o d\u01b0\u1ee1ng th\u00f4ng th\u01b0\u1eddng, do \u0111\u00f3 b\u1ea1n kh\u00f4ng c\u1ea7n ph\u1ea3i b\u1ea3o d\u01b0\u1ee1ng b\u1ed9 l\u1ecdc k\u1ecbp th\u1eddi. B\u1ed9 l\u1ecdc d\u1ea7u CJC\u00ae gi\u1eef cho d\u1ea7u s\u1ea1ch, kh\u00f4 v\u00e0 kh\u00f4ng c\u00f3 c\u1eb7n oxy h\u00f3a, \u0111i\u1ec1u n\u00e0y \u0111\u00e3 \u0111\u01b0\u1ee3c ghi nh\u1eadn qua nhi\u1ec1u n\u0103m v\u00e0 trong h\u00e0ng ngh\u00ecn c\u01a1 s\u1edf c\u00f4ng nghi\u1ec7p &#8211; nhi\u1ec1u trong s\u1ed1 \u0111\u00f3 n\u1eb1m trong m\u00f4i tr\u01b0\u1eddng khai th\u00e1c m\u1ecf kh\u1eafc nghi\u1ec7t. Khi b\u1ea1n ch\u1ecdn B\u1ed9 l\u1ecdc d\u1ea7u CJC\u00ae, b\u1ea1n \u0111\u1ea3m b\u1ea3o tu\u1ed5i th\u1ecd l\u00e2u d\u00e0i c\u1ee7a h\u1ec7 th\u1ed1ng c\u01a1 kh\u00ed v\u00e0 th\u1ee7y l\u1ef1c. V\u00e0 b\u1ea1n th\u1eadm ch\u00ed c\u00f3 th\u1ec3 gi\u00e1m s\u00e1t t\u1eeb xa t\u00ecnh tr\u1ea1ng h\u1ec7 th\u1ed1ng c\u1ee7a m\u00ecnh b\u1eb1ng c\u00e1ch s\u1eed d\u1ee5ng B\u1ed9 gi\u00e1m s\u00e1t \u00f4 nhi\u1ec5m d\u1ea7u (OCM).<\/p>\t\t\t\t\t\t\t\t<\/div>\n\t\t\t\t<\/div>\n\t\t\t\t<div class=\"elementor-element elementor-element-0145cb1 elementor-widget elementor-widget-text-editor\" data-id=\"0145cb1\" data-element_type=\"widget\" data-widget_type=\"text-editor.default\">\n\t\t\t\t<div class=\"elementor-widget-container\">\n\t\t\t\t\t\t\t\t\t<p><strong>Gi\u1ea3i ph\u00e1p c\u1ee7a b\u1ea1n<\/strong><\/p><p>\u0110\u1ed1i v\u1edbi b\u0103ng t\u1ea3i, c\u00e1c Gi\u1ea3i ph\u00e1p H\u1ec7 th\u1ed1ng CJC\u00ae sau \u00e1p d\u1ee5ng:<\/p><ul><li>Fine Filters k\u00edch th\u01b0\u1edbc HDU 15\/25 ho\u1eb7c HDU 27\/27<\/li><li>Ch\u00e8n b\u1ed9 l\u1ecdc, lo\u1ea1i B<\/li><li>M\u00e0n h\u00ecnh \u00f4 nhi\u1ec5m d\u1ea7u, OCM15<\/li><\/ul>\t\t\t\t\t\t\t\t<\/div>\n\t\t\t\t<\/div>\n\t\t\t\t<div class=\"elementor-element elementor-element-341b9a5 elementor-widget elementor-widget-text-editor\" data-id=\"341b9a5\" data-element_type=\"widget\" data-widget_type=\"text-editor.default\">\n\t\t\t\t<div class=\"elementor-widget-container\">\n\t\t\t\t\t\t\t\t\t<p>Gi\u1ea3i ph\u00e1p h\u1ec7 th\u1ed1ng CJC\u00ae ph\u00f9 h\u1ee3p v\u1edbi t\u1ea5t c\u1ea3 c\u00e1c h\u1ec7 th\u1ed1ng b\u0103ng t\u1ea3i b\u1ea5t k\u1ec3 l\u01b0\u1ee3ng d\u1ea7u v\u00e0 ch\u00fang t\u00f4i c\u00f3 th\u1ec3 cung c\u1ea5p tr\u00ean to\u00e0n c\u1ea7u khi \u0111\u01b0\u1ee3c y\u00eau c\u1ea7u. H\u1ee3p t\u00e1c ch\u1eb7t ch\u1ebd v\u1edbi c\u00e1c t\u1ed5 ch\u1ee9c k\u1ef9 thu\u1eadt, ch\u00fang t\u00f4i gi\u00fap ch\u1ecdn gi\u1ea3i ph\u00e1p ph\u00f9 h\u1ee3p nh\u1ea5t t\u00f9y thu\u1ed9c v\u00e0o lo\u1ea1i h\u1ec7 th\u1ed1ng v\u00e0 \u0111i\u1ec1u ki\u1ec7n trong m\u00f4i tr\u01b0\u1eddng.<\/p>\t\t\t\t\t\t\t\t<\/div>\n\t\t\t\t<\/div>\n\t\t\t\t\t<\/div>\n\t\t<\/div>\n\t\t\t\t\t<\/div>\n\t\t<\/section>\n\t\t\t\t<\/div>\n\t\t","protected":false},"excerpt":{"rendered":"<p>B\u0103ng t\u1ea3i B\u0103ng t\u1ea3i gi\u1ed1ng nh\u01b0 c\u00e1c m\u1ea1ch m\u00e1u trong c\u01a1 th\u1ec3 b\u1ea1n; ch\u00fang v\u1eadn chuy\u1ec3n kho\u00e1ng ch\u1ea5t gi\u1eefa c\u00e1c quy tr\u00ecnh kh\u00e1c nhau trong m\u1ecf v\u00e0 ch\u00fang c\u00f3 m\u1ed9t s\u1ed1 b\u00e1nh r\u0103ng, \u1ed5 tr\u1ee5c \u0111\u01b0\u1ee3c b\u00f4i tr\u01a1n v\u00e0 h\u1ec7 th\u1ed1ng th\u1ee7y l\u1ef1c ph\u1ea3i ho\u1ea1t \u0111\u1ed9ng \u0111\u1ec3 gi\u1eef cho s\u1ea3n l\u01b0\u1ee3ng kho\u00e1ng s\u1ea3n \u1edf m\u1ee9c [&hellip;]<\/p>\n","protected":false},"author":1,"featured_media":0,"parent":174,"menu_order":9,"comment_status":"closed","ping_status":"closed","template":"","meta":{"footnotes":""},"class_list":["post-456","page","type-page","status-publish","hentry"],"_links":{"self":[{"href":"https:\/\/fsv.com.vn\/index.php\/wp-json\/wp\/v2\/pages\/456","targetHints":{"allow":["GET"]}}],"collection":[{"href":"https:\/\/fsv.com.vn\/index.php\/wp-json\/wp\/v2\/pages"}],"about":[{"href":"https:\/\/fsv.com.vn\/index.php\/wp-json\/wp\/v2\/types\/page"}],"author":[{"embeddable":true,"href":"https:\/\/fsv.com.vn\/index.php\/wp-json\/wp\/v2\/users\/1"}],"replies":[{"embeddable":true,"href":"https:\/\/fsv.com.vn\/index.php\/wp-json\/wp\/v2\/comments?post=456"}],"version-history":[{"count":10,"href":"https:\/\/fsv.com.vn\/index.php\/wp-json\/wp\/v2\/pages\/456\/revisions"}],"predecessor-version":[{"id":1306,"href":"https:\/\/fsv.com.vn\/index.php\/wp-json\/wp\/v2\/pages\/456\/revisions\/1306"}],"up":[{"embeddable":true,"href":"https:\/\/fsv.com.vn\/index.php\/wp-json\/wp\/v2\/pages\/174"}],"wp:attachment":[{"href":"https:\/\/fsv.com.vn\/index.php\/wp-json\/wp\/v2\/media?parent=456"}],"curies":[{"name":"wp","href":"https:\/\/api.w.org\/{rel}","templated":true}]}}