{"id":451,"date":"2023-03-28T08:45:32","date_gmt":"2023-03-28T01:45:32","guid":{"rendered":"https:\/\/fsv.com.vn\/?page_id=451"},"modified":"2023-07-04T10:45:48","modified_gmt":"2023-07-04T03:45:48","slug":"thiet-bi-khoan","status":"publish","type":"page","link":"https:\/\/fsv.com.vn\/index.php\/giai-phap\/khai-khoang\/thiet-bi-khoan\/","title":{"rendered":"Thi\u1ebft b\u1ecb khoan"},"content":{"rendered":"\t\t<div data-elementor-type=\"wp-page\" data-elementor-id=\"451\" class=\"elementor elementor-451\" data-elementor-post-type=\"page\">\n\t\t\t\t\t\t<section class=\"elementor-section elementor-top-section elementor-element elementor-element-fe05c7e elementor-section-boxed elementor-section-height-default elementor-section-height-default\" data-id=\"fe05c7e\" data-element_type=\"section\">\n\t\t\t\t\t\t<div class=\"elementor-container elementor-column-gap-default\">\n\t\t\t\t\t<div class=\"elementor-column elementor-col-100 elementor-top-column elementor-element elementor-element-41160bf\" data-id=\"41160bf\" data-element_type=\"column\">\n\t\t\t<div class=\"elementor-widget-wrap elementor-element-populated\">\n\t\t\t\t\t\t<div class=\"elementor-element elementor-element-c92ede2 elementor-widget elementor-widget-heading\" data-id=\"c92ede2\" data-element_type=\"widget\" data-widget_type=\"heading.default\">\n\t\t\t\t<div class=\"elementor-widget-container\">\n\t\t\t\t\t<h3 class=\"elementor-heading-title elementor-size-default\">Thi\u1ebft b\u1ecb khoan<\/h3>\t\t\t\t<\/div>\n\t\t\t\t<\/div>\n\t\t\t\t<div class=\"elementor-element elementor-element-65dad70 elementor-widget elementor-widget-text-editor\" data-id=\"65dad70\" data-element_type=\"widget\" data-widget_type=\"text-editor.default\">\n\t\t\t\t<div class=\"elementor-widget-container\">\n\t\t\t\t\t\t\t\t\t<p>L\u1ed7 n\u1ed5 quay, DTH b\u1ec1 m\u1eb7t, b\u00faa tr\u00ean c\u00f9ng, \u0111\u00e1 k\u00edch th\u01b0\u1edbc v\u00e0 gi\u00e0n khoan th\u0103m d\u00f2 \u0111\u1ec1u l\u00e0 nh\u1eefng thi\u1ebft b\u1ecb quan tr\u1ecdng trong c\u00e1c m\u1ecf v\u00e0 m\u1ecf \u0111\u00e1, v\u00e0 ch\u00fang ph\u1ea3i ho\u1ea1t \u0111\u1ed9ng \u0111\u1ec3 duy tr\u00ec ho\u1ea1t \u0111\u1ed9ng th\u0103m d\u00f2. D\u1ea7u b\u00f4i tr\u01a1n \u0111\u1ed9ng c\u01a1 v\u00e0 d\u1ea7u th\u1ee7y l\u1ef1c c\u00f3 m\u1ee9c \u0111\u1ed9 c\u1ef1c cao c\u1ee7a c\u00e1c h\u1ea1t r\u1ea5t m\u1ecbn v\u00e0 qu\u00e1 tr\u00ecnh oxy h\u00f3a d\u1ea7u, g\u00e2y h\u1ea1i cho thi\u1ebft b\u1ecb. Nhi\u1ec1u ng\u01b0\u1eddi \u0111i\u1ec1u khi\u1ec3n tin r\u1eb1ng bi\u1ec7n ph\u00e1p kh\u1eafc ph\u1ee5c l\u00e0 thay d\u1ea7u th\u01b0\u1eddng xuy\u00ean. Nh\u01b0ng n\u1ebfu b\u1ea1n gi\u1eef d\u1ea7u s\u1ea1ch v\u00e0 kh\u00f4 b\u1eb1ng B\u1ed9 l\u1ecdc d\u1ea7u ngo\u1ea1i tuy\u1ebfn CJC\u00ae, b\u1ea1n c\u00f3 th\u1ec3 k\u00e9o d\u00e0i tu\u1ed5i th\u1ecd c\u1ee7a d\u1ea7u r\u1ea5t nhi\u1ec1u.<\/p><p><strong>Th\u1eed th\u00e1ch<\/strong><\/p><p>Vi\u1ec7c ti\u1ebfp x\u00fac v\u1edbi th\u1eddi ti\u1ebft kh\u1eafc nghi\u1ec7t, m\u00f4i tr\u01b0\u1eddng b\u1ee5i b\u1eb7m v\u00e0 \u0111\u1ed9 rung cao c\u00f3 th\u1ec3 g\u00e2y c\u0103ng th\u1eb3ng nghi\u00eam tr\u1ecdng cho c\u00e1c th\u00e0nh ph\u1ea7n h\u1ec7 th\u1ed1ng nh\u1ea1y c\u1ea3m tr\u00ean gi\u00e0n khoan v\u00e0 thi\u1ebft b\u1ecb khoan. \u00d4 nhi\u1ec5m h\u1ea1t trong d\u1ea7u th\u01b0\u1eddng r\u1ea5t cao. C\u00e1c v\u1ea5n \u0111\u1ec1 v\u1ec1 n\u01b0\u1edbc trong d\u1ea7u x\u1ea3y ra do ng\u01b0ng t\u1ee5 v\u00e0 nh\u1eefng ch\u1ea5t g\u00e2y \u00f4 nhi\u1ec5m n\u00e0y l\u00e0m t\u0103ng t\u1ed1c \u0111\u1ed9 xu\u1ed1ng c\u1ea5p c\u1ee7a d\u1ea7u, d\u1eabn \u0111\u1ebfn c\u00e1c v\u1ea5n \u0111\u1ec1 v\u1ec1 \u0111\u1ed9 tin c\u1eady v\u00e0 s\u1ea3n xu\u1ea5t b\u1ecb \u0111\u00ecnh tr\u1ec7. Thay d\u1ea7u s\u1edbm, hao m\u00f2n v\u00e0 h\u01b0 h\u1ecfng b\u1ed9 ph\u1eadn khi\u1ebfn m\u00e1y m\u00f3c ph\u1ea3i ng\u1eebng s\u1ea3n xu\u1ea5t. \u0110i\u1ec1u n\u00e0y ho\u1eb7c l\u00e0m tr\u00ec ho\u00e3n ho\u1ea1t \u0111\u1ed9ng th\u0103m d\u00f2 ho\u1eb7c khi\u1ebfn vi\u1ec7c \u0111\u1ea7u t\u01b0 qu\u00e1 nhi\u1ec1u v\u1ed1n v\u00e0o m\u00e1y m\u00f3c kh\u00f4ng hi\u1ec7u qu\u1ea3 l\u00e0 c\u1ea7n thi\u1ebft.<\/p>\t\t\t\t\t\t\t\t<\/div>\n\t\t\t\t<\/div>\n\t\t\t\t<div class=\"elementor-element elementor-element-a412bfe elementor-widget elementor-widget-text-editor\" data-id=\"a412bfe\" data-element_type=\"widget\" data-widget_type=\"text-editor.default\">\n\t\t\t\t<div class=\"elementor-widget-container\">\n\t\t\t\t\t\t\t\t\t<p><strong>L\u1ee3i \u00edch, c\u00e0i \u0111\u1eb7t B\u1ed9 l\u1ecdc d\u1ea7u CJC\u00ae<\/strong><\/p><ul><li>T\u0103ng n\u0103ng su\u1ea5t<\/li><li>Tr\u00e1nh \u0111\u01b0a m\u00e1y m\u00f3c ra kh\u1ecfi chu k\u1ef3 th\u0103m d\u00f2 \u0111\u1ec3 thay d\u1ea7u<\/li><li>K\u00e9o d\u00e0i tu\u1ed5i th\u1ecd c\u1ee7a d\u1ea7u b\u00f4i tr\u01a1n v\u00e0 d\u1ea7u th\u1ee7y l\u1ef1c v\u1edbi h\u1ec7 s\u1ed1 4-5<\/li><li>Gi\u1ea3m m\u1ee9c ti\u00eau th\u1ee5 ph\u1ee5 t\u00f9ng l\u00ean \u0111\u1ebfn 60%<\/li><li>B\u1ea3o v\u1ec7 kho\u1ea3n \u0111\u1ea7u t\u01b0 c\u1ee7a b\u1ea1n<\/li><li>Gi\u1ea3m nguy c\u01a1 h\u1ecfng h\u00f3c, s\u1eeda ch\u1eefa v\u00e0 b\u1ea3o tr\u00ec ngo\u00e0i k\u1ebf ho\u1ea1ch<\/li><\/ul>\t\t\t\t\t\t\t\t<\/div>\n\t\t\t\t<\/div>\n\t\t\t\t<div class=\"elementor-element elementor-element-decaaee elementor-widget elementor-widget-text-editor\" data-id=\"decaaee\" data-element_type=\"widget\" data-widget_type=\"text-editor.default\">\n\t\t\t\t<div class=\"elementor-widget-container\">\n\t\t\t\t\t\t\t\t\t<p>Tu\u1ed5i th\u1ecd c\u1ee7a d\u1ea7u b\u00f4i tr\u01a1n v\u00e0 d\u1ea7u th\u1ee7y l\u1ef1c c\u00f3 th\u1ec3 \u0111\u01b0\u1ee3c k\u00e9o d\u00e0i theo h\u1ec7 s\u1ed1 4-5 m\u00e0 kh\u00f4ng g\u00e2y nguy hi\u1ec3m cho ho\u1ea1t \u0111\u1ed9ng th\u0103m d\u00f2. Khi b\u1ea1n l\u1eafp \u0111\u1eb7t B\u1ed9 l\u1ecdc d\u1ea7u ngo\u1ea1i tuy\u1ebfn CJC\u00ae tr\u00ean gi\u00e0n khoan c\u1ee7a m\u00ecnh, b\u1ea1n s\u1ebd nh\u1eadn \u0111\u01b0\u1ee3c d\u1ea7u s\u1ea1ch h\u01a1n nhi\u1ec1u, ngh\u0129a l\u00e0 \u00edt hao m\u00f2n b\u1ed9 ph\u1eadn h\u01a1n c\u1ed9ng v\u1edbi thi\u1ebft b\u1ecb \u0111\u00e1ng tin c\u1eady v\u00e0 hi\u1ec7u qu\u1ea3 h\u01a1n. B\u1ed9 l\u1ecdc d\u1ea7u CJC\u00ae c\u00f3 kh\u1ea3 n\u0103ng gi\u1eef b\u1ee5i b\u1ea9n cao nh\u1ea5t ph\u00f9 h\u1ee3p v\u1edbi kho\u1ea3ng th\u1eddi gian b\u1ea3o d\u01b0\u1ee1ng l\u00e2u d\u00e0i. B\u1ed9 l\u1ecdc d\u1ea7u CJC\u00ae \u0111\u01b0\u1ee3c bi\u1ebft \u0111\u1ebfn v\u1edbi kh\u1ea3 n\u0103ng gi\u1eef d\u1ea7u s\u1ea1ch, kh\u00f4 v\u00e0 kh\u00f4ng c\u00f3 c\u1eb7n oxy h\u00f3a trong m\u00f4i tr\u01b0\u1eddng khai th\u00e1c m\u1ecf kh\u1eafc nghi\u1ec7t. Khi b\u1ea1n ch\u1ecdn B\u1ed9 l\u1ecdc d\u1ea7u CJC\u00ae, b\u1ea1n \u0111\u1ea3m b\u1ea3o tu\u1ed5i th\u1ecd c\u1ee7a m\u00e1y v\u00e0 d\u1ea7u l\u00e2u d\u00e0i.<\/p>\t\t\t\t\t\t\t\t<\/div>\n\t\t\t\t<\/div>\n\t\t\t\t<div class=\"elementor-element elementor-element-a65b0b6 elementor-widget elementor-widget-text-editor\" data-id=\"a65b0b6\" data-element_type=\"widget\" data-widget_type=\"text-editor.default\">\n\t\t\t\t<div class=\"elementor-widget-container\">\n\t\t\t\t\t\t\t\t\t<p><strong>Gi\u1ea3i ph\u00e1p c\u1ee7a b\u1ea1n<\/strong><\/p><p>\u0110\u1ed1i v\u1edbi thi\u1ebft b\u1ecb khoan, c\u00e1c Gi\u1ea3i ph\u00e1p H\u1ec7 th\u1ed1ng CJC\u00ae sau \u00e1p d\u1ee5ng:<\/p><ul><li>K\u00edch th\u01b0\u1edbc b\u1ed9 l\u1ecdc m\u1ecbn HD HDU 15\/12 \u0111\u1ebfn HD HDU 27\/108<\/li><\/ul>\t\t\t\t\t\t\t\t<\/div>\n\t\t\t\t<\/div>\n\t\t\t\t<div class=\"elementor-element elementor-element-f5eb2d6 elementor-widget elementor-widget-text-editor\" data-id=\"f5eb2d6\" data-element_type=\"widget\" data-widget_type=\"text-editor.default\">\n\t\t\t\t<div class=\"elementor-widget-container\">\n\t\t\t\t\t\t\t\t\t<p>Gi\u1ea3i ph\u00e1p h\u1ec7 th\u1ed1ng CJC\u00ae ph\u00f9 h\u1ee3p v\u1edbi t\u1ea5t c\u1ea3 c\u00e1c h\u1ec7 th\u1ed1ng thi\u1ebft b\u1ecb khoan b\u1ea5t k\u1ec3 kh\u1ed1i l\u01b0\u1ee3ng d\u1ea7u v\u00e0 ch\u00fang t\u00f4i c\u00f3 th\u1ec3 cung c\u1ea5p tr\u00ean to\u00e0n c\u1ea7u khi \u0111\u01b0\u1ee3c y\u00eau c\u1ea7u. H\u1ee3p t\u00e1c ch\u1eb7t ch\u1ebd v\u1edbi c\u00e1c t\u1ed5 ch\u1ee9c k\u1ef9 thu\u1eadt, ch\u00fang t\u00f4i gi\u00fap ch\u1ecdn gi\u1ea3i ph\u00e1p ph\u00f9 h\u1ee3p nh\u1ea5t t\u00f9y thu\u1ed9c v\u00e0o lo\u1ea1i h\u1ec7 th\u1ed1ng v\u00e0 \u0111i\u1ec1u ki\u1ec7n trong m\u00f4i tr\u01b0\u1eddng.<\/p>\t\t\t\t\t\t\t\t<\/div>\n\t\t\t\t<\/div>\n\t\t\t\t\t<\/div>\n\t\t<\/div>\n\t\t\t\t\t<\/div>\n\t\t<\/section>\n\t\t\t\t<\/div>\n\t\t","protected":false},"excerpt":{"rendered":"<p>Thi\u1ebft b\u1ecb khoan L\u1ed7 n\u1ed5 quay, DTH b\u1ec1 m\u1eb7t, b\u00faa tr\u00ean c\u00f9ng, \u0111\u00e1 k\u00edch th\u01b0\u1edbc v\u00e0 gi\u00e0n khoan th\u0103m d\u00f2 \u0111\u1ec1u l\u00e0 nh\u1eefng thi\u1ebft b\u1ecb quan tr\u1ecdng trong c\u00e1c m\u1ecf v\u00e0 m\u1ecf \u0111\u00e1, v\u00e0 ch\u00fang ph\u1ea3i ho\u1ea1t \u0111\u1ed9ng \u0111\u1ec3 duy tr\u00ec ho\u1ea1t \u0111\u1ed9ng th\u0103m d\u00f2. D\u1ea7u b\u00f4i tr\u01a1n \u0111\u1ed9ng c\u01a1 v\u00e0 d\u1ea7u th\u1ee7y l\u1ef1c c\u00f3 [&hellip;]<\/p>\n","protected":false},"author":1,"featured_media":0,"parent":174,"menu_order":8,"comment_status":"closed","ping_status":"closed","template":"","meta":{"footnotes":""},"class_list":["post-451","page","type-page","status-publish","hentry"],"_links":{"self":[{"href":"https:\/\/fsv.com.vn\/index.php\/wp-json\/wp\/v2\/pages\/451","targetHints":{"allow":["GET"]}}],"collection":[{"href":"https:\/\/fsv.com.vn\/index.php\/wp-json\/wp\/v2\/pages"}],"about":[{"href":"https:\/\/fsv.com.vn\/index.php\/wp-json\/wp\/v2\/types\/page"}],"author":[{"embeddable":true,"href":"https:\/\/fsv.com.vn\/index.php\/wp-json\/wp\/v2\/users\/1"}],"replies":[{"embeddable":true,"href":"https:\/\/fsv.com.vn\/index.php\/wp-json\/wp\/v2\/comments?post=451"}],"version-history":[{"count":10,"href":"https:\/\/fsv.com.vn\/index.php\/wp-json\/wp\/v2\/pages\/451\/revisions"}],"predecessor-version":[{"id":1303,"href":"https:\/\/fsv.com.vn\/index.php\/wp-json\/wp\/v2\/pages\/451\/revisions\/1303"}],"up":[{"embeddable":true,"href":"https:\/\/fsv.com.vn\/index.php\/wp-json\/wp\/v2\/pages\/174"}],"wp:attachment":[{"href":"https:\/\/fsv.com.vn\/index.php\/wp-json\/wp\/v2\/media?parent=451"}],"curies":[{"name":"wp","href":"https:\/\/api.w.org\/{rel}","templated":true}]}}