{"id":446,"date":"2023-03-28T08:44:52","date_gmt":"2023-03-28T01:44:52","guid":{"rendered":"https:\/\/fsv.com.vn\/?page_id=446"},"modified":"2023-07-04T10:44:20","modified_gmt":"2023-07-04T03:44:20","slug":"xe-dao","status":"publish","type":"page","link":"https:\/\/fsv.com.vn\/index.php\/giai-phap\/khai-khoang\/xe-dao\/","title":{"rendered":"Xe \u0111\u00e0o"},"content":{"rendered":"\t\t<div data-elementor-type=\"wp-page\" data-elementor-id=\"446\" class=\"elementor elementor-446\" data-elementor-post-type=\"page\">\n\t\t\t\t\t\t<section class=\"elementor-section elementor-top-section elementor-element elementor-element-fe05c7e elementor-section-boxed elementor-section-height-default elementor-section-height-default\" data-id=\"fe05c7e\" data-element_type=\"section\">\n\t\t\t\t\t\t<div class=\"elementor-container elementor-column-gap-default\">\n\t\t\t\t\t<div class=\"elementor-column elementor-col-100 elementor-top-column elementor-element elementor-element-41160bf\" data-id=\"41160bf\" data-element_type=\"column\">\n\t\t\t<div class=\"elementor-widget-wrap elementor-element-populated\">\n\t\t\t\t\t\t<div class=\"elementor-element elementor-element-c92ede2 elementor-widget elementor-widget-heading\" data-id=\"c92ede2\" data-element_type=\"widget\" data-widget_type=\"heading.default\">\n\t\t\t\t<div class=\"elementor-widget-container\">\n\t\t\t\t\t<h3 class=\"elementor-heading-title elementor-size-default\">Xe \u0111\u00e0o<\/h3>\t\t\t\t<\/div>\n\t\t\t\t<\/div>\n\t\t\t\t<div class=\"elementor-element elementor-element-65dad70 elementor-widget elementor-widget-text-editor\" data-id=\"65dad70\" data-element_type=\"widget\" data-widget_type=\"text-editor.default\">\n\t\t\t\t<div class=\"elementor-widget-container\">\n\t\t\t\t\t\t\t\t\t<p>Thi\u1ebft b\u1ecb di chuy\u1ec3n tr\u00e1i \u0111\u1ea5t gi\u1eef cho c\u00e1c m\u1ecf ho\u1ea1t \u0111\u1ed9ng. Xe ben v\u00e0 m\u00e1y \u0111\u00e0o ho\u1ea1t \u0111\u1ed9ng trong nh\u1eefng \u0111i\u1ec1u ki\u1ec7n kh\u1eafc nghi\u1ec7t v\u00e0 ch\u00fang c\u00f3 m\u1ed9t s\u1ed1 h\u1ec7 th\u1ed1ng b\u00f4i tr\u01a1n v\u00e0 th\u1ee7y l\u1ef1c ph\u1ea3i ho\u1ea1t \u0111\u1ed9ng \u0111\u1ec3 duy tr\u00ec ho\u1ea1t \u0111\u1ed9ng s\u1ea3n xu\u1ea5t. Thi\u1ebft b\u1ecb di \u0111\u1ed9ng c\u00f3 nhi\u1ec1u h\u1ec7 th\u1ed1ng d\u1ea7u kh\u00e1c nhau \u2013 d\u1ea7u b\u00f4i tr\u01a1n \u0111\u1ed9ng c\u01a1, h\u1ed9p s\u1ed1, th\u1ee7y l\u1ef1c, vi sai, v.v. T\u00f9y thu\u1ed9c v\u00e0o \u1ee9ng d\u1ee5ng c\u1ee5 th\u1ec3, v\u1ea5n \u0111\u1ec1 c\u00f3 th\u1ec3 l\u00e0 nhi\u1ec5m b\u1ea9n h\u1ea1t, b\u1ed3 h\u00f3ng, oxy h\u00f3a d\u1ea7u, vecni.<\/p><p>V\u00ed d\u1ee5, ng\u01b0\u1eddi ta th\u01b0\u1eddng thay d\u1ea7u b\u00f4i tr\u01a1n \u0111\u1ed9ng c\u01a1 sau m\u1ed7i 250 \u2013 350 gi\u1edd, ho\u1eb7c d\u1ea7u th\u1ee7y l\u1ef1c sau m\u1ed7i 5.000 gi\u1edd, \u0111\u00f4i khi th\u01b0\u1eddng xuy\u00ean h\u01a1n v\u00e0 v\u1eabn x\u1ea3y ra s\u1ef1 c\u1ed1 v\u1edbi b\u01a1m th\u1ee7y l\u1ef1c. Vi\u1ec7c ph\u1ea3i thay d\u1ea7u b\u00f4i tr\u01a1n \u0111\u1ed9ng c\u01a1 sau m\u1ed7i 250 gi\u1edd \u1ea3nh h\u01b0\u1edfng nghi\u00eam tr\u1ecdng \u0111\u1ebfn ho\u1ea1t \u0111\u1ed9ng h\u00e0ng ng\u00e0y; \u0111i\u1ec1u n\u00e0y th\u1ef1c s\u1ef1 c\u00f3 th\u1ec3 \u0111\u01b0\u1ee3c k\u00e9o d\u00e0i \u0111\u1ebfn 1.500 gi\u1edd m\u1ed9t l\u1ea7n b\u1eb1ng c\u00e1ch gi\u1eef cho d\u1ea7u s\u1ea1ch v\u00e0 kh\u00f4, \u0111\u1ed3ng th\u1eddi lo\u1ea1i b\u1ecf c\u00e1c ti\u1ec1n ch\u1ea5t oxy h\u00f3a b\u1eb1ng B\u1ed9 l\u1ecdc d\u1ea7u ngo\u1ea1i tuy\u1ebfn CJC\u00ae. D\u1ea7u t\u00edch h\u1ee3p trong c\u00e1c h\u1ec7 th\u1ed1ng th\u1ee7y l\u1ef1c, b\u00e1nh r\u0103ng, b\u1ed9 vi sai v\u00e0 \u0111\u1ed9ng c\u01a1 c\u00f3 th\u1ec3 k\u00e9o d\u00e0i tu\u1ed5i th\u1ecd g\u1ea5p 5 l\u1ea7n v\u00e0 \u0111\u1ed9 m\u00e0i m\u00f2n c\u1ee7a c\u00e1c b\u1ed9 ph\u1eadn s\u1ebd \u1edf m\u1ee9c t\u1ed1i thi\u1ec3u.<\/p><p><strong>Th\u1eed th\u00e1ch<\/strong><\/p><p>Ng\u00e0nh c\u00f4ng nghi\u1ec7p n\u00e0y \u0111\u00f2i h\u1ecfi ph\u1ea3i t\u0103ng hi\u1ec7u su\u1ea5t v\u00e0 s\u1ee9c m\u1ea1nh t\u1eeb xe ben v\u00e0 m\u00e1y \u0111\u00e0o, trong khi ch\u00fang ph\u1ea3i ti\u1ebfp x\u00fac v\u1edbi th\u1eddi ti\u1ebft kh\u1eafc nghi\u1ec7t, m\u00f4i tr\u01b0\u1eddng b\u1ee5i b\u1eb7m v\u00e0 \u0111\u1ed9 rung cao. \u0110\u1ec3 t\u0103ng hi\u1ec7u qu\u1ea3, c\u00e1c nh\u00e0 s\u1ea3n xu\u1ea5t OEM s\u1eed d\u1ee5ng c\u00e1c b\u1ed9 ph\u1eadn ph\u1ee9c t\u1ea1p v\u00e0 nh\u1ea1y c\u1ea3m h\u01a1n \u2013 v\u00ed d\u1ee5 nh\u01b0 \u0111\u1ed9ng c\u01a1 Diesel Common Rail \u00e1p su\u1ea5t cao v\u1edbi c\u00e1c kim phun r\u1ea5t nh\u1ea1y \u2013 \u0111i\u1ec1u n\u00e0y nh\u1ea5n m\u1ea1nh nhu c\u1ea7u v\u1ec1 h\u1ec7 th\u1ed1ng b\u00f4i tr\u01a1n th\u1eadm ch\u00ed c\u00f2n s\u1ea1ch h\u01a1n. \u0110\u1ed9 nhi\u1ec5m b\u1ea9n h\u1ea1t trong d\u1ea7u th\u01b0\u1eddng r\u1ea5t cao, d\u1eabn \u0111\u1ebfn vi\u1ec7c ph\u1ea3i thay b\u1ed9 l\u1ecdc th\u01b0\u1eddng xuy\u00ean n\u1ebfu kh\u1ea3 n\u0103ng gi\u1eef b\u1ee5i b\u1ea9n th\u1ea5p. C\u00e1c h\u1ea1t m\u00e0i m\u00f2n, b\u1ee5i v\u00e0 s\u1ef1 ng\u01b0ng t\u1ee5 trong d\u1ea7u l\u00e0m t\u0103ng t\u1ed1c \u0111\u1ed9 xu\u1ed1ng c\u1ea5p c\u1ee7a d\u1ea7u, d\u1eabn \u0111\u1ebfn c\u00e1c v\u1ea5n \u0111\u1ec1 v\u1ec1 \u0111\u1ed9 tin c\u1eady v\u00e0 s\u1ea3n xu\u1ea5t b\u1ecb \u0111\u00ecnh tr\u1ec7.<\/p><p>\u00a0<\/p><p>Bi\u1ec7n ph\u00e1p kh\u1eafc ph\u1ee5c \u0111i\u1ec3n h\u00ecnh l\u00e0 thay d\u1ea7u th\u01b0\u1eddng xuy\u00ean \u2013 trong tr\u01b0\u1eddng h\u1ee3p d\u1ea7u b\u00f4i tr\u01a1n \u0111\u1ed9ng c\u01a1, kho\u1ea3ng th\u1eddi gian thay d\u1ea7u th\u01b0\u1eddng th\u1ea5y nh\u1ea5t l\u00e0 250 gi\u1edd \u0111\u1ed1i v\u1edbi xe ben h\u1ea1ng n\u1eb7ng. \u0110i\u1ec1u n\u00e0y c\u00f3 th\u1ec3 k\u00e9o d\u00e0i \u0111\u1ebfn 1.500 gi\u1edd v\u00e0 d\u1ea7u v\u1eabn n\u1eb1m trong th\u00f4ng s\u1ed1 k\u1ef9 thu\u1eadt v\u00e0 xu h\u01b0\u1edbng hao m\u00f2n l\u00e0 b\u00ecnh th\u01b0\u1eddng. Tr\u00ean th\u1ef1c t\u1ebf, \u0111\u1ed9 m\u00e0i m\u00f2n \u00edt h\u01a1n so v\u1edbi b\u1ed9 l\u1ecdc n\u1ed9i tuy\u1ebfn ti\u00eau chu\u1ea9n do OEM cung c\u1ea5p. C\u00e1c m\u00f4 h\u00ecnh t\u01b0\u01a1ng t\u1ef1 c\u00f3 th\u1ec3 \u0111\u01b0\u1ee3c nh\u00ecn th\u1ea5y v\u1edbi H\u1ec7 th\u1ed1ng th\u1ee7y l\u1ef1c, b\u1ed9 vi sai, \u0111\u1ed9ng c\u01a1 b\u00e1nh xe, tr\u00ean th\u1ef1c t\u1ebf l\u00e0 v\u1edbi t\u1ea5t c\u1ea3 c\u00e1c h\u1ec7 th\u1ed1ng b\u00f4i tr\u01a1n.<\/p>\t\t\t\t\t\t\t\t<\/div>\n\t\t\t\t<\/div>\n\t\t\t\t<div class=\"elementor-element elementor-element-1a290c2 elementor-widget elementor-widget-text-editor\" data-id=\"1a290c2\" data-element_type=\"widget\" data-widget_type=\"text-editor.default\">\n\t\t\t\t<div class=\"elementor-widget-container\">\n\t\t\t\t\t\t\t\t\t<p><strong>L\u1ee3i \u00edch, c\u00e0i \u0111\u1eb7t B\u1ed9 l\u1ecdc d\u1ea7u CJC\u00ae<\/strong><\/p><ul><li>18.000 gi\u1edd tr\u00ean kim phun<\/li><li>1.500 gi\u1edd \u0111\u1ed1i v\u1edbi d\u1ea7u b\u00f4i tr\u01a1n \u0111\u1ed9ng c\u01a1<\/li><li>10.000 gi\u1edd \u0111\u1ed1i v\u1edbi d\u1ea7u th\u1ee7y l\u1ef1c<\/li><li>15.000 gi\u1edd tr\u00ean vi sai<\/li><li>Gi\u1ea3m m\u1ee9c ti\u00eau th\u1ee5 ph\u1ee5 t\u00f9ng l\u00ean \u0111\u1ebfn 60%<\/li><li>Nh\u00e2n \u0111\u00f4i tu\u1ed5i th\u1ecd gi\u1eefa c\u00e1c l\u1ea7n \u0111\u1ea1i tu l\u1edbn<\/li><li>Gi\u1ea3m nguy c\u01a1 h\u1ecfng h\u00f3c, s\u1eeda ch\u1eefa v\u00e0 b\u1ea3o tr\u00ec ngo\u00e0i k\u1ebf ho\u1ea1ch<\/li><\/ul>\t\t\t\t\t\t\t\t<\/div>\n\t\t\t\t<\/div>\n\t\t\t\t<div class=\"elementor-element elementor-element-796bd84 elementor-widget elementor-widget-text-editor\" data-id=\"796bd84\" data-element_type=\"widget\" data-widget_type=\"text-editor.default\">\n\t\t\t\t<div class=\"elementor-widget-container\">\n\t\t\t\t\t\t\t\t\t<p>Tu\u1ed5i th\u1ecd c\u1ee7a d\u1ea7u b\u00f4i tr\u01a1n v\u00e0 d\u1ea7u th\u1ee7y l\u1ef1c c\u00f3 th\u1ec3 \u0111\u01b0\u1ee3c k\u00e9o d\u00e0i th\u00eam 4-5 l\u1ea7n m\u00e0 kh\u00f4ng g\u00e2y nguy hi\u1ec3m cho thi\u1ebft b\u1ecb. Khi b\u1ea1n l\u1eafp B\u1ed9 l\u1ecdc d\u1ea7u ngo\u1ea1i tuy\u1ebfn CJC\u00ae tr\u00ean xe ben ho\u1eb7c m\u00e1y x\u00fac, th\u00f4ng th\u01b0\u1eddng tu\u1ed5i th\u1ecd c\u1ee7a d\u1ea7u th\u1ee7y l\u1ef1c l\u00e0 10.000 gi\u1edd, d\u1ea7u b\u00f4i tr\u01a1n \u0111\u1ed9ng c\u01a1 1.500 gi\u1edd, kim phun 18.000 gi\u1edd, d\u1ea7u vi sai 15.000 gi\u1edd. C\u00e1c m\u1eabu d\u1ea7u s\u1ebd cho th\u1ea5y lo\u1ea1i d\u1ea7u n\u00e0y n\u1eb1m trong m\u1ee9c khuy\u1ebfn ngh\u1ecb c\u1ee7a nh\u00e0 s\u1ea3n xu\u1ea5t, \u0111\u1ed3ng th\u1eddi gi\u1ea3m m\u00e0i m\u00f2n c\u00e1c b\u1ed9 ph\u1eadn, do \u0111\u00f3 k\u00e9o d\u00e0i tu\u1ed5i th\u1ecd m\u00e1y m\u00f3c, \u0111\u00f4i khi l\u00ean \u0111\u1ebfn 10 l\u1ea7n. H\u00e3y t\u01b0\u1edfng t\u01b0\u1ee3ng n\u1ebfu b\u1ea1n c\u00f3 th\u1ec3 v\u1eadn h\u00e0nh 1.500 gi\u1edd v\u1edbi d\u1ea7u b\u00f4i tr\u01a1n \u0111\u1ed9ng c\u01a1 v\u00e0 18.000 gi\u1edd v\u1edbi kim phun. \u0110i\u1ec1u n\u00e0y s\u1ebd l\u00e0m g\u00ec cho ho\u1ea1t \u0111\u1ed9ng c\u1ee7a b\u1ea1n? B\u1ed9 l\u1ecdc d\u1ea7u CJC\u00ae \u0111\u00e3 cho th\u1ea5y k\u1ebft qu\u1ea3 \u0111\u01b0\u1ee3c ghi nh\u1eadn trong vi\u1ec7c gi\u1eef cho d\u1ea7u s\u1ea1ch, kh\u00f4 v\u00e0 kh\u00f4ng c\u00f3 c\u1eb7n oxy h\u00f3a trong h\u00e0ng ngh\u00ecn c\u01a1 s\u1edf c\u00f4ng nghi\u1ec7p &#8211; nhi\u1ec1u trong s\u1ed1 \u0111\u00f3 n\u1eb1m trong m\u00f4i tr\u01b0\u1eddng khai th\u00e1c m\u1ecf kh\u1eafc nghi\u1ec7t.<\/p>\t\t\t\t\t\t\t\t<\/div>\n\t\t\t\t<\/div>\n\t\t\t\t<div class=\"elementor-element elementor-element-a3093f2 elementor-widget elementor-widget-text-editor\" data-id=\"a3093f2\" data-element_type=\"widget\" data-widget_type=\"text-editor.default\">\n\t\t\t\t<div class=\"elementor-widget-container\">\n\t\t\t\t\t\t\t\t\t<p><strong>Gi\u1ea3i ph\u00e1p c\u1ee7a b\u1ea1n<\/strong><\/p><p>\u0110\u1ed1i v\u1edbi xe ben v\u00e0 m\u00e1y x\u00fac, c\u00e1c gi\u1ea3i ph\u00e1p h\u1ec7 th\u1ed1ng CJC\u00ae sau \u0111\u01b0\u1ee3c \u00e1p d\u1ee5ng:<\/p><ul><li>K\u00edch th\u01b0\u1edbc b\u1ed9 l\u1ecdc m\u1ecbn HD HDU 15\/12 \u0111\u1ebfn HD HDU 27\/108<\/li><\/ul>\t\t\t\t\t\t\t\t<\/div>\n\t\t\t\t<\/div>\n\t\t\t\t<div class=\"elementor-element elementor-element-ce49bf2 elementor-widget elementor-widget-text-editor\" data-id=\"ce49bf2\" data-element_type=\"widget\" data-widget_type=\"text-editor.default\">\n\t\t\t\t<div class=\"elementor-widget-container\">\n\t\t\t\t\t\t\t\t\t<p>Gi\u1ea3i ph\u00e1p H\u1ec7 th\u1ed1ng CJC\u00ae ph\u00f9 h\u1ee3p v\u1edbi t\u1ea5t c\u1ea3 c\u00e1c h\u1ec7 th\u1ed1ng xe ben v\u00e0 m\u00e1y x\u00fac b\u1ea5t k\u1ec3 l\u01b0\u1ee3ng d\u1ea7u. Trong s\u1ef1 h\u1ee3p t\u00e1c ch\u1eb7t ch\u1ebd v\u1edbi t\u1ed5 ch\u1ee9c k\u1ef9 thu\u1eadt c\u1ee7a ch\u00fang t\u00f4i, ch\u00fang t\u00f4i gi\u00fap l\u1ef1a ch\u1ecdn gi\u1ea3i ph\u00e1p ph\u00f9 h\u1ee3p nh\u1ea5t.<\/p>\t\t\t\t\t\t\t\t<\/div>\n\t\t\t\t<\/div>\n\t\t\t\t\t<\/div>\n\t\t<\/div>\n\t\t\t\t\t<\/div>\n\t\t<\/section>\n\t\t\t\t<\/div>\n\t\t","protected":false},"excerpt":{"rendered":"<p>Xe \u0111\u00e0o Thi\u1ebft b\u1ecb di chuy\u1ec3n tr\u00e1i \u0111\u1ea5t gi\u1eef cho c\u00e1c m\u1ecf ho\u1ea1t \u0111\u1ed9ng. Xe ben v\u00e0 m\u00e1y \u0111\u00e0o ho\u1ea1t \u0111\u1ed9ng trong nh\u1eefng \u0111i\u1ec1u ki\u1ec7n kh\u1eafc nghi\u1ec7t v\u00e0 ch\u00fang c\u00f3 m\u1ed9t s\u1ed1 h\u1ec7 th\u1ed1ng b\u00f4i tr\u01a1n v\u00e0 th\u1ee7y l\u1ef1c ph\u1ea3i ho\u1ea1t \u0111\u1ed9ng \u0111\u1ec3 duy tr\u00ec ho\u1ea1t \u0111\u1ed9ng s\u1ea3n xu\u1ea5t. Thi\u1ebft b\u1ecb di \u0111\u1ed9ng c\u00f3 nhi\u1ec1u [&hellip;]<\/p>\n","protected":false},"author":1,"featured_media":0,"parent":174,"menu_order":7,"comment_status":"closed","ping_status":"closed","template":"","meta":{"footnotes":""},"class_list":["post-446","page","type-page","status-publish","hentry"],"_links":{"self":[{"href":"https:\/\/fsv.com.vn\/index.php\/wp-json\/wp\/v2\/pages\/446","targetHints":{"allow":["GET"]}}],"collection":[{"href":"https:\/\/fsv.com.vn\/index.php\/wp-json\/wp\/v2\/pages"}],"about":[{"href":"https:\/\/fsv.com.vn\/index.php\/wp-json\/wp\/v2\/types\/page"}],"author":[{"embeddable":true,"href":"https:\/\/fsv.com.vn\/index.php\/wp-json\/wp\/v2\/users\/1"}],"replies":[{"embeddable":true,"href":"https:\/\/fsv.com.vn\/index.php\/wp-json\/wp\/v2\/comments?post=446"}],"version-history":[{"count":10,"href":"https:\/\/fsv.com.vn\/index.php\/wp-json\/wp\/v2\/pages\/446\/revisions"}],"predecessor-version":[{"id":1300,"href":"https:\/\/fsv.com.vn\/index.php\/wp-json\/wp\/v2\/pages\/446\/revisions\/1300"}],"up":[{"embeddable":true,"href":"https:\/\/fsv.com.vn\/index.php\/wp-json\/wp\/v2\/pages\/174"}],"wp:attachment":[{"href":"https:\/\/fsv.com.vn\/index.php\/wp-json\/wp\/v2\/media?parent=446"}],"curies":[{"name":"wp","href":"https:\/\/api.w.org\/{rel}","templated":true}]}}