{"id":434,"date":"2023-03-28T08:42:55","date_gmt":"2023-03-28T01:42:55","guid":{"rendered":"https:\/\/fsv.com.vn\/?page_id=434"},"modified":"2025-03-16T16:03:42","modified_gmt":"2025-03-16T09:03:42","slug":"xi-mang","status":"publish","type":"page","link":"https:\/\/fsv.com.vn\/index.php\/giai-phap\/khai-khoang\/xi-mang\/","title":{"rendered":"Xi m\u0103ng"},"content":{"rendered":"\t\t<div data-elementor-type=\"wp-page\" data-elementor-id=\"434\" class=\"elementor elementor-434\" data-elementor-post-type=\"page\">\n\t\t\t\t\t\t<section class=\"elementor-section elementor-top-section elementor-element elementor-element-1588f68 elementor-section-boxed elementor-section-height-default elementor-section-height-default\" data-id=\"1588f68\" data-element_type=\"section\">\n\t\t\t\t\t\t<div class=\"elementor-container elementor-column-gap-default\">\n\t\t\t\t\t<div class=\"elementor-column elementor-col-100 elementor-top-column elementor-element elementor-element-3613b15\" data-id=\"3613b15\" data-element_type=\"column\">\n\t\t\t<div class=\"elementor-widget-wrap elementor-element-populated\">\n\t\t\t\t\t\t<div class=\"elementor-element elementor-element-c74a15f elementor-widget elementor-widget-spacer\" data-id=\"c74a15f\" data-element_type=\"widget\" data-widget_type=\"spacer.default\">\n\t\t\t\t<div class=\"elementor-widget-container\">\n\t\t\t\t\t\t\t<div class=\"elementor-spacer\">\n\t\t\t<div class=\"elementor-spacer-inner\"><\/div>\n\t\t<\/div>\n\t\t\t\t\t\t<\/div>\n\t\t\t\t<\/div>\n\t\t\t\t\t<\/div>\n\t\t<\/div>\n\t\t\t\t\t<\/div>\n\t\t<\/section>\n\t\t\t\t<section class=\"elementor-section elementor-top-section elementor-element elementor-element-972aeac elementor-section-boxed elementor-section-height-default elementor-section-height-default\" data-id=\"972aeac\" data-element_type=\"section\">\n\t\t\t\t\t\t<div class=\"elementor-container elementor-column-gap-default\">\n\t\t\t\t\t<div class=\"elementor-column elementor-col-66 elementor-top-column elementor-element elementor-element-59d27e1\" data-id=\"59d27e1\" data-element_type=\"column\">\n\t\t\t<div class=\"elementor-widget-wrap elementor-element-populated\">\n\t\t\t\t\t\t<div class=\"elementor-element elementor-element-95a5d93 elementor-widget elementor-widget-text-editor\" data-id=\"95a5d93\" data-element_type=\"widget\" data-widget_type=\"text-editor.default\">\n\t\t\t\t<div class=\"elementor-widget-container\">\n\t\t\t\t\t\t\t\t\t<h4><strong>\ud83c\udfd7\ufe0f GI\u1ea2I PH\u00c1P L\u1eccC D\u1ea6U CJC\u00ae \u2013 T\u1ed0I \u01afU H\u00d3A HI\u1ec6U SU\u1ea4T NH\u00c0 M\u00c1Y XI M\u0102NG \ud83c\udfd7\ufe0f<\/strong><\/h4><p>Nh\u00e0 m\u00e1y xi m\u0103ng ho\u1ea1t \u0111\u1ed9ng trong m\u00f4i tr\u01b0\u1eddng kh\u1eafc nghi\u1ec7t v\u1edbi nhi\u1ec7t \u0111\u1ed9 cao v\u00e0 b\u1ee5i b\u1ea9n d\u00e0y \u0111\u1eb7c. C\u00e1c h\u1ec7 th\u1ed1ng nh\u01b0 <strong>m\u00e1y nghi\u1ec1n, m\u00e1y nghi\u1ec1n bi v\u00e0 l\u00f2 quay<\/strong> ph\u1ea3i v\u1eadn h\u00e0nh li\u00ean t\u1ee5c \u0111\u1ec3 \u0111\u1ea3m b\u1ea3o s\u1ea3n l\u01b0\u1ee3ng t\u1ed1i \u0111a. V\u00ec v\u1eady, vi\u1ec7c <strong>lo\u1ea1i b\u1ecf c\u1eb7n oxy h\u00f3a v\u00e0 gi\u1eef d\u1ea7u s\u1ea1ch, kh\u00f4<\/strong> l\u00e0 y\u1ebfu t\u1ed1 quan tr\u1ecdng gi\u00fap t\u0103ng \u0111\u1ed9 tin c\u1eady c\u1ee7a thi\u1ebft b\u1ecb.<\/p><h5>\u00a0<\/h5><h5>\ud83d\udea8 <strong>Th\u00e1ch th\u1ee9c l\u1edbn c\u1ee7a ng\u00e0nh xi m\u0103ng<\/strong> \ud83d\udea8<\/h5><p>\u2699 <strong>R\u1ee7i ro ng\u1eebng m\u00e1y ngo\u00e0i k\u1ebf ho\u1ea1ch<\/strong> do hao m\u00f2n h\u1ed9p s\u1ed1, v\u00f2ng bi v\u00e0 h\u1ec7 th\u1ed1ng th\u1ee7y l\u1ef1c.<br \/>\ud83d\udcb0 <strong>Chi ph\u00ed b\u1ea3o tr\u00ec cao<\/strong> v\u00e0 m\u1ea5t th\u1eddi gian ch\u1edd linh ki\u1ec7n thay th\u1ebf.<br \/>\ud83d\udcc9 <strong>Gi\u1ea3m hi\u1ec7u su\u1ea5t s\u1ea3n xu\u1ea5t<\/strong> do d\u1ea7u b\u1ecb nhi\u1ec5m t\u1ea1p ch\u1ea5t, h\u01a1i \u1ea9m v\u00e0 c\u1eb7n b\u1ea9n.<\/p><h5>\u00a0<\/h5><h5>\ud83d\udd25 <strong>CJC\u00ae Oil Filter \u2013 Gi\u1ea3i ph\u00e1p b\u1ea3o v\u1ec7 thi\u1ebft b\u1ecb v\u01b0\u1ee3t tr\u1ed9i<\/strong> \ud83d\udd25<\/h5><p>\u2705 <strong>\u1ed4n \u0111\u1ecbnh quy tr\u00ecnh s\u1ea3n xu\u1ea5t, t\u0103ng s\u1ea3n l\u01b0\u1ee3ng<\/strong>.<br \/>\u2705 <strong>Gi\u1ea3m r\u1ee7i ro h\u1ecfng h\u00f3c, k\u00e9o d\u00e0i tu\u1ed5i th\u1ecd v\u00f2ng bi, b\u01a1m, h\u1ed9p s\u1ed1<\/strong>.<br \/>\u2705 <strong>C\u1eaft gi\u1ea3m chi ph\u00ed b\u1ea3o tr\u00ec, gi\u1ea3m s\u1ed1 l\u1ea7n thay d\u1ea7u<\/strong> (g\u1ea5p 3-4 l\u1ea7n so v\u1edbi th\u00f4ng th\u01b0\u1eddng).<br \/>\u2705 <strong>L\u1ecdc d\u1ea7u hi\u1ec7u su\u1ea5t cao<\/strong>, gi\u1eef d\u1ea7u s\u1ea1ch v\u00e0 kh\u00f4, lo\u1ea1i b\u1ecf ho\u00e0n to\u00e0n c\u1eb7n oxy h\u00f3a.<br \/>\u2705 <strong>Gi\u00e1m s\u00e1t \u0111\u1ed9 s\u1ea1ch d\u1ea7u li\u00ean t\u1ee5c v\u1edbi Oil Contamination Monitor (OCM15)<\/strong>.<\/p><p><span style=\"font-family: var( --e-global-typography-text-font-family ), Sans-serif; font-weight: var( --e-global-typography-text-font-weight ); font-size: 1rem;\">\ud83d\udccc <\/span><strong style=\"font-family: var( --e-global-typography-text-font-family ), Sans-serif; font-size: 1rem;\">\u1ee8ng d\u1ee5ng CJC\u00ae Oil Filter ngay h\u00f4m nay \u2013 \u0110\u1ea3m b\u1ea3o nh\u00e0 m\u00e1y xi m\u0103ng v\u1eadn h\u00e0nh b\u1ec1n b\u1ec9, hi\u1ec7u qu\u1ea3 v\u00e0 ti\u1ebft ki\u1ec7m chi ph\u00ed!<\/strong><span style=\"font-family: var( --e-global-typography-text-font-family ), Sans-serif; font-weight: var( --e-global-typography-text-font-weight ); font-size: 1rem;\"> \ud83d\ude80<\/span><\/p>\t\t\t\t\t\t\t\t<\/div>\n\t\t\t\t<\/div>\n\t\t\t\t<div class=\"elementor-element elementor-element-cc5afe7 elementor-widget elementor-widget-video\" data-id=\"cc5afe7\" data-element_type=\"widget\" data-settings=\"{&quot;youtube_url&quot;:&quot;https:\\\/\\\/www.youtube.com\\\/watch?v=0eKM9TtnRQI&amp;t=39s&quot;,&quot;video_type&quot;:&quot;youtube&quot;,&quot;controls&quot;:&quot;yes&quot;}\" data-widget_type=\"video.default\">\n\t\t\t\t<div class=\"elementor-widget-container\">\n\t\t\t\t\t\t\t<div class=\"elementor-wrapper elementor-open-inline\">\n\t\t\t<div class=\"elementor-video\"><\/div>\t\t<\/div>\n\t\t\t\t\t\t<\/div>\n\t\t\t\t<\/div>\n\t\t\t\t\t<\/div>\n\t\t<\/div>\n\t\t\t\t<div class=\"elementor-column elementor-col-33 elementor-top-column elementor-element elementor-element-61f8553\" data-id=\"61f8553\" data-element_type=\"column\">\n\t\t\t<div class=\"elementor-widget-wrap elementor-element-populated\">\n\t\t\t\t\t\t<div class=\"elementor-element elementor-element-df4bf40 elementor-widget elementor-widget-image\" data-id=\"df4bf40\" data-element_type=\"widget\" data-widget_type=\"image.default\">\n\t\t\t\t<div class=\"elementor-widget-container\">\n\t\t\t\t\t\t\t\t\t\t\t\t\t\t\t<img fetchpriority=\"high\" decoding=\"async\" width=\"781\" height=\"1024\" src=\"https:\/\/fsv.com.vn\/wp-content\/uploads\/2025\/03\/Anh-man-hinh-2025-03-16-luc-15.58.25-781x1024.png\" class=\"attachment-large size-large wp-image-2155\" alt=\"\" srcset=\"https:\/\/fsv.com.vn\/wp-content\/uploads\/2025\/03\/Anh-man-hinh-2025-03-16-luc-15.58.25-781x1024.png 781w, https:\/\/fsv.com.vn\/wp-content\/uploads\/2025\/03\/Anh-man-hinh-2025-03-16-luc-15.58.25-229x300.png 229w, https:\/\/fsv.com.vn\/wp-content\/uploads\/2025\/03\/Anh-man-hinh-2025-03-16-luc-15.58.25-768x1007.png 768w, https:\/\/fsv.com.vn\/wp-content\/uploads\/2025\/03\/Anh-man-hinh-2025-03-16-luc-15.58.25.png 918w\" sizes=\"(max-width: 781px) 100vw, 781px\" \/>\t\t\t\t\t\t\t\t\t\t\t\t\t\t\t<\/div>\n\t\t\t\t<\/div>\n\t\t\t\t<div class=\"elementor-element elementor-element-0b3c6a2 elementor-widget elementor-widget-image\" data-id=\"0b3c6a2\" data-element_type=\"widget\" data-widget_type=\"image.default\">\n\t\t\t\t<div class=\"elementor-widget-container\">\n\t\t\t\t\t\t\t\t\t\t\t\t\t\t\t<img decoding=\"async\" width=\"695\" height=\"1024\" src=\"https:\/\/fsv.com.vn\/wp-content\/uploads\/2025\/03\/Anh-man-hinh-2025-03-16-luc-16.01.05-695x1024.png\" class=\"attachment-large size-large wp-image-2156\" alt=\"\" srcset=\"https:\/\/fsv.com.vn\/wp-content\/uploads\/2025\/03\/Anh-man-hinh-2025-03-16-luc-16.01.05-695x1024.png 695w, https:\/\/fsv.com.vn\/wp-content\/uploads\/2025\/03\/Anh-man-hinh-2025-03-16-luc-16.01.05-204x300.png 204w, https:\/\/fsv.com.vn\/wp-content\/uploads\/2025\/03\/Anh-man-hinh-2025-03-16-luc-16.01.05-768x1131.png 768w, https:\/\/fsv.com.vn\/wp-content\/uploads\/2025\/03\/Anh-man-hinh-2025-03-16-luc-16.01.05.png 834w\" sizes=\"(max-width: 695px) 100vw, 695px\" \/>\t\t\t\t\t\t\t\t\t\t\t\t\t\t\t<\/div>\n\t\t\t\t<\/div>\n\t\t\t\t<div class=\"elementor-element elementor-element-c2ba2fb elementor-widget elementor-widget-text-editor\" data-id=\"c2ba2fb\" data-element_type=\"widget\" data-widget_type=\"text-editor.default\">\n\t\t\t\t<div class=\"elementor-widget-container\">\n\t\t\t\t\t\t\t\t\t<p><a href=\"https:\/\/www.cjc.dk\/fileadmin\/root\/File_Admin_Filter\/doc_Articles\/40_Mining\/Article_Cement_Industry__Benefits_In-line_and_CJC_Offline_Oil_Filtration.pdf\">Benefits of Combining In-line &amp; Offline Oil Filtration in the Cement Industry<\/a><\/p><p><a href=\"https:\/\/www.cjc.dk\/fileadmin\/root\/File_Admin_Filter\/doc_Customer_Cases\/Industry-Hydraulic-Oil-Cement-Mill-Vertical-Raw-Mill-Hydraulic-System_ASIN5160.pdf\">Cement Mill, Vertical Raw Mill, Hydraulic System<\/a><\/p>\t\t\t\t\t\t\t\t<\/div>\n\t\t\t\t<\/div>\n\t\t\t\t\t<\/div>\n\t\t<\/div>\n\t\t\t\t\t<\/div>\n\t\t<\/section>\n\t\t\t\t<section class=\"elementor-section elementor-top-section elementor-element elementor-element-d0b2983 elementor-section-boxed elementor-section-height-default elementor-section-height-default\" data-id=\"d0b2983\" data-element_type=\"section\">\n\t\t\t\t\t\t<div class=\"elementor-container elementor-column-gap-default\">\n\t\t\t\t\t<div class=\"elementor-column elementor-col-100 elementor-top-column elementor-element elementor-element-dfa7634\" data-id=\"dfa7634\" data-element_type=\"column\">\n\t\t\t<div class=\"elementor-widget-wrap elementor-element-populated\">\n\t\t\t\t\t\t<div class=\"elementor-element elementor-element-de94fe5 elementor-widget elementor-widget-spacer\" data-id=\"de94fe5\" data-element_type=\"widget\" data-widget_type=\"spacer.default\">\n\t\t\t\t<div class=\"elementor-widget-container\">\n\t\t\t\t\t\t\t<div class=\"elementor-spacer\">\n\t\t\t<div class=\"elementor-spacer-inner\"><\/div>\n\t\t<\/div>\n\t\t\t\t\t\t<\/div>\n\t\t\t\t<\/div>\n\t\t\t\t\t<\/div>\n\t\t<\/div>\n\t\t\t\t\t<\/div>\n\t\t<\/section>\n\t\t\t\t<\/div>\n\t\t","protected":false},"excerpt":{"rendered":"<p>????\ufe0f GI\u1ea2I PH\u00c1P L\u1eccC D\u1ea6U CJC\u00ae \u2013 T\u1ed0I \u01afU H\u00d3A HI\u1ec6U SU\u1ea4T NH\u00c0 M\u00c1Y XI M\u0102NG ????\ufe0f Nh\u00e0 m\u00e1y xi m\u0103ng ho\u1ea1t \u0111\u1ed9ng trong m\u00f4i tr\u01b0\u1eddng kh\u1eafc nghi\u1ec7t v\u1edbi nhi\u1ec7t \u0111\u1ed9 cao v\u00e0 b\u1ee5i b\u1ea9n d\u00e0y \u0111\u1eb7c. C\u00e1c h\u1ec7 th\u1ed1ng nh\u01b0 m\u00e1y nghi\u1ec1n, m\u00e1y nghi\u1ec1n bi v\u00e0 l\u00f2 quay ph\u1ea3i v\u1eadn h\u00e0nh li\u00ean t\u1ee5c \u0111\u1ec3 [&hellip;]<\/p>\n","protected":false},"author":1,"featured_media":0,"parent":174,"menu_order":4,"comment_status":"closed","ping_status":"closed","template":"","meta":{"footnotes":""},"class_list":["post-434","page","type-page","status-publish","hentry"],"_links":{"self":[{"href":"https:\/\/fsv.com.vn\/index.php\/wp-json\/wp\/v2\/pages\/434","targetHints":{"allow":["GET"]}}],"collection":[{"href":"https:\/\/fsv.com.vn\/index.php\/wp-json\/wp\/v2\/pages"}],"about":[{"href":"https:\/\/fsv.com.vn\/index.php\/wp-json\/wp\/v2\/types\/page"}],"author":[{"embeddable":true,"href":"https:\/\/fsv.com.vn\/index.php\/wp-json\/wp\/v2\/users\/1"}],"replies":[{"embeddable":true,"href":"https:\/\/fsv.com.vn\/index.php\/wp-json\/wp\/v2\/comments?post=434"}],"version-history":[{"count":19,"href":"https:\/\/fsv.com.vn\/index.php\/wp-json\/wp\/v2\/pages\/434\/revisions"}],"predecessor-version":[{"id":2165,"href":"https:\/\/fsv.com.vn\/index.php\/wp-json\/wp\/v2\/pages\/434\/revisions\/2165"}],"up":[{"embeddable":true,"href":"https:\/\/fsv.com.vn\/index.php\/wp-json\/wp\/v2\/pages\/174"}],"wp:attachment":[{"href":"https:\/\/fsv.com.vn\/index.php\/wp-json\/wp\/v2\/media?parent=434"}],"curies":[{"name":"wp","href":"https:\/\/api.w.org\/{rel}","templated":true}]}}