{"id":372,"date":"2023-03-28T08:33:45","date_gmt":"2023-03-28T01:33:45","guid":{"rendered":"https:\/\/fsv.com.vn\/?page_id=372"},"modified":"2023-07-04T10:25:36","modified_gmt":"2023-07-04T03:25:36","slug":"tau-cung-cap","status":"publish","type":"page","link":"https:\/\/fsv.com.vn\/index.php\/giai-phap\/hang-hai-va-dau-khi\/tau-cung-cap\/","title":{"rendered":"T\u00e0u cung c\u1ea5p"},"content":{"rendered":"\t\t<div data-elementor-type=\"wp-page\" data-elementor-id=\"372\" class=\"elementor elementor-372\" data-elementor-post-type=\"page\">\n\t\t\t\t\t\t<section class=\"elementor-section elementor-top-section elementor-element elementor-element-fe05c7e elementor-section-boxed elementor-section-height-default elementor-section-height-default\" data-id=\"fe05c7e\" data-element_type=\"section\">\n\t\t\t\t\t\t<div class=\"elementor-container elementor-column-gap-default\">\n\t\t\t\t\t<div class=\"elementor-column elementor-col-100 elementor-top-column elementor-element elementor-element-41160bf\" data-id=\"41160bf\" data-element_type=\"column\">\n\t\t\t<div class=\"elementor-widget-wrap elementor-element-populated\">\n\t\t\t\t\t\t<div class=\"elementor-element elementor-element-02f943b elementor-widget elementor-widget-image\" data-id=\"02f943b\" data-element_type=\"widget\" data-widget_type=\"image.default\">\n\t\t\t\t<div class=\"elementor-widget-container\">\n\t\t\t\t\t\t\t\t\t\t\t\t\t\t\t<img fetchpriority=\"high\" decoding=\"async\" width=\"800\" height=\"376\" src=\"https:\/\/fsv.com.vn\/wp-content\/uploads\/2023\/03\/supplyvesseltoppicture-8859.jpg\" class=\"attachment-large size-large wp-image-374\" alt=\"\" srcset=\"https:\/\/fsv.com.vn\/wp-content\/uploads\/2023\/03\/supplyvesseltoppicture-8859.jpg 850w, https:\/\/fsv.com.vn\/wp-content\/uploads\/2023\/03\/supplyvesseltoppicture-8859-300x141.jpg 300w, https:\/\/fsv.com.vn\/wp-content\/uploads\/2023\/03\/supplyvesseltoppicture-8859-768x361.jpg 768w\" sizes=\"(max-width: 800px) 100vw, 800px\" \/>\t\t\t\t\t\t\t\t\t\t\t\t\t\t\t<\/div>\n\t\t\t\t<\/div>\n\t\t\t\t<div class=\"elementor-element elementor-element-c92ede2 elementor-widget elementor-widget-heading\" data-id=\"c92ede2\" data-element_type=\"widget\" data-widget_type=\"heading.default\">\n\t\t\t\t<div class=\"elementor-widget-container\">\n\t\t\t\t\t<h3 class=\"elementor-heading-title elementor-size-default\">T\u00e0u cung c\u1ea5p \u2013 d\u1ea7u s\u1ea1ch l\u00e0 \u0111i\u1ec1u b\u1eaft bu\u1ed9c<\/h3>\t\t\t\t<\/div>\n\t\t\t\t<\/div>\n\t\t\t\t<div class=\"elementor-element elementor-element-65dad70 elementor-widget elementor-widget-text-editor\" data-id=\"65dad70\" data-element_type=\"widget\" data-widget_type=\"text-editor.default\">\n\t\t\t\t<div class=\"elementor-widget-container\">\n\t\t\t\t\t\t\t\t\t<p>Ba \u0111i\u1ec1u quan tr\u1ecdng nh\u1ea5t c\u1ee7a v\u1eadn h\u00e0nh t\u00e0u ti\u1ebfp t\u1ebf l\u00e0 \u201c\u0111\u1ed9 tin c\u1eady, \u0111\u1ed9 tin c\u1eady v\u00e0 \u0111\u1ed9 tin c\u1eady\u201d. \u0110i\u1ec1u n\u00e0y \u0111\u00f2i h\u1ecfi m\u1ed9t v\u0103n h\u00f3a kh\u00f4ng x\u1ea3y ra l\u1ed7i v\u00e0 d\u1ea7u s\u1ea1ch, kh\u00f4 c\u00f3 th\u1ec3 \u0111\u00f3ng g\u00f3p cho tham v\u1ecdng \u0111\u00f3.<\/p><p>Ngo\u00e0i ra, chi ph\u00ed v\u1eadn h\u00e0nh c\u0169ng r\u1ea5t quan tr\u1ecdng trong m\u00f4i tr\u01b0\u1eddng c\u1ef1c k\u1ef3 c\u1ea1nh tranh ng\u00e0y nay v\u00e0 vi\u1ec7c gi\u1eef d\u1ea7u s\u1ea1ch s\u1ebd \u0111\u1ea3m b\u1ea3o tu\u1ed5i th\u1ecd l\u00e2u nh\u1ea5t c\u00f3 th\u1ec3 c\u1ee7a d\u1ea7u v\u00e0 c\u00e1c b\u1ed9 ph\u1eadn.<\/p><p>C\u00e1c m\u1ea3nh v\u1ee1 si\u00eau nh\u1ecf do\u00a0 m\u00f2n c\u00f3 th\u1ec3 d\u1eabn \u0111\u1ebfn kh\u00f4ng ch\u1ec9 s\u1ed1 ti\u1ec1n s\u1eeda ch\u1eefa l\u1edbn m\u00e0 c\u00f2n khi\u1ebfn thu nh\u1eadp b\u1ecb m\u1ea5t c\u00f2n l\u1edbn h\u01a1n.<\/p><p>D\u1ea7u s\u1ea1ch v\u00e0 kh\u00f4 c\u0169ng t\u1ea1o c\u01a1 h\u1ed9i \u0111\u1ec3 th\u1ea5y nh\u1eefng thay \u0111\u1ed5i nh\u1ecf trong ph\u00e2n t\u00edch d\u1ea7u trong ph\u00f2ng th\u00ed nghi\u1ec7m, ho\u1eb7c th\u1eadm ch\u00ed l\u00e0 ph\u00e2n t\u00edch d\u1ea7u tr\u1ef1c tuy\u1ebfn t\u1ed1t h\u01a1n. \u0110i\u1ec1u n\u00e0y s\u1ebd cho ph\u00e9p ch\u1ee7 t\u00e0u k\u00e9o thi\u1ebft l\u1eadp \u0111\u01b0\u1eddng c\u01a1 s\u1edf cho ho\u1ea1t \u0111\u1ed9ng b\u00ecnh th\u01b0\u1eddng c\u1ee7a thi\u1ebft b\u1ecb th\u1ef1c t\u1ebf, ph\u00e1t hi\u1ec7n ho\u1ea1t \u0111\u1ed9ng b\u1ea5t th\u01b0\u1eddng s\u1edbm h\u01a1n trong quy tr\u00ecnh v\u00e0 gi\u1ea3m chi ph\u00ed h\u1ecfng h\u00f3c.<\/p><p>Ch\u00fang t\u00f4i t\u1ef1 h\u00e0o v\u1ec1 s\u1ef1 h\u1ee3p t\u00e1c l\u00e2u d\u00e0i v\u1edbi Maersk Supply Service.<\/p><p>B\u1ea5t k\u1ec3 b\u1ea1n v\u1eadn h\u00e0nh PSV, AHTS hay SSV, ch\u00fang t\u00f4i c\u00f3 th\u1ec3 h\u1ed7 tr\u1ee3 b\u1ea1n \u0111\u1ea1t \u0111\u01b0\u1ee3c tham v\u1ecdng v\u1eadn h\u00e0nh c\u1ee7a m\u00ecnh tr\u00ean nhi\u1ec1u \u1ee9ng d\u1ee5ng, vui l\u00f2ng xem menu b\u00ean tr\u00e1i.<\/p>\t\t\t\t\t\t\t\t<\/div>\n\t\t\t\t<\/div>\n\t\t\t\t\t<\/div>\n\t\t<\/div>\n\t\t\t\t\t<\/div>\n\t\t<\/section>\n\t\t\t\t<\/div>\n\t\t","protected":false},"excerpt":{"rendered":"<p>T\u00e0u cung c\u1ea5p \u2013 d\u1ea7u s\u1ea1ch l\u00e0 \u0111i\u1ec1u b\u1eaft bu\u1ed9c Ba \u0111i\u1ec1u quan tr\u1ecdng nh\u1ea5t c\u1ee7a v\u1eadn h\u00e0nh t\u00e0u ti\u1ebfp t\u1ebf l\u00e0 \u201c\u0111\u1ed9 tin c\u1eady, \u0111\u1ed9 tin c\u1eady v\u00e0 \u0111\u1ed9 tin c\u1eady\u201d. \u0110i\u1ec1u n\u00e0y \u0111\u00f2i h\u1ecfi m\u1ed9t v\u0103n h\u00f3a kh\u00f4ng x\u1ea3y ra l\u1ed7i v\u00e0 d\u1ea7u s\u1ea1ch, kh\u00f4 c\u00f3 th\u1ec3 \u0111\u00f3ng g\u00f3p cho tham v\u1ecdng \u0111\u00f3. [&hellip;]<\/p>\n","protected":false},"author":1,"featured_media":0,"parent":168,"menu_order":4,"comment_status":"closed","ping_status":"closed","template":"","meta":{"footnotes":""},"class_list":["post-372","page","type-page","status-publish","hentry"],"_links":{"self":[{"href":"https:\/\/fsv.com.vn\/index.php\/wp-json\/wp\/v2\/pages\/372","targetHints":{"allow":["GET"]}}],"collection":[{"href":"https:\/\/fsv.com.vn\/index.php\/wp-json\/wp\/v2\/pages"}],"about":[{"href":"https:\/\/fsv.com.vn\/index.php\/wp-json\/wp\/v2\/types\/page"}],"author":[{"embeddable":true,"href":"https:\/\/fsv.com.vn\/index.php\/wp-json\/wp\/v2\/users\/1"}],"replies":[{"embeddable":true,"href":"https:\/\/fsv.com.vn\/index.php\/wp-json\/wp\/v2\/comments?post=372"}],"version-history":[{"count":10,"href":"https:\/\/fsv.com.vn\/index.php\/wp-json\/wp\/v2\/pages\/372\/revisions"}],"predecessor-version":[{"id":1257,"href":"https:\/\/fsv.com.vn\/index.php\/wp-json\/wp\/v2\/pages\/372\/revisions\/1257"}],"up":[{"embeddable":true,"href":"https:\/\/fsv.com.vn\/index.php\/wp-json\/wp\/v2\/pages\/168"}],"wp:attachment":[{"href":"https:\/\/fsv.com.vn\/index.php\/wp-json\/wp\/v2\/media?parent=372"}],"curies":[{"name":"wp","href":"https:\/\/api.w.org\/{rel}","templated":true}]}}