{"id":367,"date":"2023-03-28T08:33:13","date_gmt":"2023-03-28T01:33:13","guid":{"rendered":"https:\/\/fsv.com.vn\/?page_id=367"},"modified":"2023-07-04T10:24:49","modified_gmt":"2023-07-04T03:24:49","slug":"tau-lai-dat","status":"publish","type":"page","link":"https:\/\/fsv.com.vn\/index.php\/giai-phap\/hang-hai-va-dau-khi\/tau-lai-dat\/","title":{"rendered":"T\u00e0u lai d\u1eaft"},"content":{"rendered":"\t\t<div data-elementor-type=\"wp-page\" data-elementor-id=\"367\" class=\"elementor elementor-367\" data-elementor-post-type=\"page\">\n\t\t\t\t\t\t<section class=\"elementor-section elementor-top-section elementor-element elementor-element-fe05c7e elementor-section-boxed elementor-section-height-default elementor-section-height-default\" data-id=\"fe05c7e\" data-element_type=\"section\">\n\t\t\t\t\t\t<div class=\"elementor-container elementor-column-gap-default\">\n\t\t\t\t\t<div class=\"elementor-column elementor-col-100 elementor-top-column elementor-element elementor-element-41160bf\" data-id=\"41160bf\" data-element_type=\"column\">\n\t\t\t<div class=\"elementor-widget-wrap elementor-element-populated\">\n\t\t\t\t\t\t<div class=\"elementor-element elementor-element-c92ede2 elementor-widget elementor-widget-heading\" data-id=\"c92ede2\" data-element_type=\"widget\" data-widget_type=\"heading.default\">\n\t\t\t\t<div class=\"elementor-widget-container\">\n\t\t\t\t\t<h3 class=\"elementor-heading-title elementor-size-default\">T\u00e0u lai d\u1eaft \u2013 gi\u00e1 tr\u1ecb c\u1ee7a th\u1eddi gian ho\u1ea1t \u0111\u1ed9ng <\/h3>\t\t\t\t<\/div>\n\t\t\t\t<\/div>\n\t\t\t\t<div class=\"elementor-element elementor-element-65dad70 elementor-widget elementor-widget-text-editor\" data-id=\"65dad70\" data-element_type=\"widget\" data-widget_type=\"text-editor.default\">\n\t\t\t\t<div class=\"elementor-widget-container\">\n\t\t\t\t\t\t\t\t\t<p>B\u00e1n g\u00f3i h\u1ed7 tr\u1ee3 k\u00e9o t\u00e0u l\u00e0m b\u00e1n \u0111\u1ed9 tin c\u1eady. \u0110i\u1ec1u n\u00e0y \u0111\u1eb7t ra y\u00eau c\u1ea7u n\u1eb7ng n\u1ec1 v\u1ec1 vi\u1ec7c duy tr\u00ec hi\u1ec7u su\u1ea5t c\u1ee7a c\u00e1c t\u00e0u v\u00e0 do \u0111\u00f3, \u0111i\u1ec1u c\u1ea7n thi\u1ebft l\u00e0 ph\u1ea3i gi\u1eef cho h\u1ec7 th\u1ed1ng d\u1ea7u v\u00e0 d\u1ea7u lu\u00f4n s\u1ea1ch s\u1ebd v\u00e0 kh\u00f4 r\u00e1o.<\/p><p>M\u1ed9t ph\u1ea7n c\u1ee7a t\u1ed1i \u01b0u h\u00f3a qu\u1ea3n l\u00fd b\u1ea3o tr\u00ec l\u00e0 t\u0103ng th\u1eddi gian ho\u1ea1t \u0111\u1ed9ng v\u00e0 gi\u1ea3m s\u1ed1 l\u01b0\u1ee3ng s\u1ef1 c\u1ed1 kh\u00f4ng l\u01b0\u1eddng tr\u01b0\u1edbc \u0111\u01b0\u1ee3c. V\u00ec kho\u1ea3ng 80% t\u1ea5t c\u1ea3 c\u00e1c s\u1ef1 c\u1ed1 l\u00e0 do d\u1ea7u b\u1ecb \u00f4 nhi\u1ec5m, n\u00ean l\u1ee3i \u00edch c\u1ee7a vi\u1ec7c gi\u1eef cho d\u1ea7u s\u1ea1ch v\u00e0 kh\u00f4 l\u00e0 r\u1ea5t c\u1ea7n thi\u1ebft.<\/p><p>D\u1ea7u s\u1ea1ch v\u00e0 kh\u00f4 c\u0169ng t\u1ea1o c\u01a1 h\u1ed9i \u0111\u1ec3 th\u1ea5y nh\u1eefng thay \u0111\u1ed5i nh\u1ecf trong ph\u00e2n t\u00edch d\u1ea7u trong ph\u00f2ng th\u00ed nghi\u1ec7m, ho\u1eb7c th\u1eadm ch\u00ed l\u00e0 ph\u00e2n t\u00edch d\u1ea7u tr\u1ef1c tuy\u1ebfn t\u1ed1t h\u01a1n. \u0110i\u1ec1u n\u00e0y s\u1ebd cho ph\u00e9p ch\u1ee7 t\u00e0u k\u00e9o thi\u1ebft l\u1eadp \u0111\u01b0\u1eddng c\u01a1 s\u1edf cho ho\u1ea1t \u0111\u1ed9ng b\u00ecnh th\u01b0\u1eddng c\u1ee7a thi\u1ebft b\u1ecb th\u1ef1c t\u1ebf, ph\u00e1t hi\u1ec7n ho\u1ea1t \u0111\u1ed9ng b\u1ea5t th\u01b0\u1eddng s\u1edbm h\u01a1n trong quy tr\u00ecnh v\u00e0 gi\u1ea3m chi ph\u00ed h\u1ecfng h\u00f3c.<\/p><p>\u0110\u1ed1i v\u1edbi ph\u00e2n kh\u00fac t\u00e0u lai d\u1eaft, ch\u00fang t\u00f4i t\u1ef1 h\u00e0o v\u1ec1 s\u1ef1 h\u1ee3p t\u00e1c c\u1ee7a ch\u00fang t\u00f4i v\u1edbi Svitzer.<\/p><p>Ch\u00fang t\u00f4i c\u00f3 th\u1ec3 h\u1ed7 tr\u1ee3 b\u1ea1n \u0111\u1ea1t \u0111\u01b0\u1ee3c tham v\u1ecdng ho\u1ea1t \u0111\u1ed9ng c\u1ee7a m\u00ecnh tr\u00ean nhi\u1ec1u \u1ee9ng d\u1ee5ng, vui l\u00f2ng xem menu b\u00ean tr\u00e1i.<\/p>\t\t\t\t\t\t\t\t<\/div>\n\t\t\t\t<\/div>\n\t\t\t\t\t<\/div>\n\t\t<\/div>\n\t\t\t\t\t<\/div>\n\t\t<\/section>\n\t\t\t\t<\/div>\n\t\t","protected":false},"excerpt":{"rendered":"<p>T\u00e0u lai d\u1eaft \u2013 gi\u00e1 tr\u1ecb c\u1ee7a th\u1eddi gian ho\u1ea1t \u0111\u1ed9ng B\u00e1n g\u00f3i h\u1ed7 tr\u1ee3 k\u00e9o t\u00e0u l\u00e0m b\u00e1n \u0111\u1ed9 tin c\u1eady. \u0110i\u1ec1u n\u00e0y \u0111\u1eb7t ra y\u00eau c\u1ea7u n\u1eb7ng n\u1ec1 v\u1ec1 vi\u1ec7c duy tr\u00ec hi\u1ec7u su\u1ea5t c\u1ee7a c\u00e1c t\u00e0u v\u00e0 do \u0111\u00f3, \u0111i\u1ec1u c\u1ea7n thi\u1ebft l\u00e0 ph\u1ea3i gi\u1eef cho h\u1ec7 th\u1ed1ng d\u1ea7u v\u00e0 d\u1ea7u lu\u00f4n [&hellip;]<\/p>\n","protected":false},"author":1,"featured_media":0,"parent":168,"menu_order":3,"comment_status":"closed","ping_status":"closed","template":"","meta":{"footnotes":""},"class_list":["post-367","page","type-page","status-publish","hentry"],"_links":{"self":[{"href":"https:\/\/fsv.com.vn\/index.php\/wp-json\/wp\/v2\/pages\/367","targetHints":{"allow":["GET"]}}],"collection":[{"href":"https:\/\/fsv.com.vn\/index.php\/wp-json\/wp\/v2\/pages"}],"about":[{"href":"https:\/\/fsv.com.vn\/index.php\/wp-json\/wp\/v2\/types\/page"}],"author":[{"embeddable":true,"href":"https:\/\/fsv.com.vn\/index.php\/wp-json\/wp\/v2\/users\/1"}],"replies":[{"embeddable":true,"href":"https:\/\/fsv.com.vn\/index.php\/wp-json\/wp\/v2\/comments?post=367"}],"version-history":[{"count":10,"href":"https:\/\/fsv.com.vn\/index.php\/wp-json\/wp\/v2\/pages\/367\/revisions"}],"predecessor-version":[{"id":1254,"href":"https:\/\/fsv.com.vn\/index.php\/wp-json\/wp\/v2\/pages\/367\/revisions\/1254"}],"up":[{"embeddable":true,"href":"https:\/\/fsv.com.vn\/index.php\/wp-json\/wp\/v2\/pages\/168"}],"wp:attachment":[{"href":"https:\/\/fsv.com.vn\/index.php\/wp-json\/wp\/v2\/media?parent=367"}],"curies":[{"name":"wp","href":"https:\/\/api.w.org\/{rel}","templated":true}]}}