{"id":362,"date":"2023-03-28T08:32:15","date_gmt":"2023-03-28T01:32:15","guid":{"rendered":"https:\/\/fsv.com.vn\/?page_id=362"},"modified":"2023-07-04T10:23:40","modified_gmt":"2023-07-04T03:23:40","slug":"class-approval","status":"publish","type":"page","link":"https:\/\/fsv.com.vn\/index.php\/giai-phap\/hang-hai-va-dau-khi\/class-approval\/","title":{"rendered":"Class Approval"},"content":{"rendered":"\t\t<div data-elementor-type=\"wp-page\" data-elementor-id=\"362\" class=\"elementor elementor-362\" data-elementor-post-type=\"page\">\n\t\t\t\t\t\t<section class=\"elementor-section elementor-top-section elementor-element elementor-element-fe05c7e elementor-section-boxed elementor-section-height-default elementor-section-height-default\" data-id=\"fe05c7e\" data-element_type=\"section\">\n\t\t\t\t\t\t<div class=\"elementor-container elementor-column-gap-default\">\n\t\t\t\t\t<div class=\"elementor-column elementor-col-100 elementor-top-column elementor-element elementor-element-41160bf\" data-id=\"41160bf\" data-element_type=\"column\">\n\t\t\t<div class=\"elementor-widget-wrap elementor-element-populated\">\n\t\t\t\t\t\t<div class=\"elementor-element elementor-element-c92ede2 elementor-widget elementor-widget-heading\" data-id=\"c92ede2\" data-element_type=\"widget\" data-widget_type=\"heading.default\">\n\t\t\t\t<div class=\"elementor-widget-container\">\n\t\t\t\t\t<h3 class=\"elementor-heading-title elementor-size-default\">Class Approval<\/h3>\t\t\t\t<\/div>\n\t\t\t\t<\/div>\n\t\t\t\t<div class=\"elementor-element elementor-element-65dad70 elementor-widget elementor-widget-text-editor\" data-id=\"65dad70\" data-element_type=\"widget\" data-widget_type=\"text-editor.default\">\n\t\t\t\t<div class=\"elementor-widget-container\">\n\t\t\t\t\t\t\t\t\t<p><strong>C\u1ea5p b\u1eadc ch\u1ee9ng nh\u1eadn \/ <\/strong><strong>C\u00e1c quy t\u1eafc v\u00e0 quy \u0111\u1ecbnh h\u00e0ng h\u1ea3i c\u1ee7a IACS<\/strong><\/p><p><strong>Tu\u00e2n th\u1ee7 c\u00e1c quy t\u1eafc c\u1ee7a IACS v\u00e0 c\u00e1c quy \u0111\u1ecbnh h\u00e0ng h\u1ea3i<\/strong><\/p><p>H\u1ec7 th\u1ed1ng l\u1ecdc d\u1ea7u CJC\u00ae cho h\u00e0ng h\u1ea3i v\u00e0 ngo\u00e0i kh\u01a1i tu\u00e2n th\u1ee7 c\u00e1c quy t\u1eafc c\u1ea5p IACS v\u00e0 quy \u0111\u1ecbnh h\u00e0ng h\u1ea3i bao g\u1ed3m c\u00e1c y\u00eau c\u1ea7u \u0111\u1ed1i v\u1edbi ch\u1ee9ng ch\u1ec9 v\u1eadt li\u1ec7u, \u0111\u01b0\u1eddng \u1ed1ng c\u1ea5p II v\u00e0 III, c\u00e1c y\u00eau c\u1ea7u c\u1ee7a SOLAS, c\u00e1c ti\u00eau chu\u1ea9n \u00e1p d\u1ee5ng v\u1ec1 th\u00e9p v\u00e0 \u1ed1ng c\u0169ng nh\u01b0 quy tr\u00ecnh h\u00e0n v\u00e0 h\u00e0n \u0111\u01b0\u1ee3c Hi\u1ec7p h\u1ed9i ph\u00e2n lo\u1ea1i ch\u1ea5p nh\u1eadn.<\/p><p><strong>C\u1ea5p b\u1eadc ph\u00ea duy\u1ec7t v\u00e0 y\u00eau c\u1ea7u<\/strong><\/p><p>T\u1ea5t c\u1ea3 c\u00e1c thi\u1ebft k\u1ebf c\u1ee7a H\u1ec7 th\u1ed1ng l\u1ecdc d\u1ea7u CJC\u00ae d\u00e0nh cho h\u00e0ng h\u1ea3i v\u00e0 ngo\u00e0i kh\u01a1i, \u0111\u1ec1u \u0111\u01b0\u1ee3c \u0110\u0103ng ki\u1ec3m c\u1ee7a Lloyd ki\u1ec3m tra v\u00e0 x\u00e1c nh\u1eadn tr\u1ea1ng th\u00e1i Th\u1ea9m \u0111\u1ecbnh thi\u1ebft k\u1ebf, \u0111\u01b0\u1ee3c ch\u1ec9 \u0111\u1ecbnh trong m\u1ed9t b\u1ed9 T\u00e0i li\u1ec7u th\u1ea9m \u0111\u1ecbnh thi\u1ebft k\u1ebf h\u00e0ng h\u1ea3i, x\u00e1c nh\u1eadn r\u1eb1ng H\u1ec7 th\u1ed1ng l\u1ecdc CJC\u00ae \u0111\u01b0\u1ee3c thi\u1ebft k\u1ebf v\u00e0 s\u1ea3n xu\u1ea5t theo Quy t\u1eafc v\u00e0 s\u1ebd h\u1ed7 tr\u1ee3 s\u1ef1 ch\u1ea5p nh\u1eadn \u0111\u1ed1i v\u1edbi t\u1ea5t c\u1ea3 c\u00e1c ph\u00e2n lo\u1ea1i c\u1ea5p .<\/p><ul><li>H\u1ec7 th\u1ed1ng l\u1ecdc d\u1ea7u CJC\u00ae th\u01b0\u1eddng \u0111\u01b0\u1ee3c s\u1eed d\u1ee5ng trong thi\u1ebft ngo\u1ea1i tuy\u1ebfn v\u00e0 \u0111\u01b0\u1ee3c coi l\u00e0 thi\u1ebft b\u1ecb kh\u00f4ng c\u1ea7n thi\u1ebft. Lo\u1ea1i thi\u1ebft b\u1ecb n\u00e0y kh\u00f4ng c\u1ea7n ph\u00ea duy\u1ec7t tr\u01b0\u1edbc khi l\u1eafp \u0111\u1eb7t<\/li><li>Vi\u1ec7c l\u1eafp \u0111\u1eb7t thi\u1ebft b\u1ecb x\u1eed l\u00fd d\u1ea7u trong c\u00e1c h\u1ec7 th\u1ed1ng kh\u00f4ng thi\u1ebft y\u1ebfu c\u00f3 th\u1ec3 \u0111\u01b0\u1ee3c ch\u1ea5p thu\u1eadn b\u1edfi th\u1ea9m \u0111\u1ecbnh vi\u00ean c\u00f3 m\u1eb7t tr\u00ean t\u00e0u tr\u00ean t\u00e0u<\/li><li>C\u1ea5p b\u1eadn ch\u1ee9ng nh\u1eadn theo y\u00eau c\u1ea7u, bao g\u1ed3m ch\u1ee9ng ch\u1ec9 v\u1eadt li\u1ec7u v\u00e0 t\u00e0i li\u1ec7u ki\u1ec3m tra \u0111\u01b0\u1ee3c x\u00e1c nh\u1eadn b\u1edfi Hi\u1ec7p h\u1ed9i ph\u00e2n lo\u1ea1i<\/li><\/ul>\t\t\t\t\t\t\t\t<\/div>\n\t\t\t\t<\/div>\n\t\t\t\t\t<\/div>\n\t\t<\/div>\n\t\t\t\t\t<\/div>\n\t\t<\/section>\n\t\t\t\t<\/div>\n\t\t","protected":false},"excerpt":{"rendered":"<p>Class Approval C\u1ea5p b\u1eadc ch\u1ee9ng nh\u1eadn \/ C\u00e1c quy t\u1eafc v\u00e0 quy \u0111\u1ecbnh h\u00e0ng h\u1ea3i c\u1ee7a IACS Tu\u00e2n th\u1ee7 c\u00e1c quy t\u1eafc c\u1ee7a IACS v\u00e0 c\u00e1c quy \u0111\u1ecbnh h\u00e0ng h\u1ea3i H\u1ec7 th\u1ed1ng l\u1ecdc d\u1ea7u CJC\u00ae cho h\u00e0ng h\u1ea3i v\u00e0 ngo\u00e0i kh\u01a1i tu\u00e2n th\u1ee7 c\u00e1c quy t\u1eafc c\u1ea5p IACS v\u00e0 quy \u0111\u1ecbnh h\u00e0ng h\u1ea3i bao g\u1ed3m [&hellip;]<\/p>\n","protected":false},"author":1,"featured_media":0,"parent":168,"menu_order":2,"comment_status":"closed","ping_status":"closed","template":"","meta":{"footnotes":""},"class_list":["post-362","page","type-page","status-publish","hentry"],"_links":{"self":[{"href":"https:\/\/fsv.com.vn\/index.php\/wp-json\/wp\/v2\/pages\/362","targetHints":{"allow":["GET"]}}],"collection":[{"href":"https:\/\/fsv.com.vn\/index.php\/wp-json\/wp\/v2\/pages"}],"about":[{"href":"https:\/\/fsv.com.vn\/index.php\/wp-json\/wp\/v2\/types\/page"}],"author":[{"embeddable":true,"href":"https:\/\/fsv.com.vn\/index.php\/wp-json\/wp\/v2\/users\/1"}],"replies":[{"embeddable":true,"href":"https:\/\/fsv.com.vn\/index.php\/wp-json\/wp\/v2\/comments?post=362"}],"version-history":[{"count":10,"href":"https:\/\/fsv.com.vn\/index.php\/wp-json\/wp\/v2\/pages\/362\/revisions"}],"predecessor-version":[{"id":1251,"href":"https:\/\/fsv.com.vn\/index.php\/wp-json\/wp\/v2\/pages\/362\/revisions\/1251"}],"up":[{"embeddable":true,"href":"https:\/\/fsv.com.vn\/index.php\/wp-json\/wp\/v2\/pages\/168"}],"wp:attachment":[{"href":"https:\/\/fsv.com.vn\/index.php\/wp-json\/wp\/v2\/media?parent=362"}],"curies":[{"name":"wp","href":"https:\/\/api.w.org\/{rel}","templated":true}]}}