{"id":348,"date":"2023-03-28T08:29:45","date_gmt":"2023-03-28T01:29:45","guid":{"rendered":"https:\/\/fsv.com.vn\/?page_id=348"},"modified":"2023-07-04T10:18:26","modified_gmt":"2023-07-04T03:18:26","slug":"bac-dan","status":"publish","type":"page","link":"https:\/\/fsv.com.vn\/index.php\/giai-phap\/dien-gio\/bac-dan\/","title":{"rendered":"B\u1ea1c \u0111\u1ea1n"},"content":{"rendered":"\t\t<div data-elementor-type=\"wp-page\" data-elementor-id=\"348\" class=\"elementor elementor-348\" data-elementor-post-type=\"page\">\n\t\t\t\t\t\t<section class=\"elementor-section elementor-top-section elementor-element elementor-element-fe05c7e elementor-section-boxed elementor-section-height-default elementor-section-height-default\" data-id=\"fe05c7e\" data-element_type=\"section\">\n\t\t\t\t\t\t<div class=\"elementor-container elementor-column-gap-default\">\n\t\t\t\t\t<div class=\"elementor-column elementor-col-100 elementor-top-column elementor-element elementor-element-41160bf\" data-id=\"41160bf\" data-element_type=\"column\">\n\t\t\t<div class=\"elementor-widget-wrap elementor-element-populated\">\n\t\t\t\t\t\t<div class=\"elementor-element elementor-element-c92ede2 elementor-widget elementor-widget-heading\" data-id=\"c92ede2\" data-element_type=\"widget\" data-widget_type=\"heading.default\">\n\t\t\t\t<div class=\"elementor-widget-container\">\n\t\t\t\t\t<h3 class=\"elementor-heading-title elementor-size-default\">B\u1ea1c \u0111\u1ea1n<\/h3>\t\t\t\t<\/div>\n\t\t\t\t<\/div>\n\t\t\t\t<div class=\"elementor-element elementor-element-65dad70 elementor-widget elementor-widget-text-editor\" data-id=\"65dad70\" data-element_type=\"widget\" data-widget_type=\"text-editor.default\">\n\t\t\t\t<div class=\"elementor-widget-container\">\n\t\t\t\t\t\t\t\t\t<p><strong>H\u1ec7 th\u1ed1ng<\/strong><\/p><p>Lo\u1ea1i \u1ed5 tr\u1ee5c ch\u1ee7 y\u1ebfu trong tuabin gi\u00f3 l\u00e0 SRB (v\u00f2ng bi l\u0103n h\u00ecnh c\u1ea7u), c\u1ea3 trong b\u00e1nh r\u0103ng v\u00e0 \u1ed5 tr\u1ee5c ch\u00ednh. B\u00f4i tr\u01a1n \u1ed5 tr\u1ee5c ch\u00ednh ch\u1ee7 y\u1ebfu m\u1ee1 ho\u1eb7c d\u1ea7u b\u00f4i tr\u01a1n. Trong b\u00f4i tr\u01a1n b\u1ea1c \u0111\u1ea1n ch\u00ednh b\u1eb1ng d\u1ea7u b\u00f4i tr\u01a1n, l\u1ecdc d\u1ea7u cho \u0111\u1ebfn nay ch\u01b0a th\u1ef1c s\u1ef1 ph\u1ed5 bi\u1ebfn, nh\u01b0ng \u0111i\u1ec1u n\u00e0y r\u1ea5t c\u00f3 \u00fd ngh\u0129a. Trong b\u1ea1c \u0111\u1ea1n b\u00f4i tr\u01a1n b\u1eb1ng m\u1ee1, m\u1ee1 gi\u1eef c\u00e1c ch\u1ea5t g\u00e2y \u00f4 nhi\u1ec5m v\u00e0 r\u1ea5t kh\u00f4ng kh\u1ea3 thi \u0111\u1ec3 m\u1ee1 \u0111\u01b0\u1ee3c l\u00e0m s\u1ea1ch . \u0110i\u1ec1u n\u00e0y l\u00e0m gi\u1ea3m tu\u1ed5i th\u1ecd c\u1ee7a \u1ed5 tr\u1ee5c, l\u00e0m cho b\u1ea1c \u0111\u1ea1n b\u00f4i tr\u01a1n b\u1eb1ng d\u1ea7u ng\u00e0y c\u00e0ng tr\u1edf n\u00ean ph\u1ed5 bi\u1ebfn.<\/p><p>B\u1ea5t k\u1ec3 lo\u1ea1i b\u00f4i tr\u01a1n, \u1ed5 tr\u1ee5c v\u1eabn l\u00e0 m\u1ed9t c\u1ea5u tr\u00fac c\u01a1 h\u1ecdc ph\u1ee9c t\u1ea1p, v\u1edbi t\u1ea3i tr\u1ecdng cao v\u00e0 khe h\u1edf nh\u1ecf v\u00e0 m\u1eb7c d\u00f9 \u0111\u00e3 n\u1ed7 l\u1ef1c h\u1ebft s\u1ee9c, \u0111\u00f4i khi ch\u00fang b\u1ecb h\u1ecfng. Cu\u1ed9c c\u00e1ch m\u1ea1ng thi\u1ebft k\u1ebf m\u1edbi nh\u1ea5t l\u00e0 s\u1ef1 ra \u0111\u1eddi c\u1ee7a v\u00f2ng bi t\u1ea1p ch\u00ed trong GBX. T\u00ednh n\u0103ng m\u1edbi n\u00e0y, m\u1eb7c d\u00f9 \u00edt ph\u1ee9c t\u1ea1p h\u01a1n, th\u1ef1c s\u1ef1 \u0111\u00f2i h\u1ecfi m\u1ee9c \u0111\u1ed9 s\u1ea1ch s\u1ebd cao h\u01a1n, \u0111\u1eb7c bi\u1ec7t l\u00e0 trong \u0111i\u1ec1u ki\u1ec7n b\u1eaft \u0111\u1ea7u \/ d\u1eebng. T\u1ed1i \u01b0u h\u00f3a c\u00e1c \u0111i\u1ec1u ki\u1ec7n \u1ed5 tr\u1ee5c cung c\u1ea5p cho vi\u1ec7c chuy\u1ec3n \u0111\u1ed5i c\u00f4ng su\u1ea5t c\u00e1nh qu\u1ea1t sang m\u00e1y ph\u00e1t \u0111i\u1ec7n t\u1ed1t nh\u1ea5t, gi\u00fap t\u1ed1i \u01b0u h\u00f3a s\u1ea3n l\u01b0\u1ee3ng \u0111\u1ea7u ra c\u1ee7a tuabin. \u00a0<\/p><p><strong>Th\u00e1ch th\u1ee9c<\/strong><\/p><p>N\u1ebfu c\u00e1c h\u1ea1t, \u0111\u1ed9 \u1ea9m v\u00e0 vecni kh\u00f4ng \u0111\u01b0\u1ee3c lo\u1ea1i b\u1ecf li\u00ean t\u1ee5c kh\u1ecfi d\u1ea7u b\u00f4i tr\u01a1n \u1ed5 tr\u1ee5c, b\u1ea1n c\u00f3 nguy c\u01a1 s\u1eeda ch\u1eefa ho\u1eb7c thay th\u1ebf v\u00f2ng bi l\u1edbn r\u1ea5t t\u1ed1n k\u00e9m. Do \u00e1p su\u1ea5t \u0111\u1ed9ng r\u1ea5t l\u1edbn tr\u00ean v\u00f2ng bi, c\u00e1c h\u1ea1t m\u00e0i m\u00f2n s\u1ebd \u0111\u01b0\u1ee3c gi\u1ea3i ph\u00f3ng, t\u1ea1o ra \u00edt d\u1ea7u b\u00f4i tr\u01a1n h\u01a1n v\u00e0 t\u1ed5n th\u1ea5t ma s\u00e1t cao h\u01a1n do \u0111\u00f3 kh\u00f4ng th\u1ec3 \u0111\u1ea1t \u0111\u01b0\u1ee3c n\u0103ng su\u1ea5t t\u1ed1i \u01b0u. N\u0103ng l\u01b0\u1ee3ng ch\u1ec9 \u0111\u01a1n gi\u1ea3n l\u00e0 l\u00e3ng ph\u00ed trong qu\u00e1 tr\u00ecnh n\u00e0y. Th\u1eddi gian ng\u1eebng ho\u1ea1t \u0111\u1ed9ng trong qu\u00e1 tr\u00ecnh s\u1eeda ch\u1eefa l\u00e0 r\u1ea5t l\u1edbn v\u00e0 c\u00e1c vi ph\u1ea1m cho vi\u1ec7c kh\u00f4ng cung c\u1ea5p \u0111i\u1ec7n cho l\u01b0\u1edbi \u0111i\u1ec7n c\u00f3 th\u1ec3 ph\u00e1t sinh, t\u01b0\u01a1ng t\u1ef1 nh\u01b0 khi h\u1ed9p s\u1ed1 b\u1ecb h\u1ecfng.<\/p>\t\t\t\t\t\t\t\t<\/div>\n\t\t\t\t<\/div>\n\t\t\t\t<div class=\"elementor-element elementor-element-83fbc00 elementor-widget elementor-widget-text-editor\" data-id=\"83fbc00\" data-element_type=\"widget\" data-widget_type=\"text-editor.default\">\n\t\t\t\t<div class=\"elementor-widget-container\">\n\t\t\t\t\t\t\t\t\t<p><strong>L\u1ee3i \u00edch, l\u1eafp \u0111\u1eb7t b\u1ed9 l\u1ecdc d\u1ea7u CJC\u00ae<\/strong><\/p><ul><li>B\u1ea3o v\u1ec7 kho\u1ea3n \u0111\u1ea7u t\u01b0 c\u1ee7a b\u1ea1n v\u00e0 \u0111\u1ea3m b\u1ea3o tu\u1ed5i th\u1ecd l\u00e2u d\u00e0i c\u1ee7a v\u00f2ng bi<\/li><li>T\u1ed1i \u01b0u h\u00f3a t\u00ednh kh\u1ea3 d\u1ee5ng v\u00e0 s\u1ea3n l\u01b0\u1ee3ng \u0111\u1ea7u ra<\/li><li>Gi\u1ea3m nguy c\u01a1 h\u1ecfng h\u00f3c ho\u1eb7c thay th\u1ebf \u1ed5 tr\u1ee5c \u0111\u1eaft ti\u1ec1n<\/li><li>Gi\u1ea3m nguy c\u01a1 h\u1ecfng h\u00f3c v\u00e0 b\u1ea3o tr\u00ec ngo\u00e0i k\u1ebf ho\u1ea1ch<\/li><\/ul>\t\t\t\t\t\t\t\t<\/div>\n\t\t\t\t<\/div>\n\t\t\t\t<div class=\"elementor-element elementor-element-4cb4a78 elementor-widget elementor-widget-text-editor\" data-id=\"4cb4a78\" data-element_type=\"widget\" data-widget_type=\"text-editor.default\">\n\t\t\t\t<div class=\"elementor-widget-container\">\n\t\t\t\t\t\t\t\t\t<p>Khi b\u1ea1n l\u1eafp \u0111\u1eb7t gi\u1ea3i ph\u00e1p B\u1ed9 l\u1ecdc d\u1ea7u ngo\u1ea1i tuy\u1ebfn CJC\u00ae tr\u00ean v\u00f2ng bi tuabin gi\u00f3, b\u1ea1n s\u1ebd c\u00f3 b\u1ed9 l\u1ecdc d\u1ea7u lo\u1ea1i b\u1ecf c\u00e1c h\u1ea1t m\u1ecbn, \u0111\u1ed9 \u1ea9m v\u00e0 vecni m\u1ed9t c\u00e1ch hi\u1ec7u qu\u1ea3. V\u1ec1 m\u1eb7t k\u1ef9 thu\u1eadt, CJC\u00ae \u0111\u01b0\u1ee3c bi\u1ebft \u0111\u1ebfn v\u1edbi vi\u1ec7c gi\u1eef cho d\u1ea7u b\u00f4i tr\u01a1n \u1ed5 tr\u1ee5c s\u1ea1ch s\u1ebd v\u00e0 kh\u00f4 r\u00e1o v\u00e0 kh\u00f4ng c\u00f3 d\u01b0 l\u01b0\u1ee3ng oxy h\u00f3a. \u0110i\u1ec1u n\u00e0y \u0111\u01b0\u1ee3c ghi l\u1ea1i trong nhi\u1ec1u n\u0103m v\u00e0 trong v\u00e0i ngh\u00ecn c\u00e0i \u0111\u1eb7t t\u01b0\u01a1ng t\u1ef1. Khi b\u1ea1n ch\u1ecdn B\u1ed9 l\u1ecdc d\u1ea7u ngo\u1ea1i tuy\u1ebfn CJC\u00ae, b\u1ea1n \u0111\u1ea3m b\u1ea3o tu\u1ed5i th\u1ecd l\u00e2u d\u00e0i c\u1ee7a v\u00f2ng bi \u0111\u1eaft ti\u1ec1n, gi\u1ea3m b\u1ea3o tr\u00ec v\u00e0 tr\u00e1nh \u0111\u01b0\u1ee3c s\u1ef1 c\u1ed1 ngo\u00e0i \u00fd mu\u1ed1n. B\u1ea1n th\u1eadm ch\u00ed c\u00f3 th\u1ec3 theo d\u00f5i t\u1eeb xa t\u00ecnh tr\u1ea1ng h\u1ec7 th\u1ed1ng c\u1ee7a m\u00ecnh b\u1eb1ng c\u00e1ch s\u1eed d\u1ee5ng M\u00e0n h\u00ecnh \u00f4 nhi\u1ec5m d\u1ea7u, OCM15.<\/p>\t\t\t\t\t\t\t\t<\/div>\n\t\t\t\t<\/div>\n\t\t\t\t<div class=\"elementor-element elementor-element-62b3356 elementor-widget elementor-widget-text-editor\" data-id=\"62b3356\" data-element_type=\"widget\" data-widget_type=\"text-editor.default\">\n\t\t\t\t<div class=\"elementor-widget-container\">\n\t\t\t\t\t\t\t\t\t<p><strong>Gi\u1ea3i ph\u00e1p c\u1ee7a b\u1ea1n<\/strong><\/p><p>\u0110\u1ed1i v\u1edbi v\u00f2ng bi ch\u00ednh c\u1ee7a tuabin gi\u00f3, c\u00e1c gi\u1ea3i ph\u00e1p B\u1ed9 l\u1ecdc d\u1ea7u CJC\u00ae sau \u0111\u00e2y \u0111\u01b0\u1ee3c \u00e1p d\u1ee5ng:<\/p><ul><li>B\u1ed9 l\u1ecdc d\u1ea7u, b\u1ed9 l\u1ecdc ch\u00ednh<\/li><li>B\u1ed9 l\u1ecdc d\u1ea7u, HDU 15\/25<\/li><li>L\u00f5i l\u1ecdc thay , BG 15\/25<\/li><li>Gi\u00e1m s\u00e1t \u00f4 nhi\u1ec5m d\u1ea7u, OCM15<\/li><\/ul>\t\t\t\t\t\t\t\t<\/div>\n\t\t\t\t<\/div>\n\t\t\t\t<div class=\"elementor-element elementor-element-cd2aafb elementor-widget elementor-widget-text-editor\" data-id=\"cd2aafb\" data-element_type=\"widget\" data-widget_type=\"text-editor.default\">\n\t\t\t\t<div class=\"elementor-widget-container\">\n\t\t\t\t\t\t\t\t\t<p>C\u00e1c gi\u1ea3i ph\u00e1p h\u1ec7 th\u1ed1ng CJC\u00ae ph\u00f9 h\u1ee3p v\u1edbi k\u00edch th\u01b0\u1edbc ng\u00e0y c\u00e0ng t\u0103ng c\u1ee7a tuabin gi\u00f3 v\u00e0 ch\u00fang t\u00f4i c\u00f3 th\u1ec3 cung c\u1ea5p c\u00e1c b\u1ed9 l\u1ecdc ch\u00e8n t\u00f9y ch\u1ec9nh v\u00e0 mang nh\u00e3n hi\u1ec7u OEM theo y\u00eau c\u1ea7u. H\u1ee3p t\u00e1c ch\u1eb7t ch\u1ebd v\u1edbi c\u00e1c t\u1ed5 ch\u1ee9c k\u1ef9 thu\u1eadt, ch\u00fang t\u00f4i gi\u00fap l\u1ef1a ch\u1ecdn gi\u1ea3i ph\u00e1p t\u1ed1t nh\u1ea5t t\u00f9y thu\u1ed9c v\u00e0o lo\u1ea1i tuabin v\u00e0 \u0111i\u1ec1u ki\u1ec7n m\u00f4i tr\u01b0\u1eddng.<\/p>\t\t\t\t\t\t\t\t<\/div>\n\t\t\t\t<\/div>\n\t\t\t\t\t<\/div>\n\t\t<\/div>\n\t\t\t\t\t<\/div>\n\t\t<\/section>\n\t\t\t\t<\/div>\n\t\t","protected":false},"excerpt":{"rendered":"<p>B\u1ea1c \u0111\u1ea1n H\u1ec7 th\u1ed1ng Lo\u1ea1i \u1ed5 tr\u1ee5c ch\u1ee7 y\u1ebfu trong tuabin gi\u00f3 l\u00e0 SRB (v\u00f2ng bi l\u0103n h\u00ecnh c\u1ea7u), c\u1ea3 trong b\u00e1nh r\u0103ng v\u00e0 \u1ed5 tr\u1ee5c ch\u00ednh. B\u00f4i tr\u01a1n \u1ed5 tr\u1ee5c ch\u00ednh ch\u1ee7 y\u1ebfu m\u1ee1 ho\u1eb7c d\u1ea7u b\u00f4i tr\u01a1n. Trong b\u00f4i tr\u01a1n b\u1ea1c \u0111\u1ea1n ch\u00ednh b\u1eb1ng d\u1ea7u b\u00f4i tr\u01a1n, l\u1ecdc d\u1ea7u cho \u0111\u1ebfn nay ch\u01b0a [&hellip;]<\/p>\n","protected":false},"author":1,"featured_media":0,"parent":154,"menu_order":3,"comment_status":"closed","ping_status":"closed","template":"","meta":{"footnotes":""},"class_list":["post-348","page","type-page","status-publish","hentry"],"_links":{"self":[{"href":"https:\/\/fsv.com.vn\/index.php\/wp-json\/wp\/v2\/pages\/348","targetHints":{"allow":["GET"]}}],"collection":[{"href":"https:\/\/fsv.com.vn\/index.php\/wp-json\/wp\/v2\/pages"}],"about":[{"href":"https:\/\/fsv.com.vn\/index.php\/wp-json\/wp\/v2\/types\/page"}],"author":[{"embeddable":true,"href":"https:\/\/fsv.com.vn\/index.php\/wp-json\/wp\/v2\/users\/1"}],"replies":[{"embeddable":true,"href":"https:\/\/fsv.com.vn\/index.php\/wp-json\/wp\/v2\/comments?post=348"}],"version-history":[{"count":8,"href":"https:\/\/fsv.com.vn\/index.php\/wp-json\/wp\/v2\/pages\/348\/revisions"}],"predecessor-version":[{"id":1241,"href":"https:\/\/fsv.com.vn\/index.php\/wp-json\/wp\/v2\/pages\/348\/revisions\/1241"}],"up":[{"embeddable":true,"href":"https:\/\/fsv.com.vn\/index.php\/wp-json\/wp\/v2\/pages\/154"}],"wp:attachment":[{"href":"https:\/\/fsv.com.vn\/index.php\/wp-json\/wp\/v2\/media?parent=348"}],"curies":[{"name":"wp","href":"https:\/\/api.w.org\/{rel}","templated":true}]}}