{"id":343,"date":"2023-03-28T08:29:11","date_gmt":"2023-03-28T01:29:11","guid":{"rendered":"https:\/\/fsv.com.vn\/?page_id=343"},"modified":"2023-07-04T10:16:44","modified_gmt":"2023-07-04T03:16:44","slug":"thuy-luc","status":"publish","type":"page","link":"https:\/\/fsv.com.vn\/index.php\/giai-phap\/dien-gio\/thuy-luc\/","title":{"rendered":"Th\u1ee7y l\u1ef1c"},"content":{"rendered":"\t\t<div data-elementor-type=\"wp-page\" data-elementor-id=\"343\" class=\"elementor elementor-343\" data-elementor-post-type=\"page\">\n\t\t\t\t\t\t<section class=\"elementor-section elementor-top-section elementor-element elementor-element-fe05c7e elementor-section-boxed elementor-section-height-default elementor-section-height-default\" data-id=\"fe05c7e\" data-element_type=\"section\">\n\t\t\t\t\t\t<div class=\"elementor-container elementor-column-gap-default\">\n\t\t\t\t\t<div class=\"elementor-column elementor-col-100 elementor-top-column elementor-element elementor-element-41160bf\" data-id=\"41160bf\" data-element_type=\"column\">\n\t\t\t<div class=\"elementor-widget-wrap elementor-element-populated\">\n\t\t\t\t\t\t<div class=\"elementor-element elementor-element-c92ede2 elementor-widget elementor-widget-heading\" data-id=\"c92ede2\" data-element_type=\"widget\" data-widget_type=\"heading.default\">\n\t\t\t\t<div class=\"elementor-widget-container\">\n\t\t\t\t\t<h3 class=\"elementor-heading-title elementor-size-default\">Th\u1ee7y l\u1ef1c<\/h3>\t\t\t\t<\/div>\n\t\t\t\t<\/div>\n\t\t\t\t<div class=\"elementor-element elementor-element-65dad70 elementor-widget elementor-widget-text-editor\" data-id=\"65dad70\" data-element_type=\"widget\" data-widget_type=\"text-editor.default\">\n\t\t\t\t<div class=\"elementor-widget-container\">\n\t\t\t\t\t\t\t\t\t<p><strong>H\u1ec7 th\u1ed1ng<\/strong><\/p><p>H\u1ec7 th\u1ed1ng picth th\u1ee7y l\u1ef1c \u0111\u00f3ng vai tr\u00f2 quan tr\u1ecdng \u0111\u1ed1i v\u1edbi h\u1ec7 th\u1ed1ng tuabin gi\u00f3 hi\u1ec7n \u0111\u1ea1i,\u00a0 tinh ch\u1ec9nh t\u1eeb g\u00f3c c\u1ee7a c\u00e1nh qu\u1ea1t \u0111\u1ebfn h\u01b0\u1edbng gi\u00f3, nh\u1eb1m t\u1ed1i \u01b0u h\u00f3a s\u1ea3n l\u01b0\u1ee3ng \u0111i\u1ec7n t\u1eeb tuabin c\u00e1nh qu\u1ea1t. H\u1ec7 th\u1ed1ng pitch \u0111\u00f3ng th\u00eam vai tr\u00f2 l\u00e0 h\u1ec7 th\u1ed1ng phanh kh\u1ea9n c\u1ea5p ph\u00f2ng khi tr\u01b0\u1eddng h\u1ee3p th\u1eddi ti\u1ebft x\u1ea5u di\u1ec5n ra ho\u1eb7c gi\u00f3 l\u1ed1c kinh ho\u00e0ng, h\u1ea1n ch\u1ebf t\u1ed1i thi\u1ec3u h\u01b0 h\u1ecfng c\u1ea5u tr\u00fac v\u00e0 s\u1ef1 c\u1ed1. Th\u1eadt c\u00f4ng b\u1eb1ng m\u00e0 n\u00f3i h\u1ec7 th\u1ed1ng pitch th\u1ee7y l\u1ef1c c\u00f3 vai tr\u00f2 c\u1ef1c k\u00ec quan tr\u1ecdng trong tuabin gi\u00f3, li\u1ec7u n\u00f3 l\u00e0 Geared or Direct Drive.<\/p><p>V\u00ec v\u1eady, t\u1ea7m quan tr\u1ecdng s\u00e2u xa nh\u1ea5t l\u00e0 gi\u1eef cho d\u1ea7u th\u1eadt s\u1ea1ch trong h\u1ec7 th\u1ed1ng picth th\u1ee7y l\u1ef1c kh\u1ecfi c\u00e1c h\u1ea1t c\u1eb7n, n\u01b0\u1edbc v\u00e0 s\u1ea3n ph\u1ea9m oxy h\u00f3a ( v\u00e9c ni) nh\u1eb1m \u0111\u1ea3m b\u1ea3o an to\u00e0n v\u00e0 ho\u1ea1t \u0111\u1ed9ng \u0111\u00e1ng tin c\u1eady c\u1ee7a tuabin gi\u00f3.<\/p><p><strong>Th\u00e1ch th\u1ee9c<\/strong><\/p><p>N\u1ebfu d\u1ea7u th\u1ee7y l\u1ef1c kh\u00f4ng \u0111\u01b0\u1ee3c gi\u1eef s\u1ea1ch v\u00e0 tr\u00e1nh kh\u1ecfi c\u00e1c h\u1ea1t c\u1eb7n, v\u00e1ng d\u1ea7u v\u00e0 n\u01b0\u1edbc, b\u1ea1n c\u00f3 th\u1ec3 g\u1eb7p ph\u1ea3i h\u1ecfng h\u00f3c b\u1ea5t ch\u1ee3t ho\u1eb7c c\u00e1c ho\u1ea1t \u0111\u1ed9ng th\u1ea5t th\u01b0\u1eddng c\u1ee7a van ph\u00e2n ph\u1ed1i t\u1ef7 l\u1ec7 v\u00e0 van servo. Th\u1eadm ch\u00ed r\u00f2 r\u1ec9 trong xy lanh th\u1ee7y l\u1ef1c c\u00f3 th\u1ec3 c\u1ef1c k\u00ec g\u00e2y h\u1ea1i \u0111\u1ebfn h\u1ec7 th\u1ed1ng \u0111\u1ea7u.<\/p><p>\u0110i\u1ec1u n\u00e0y g\u00e2y ra s\u1ef1 t\u1eafc ngh\u1ebdn trong tuabin, t\u0103ng chi ph\u00ed b\u1ea5t th\u01b0\u1eddng cho c\u00f4ng vi\u1ec7c s\u1eeda ch\u1eefa \u1ea3nh h\u01b0\u1edfng \u0111\u1ebfn c\u00f4ng vi\u1ec7c th\u01b0\u1eddng nh\u1eadt, v\u00e0 \u0111i\u1ec1u cu\u1ed1i c\u00f9ng, gi\u1ea3m s\u1ea3n l\u01b0\u1ee3ng \u0111\u1ea7u ra c\u1ee7a tuabin gi\u00f3.<\/p>\t\t\t\t\t\t\t\t<\/div>\n\t\t\t\t<\/div>\n\t\t\t\t<div class=\"elementor-element elementor-element-67f1025 elementor-widget elementor-widget-text-editor\" data-id=\"67f1025\" data-element_type=\"widget\" data-widget_type=\"text-editor.default\">\n\t\t\t\t<div class=\"elementor-widget-container\">\n\t\t\t\t\t\t\t\t\t<p>L\u1ee3i \u00edch vi\u1ec7c l\u1eafp \u0111\u1eb7t <strong>CJC<\/strong><strong>\u00ae<\/strong><strong> Oil Filters<\/strong>\u00a0<\/p><ul><li>\u0110\u1ea3m b\u1ea3o t\u1ed1i \u0111a s\u1ea3n l\u01b0\u1ee3ng \u0111\u1ea7u ra<\/li><li>B\u1ea3o v\u1ec7 v\u00e0 \u0111\u1ea3m b\u1ea3o thi\u1ebft b\u1ecb, chi ti\u1ebft th\u1ee7y l\u1ef1c tu\u1ed5i th\u1ecd l\u00e2u d\u00e0i<\/li><li>Gi\u1ea3m thi\u1ec3u r\u1ee7i ro h\u01b0 h\u1ecfng, thay th\u1ebf cho c\u00e1c thi\u1ebft b\u1ecb th\u1ee7y l\u1ef1c<\/li><li>C\u1eaft gi\u1ea3m r\u1ee7i ro d\u1eebng m\u00e1y kh\u00f4ng c\u00f3 k\u1ebf ho\u1ea1ch<\/li><li>Gi\u1ea3m chi ph\u00ed b\u1ea3o tr\u00ec<\/li><\/ul>\t\t\t\t\t\t\t\t<\/div>\n\t\t\t\t<\/div>\n\t\t\t\t<div class=\"elementor-element elementor-element-85c0d2b elementor-widget elementor-widget-text-editor\" data-id=\"85c0d2b\" data-element_type=\"widget\" data-widget_type=\"text-editor.default\">\n\t\t\t\t<div class=\"elementor-widget-container\">\n\t\t\t\t\t\t\t\t\t<p>Khi b\u1ea1n l\u1eafp \u0111\u1eb7t h\u1ec7 th\u1ed1ng CJC\u00ae Oil Filter trong h\u1ec7 th\u1ed1ng th\u1ee7y l\u1ef1c c\u1ee7a b\u1ea1n, d\u1ea7u th\u1ee7y l\u1ef1c \u0111\u01b0\u1ee3c l\u1ecdc b\u1edfi l\u00f5i l\u1ecdc v\u1edbi n\u0103ng su\u1ea5t l\u1ecdc t\u1ed1i nh\u1ea5t v\u00e0 kh\u1ea3 n\u0103ng gi\u1eef c\u1eb7n b\u1ea9n c\u1ef1c cao, r\u1ea5t ph\u00f9 h\u1ee3p cho\u00a0 th\u1eddi gian l\u00e0m vi\u1ec7c l\u00e2u d\u00e0i, thi\u1ebft b\u1ecb l\u1ecdc d\u1ea7u CJC\u00ae Oil Filter \u0111\u01b0\u1ee3c bi\u1ebft \u0111\u1ebfn b\u1edfi vi\u1ec7c gi\u1eef cho d\u1ea7u s\u1ea1ch v\u00e0 kh\u00f4 r\u00e1o v\u00e0 s\u1ea3n ph\u1ea9m c\u1ee7a oxy h\u00f3a (v\u00e9cni), \u0111i\u1ec1u \u0111\u01b0\u1ee3c ghi nh\u1eadn qua nhi\u1ec1u h\u1ec7 th\u1ed1ng th\u1ee7y l\u1ef1c. Khi b\u1ea1n ch\u1ecdn thi\u1ebft b\u1ecb l\u1ecdc d\u1ea7u CJC\u00ae Oil Filter, b\u1ea1n s\u1ebd ch\u1eafc ch\u1eafn r\u1eb1ng h\u1ec7 th\u1ed1ng picth th\u1ee7y l\u1ef1c ho\u1ea1t \u0111\u1ed9ng \u0111\u00fang v\u1edbi ch\u1ee9c n\u0103ng, gi\u1ea3m th\u1eddi gian b\u1ea3o ch\u00ec, v\u00e0 b\u1ea1n tr\u00e1nh \u0111\u01b0\u1ee3c th\u1eddi gian ng\u1eebng m\u00e1y \u0111\u1ed9t ng\u1ed9t. Ngo\u00e0i ra, m\u1ed9t ch\u1ee9c n\u0103ng r\u1ea5t ti\u1ec7n l\u1ee3i \u0111\u00f3 l\u00e0 b\u1ea1n c\u00f3 th\u1ec3 gi\u00e1m s\u00e1t t\u1eeb xa \u0111i\u1ec1u ki\u1ec7n ho\u1ea1t \u0111\u1ed9ng c\u1ee7a h\u1ec7 th\u1ed1ng b\u1eb1ng M\u00e0n h\u00ecnh gi\u00e1m s\u00e1t d\u1ea7u \u00f4 nhi\u1ec5m (OCM).<\/p>\t\t\t\t\t\t\t\t<\/div>\n\t\t\t\t<\/div>\n\t\t\t\t<div class=\"elementor-element elementor-element-88b69af elementor-widget elementor-widget-text-editor\" data-id=\"88b69af\" data-element_type=\"widget\" data-widget_type=\"text-editor.default\">\n\t\t\t\t<div class=\"elementor-widget-container\">\n\t\t\t\t\t\t\t\t\t<p>Gi\u1ea3i ph\u00e1p c\u1ee7a b\u1ea1n:<\/p><ul><li>L\u00f5i l\u1ecdc d\u1ea7u, <u>Nh\u00e2n t\u1ed1 ch\u00ednh<\/u><\/li><li>M\u00e1y l\u1ecdc d\u1ea7u, <a href=\"https:\/\/www.cjc.dk\/products\/fine-filters\/hdu-15\/25\/\">HDU 15\/25<\/a><\/li><li>L\u00f5i l\u1ecdc thay th\u1ebf, B15\/25, GFI 15\/25<\/li><li><a href=\"https:\/\/www.cjc.dk\/products\/monitoring-equip\/sensor-package\/oil-contamination-monitor-ocm15-advanced-online-particle-counter\/\">Oil Contamination Monitor, OCM15<\/a><\/li><\/ul>\t\t\t\t\t\t\t\t<\/div>\n\t\t\t\t<\/div>\n\t\t\t\t<div class=\"elementor-element elementor-element-9f686cb elementor-widget elementor-widget-text-editor\" data-id=\"9f686cb\" data-element_type=\"widget\" data-widget_type=\"text-editor.default\">\n\t\t\t\t<div class=\"elementor-widget-container\">\n\t\t\t\t\t\t\t\t\t<p>H\u1ec7 th\u1ed1ng <strong>CJC\u00ae <\/strong>ph\u00f9 h\u1ee3p cho t\u1ea5t c\u1ea3 h\u1ec7 th\u1ed1ng th\u1ee7y l\u1ef1c b\u1ea5t k\u1ec3 c\u00f3 thi\u1ebft k\u1ebf ra sao, ch\u00fang t\u00f4i mang \u0111\u1ebfn l\u00f5i l\u1ecdc CJC\u00ae Filter Inserts ph\u00f9 h\u1ee3p nh\u1ea5t. Trong quan h\u1ec7 l\u00e0m vi\u1ec7c g\u1ea7n g\u0169i v\u1edbi hi\u1ec7p h\u00f4ik k\u0129 thu\u1eadt, ch\u00fang t\u00f4i s\u1ebd gi\u00fap l\u1ef1a ch\u1ecdn ra gi\u1ea3i ph\u00e1p t\u1ed1t nh\u1ea5t ph\u00f9 h\u1ee3p v\u1edbi thi\u1ebft b\u1ecb th\u1ee7y l\u1ef1c v\u00e0 \u0111i\u1ec1u ki\u1ec7n m\u00f4 tr\u01b0\u1eddng.<\/p>\t\t\t\t\t\t\t\t<\/div>\n\t\t\t\t<\/div>\n\t\t\t\t\t<\/div>\n\t\t<\/div>\n\t\t\t\t\t<\/div>\n\t\t<\/section>\n\t\t\t\t<\/div>\n\t\t","protected":false},"excerpt":{"rendered":"<p>Th\u1ee7y l\u1ef1c H\u1ec7 th\u1ed1ng H\u1ec7 th\u1ed1ng picth th\u1ee7y l\u1ef1c \u0111\u00f3ng vai tr\u00f2 quan tr\u1ecdng \u0111\u1ed1i v\u1edbi h\u1ec7 th\u1ed1ng tuabin gi\u00f3 hi\u1ec7n \u0111\u1ea1i,\u00a0 tinh ch\u1ec9nh t\u1eeb g\u00f3c c\u1ee7a c\u00e1nh qu\u1ea1t \u0111\u1ebfn h\u01b0\u1edbng gi\u00f3, nh\u1eb1m t\u1ed1i \u01b0u h\u00f3a s\u1ea3n l\u01b0\u1ee3ng \u0111i\u1ec7n t\u1eeb tuabin c\u00e1nh qu\u1ea1t. H\u1ec7 th\u1ed1ng pitch \u0111\u00f3ng th\u00eam vai tr\u00f2 l\u00e0 h\u1ec7 th\u1ed1ng phanh kh\u1ea9n [&hellip;]<\/p>\n","protected":false},"author":1,"featured_media":0,"parent":154,"menu_order":2,"comment_status":"closed","ping_status":"closed","template":"","meta":{"footnotes":""},"class_list":["post-343","page","type-page","status-publish","hentry"],"_links":{"self":[{"href":"https:\/\/fsv.com.vn\/index.php\/wp-json\/wp\/v2\/pages\/343","targetHints":{"allow":["GET"]}}],"collection":[{"href":"https:\/\/fsv.com.vn\/index.php\/wp-json\/wp\/v2\/pages"}],"about":[{"href":"https:\/\/fsv.com.vn\/index.php\/wp-json\/wp\/v2\/types\/page"}],"author":[{"embeddable":true,"href":"https:\/\/fsv.com.vn\/index.php\/wp-json\/wp\/v2\/users\/1"}],"replies":[{"embeddable":true,"href":"https:\/\/fsv.com.vn\/index.php\/wp-json\/wp\/v2\/comments?post=343"}],"version-history":[{"count":13,"href":"https:\/\/fsv.com.vn\/index.php\/wp-json\/wp\/v2\/pages\/343\/revisions"}],"predecessor-version":[{"id":1237,"href":"https:\/\/fsv.com.vn\/index.php\/wp-json\/wp\/v2\/pages\/343\/revisions\/1237"}],"up":[{"embeddable":true,"href":"https:\/\/fsv.com.vn\/index.php\/wp-json\/wp\/v2\/pages\/154"}],"wp:attachment":[{"href":"https:\/\/fsv.com.vn\/index.php\/wp-json\/wp\/v2\/media?parent=343"}],"curies":[{"name":"wp","href":"https:\/\/api.w.org\/{rel}","templated":true}]}}