{"id":333,"date":"2023-03-28T08:27:21","date_gmt":"2023-03-28T01:27:21","guid":{"rendered":"https:\/\/fsv.com.vn\/?page_id=333"},"modified":"2025-03-16T10:43:18","modified_gmt":"2025-03-16T03:43:18","slug":"sx-lop-xe","status":"publish","type":"page","link":"https:\/\/fsv.com.vn\/index.php\/giai-phap\/cong-nghiep\/sx-lop-xe\/","title":{"rendered":"NM S\u1ea3n xu\u1ea5t L\u1ed1p xe"},"content":{"rendered":"\t\t<div data-elementor-type=\"wp-page\" data-elementor-id=\"333\" class=\"elementor elementor-333\" data-elementor-post-type=\"page\">\n\t\t\t\t\t\t<section class=\"elementor-section elementor-top-section elementor-element elementor-element-e2a42ea elementor-section-boxed elementor-section-height-default elementor-section-height-default\" data-id=\"e2a42ea\" data-element_type=\"section\">\n\t\t\t\t\t\t<div class=\"elementor-container elementor-column-gap-default\">\n\t\t\t\t\t<div class=\"elementor-column elementor-col-100 elementor-top-column elementor-element elementor-element-1b7dea9\" data-id=\"1b7dea9\" data-element_type=\"column\">\n\t\t\t<div class=\"elementor-widget-wrap elementor-element-populated\">\n\t\t\t\t\t\t<div class=\"elementor-element elementor-element-8e3cd00 elementor-widget elementor-widget-spacer\" data-id=\"8e3cd00\" data-element_type=\"widget\" data-widget_type=\"spacer.default\">\n\t\t\t\t<div class=\"elementor-widget-container\">\n\t\t\t\t\t\t\t<div class=\"elementor-spacer\">\n\t\t\t<div class=\"elementor-spacer-inner\"><\/div>\n\t\t<\/div>\n\t\t\t\t\t\t<\/div>\n\t\t\t\t<\/div>\n\t\t\t\t\t<\/div>\n\t\t<\/div>\n\t\t\t\t\t<\/div>\n\t\t<\/section>\n\t\t\t\t<section class=\"elementor-section elementor-top-section elementor-element elementor-element-950d56d elementor-section-boxed elementor-section-height-default elementor-section-height-default\" data-id=\"950d56d\" data-element_type=\"section\">\n\t\t\t\t\t\t<div class=\"elementor-container elementor-column-gap-default\">\n\t\t\t\t\t<div class=\"elementor-column elementor-col-66 elementor-top-column elementor-element elementor-element-6f6d6c3\" data-id=\"6f6d6c3\" data-element_type=\"column\">\n\t\t\t<div class=\"elementor-widget-wrap elementor-element-populated\">\n\t\t\t\t\t\t<div class=\"elementor-element elementor-element-fd7f178 elementor-widget elementor-widget-text-editor\" data-id=\"fd7f178\" data-element_type=\"widget\" data-widget_type=\"text-editor.default\">\n\t\t\t\t<div class=\"elementor-widget-container\">\n\t\t\t\t\t\t\t\t\t<h5><strong>GI\u1ea2I PH\u00c1P L\u1eccC D\u1ea6U CJC\u00ae CHO NG\u00c0NH S\u1ea2N XU\u1ea4T L\u1ed0P XE<\/strong><\/h5>\n<h4><strong>DUY TR\u00cc HI\u1ec6U SU\u1ea4T V\u00c0 T\u0102NG S\u1ea2N L\u01af\u1ee2NG<\/strong><\/h4>\n<p>C\u00e1c nh\u00e0 m\u00e1y s\u1ea3n xu\u1ea5t l\u1ed1p xe l\u00e0 h\u1ec7 th\u1ed1ng <strong>t\u1ef1 \u0111\u1ed9ng h\u00f3a cao<\/strong>, trong \u0111\u00f3 <strong>t\u00ednh \u1ed5n \u0111\u1ecbnh v\u00e0 \u0111\u1ed9 tin c\u1eady c\u1ee7a thi\u1ebft b\u1ecb quy\u1ebft \u0111\u1ecbnh s\u1ea3n l\u01b0\u1ee3ng \u0111\u1ea7u ra<\/strong>. C\u00e1c quy tr\u00ecnh quan tr\u1ecdng nh\u01b0 <strong>tr\u1ed9n Banbury, \u00e9p \u0111\u00f9n, t\u1ea1o h\u00ecnh l\u1ed1p, \u00e9p khu\u00f4n &amp; l\u01b0u h\u00f3a, m\u00e1y c\u00e1n<\/strong> \u0111\u1ec1u y\u00eau c\u1ea7u d\u1ea7u s\u1ea1ch v\u00e0 kh\u00f4 \u0111\u1ec3 \u0111\u1ea3m b\u1ea3o v\u1eadn h\u00e0nh li\u00ean t\u1ee5c.<\/p>\n<h4><strong>TH\u00c1CH TH\u1ee8C<\/strong><\/h4>\n<p><strong>N\u1ebfu d\u1ea7u b\u00f4i tr\u01a1n v\u00e0 d\u1ea7u th\u1ee7y l\u1ef1c b\u1ecb nhi\u1ec5m b\u1ea9n (b\u1ee5i, n\u01b0\u1edbc, c\u1eb7n oxi h\u00f3a), b\u1ea1n s\u1ebd g\u1eb7p ph\u1ea3i:<\/strong><\/p>\n<ul>\n<li>Nguy c\u01a1 h\u1ecfng h\u00f3c \u0111\u1ed9t xu\u1ea5t, gi\u00e1n \u0111o\u1ea1n s\u1ea3n xu\u1ea5t<\/li>\n<li>Gi\u1ea3m hi\u1ec7u su\u1ea5t d\u00e2y chuy\u1ec1n v\u00e0 l\u00e0m t\u0103ng chi ph\u00ed v\u1eadn h\u00e0nh (OPEX)<\/li>\n<li>Gi\u1ea3m tu\u1ed5i th\u1ecd c\u1ee7a h\u1ed9p s\u1ed1, b\u01a1m, van, xi lanh th\u1ee7y l\u1ef1c<\/li>\n<li>D\u1ea7u nhanh xu\u1ed1ng c\u1ea5p, c\u1ea7n thay d\u1ea7u th\u01b0\u1eddng xuy\u00ean, t\u1ed1n k\u00e9m<\/li>\n<\/ul>\n<p><strong><br><\/strong><\/p><p><strong>M\u1ed9t s\u1ed1 v\u1ea5n \u0111\u1ec1 th\u01b0\u1eddng g\u1eb7p:<\/strong><\/p>\n<ul>\n<li><strong>D\u1ea7u th\u1ee7y l\u1ef1c trong h\u1ec7 th\u1ed1ng \u00e9p khu\u00f4n &amp; l\u01b0u h\u00f3a<\/strong> ti\u1ebfp x\u00fac v\u1edbi h\u01a1i n\u01b0\u1edbc n\u00f3ng \u00e1p su\u1ea5t cao, t\u1ea1o ra <strong>c\u1eb7n oxi h\u00f3a, h\u1ea1t kim lo\u1ea1i, n\u01b0\u1edbc l\u1eabn trong d\u1ea7u<\/strong>, d\u1eabn \u0111\u1ebfn h\u1ecfng h\u00f3c b\u01a1m, van v\u00e0 h\u1ec7 th\u1ed1ng \u0111i\u1ec1u khi\u1ec3n.<\/li>\n<li><strong>H\u1ed9p s\u1ed1 c\u1ee7a m\u00e1y tr\u1ed9n Banbury<\/strong> th\u01b0\u1eddng b\u1ecb b\u1ee5i si\u00eau m\u1ecbn t\u1eeb b\u1ed9t carbon \u0111en b\u00e1m v\u00e0o, khi\u1ebfn m\u1ee9c \u0111\u1ed9 \u00f4 nhi\u1ec5m h\u1ea1t cao (ISO 22\/21\/17), l\u00e0m gi\u1ea3m tu\u1ed5i th\u1ecd h\u1ed9p s\u1ed1 v\u00e0 gia t\u0103ng chi ph\u00ed thay th\u1ebf linh ki\u1ec7n.<\/li>\n<\/ul>\n<h4>&nbsp;<\/h4>\n<h4><strong>L\u1ee2I \u00cdCH KHI L\u1eaeP \u0110\u1eb6T THI\u1ebeT B\u1eca L\u1eccC D\u1ea6U CJC\u00ae<\/strong><\/h4>\n<p>\u2714\ufe0f Gi\u1ea3m nguy c\u01a1 h\u1ecfng h\u00f3c, tr\u00e1nh d\u1eebng m\u00e1y \u0111\u1ed9t xu\u1ea5t<br>\u2714\ufe0f K\u00e9o d\u00e0i tu\u1ed5i th\u1ecd d\u1ea7u 3-4 l\u1ea7n, gi\u1ea3m chi ph\u00ed thay d\u1ea7u &amp; b\u1ea3o tr\u00ec<br>\u2714\ufe0f Gia t\u0103ng tu\u1ed5i th\u1ecd c\u1ee7a h\u1ed9p s\u1ed1, b\u01a1m, van th\u1ee7y l\u1ef1c<br>\u2714\ufe0f T\u0103ng n\u0103ng su\u1ea5t d\u00e2y chuy\u1ec1n s\u1ea3n xu\u1ea5t<br>\u2714\ufe0f \u0110\u00e1p \u1ee9ng ti\u00eau chu\u1ea9n \u0111\u1ed9 s\u1ea1ch d\u1ea7u c\u1ee7a OEM<br>\u2714\ufe0f Gi\u1ea3m t\u00e1c \u0111\u1ed9ng m\u00f4i tr\u01b0\u1eddng, t\u1ed1i \u01b0u chi ph\u00ed tr\u00ean m\u1ed7i kg b\u1ee5i b\u1ea9n lo\u1ea1i b\u1ecf<\/p>\n<p><strong>CJC\u00ae Oil Filters c\u00f3 kh\u1ea3 n\u0103ng lo\u1ea1i b\u1ecf hi\u1ec7u qu\u1ea3 t\u1ea1p ch\u1ea5t, n\u01b0\u1edbc v\u00e0 c\u1eb7n oxi h\u00f3a<\/strong>, gi\u00fap d\u1ea7u lu\u00f4n s\u1ea1ch v\u00e0 \u0111\u1ea3m b\u1ea3o h\u1ec7 th\u1ed1ng ho\u1ea1t \u0111\u1ed9ng b\u1ec1n b\u1ec9. V\u1edbi h\u00e0ng ngh\u00ecn \u1ee9ng d\u1ee5ng th\u00e0nh c\u00f4ng tr\u00ean to\u00e0n c\u1ea7u, CJC\u00ae l\u00e0 gi\u1ea3i ph\u00e1p l\u00fd t\u01b0\u1edfng gi\u00fap doanh nghi\u1ec7p t\u1ed1i \u01b0u h\u00f3a s\u1ea3n xu\u1ea5t v\u00e0 gi\u1ea3m chi ph\u00ed v\u1eadn h\u00e0nh. \ud83d\ude80<\/p>\t\t\t\t\t\t\t\t<\/div>\n\t\t\t\t<\/div>\n\t\t\t\t<div class=\"elementor-element elementor-element-151c8e7 elementor-widget elementor-widget-video\" data-id=\"151c8e7\" data-element_type=\"widget\" data-settings=\"{&quot;youtube_url&quot;:&quot;https:\\\/\\\/www.youtube.com\\\/watch?v=wp-NUzWZ8m8&amp;list=TLGGO32S-xBtftIxNjAzMjAyNQ&quot;,&quot;video_type&quot;:&quot;youtube&quot;,&quot;controls&quot;:&quot;yes&quot;}\" data-widget_type=\"video.default\">\n\t\t\t\t<div class=\"elementor-widget-container\">\n\t\t\t\t\t\t\t<div class=\"elementor-wrapper elementor-open-inline\">\n\t\t\t<div class=\"elementor-video\"><\/div>\t\t<\/div>\n\t\t\t\t\t\t<\/div>\n\t\t\t\t<\/div>\n\t\t\t\t\t<\/div>\n\t\t<\/div>\n\t\t\t\t<div class=\"elementor-column elementor-col-33 elementor-top-column elementor-element elementor-element-a854134\" data-id=\"a854134\" data-element_type=\"column\">\n\t\t\t<div class=\"elementor-widget-wrap elementor-element-populated\">\n\t\t\t\t\t\t<div class=\"elementor-element elementor-element-87397f4 elementor-widget elementor-widget-image\" data-id=\"87397f4\" data-element_type=\"widget\" data-widget_type=\"image.default\">\n\t\t\t\t<div class=\"elementor-widget-container\">\n\t\t\t\t\t\t\t\t\t\t\t\t\t\t\t<img fetchpriority=\"high\" decoding=\"async\" width=\"605\" height=\"1024\" src=\"https:\/\/fsv.com.vn\/wp-content\/uploads\/2025\/03\/Anh-man-hinh-2025-03-16-luc-10.25.57-605x1024.png\" class=\"attachment-large size-large wp-image-2018\" alt=\"\" srcset=\"https:\/\/fsv.com.vn\/wp-content\/uploads\/2025\/03\/Anh-man-hinh-2025-03-16-luc-10.25.57-605x1024.png 605w, https:\/\/fsv.com.vn\/wp-content\/uploads\/2025\/03\/Anh-man-hinh-2025-03-16-luc-10.25.57-177x300.png 177w, https:\/\/fsv.com.vn\/wp-content\/uploads\/2025\/03\/Anh-man-hinh-2025-03-16-luc-10.25.57.png 706w\" sizes=\"(max-width: 605px) 100vw, 605px\" \/>\t\t\t\t\t\t\t\t\t\t\t\t\t\t\t<\/div>\n\t\t\t\t<\/div>\n\t\t\t\t<div class=\"elementor-element elementor-element-9802f00 elementor-widget elementor-widget-text-editor\" data-id=\"9802f00\" data-element_type=\"widget\" data-widget_type=\"text-editor.default\">\n\t\t\t\t<div class=\"elementor-widget-container\">\n\t\t\t\t\t\t\t\t\t<h5><a href=\"https:\/\/www.cjc.dk\/tire-manufacturers\/\">CJC Tire MFR<\/a><\/h5><h5><a href=\"https:\/\/www.cjc.dk\/fileadmin\/root\/File_Admin_Filter\/doc_Brochures\/Industry-GUIDE-to-Effective-Oil-Maintenance-for-TIRES-CJC.pdf\">Reduce oil consumption and breakdowns with CJC\u00ae Offline Oil Filtration <\/a><\/h5>\t\t\t\t\t\t\t\t<\/div>\n\t\t\t\t<\/div>\n\t\t\t\t\t<\/div>\n\t\t<\/div>\n\t\t\t\t\t<\/div>\n\t\t<\/section>\n\t\t\t\t<section class=\"elementor-section elementor-top-section elementor-element elementor-element-94fb79b elementor-section-boxed elementor-section-height-default elementor-section-height-default\" data-id=\"94fb79b\" data-element_type=\"section\">\n\t\t\t\t\t\t<div class=\"elementor-container elementor-column-gap-default\">\n\t\t\t\t\t<div class=\"elementor-column elementor-col-100 elementor-top-column elementor-element elementor-element-174080c\" data-id=\"174080c\" data-element_type=\"column\">\n\t\t\t<div class=\"elementor-widget-wrap elementor-element-populated\">\n\t\t\t\t\t\t<div class=\"elementor-element elementor-element-687e9ad elementor-widget elementor-widget-spacer\" data-id=\"687e9ad\" data-element_type=\"widget\" data-widget_type=\"spacer.default\">\n\t\t\t\t<div class=\"elementor-widget-container\">\n\t\t\t\t\t\t\t<div class=\"elementor-spacer\">\n\t\t\t<div class=\"elementor-spacer-inner\"><\/div>\n\t\t<\/div>\n\t\t\t\t\t\t<\/div>\n\t\t\t\t<\/div>\n\t\t\t\t\t<\/div>\n\t\t<\/div>\n\t\t\t\t\t<\/div>\n\t\t<\/section>\n\t\t\t\t<\/div>\n\t\t","protected":false},"excerpt":{"rendered":"<p>GI\u1ea2I PH\u00c1P L\u1eccC D\u1ea6U CJC\u00ae CHO NG\u00c0NH S\u1ea2N XU\u1ea4T L\u1ed0P XE DUY TR\u00cc HI\u1ec6U SU\u1ea4T V\u00c0 T\u0102NG S\u1ea2N L\u01af\u1ee2NG C\u00e1c nh\u00e0 m\u00e1y s\u1ea3n xu\u1ea5t l\u1ed1p xe l\u00e0 h\u1ec7 th\u1ed1ng t\u1ef1 \u0111\u1ed9ng h\u00f3a cao, trong \u0111\u00f3 t\u00ednh \u1ed5n \u0111\u1ecbnh v\u00e0 \u0111\u1ed9 tin c\u1eady c\u1ee7a thi\u1ebft b\u1ecb quy\u1ebft \u0111\u1ecbnh s\u1ea3n l\u01b0\u1ee3ng \u0111\u1ea7u ra. C\u00e1c quy tr\u00ecnh quan [&hellip;]<\/p>\n","protected":false},"author":1,"featured_media":0,"parent":152,"menu_order":13,"comment_status":"closed","ping_status":"closed","template":"","meta":{"footnotes":""},"class_list":["post-333","page","type-page","status-publish","hentry"],"_links":{"self":[{"href":"https:\/\/fsv.com.vn\/index.php\/wp-json\/wp\/v2\/pages\/333","targetHints":{"allow":["GET"]}}],"collection":[{"href":"https:\/\/fsv.com.vn\/index.php\/wp-json\/wp\/v2\/pages"}],"about":[{"href":"https:\/\/fsv.com.vn\/index.php\/wp-json\/wp\/v2\/types\/page"}],"author":[{"embeddable":true,"href":"https:\/\/fsv.com.vn\/index.php\/wp-json\/wp\/v2\/users\/1"}],"replies":[{"embeddable":true,"href":"https:\/\/fsv.com.vn\/index.php\/wp-json\/wp\/v2\/comments?post=333"}],"version-history":[{"count":27,"href":"https:\/\/fsv.com.vn\/index.php\/wp-json\/wp\/v2\/pages\/333\/revisions"}],"predecessor-version":[{"id":2049,"href":"https:\/\/fsv.com.vn\/index.php\/wp-json\/wp\/v2\/pages\/333\/revisions\/2049"}],"up":[{"embeddable":true,"href":"https:\/\/fsv.com.vn\/index.php\/wp-json\/wp\/v2\/pages\/152"}],"wp:attachment":[{"href":"https:\/\/fsv.com.vn\/index.php\/wp-json\/wp\/v2\/media?parent=333"}],"curies":[{"name":"wp","href":"https:\/\/api.w.org\/{rel}","templated":true}]}}