{"id":328,"date":"2023-03-28T08:26:48","date_gmt":"2023-03-28T01:26:48","guid":{"rendered":"https:\/\/fsv.com.vn\/?page_id=328"},"modified":"2025-03-16T10:42:52","modified_gmt":"2025-03-16T03:42:52","slug":"sat-thep","status":"publish","type":"page","link":"https:\/\/fsv.com.vn\/index.php\/giai-phap\/cong-nghiep\/sat-thep\/","title":{"rendered":"NM S\u1ea3n xu\u1ea5t S\u1eaft, Th\u00e9p"},"content":{"rendered":"\t\t<div data-elementor-type=\"wp-page\" data-elementor-id=\"328\" class=\"elementor elementor-328\" data-elementor-post-type=\"page\">\n\t\t\t\t\t\t<section class=\"elementor-section elementor-top-section elementor-element elementor-element-eba205c elementor-section-boxed elementor-section-height-default elementor-section-height-default\" data-id=\"eba205c\" data-element_type=\"section\">\n\t\t\t\t\t\t<div class=\"elementor-container elementor-column-gap-default\">\n\t\t\t\t\t<div class=\"elementor-column elementor-col-100 elementor-top-column elementor-element elementor-element-2763204\" data-id=\"2763204\" data-element_type=\"column\">\n\t\t\t<div class=\"elementor-widget-wrap elementor-element-populated\">\n\t\t\t\t\t\t<div class=\"elementor-element elementor-element-4bed498 elementor-widget elementor-widget-spacer\" data-id=\"4bed498\" data-element_type=\"widget\" data-widget_type=\"spacer.default\">\n\t\t\t\t<div class=\"elementor-widget-container\">\n\t\t\t\t\t\t\t<div class=\"elementor-spacer\">\n\t\t\t<div class=\"elementor-spacer-inner\"><\/div>\n\t\t<\/div>\n\t\t\t\t\t\t<\/div>\n\t\t\t\t<\/div>\n\t\t\t\t\t<\/div>\n\t\t<\/div>\n\t\t\t\t\t<\/div>\n\t\t<\/section>\n\t\t\t\t<section class=\"elementor-section elementor-top-section elementor-element elementor-element-77db917 elementor-section-boxed elementor-section-height-default elementor-section-height-default\" data-id=\"77db917\" data-element_type=\"section\">\n\t\t\t\t\t\t<div class=\"elementor-container elementor-column-gap-default\">\n\t\t\t\t\t<div class=\"elementor-column elementor-col-66 elementor-top-column elementor-element elementor-element-5d313d8\" data-id=\"5d313d8\" data-element_type=\"column\">\n\t\t\t<div class=\"elementor-widget-wrap elementor-element-populated\">\n\t\t\t\t\t\t<div class=\"elementor-element elementor-element-ed3df81 elementor-widget elementor-widget-text-editor\" data-id=\"ed3df81\" data-element_type=\"widget\" data-widget_type=\"text-editor.default\">\n\t\t\t\t<div class=\"elementor-widget-container\">\n\t\t\t\t\t\t\t\t\t<h5><strong>GI\u1ea2I PH\u00c1P L\u1eccC D\u1ea6U CJC\u00ae CHO NG\u00c0NH LUY\u1ec6N KIM &amp; C\u00c1N TH\u00c9P<\/strong><\/h5><h4><strong>DUY TR\u00cc HI\u1ec6U SU\u1ea4T &amp; CH\u1ea4T L\u01af\u1ee2NG S\u1ea2N XU\u1ea4T<\/strong><\/h4><p>C\u00e1c nh\u00e0 m\u00e1y luy\u1ec7n kim v\u00e0 c\u00e1n th\u00e9p l\u00e0 nh\u1eefng h\u1ec7 th\u1ed1ng s\u1ea3n xu\u1ea5t ph\u1ee9c t\u1ea1p ho\u1ea1t \u0111\u1ed9ng trong m\u00f4i tr\u01b0\u1eddng kh\u1eafc nghi\u1ec7t. <strong>S\u1ef1 \u1ed5n \u0111\u1ecbnh c\u1ee7a thi\u1ebft b\u1ecb l\u00e0 y\u1ebfu t\u1ed1 then ch\u1ed1t \u0111\u1ec3 duy tr\u00ec s\u1ea3n l\u01b0\u1ee3ng v\u00e0 \u0111\u00e1p \u1ee9ng y\u00eau c\u1ea7u ch\u1ea5t l\u01b0\u1ee3ng s\u1ea3n ph\u1ea9m<\/strong>. V\u1edbi s\u1ed1 l\u01b0\u1ee3ng l\u1edbn h\u1ec7 th\u1ed1ng b\u00e1nh r\u0103ng v\u00e0 thi\u1ebft b\u1ecb th\u1ee7y l\u1ef1c, <strong>d\u1ea7u b\u00f4i tr\u01a1n v\u00e0 d\u1ea7u th\u1ee7y l\u1ef1c ph\u1ea3i lu\u00f4n s\u1ea1ch, kh\u00f4 v\u00e0 kh\u00f4ng ch\u1ee9a c\u1eb7n oxi h\u00f3a<\/strong> \u0111\u1ec3 \u0111\u1ea3m b\u1ea3o quy tr\u00ecnh v\u1eadn h\u00e0nh li\u00ean t\u1ee5c.<\/p><h4><strong>TH\u00c1CH TH\u1ee8C<\/strong><\/h4><p><strong>D\u1ea7u b\u00f4i tr\u01a1n v\u00e0 d\u1ea7u th\u1ee7y l\u1ef1c trong c\u00e1c h\u1ec7 th\u1ed1ng quan tr\u1ecdng c\u00f3 nguy c\u01a1 b\u1ecb \u00f4 nhi\u1ec5m nghi\u00eam tr\u1ecdng<\/strong>, g\u00e2y ra:<\/p><ul><li><strong>M\u00e0i m\u00f2n nhanh ch\u00f3ng b\u00e1nh r\u0103ng, v\u00f2ng bi v\u00e0 h\u1ec7 th\u1ed1ng th\u1ee7y l\u1ef1c<\/strong>, l\u00e0m gi\u1ea3m tu\u1ed5i th\u1ecd thi\u1ebft b\u1ecb<\/li><li><strong>Gi\u00e1n \u0111o\u1ea1n s\u1ea3n xu\u1ea5t do d\u1ea7u nhi\u1ec5m b\u1ea9n<\/strong>, d\u1eabn \u0111\u1ebfn <strong>t\u1ef7 l\u1ec7 ph\u1ebf ph\u1ea9m cao v\u00e0 ch\u1ea5t l\u01b0\u1ee3ng s\u1ea3n ph\u1ea9m kh\u00f4ng \u1ed5n \u0111\u1ecbnh<\/strong><\/li><li><strong>Hao m\u00f2n h\u1ec7 th\u1ed1ng b\u00e1nh r\u0103ng do h\u1ea1t kim lo\u1ea1i v\u00e0 b\u1ee5i b\u1ea9n t\u1eeb qu\u00e1 tr\u00ecnh \u0111\u00fac khu\u00f4n<\/strong>, l\u00e0m t\u0103ng nguy c\u01a1 h\u1ecfng h\u00f3c \u0111\u1ed9t xu\u1ea5t<\/li><li><strong>D\u1ea7u th\u1ee7y l\u1ef1c nhi\u1ec5m c\u1eb7n oxi h\u00f3a g\u00e2y k\u1eb9t van, gi\u1ea3m hi\u1ec7u su\u1ea5t m\u00e1y m\u00f3c v\u00e0 t\u0103ng ti\u00eau th\u1ee5 n\u0103ng l\u01b0\u1ee3ng<\/strong><\/li><\/ul><h4><strong>L\u1ee2I \u00cdCH KHI L\u1eaeP \u0110\u1eb6T THI\u1ebeT B\u1eca L\u1eccC D\u1ea6U CJC\u00ae<\/strong><\/h4><p>\u2714\ufe0f Duy tr\u00ec \u0111\u1ed9 tin c\u1eady v\u00e0 hi\u1ec7u su\u1ea5t t\u1ed1i \u0111a cho h\u1ec7 th\u1ed1ng b\u00e1nh r\u0103ng &amp; th\u1ee7y l\u1ef1c<br \/>\u2714\ufe0f \u0110\u1ea3m b\u1ea3o ch\u1ea5t l\u01b0\u1ee3ng s\u1ea3n ph\u1ea9m, gi\u1ea3m t\u1ef7 l\u1ec7 ph\u1ebf ph\u1ea9m<br \/>\u2714\ufe0f Gi\u1ea3m r\u1ee7i ro h\u1ecfng h\u00f3c \u0111\u1ed9t xu\u1ea5t v\u00e0 chi ph\u00ed b\u1ea3o tr\u00ec ngo\u00e0i k\u1ebf ho\u1ea1ch<br \/>\u2714\ufe0f Gia t\u0103ng tu\u1ed5i th\u1ecd d\u1ea7u b\u00f4i tr\u01a1n &amp; d\u1ea7u th\u1ee7y l\u1ef1c l\u00ean \u0111\u1ebfn 3-4 l\u1ea7n<br \/>\u2714\ufe0f Gi\u00e1m s\u00e1t t\u00ecnh tr\u1ea1ng d\u1ea7u theo th\u1eddi gian th\u1ef1c v\u1edbi Oil Contamination Monitor (OCM)<\/p><p>\u00a0<\/p><p>\ud83d\udd39 <strong>Thi\u1ebft b\u1ecb l\u1ecdc d\u1ea7u CJC\u00ae gi\u00fap lo\u1ea1i b\u1ecf hi\u1ec7u qu\u1ea3 b\u1ee5i b\u1ea9n, n\u01b0\u1edbc v\u00e0 c\u1eb7n oxi h\u00f3a<\/strong>, \u0111\u1ea3m b\u1ea3o d\u1ea7u lu\u00f4n s\u1ea1ch v\u00e0 \u1ed5n \u0111\u1ecbnh. H\u00e0ng ngh\u00ecn nh\u00e0 m\u00e1y luy\u1ec7n kim v\u00e0 c\u00e1n th\u00e9p tr\u00ean th\u1ebf gi\u1edbi \u0111\u00e3 s\u1eed d\u1ee5ng CJC\u00ae \u0111\u1ec3 <strong>n\u00e2ng cao n\u0103ng su\u1ea5t, t\u1ed1i \u01b0u chi ph\u00ed v\u1eadn h\u00e0nh v\u00e0 k\u00e9o d\u00e0i tu\u1ed5i th\u1ecd thi\u1ebft b\u1ecb<\/strong>. \ud83c\udfd7\ud83d\udd25<\/p>\t\t\t\t\t\t\t\t<\/div>\n\t\t\t\t<\/div>\n\t\t\t\t\t<\/div>\n\t\t<\/div>\n\t\t\t\t<div class=\"elementor-column elementor-col-33 elementor-top-column elementor-element elementor-element-7248b03\" data-id=\"7248b03\" data-element_type=\"column\">\n\t\t\t<div class=\"elementor-widget-wrap elementor-element-populated\">\n\t\t\t\t\t\t<div class=\"elementor-element elementor-element-e756e4f elementor-widget elementor-widget-image\" data-id=\"e756e4f\" data-element_type=\"widget\" data-widget_type=\"image.default\">\n\t\t\t\t<div class=\"elementor-widget-container\">\n\t\t\t\t\t\t\t\t\t\t\t\t\t\t\t<img fetchpriority=\"high\" decoding=\"async\" width=\"710\" height=\"1024\" src=\"https:\/\/fsv.com.vn\/wp-content\/uploads\/2025\/03\/Anh-man-hinh-2025-03-16-luc-10.20.42-710x1024.png\" class=\"attachment-large size-large wp-image-2010\" alt=\"\" srcset=\"https:\/\/fsv.com.vn\/wp-content\/uploads\/2025\/03\/Anh-man-hinh-2025-03-16-luc-10.20.42-710x1024.png 710w, https:\/\/fsv.com.vn\/wp-content\/uploads\/2025\/03\/Anh-man-hinh-2025-03-16-luc-10.20.42-208x300.png 208w, https:\/\/fsv.com.vn\/wp-content\/uploads\/2025\/03\/Anh-man-hinh-2025-03-16-luc-10.20.42-768x1108.png 768w, https:\/\/fsv.com.vn\/wp-content\/uploads\/2025\/03\/Anh-man-hinh-2025-03-16-luc-10.20.42.png 826w\" sizes=\"(max-width: 710px) 100vw, 710px\" \/>\t\t\t\t\t\t\t\t\t\t\t\t\t\t\t<\/div>\n\t\t\t\t<\/div>\n\t\t\t\t\t<\/div>\n\t\t<\/div>\n\t\t\t\t\t<\/div>\n\t\t<\/section>\n\t\t\t\t<section class=\"elementor-section elementor-top-section elementor-element elementor-element-5d452e8 elementor-section-boxed elementor-section-height-default elementor-section-height-default\" data-id=\"5d452e8\" data-element_type=\"section\">\n\t\t\t\t\t\t<div class=\"elementor-container elementor-column-gap-default\">\n\t\t\t\t\t<div class=\"elementor-column elementor-col-100 elementor-top-column elementor-element elementor-element-f770418\" data-id=\"f770418\" data-element_type=\"column\">\n\t\t\t<div class=\"elementor-widget-wrap elementor-element-populated\">\n\t\t\t\t\t\t<div class=\"elementor-element elementor-element-c5b192e elementor-widget elementor-widget-spacer\" data-id=\"c5b192e\" data-element_type=\"widget\" data-widget_type=\"spacer.default\">\n\t\t\t\t<div class=\"elementor-widget-container\">\n\t\t\t\t\t\t\t<div class=\"elementor-spacer\">\n\t\t\t<div class=\"elementor-spacer-inner\"><\/div>\n\t\t<\/div>\n\t\t\t\t\t\t<\/div>\n\t\t\t\t<\/div>\n\t\t\t\t\t<\/div>\n\t\t<\/div>\n\t\t\t\t\t<\/div>\n\t\t<\/section>\n\t\t\t\t<\/div>\n\t\t","protected":false},"excerpt":{"rendered":"<p>GI\u1ea2I PH\u00c1P L\u1eccC D\u1ea6U CJC\u00ae CHO NG\u00c0NH LUY\u1ec6N KIM &amp; C\u00c1N TH\u00c9P DUY TR\u00cc HI\u1ec6U SU\u1ea4T &amp; CH\u1ea4T L\u01af\u1ee2NG S\u1ea2N XU\u1ea4T C\u00e1c nh\u00e0 m\u00e1y luy\u1ec7n kim v\u00e0 c\u00e1n th\u00e9p l\u00e0 nh\u1eefng h\u1ec7 th\u1ed1ng s\u1ea3n xu\u1ea5t ph\u1ee9c t\u1ea1p ho\u1ea1t \u0111\u1ed9ng trong m\u00f4i tr\u01b0\u1eddng kh\u1eafc nghi\u1ec7t. S\u1ef1 \u1ed5n \u0111\u1ecbnh c\u1ee7a thi\u1ebft b\u1ecb l\u00e0 y\u1ebfu t\u1ed1 then ch\u1ed1t [&hellip;]<\/p>\n","protected":false},"author":1,"featured_media":0,"parent":152,"menu_order":12,"comment_status":"closed","ping_status":"closed","template":"","meta":{"footnotes":""},"class_list":["post-328","page","type-page","status-publish","hentry"],"_links":{"self":[{"href":"https:\/\/fsv.com.vn\/index.php\/wp-json\/wp\/v2\/pages\/328","targetHints":{"allow":["GET"]}}],"collection":[{"href":"https:\/\/fsv.com.vn\/index.php\/wp-json\/wp\/v2\/pages"}],"about":[{"href":"https:\/\/fsv.com.vn\/index.php\/wp-json\/wp\/v2\/types\/page"}],"author":[{"embeddable":true,"href":"https:\/\/fsv.com.vn\/index.php\/wp-json\/wp\/v2\/users\/1"}],"replies":[{"embeddable":true,"href":"https:\/\/fsv.com.vn\/index.php\/wp-json\/wp\/v2\/comments?post=328"}],"version-history":[{"count":11,"href":"https:\/\/fsv.com.vn\/index.php\/wp-json\/wp\/v2\/pages\/328\/revisions"}],"predecessor-version":[{"id":2048,"href":"https:\/\/fsv.com.vn\/index.php\/wp-json\/wp\/v2\/pages\/328\/revisions\/2048"}],"up":[{"embeddable":true,"href":"https:\/\/fsv.com.vn\/index.php\/wp-json\/wp\/v2\/pages\/152"}],"wp:attachment":[{"href":"https:\/\/fsv.com.vn\/index.php\/wp-json\/wp\/v2\/media?parent=328"}],"curies":[{"name":"wp","href":"https:\/\/api.w.org\/{rel}","templated":true}]}}