{"id":312,"date":"2023-03-28T08:23:40","date_gmt":"2023-03-28T01:23:40","guid":{"rendered":"https:\/\/fsv.com.vn\/?page_id=312"},"modified":"2025-03-16T10:40:13","modified_gmt":"2025-03-16T03:40:13","slug":"khuon-mau","status":"publish","type":"page","link":"https:\/\/fsv.com.vn\/index.php\/giai-phap\/cong-nghiep\/khuon-mau\/","title":{"rendered":"NM Nh\u1ef1a &#038; Khu\u00f4n m\u1eabu"},"content":{"rendered":"\t\t<div data-elementor-type=\"wp-page\" data-elementor-id=\"312\" class=\"elementor elementor-312\" data-elementor-post-type=\"page\">\n\t\t\t\t\t\t<section class=\"elementor-section elementor-top-section elementor-element elementor-element-b5492a6 elementor-section-boxed elementor-section-height-default elementor-section-height-default\" data-id=\"b5492a6\" data-element_type=\"section\">\n\t\t\t\t\t\t<div class=\"elementor-container elementor-column-gap-default\">\n\t\t\t\t\t<div class=\"elementor-column elementor-col-100 elementor-top-column elementor-element elementor-element-4475164\" data-id=\"4475164\" data-element_type=\"column\">\n\t\t\t<div class=\"elementor-widget-wrap elementor-element-populated\">\n\t\t\t\t\t\t<div class=\"elementor-element elementor-element-337070a elementor-widget elementor-widget-spacer\" data-id=\"337070a\" data-element_type=\"widget\" data-widget_type=\"spacer.default\">\n\t\t\t\t<div class=\"elementor-widget-container\">\n\t\t\t\t\t\t\t<div class=\"elementor-spacer\">\n\t\t\t<div class=\"elementor-spacer-inner\"><\/div>\n\t\t<\/div>\n\t\t\t\t\t\t<\/div>\n\t\t\t\t<\/div>\n\t\t\t\t\t<\/div>\n\t\t<\/div>\n\t\t\t\t\t<\/div>\n\t\t<\/section>\n\t\t\t\t<section class=\"elementor-section elementor-top-section elementor-element elementor-element-a61840f elementor-section-boxed elementor-section-height-default elementor-section-height-default\" data-id=\"a61840f\" data-element_type=\"section\">\n\t\t\t\t\t\t<div class=\"elementor-container elementor-column-gap-default\">\n\t\t\t\t\t<div class=\"elementor-column elementor-col-66 elementor-top-column elementor-element elementor-element-9d78154\" data-id=\"9d78154\" data-element_type=\"column\">\n\t\t\t<div class=\"elementor-widget-wrap elementor-element-populated\">\n\t\t\t\t\t\t<div class=\"elementor-element elementor-element-9e64bcd elementor-widget elementor-widget-text-editor\" data-id=\"9e64bcd\" data-element_type=\"widget\" data-widget_type=\"text-editor.default\">\n\t\t\t\t<div class=\"elementor-widget-container\">\n\t\t\t\t\t\t\t\t\t<h5><strong>GI\u1ea2I PH\u00c1P L\u1eccC D\u1ea6U CJC\u00ae CHO M\u00c1Y \u00c9P NH\u1ef0A<\/strong><\/h5><h4><strong>DUY TR\u00cc HI\u1ec6U SU\u1ea4T V\u00c0 \u1ed4N \u0110\u1ecaNH CHO M\u00c1Y \u00c9P NH\u1ef0A<\/strong><\/h4><p>M\u00e1y \u00e9p nh\u1ef1a l\u00e0 thi\u1ebft b\u1ecb s\u1ea3n xu\u1ea5t c\u00f3 \u0111\u1ed9 ph\u1ee9c t\u1ea1p cao, trong \u0111\u00f3 <strong>h\u1ec7 th\u1ed1ng th\u1ee7y l\u1ef1c \u0111\u00f3ng vai tr\u00f2 quan tr\u1ecdng \u0111\u1ec3 duy tr\u00ec n\u0103ng su\u1ea5t v\u00e0 ch\u1ea5t l\u01b0\u1ee3ng s\u1ea3n ph\u1ea9m \u0111\u1ea7u ra<\/strong>. C\u00e1c linh ki\u1ec7n nh\u01b0 b\u01a1m th\u1ee7y l\u1ef1c v\u00e0 van t\u1ef7 l\u1ec7 \u0111\u00f2i h\u1ecfi <strong>d\u1ea7u th\u1ee7y l\u1ef1c ph\u1ea3i lu\u00f4n s\u1ea1ch, kh\u00f4 v\u00e0 kh\u00f4ng c\u00f3 c\u1eb7n oxi h\u00f3a<\/strong> \u0111\u1ec3 \u0111\u1ea3m b\u1ea3o v\u1eadn h\u00e0nh ch\u00ednh x\u00e1c.<\/p><h4><strong>TH\u00c1CH TH\u1ee8C<\/strong><\/h4><p>\ud83d\udd39 <strong>Ch\u1ec9 d\u1ef1a v\u00e0o b\u1ed9 l\u1ecdc in-line l\u00e0 m\u1ed9t chi\u1ebfn l\u01b0\u1ee3c r\u1ee7i ro cao<\/strong>. N\u1ebfu d\u1ea7u trong h\u1ec7 th\u1ed1ng th\u1ee7y l\u1ef1c kh\u00f4ng \u0111\u01b0\u1ee3c duy tr\u00ec s\u1ea1ch s\u1ebd, m\u00e1y \u00e9p nh\u1ef1a c\u00f3 th\u1ec3 g\u1eb7p nhi\u1ec1u v\u1ea5n \u0111\u1ec1 nghi\u00eam tr\u1ecdng nh\u01b0:<\/p><ul><li><strong>H\u1ec7 th\u1ed1ng th\u1ee7y l\u1ef1c b\u1ecb nhi\u1ec5m b\u1ea9n, g\u00e2y m\u00e0i m\u00f2n nhanh linh ki\u1ec7n quan tr\u1ecdng<\/strong> nh\u01b0 b\u01a1m v\u00e0 van \u0111i\u1ec1u khi\u1ec3n<\/li><li><strong>Van t\u1ef7 l\u1ec7 b\u1ecb k\u1eb9t trong qu\u00e1 tr\u00ecnh kh\u1edfi \u0111\u1ed9ng do d\u1ea7u ch\u1ee9a c\u1eb7n oxi h\u00f3a<\/strong>, l\u00e0m gi\u00e1n \u0111o\u1ea1n s\u1ea3n xu\u1ea5t<\/li><li><strong>T\u0103ng chi ph\u00ed v\u1eadn h\u00e0nh do th\u1eddi gian ng\u1eebng m\u00e1y ngo\u00e0i k\u1ebf ho\u1ea1ch<\/strong><\/li><li><strong>Gi\u1ea3m tu\u1ed5i th\u1ecd d\u1ea7u th\u1ee7y l\u1ef1c, t\u0103ng t\u1ea7n su\u1ea5t thay d\u1ea7u v\u00e0 b\u1ea3o tr\u00ec h\u1ec7 th\u1ed1ng<\/strong><\/li><\/ul><h4><strong>L\u1ee2I \u00cdCH KHI L\u1eaeP \u0110\u1eb6T THI\u1ebeT B\u1eca L\u1eccC D\u1ea6U CJC\u00ae<\/strong><\/h4><p>\u2714\ufe0f Duy tr\u00ec tr\u1ea1ng th\u00e1i v\u1eadn h\u00e0nh t\u1ed1i \u01b0u c\u1ee7a m\u00e1y \u00e9p nh\u1ef1a<br \/>\u2714\ufe0f \u0110\u1ea3m b\u1ea3o \u0111\u1ed9 \u1ed5n \u0111\u1ecbnh c\u1ee7a quy tr\u00ecnh s\u1ea3n xu\u1ea5t v\u00e0 ch\u1ea5t l\u01b0\u1ee3ng s\u1ea3n ph\u1ea9m<br \/>\u2714\ufe0f Gi\u1ea3m nguy c\u01a1 h\u1ecfng h\u00f3c, h\u1ea1n ch\u1ebf ng\u1eebng m\u00e1y ngo\u00e0i k\u1ebf ho\u1ea1ch<br \/>\u2714\ufe0f K\u00e9o d\u00e0i tu\u1ed5i th\u1ecd c\u1ee7a h\u1ec7 th\u1ed1ng th\u1ee7y l\u1ef1c v\u00e0 c\u00e1c linh ki\u1ec7n quan tr\u1ecdng<br \/>\u2714\ufe0f Gia t\u0103ng tu\u1ed5i th\u1ecd d\u1ea7u th\u1ee7y l\u1ef1c l\u00ean \u0111\u1ebfn 3-4 l\u1ea7n<br \/>\u2714\ufe0f Gi\u00e1m s\u00e1t t\u00ecnh tr\u1ea1ng d\u1ea7u theo th\u1eddi gian th\u1ef1c v\u1edbi Oil Contamination Monitor (OCM)<\/p><p>\u00a0<\/p><p>\ud83d\udd39 <strong>Thi\u1ebft b\u1ecb l\u1ecdc d\u1ea7u CJC\u00ae c\u00f3 kh\u1ea3 n\u0103ng lo\u1ea1i b\u1ecf hi\u1ec7u qu\u1ea3 b\u1ee5i b\u1ea9n, n\u01b0\u1edbc v\u00e0 c\u1eb7n oxi h\u00f3a<\/strong>, gi\u00fap nh\u00e0 m\u00e1y <strong>gi\u1ea3m chi ph\u00ed b\u1ea3o tr\u00ec, h\u1ea1n ch\u1ebf ng\u1eebng m\u00e1y v\u00e0 t\u1ed1i \u01b0u h\u00f3a hi\u1ec7u su\u1ea5t s\u1ea3n xu\u1ea5t<\/strong>. H\u00e0ng ngh\u00ecn m\u00e1y \u00e9p nh\u1ef1a tr\u00ean th\u1ebf gi\u1edbi \u0111\u00e3 s\u1eed d\u1ee5ng CJC\u00ae \u0111\u1ec3 <strong>n\u00e2ng cao \u0111\u1ed9 tin c\u1eady v\u1eadn h\u00e0nh, duy tr\u00ec ch\u1ea5t l\u01b0\u1ee3ng s\u1ea3n ph\u1ea9m v\u00e0 gi\u1ea3m chi ph\u00ed v\u1eadn h\u00e0nh<\/strong>. \ud83c\udfed\ud83d\udd29<\/p>\t\t\t\t\t\t\t\t<\/div>\n\t\t\t\t<\/div>\n\t\t\t\t\t<\/div>\n\t\t<\/div>\n\t\t\t\t<div class=\"elementor-column elementor-col-33 elementor-top-column elementor-element elementor-element-8b3a2fb\" data-id=\"8b3a2fb\" data-element_type=\"column\">\n\t\t\t<div class=\"elementor-widget-wrap elementor-element-populated\">\n\t\t\t\t\t\t<div class=\"elementor-element elementor-element-02f943b elementor-widget elementor-widget-image\" data-id=\"02f943b\" data-element_type=\"widget\" data-widget_type=\"image.default\">\n\t\t\t\t<div class=\"elementor-widget-container\">\n\t\t\t\t\t\t\t\t\t\t\t\t\t\t\t<img fetchpriority=\"high\" decoding=\"async\" width=\"800\" height=\"376\" src=\"https:\/\/fsv.com.vn\/wp-content\/uploads\/2023\/03\/plasticmouldingtoppictures-7010.jpg\" class=\"attachment-large size-large wp-image-314\" alt=\"\" srcset=\"https:\/\/fsv.com.vn\/wp-content\/uploads\/2023\/03\/plasticmouldingtoppictures-7010.jpg 850w, https:\/\/fsv.com.vn\/wp-content\/uploads\/2023\/03\/plasticmouldingtoppictures-7010-300x141.jpg 300w, https:\/\/fsv.com.vn\/wp-content\/uploads\/2023\/03\/plasticmouldingtoppictures-7010-768x361.jpg 768w\" sizes=\"(max-width: 800px) 100vw, 800px\" \/>\t\t\t\t\t\t\t\t\t\t\t\t\t\t\t<\/div>\n\t\t\t\t<\/div>\n\t\t\t\t<div class=\"elementor-element elementor-element-ba2a844 elementor-widget elementor-widget-image\" data-id=\"ba2a844\" data-element_type=\"widget\" data-widget_type=\"image.default\">\n\t\t\t\t<div class=\"elementor-widget-container\">\n\t\t\t\t\t\t\t\t\t\t\t\t\t\t\t<img decoding=\"async\" width=\"800\" height=\"924\" src=\"https:\/\/fsv.com.vn\/wp-content\/uploads\/2025\/03\/Anh-man-hinh-2025-03-16-luc-10.05.53-887x1024.png\" class=\"attachment-large size-large wp-image-1992\" alt=\"\" srcset=\"https:\/\/fsv.com.vn\/wp-content\/uploads\/2025\/03\/Anh-man-hinh-2025-03-16-luc-10.05.53-887x1024.png 887w, https:\/\/fsv.com.vn\/wp-content\/uploads\/2025\/03\/Anh-man-hinh-2025-03-16-luc-10.05.53-260x300.png 260w, https:\/\/fsv.com.vn\/wp-content\/uploads\/2025\/03\/Anh-man-hinh-2025-03-16-luc-10.05.53-768x887.png 768w, https:\/\/fsv.com.vn\/wp-content\/uploads\/2025\/03\/Anh-man-hinh-2025-03-16-luc-10.05.53.png 1008w\" sizes=\"(max-width: 800px) 100vw, 800px\" \/>\t\t\t\t\t\t\t\t\t\t\t\t\t\t\t<\/div>\n\t\t\t\t<\/div>\n\t\t\t\t<div class=\"elementor-element elementor-element-a8ad10d elementor-widget elementor-widget-text-editor\" data-id=\"a8ad10d\" data-element_type=\"widget\" data-widget_type=\"text-editor.default\">\n\t\t\t\t<div class=\"elementor-widget-container\">\n\t\t\t\t\t\t\t\t\t<h5><a href=\"https:\/\/www.cjc.dk\/fileadmin\/root\/File_Admin_Filter\/doc_Customer_Cases\/Industry_Hydraulic-Oil_Plastic-Injection-Moulding-Machine_CCIN5073UK.pdf\">Case study<\/a><\/h5><h5><a href=\"https:\/\/www.cjc.dk\/system-solutions\/industry\/plastic-moulding\/\">CJC Plastic Moulding<\/a><\/h5>\t\t\t\t\t\t\t\t<\/div>\n\t\t\t\t<\/div>\n\t\t\t\t\t<\/div>\n\t\t<\/div>\n\t\t\t\t\t<\/div>\n\t\t<\/section>\n\t\t\t\t<section class=\"elementor-section elementor-top-section elementor-element elementor-element-a73c565 elementor-section-boxed elementor-section-height-default elementor-section-height-default\" data-id=\"a73c565\" data-element_type=\"section\">\n\t\t\t\t\t\t<div class=\"elementor-container elementor-column-gap-default\">\n\t\t\t\t\t<div class=\"elementor-column elementor-col-100 elementor-top-column elementor-element elementor-element-cf7446d\" data-id=\"cf7446d\" data-element_type=\"column\">\n\t\t\t<div class=\"elementor-widget-wrap elementor-element-populated\">\n\t\t\t\t\t\t<div class=\"elementor-element elementor-element-697d609 elementor-widget elementor-widget-spacer\" data-id=\"697d609\" data-element_type=\"widget\" data-widget_type=\"spacer.default\">\n\t\t\t\t<div class=\"elementor-widget-container\">\n\t\t\t\t\t\t\t<div class=\"elementor-spacer\">\n\t\t\t<div class=\"elementor-spacer-inner\"><\/div>\n\t\t<\/div>\n\t\t\t\t\t\t<\/div>\n\t\t\t\t<\/div>\n\t\t\t\t\t<\/div>\n\t\t<\/div>\n\t\t\t\t\t<\/div>\n\t\t<\/section>\n\t\t\t\t<\/div>\n\t\t","protected":false},"excerpt":{"rendered":"<p>GI\u1ea2I PH\u00c1P L\u1eccC D\u1ea6U CJC\u00ae CHO M\u00c1Y \u00c9P NH\u1ef0A DUY TR\u00cc HI\u1ec6U SU\u1ea4T V\u00c0 \u1ed4N \u0110\u1ecaNH CHO M\u00c1Y \u00c9P NH\u1ef0A M\u00e1y \u00e9p nh\u1ef1a l\u00e0 thi\u1ebft b\u1ecb s\u1ea3n xu\u1ea5t c\u00f3 \u0111\u1ed9 ph\u1ee9c t\u1ea1p cao, trong \u0111\u00f3 h\u1ec7 th\u1ed1ng th\u1ee7y l\u1ef1c \u0111\u00f3ng vai tr\u00f2 quan tr\u1ecdng \u0111\u1ec3 duy tr\u00ec n\u0103ng su\u1ea5t v\u00e0 ch\u1ea5t l\u01b0\u1ee3ng s\u1ea3n ph\u1ea9m \u0111\u1ea7u [&hellip;]<\/p>\n","protected":false},"author":1,"featured_media":0,"parent":152,"menu_order":9,"comment_status":"closed","ping_status":"closed","template":"","meta":{"footnotes":""},"class_list":["post-312","page","type-page","status-publish","hentry"],"_links":{"self":[{"href":"https:\/\/fsv.com.vn\/index.php\/wp-json\/wp\/v2\/pages\/312","targetHints":{"allow":["GET"]}}],"collection":[{"href":"https:\/\/fsv.com.vn\/index.php\/wp-json\/wp\/v2\/pages"}],"about":[{"href":"https:\/\/fsv.com.vn\/index.php\/wp-json\/wp\/v2\/types\/page"}],"author":[{"embeddable":true,"href":"https:\/\/fsv.com.vn\/index.php\/wp-json\/wp\/v2\/users\/1"}],"replies":[{"embeddable":true,"href":"https:\/\/fsv.com.vn\/index.php\/wp-json\/wp\/v2\/comments?post=312"}],"version-history":[{"count":23,"href":"https:\/\/fsv.com.vn\/index.php\/wp-json\/wp\/v2\/pages\/312\/revisions"}],"predecessor-version":[{"id":2040,"href":"https:\/\/fsv.com.vn\/index.php\/wp-json\/wp\/v2\/pages\/312\/revisions\/2040"}],"up":[{"embeddable":true,"href":"https:\/\/fsv.com.vn\/index.php\/wp-json\/wp\/v2\/pages\/152"}],"wp:attachment":[{"href":"https:\/\/fsv.com.vn\/index.php\/wp-json\/wp\/v2\/media?parent=312"}],"curies":[{"name":"wp","href":"https:\/\/api.w.org\/{rel}","templated":true}]}}