{"id":306,"date":"2023-03-28T08:22:27","date_gmt":"2023-03-28T01:22:27","guid":{"rendered":"https:\/\/fsv.com.vn\/?page_id=306"},"modified":"2025-03-16T10:39:17","modified_gmt":"2025-03-16T03:39:17","slug":"giay-va-bot-giay","status":"publish","type":"page","link":"https:\/\/fsv.com.vn\/index.php\/giai-phap\/cong-nghiep\/giay-va-bot-giay\/","title":{"rendered":"NM Gi\u1ea5y v\u00e0 B\u1ed9t gi\u1ea5y"},"content":{"rendered":"\t\t<div data-elementor-type=\"wp-page\" data-elementor-id=\"306\" class=\"elementor elementor-306\" data-elementor-post-type=\"page\">\n\t\t\t\t\t\t<section class=\"elementor-section elementor-top-section elementor-element elementor-element-776a153 elementor-section-boxed elementor-section-height-default elementor-section-height-default\" data-id=\"776a153\" data-element_type=\"section\">\n\t\t\t\t\t\t<div class=\"elementor-container elementor-column-gap-default\">\n\t\t\t\t\t<div class=\"elementor-column elementor-col-100 elementor-top-column elementor-element elementor-element-3514e8e\" data-id=\"3514e8e\" data-element_type=\"column\">\n\t\t\t<div class=\"elementor-widget-wrap elementor-element-populated\">\n\t\t\t\t\t\t<div class=\"elementor-element elementor-element-d5334cf elementor-widget elementor-widget-spacer\" data-id=\"d5334cf\" data-element_type=\"widget\" data-widget_type=\"spacer.default\">\n\t\t\t\t<div class=\"elementor-widget-container\">\n\t\t\t\t\t\t\t<div class=\"elementor-spacer\">\n\t\t\t<div class=\"elementor-spacer-inner\"><\/div>\n\t\t<\/div>\n\t\t\t\t\t\t<\/div>\n\t\t\t\t<\/div>\n\t\t\t\t\t<\/div>\n\t\t<\/div>\n\t\t\t\t\t<\/div>\n\t\t<\/section>\n\t\t\t\t<section class=\"elementor-section elementor-top-section elementor-element elementor-element-382c651 elementor-section-boxed elementor-section-height-default elementor-section-height-default\" data-id=\"382c651\" data-element_type=\"section\">\n\t\t\t\t\t\t<div class=\"elementor-container elementor-column-gap-default\">\n\t\t\t\t\t<div class=\"elementor-column elementor-col-66 elementor-top-column elementor-element elementor-element-882f7a6\" data-id=\"882f7a6\" data-element_type=\"column\">\n\t\t\t<div class=\"elementor-widget-wrap elementor-element-populated\">\n\t\t\t\t\t\t<div class=\"elementor-element elementor-element-e0404ee elementor-widget elementor-widget-text-editor\" data-id=\"e0404ee\" data-element_type=\"widget\" data-widget_type=\"text-editor.default\">\n\t\t\t\t<div class=\"elementor-widget-container\">\n\t\t\t\t\t\t\t\t\t<h5><strong>GI\u1ea2I PH\u00c1P L\u1eccC D\u1ea6U CJC\u00ae CHO NG\u00c0NH GI\u1ea4Y V\u00c0 B\u1ed8T GI\u1ea4Y<\/strong><\/h5><h4><strong>DUY TR\u00cc HI\u1ec6U SU\u1ea4T V\u00c0 \u1ed4N \u0110\u1ecaNH CHO M\u00c1Y M\u00d3C TRONG M\u00d4I TR\u01af\u1edcNG \u1ea8M \u01af\u1edaT<\/strong><\/h4><p>Nh\u00e0 m\u00e1y s\u1ea3n xu\u1ea5t gi\u1ea5y v\u00e0 b\u1ed9t gi\u1ea5y l\u00e0 h\u1ec7 th\u1ed1ng s\u1ea3n xu\u1ea5t ph\u1ee9c t\u1ea1p, ho\u1ea1t \u0111\u1ed9ng trong \u0111i\u1ec1u ki\u1ec7n <strong>\u0111\u1ed9 \u1ea9m cao v\u00e0 nhi\u1ec7t \u0111\u1ed9 kh\u1eafc nghi\u1ec7t<\/strong>. C\u00e1c h\u1ec7 th\u1ed1ng quan tr\u1ecdng nh\u01b0 h\u1ed9p s\u1ed1, v\u00f2ng bi v\u00e0 h\u1ec7 th\u1ed1ng th\u1ee7y l\u1ef1c <strong>lu\u00f4n ph\u1ea3i ti\u1ebfp x\u00fac v\u1edbi n\u01b0\u1edbc v\u00e0 nhi\u1ec7t \u0111\u1ed9 cao<\/strong>, l\u00e0m gia t\u0103ng nguy c\u01a1 nhi\u1ec5m b\u1ea9n d\u1ea7u. \u0110\u1ec3 duy tr\u00ec hi\u1ec7u su\u1ea5t s\u1ea3n xu\u1ea5t, d\u1ea7u b\u00f4i tr\u01a1n c\u1ea7n \u0111\u01b0\u1ee3c <strong>gi\u1eef s\u1ea1ch, kh\u00f4 v\u00e0 kh\u00f4ng c\u00f3 c\u1eb7n oxi h\u00f3a<\/strong>.<\/p><h4><strong>TH\u00c1CH TH\u1ee8C<\/strong><\/h4><p>\ud83d\udd39 <strong>M\u00f4i tr\u01b0\u1eddng \u1ea9m \u01b0\u1edbt v\u00e0 nhi\u1ec7t \u0111\u1ed9 cao l\u00e0m suy gi\u1ea3m nhanh ch\u00f3ng ch\u1ea5t l\u01b0\u1ee3ng d\u1ea7u b\u00f4i tr\u01a1n<\/strong>. N\u1ebfu d\u1ea7u kh\u00f4ng \u0111\u01b0\u1ee3c l\u1ecdc s\u1ea1ch, h\u1ec7 th\u1ed1ng m\u00e1y m\u00f3c c\u00f3 th\u1ec3 g\u1eb7p ph\u1ea3i:<\/p><ul><li><strong>H\u1ed9p s\u1ed1, v\u00f2ng bi v\u00e0 linh ki\u1ec7n th\u1ee7y l\u1ef1c b\u1ecb nhi\u1ec5m n\u01b0\u1edbc v\u00e0 c\u1eb7n oxi h\u00f3a<\/strong>, g\u00e2y t\u0103ng ma s\u00e1t v\u00e0 hao m\u00f2n nhanh<\/li><li><strong>Gi\u00e1n \u0111o\u1ea1n s\u1ea3n xu\u1ea5t do h\u1ecfng h\u00f3c ngo\u00e0i k\u1ebf ho\u1ea1ch<\/strong>, l\u00e0m gi\u1ea3m s\u1ea3n l\u01b0\u1ee3ng v\u00e0 ph\u00e1t sinh chi ph\u00ed s\u1eeda ch\u1eefa<\/li><li><strong>Th\u1eddi gian ch\u1edd thay th\u1ebf linh ki\u1ec7n k\u00e9o d\u00e0i<\/strong>, \u1ea3nh h\u01b0\u1edfng \u0111\u1ebfn ti\u1ebfn \u0111\u1ed9 s\u1ea3n xu\u1ea5t<\/li><li><strong>D\u1ea7u b\u1ea9n l\u00e0m t\u0103ng ti\u00eau hao n\u0103ng l\u01b0\u1ee3ng<\/strong>, gi\u1ea3m hi\u1ec7u su\u1ea5t m\u00e1y m\u00f3c<\/li><\/ul><h4><strong>L\u1ee2I \u00cdCH KHI L\u1eaeP \u0110\u1eb6T THI\u1ebeT B\u1eca L\u1eccC D\u1ea6U CJC\u00ae<\/strong><\/h4><p>\u2714\ufe0f Gi\u1eef thi\u1ebft b\u1ecb v\u1eadn h\u00e0nh \u1ed5n \u0111\u1ecbnh, ngay c\u1ea3 trong m\u00f4i tr\u01b0\u1eddng \u1ea9m \u01b0\u1edbt<br \/>\u2714\ufe0f Duy tr\u00ec m\u1ee9c n\u01b0\u1edbc th\u1ea5p trong d\u1ea7u b\u00f4i tr\u01a1n c\u1ee7a h\u1ed9p s\u1ed1 v\u00e0 v\u00f2ng bi<br \/>\u2714\ufe0f T\u0103ng \u0111\u1ed9 \u1ed5n \u0111\u1ecbnh c\u1ee7a quy tr\u00ecnh s\u1ea3n xu\u1ea5t, \u0111\u1ea3m b\u1ea3o s\u1ea3n l\u01b0\u1ee3ng cao<br \/>\u2714\ufe0f Gi\u1ea3m nguy c\u01a1 ng\u1eebng m\u00e1y \u0111\u1ed9t xu\u1ea5t v\u00e0 chi ph\u00ed b\u1ea3o tr\u00ec<br \/>\u2714\ufe0f Gia t\u0103ng tu\u1ed5i th\u1ecd d\u1ea7u b\u00f4i tr\u01a1n l\u00ean \u0111\u1ebfn 3-4 l\u1ea7n<br \/>\u2714\ufe0f Gi\u00e1m s\u00e1t t\u00ecnh tr\u1ea1ng d\u1ea7u theo th\u1eddi gian th\u1ef1c v\u1edbi Oil Contamination Monitor (OCM)<\/p><p>\ud83d\udd39 <strong>Thi\u1ebft b\u1ecb l\u1ecdc d\u1ea7u CJC\u00ae c\u00f3 kh\u1ea3 n\u0103ng lo\u1ea1i b\u1ecf hi\u1ec7u qu\u1ea3 n\u01b0\u1edbc v\u00e0 c\u1eb7n oxi h\u00f3a<\/strong>, gi\u00fap nh\u00e0 m\u00e1y <strong>gi\u1ea3m t\u1ed1i \u0111a h\u1ecfng h\u00f3c, duy tr\u00ec n\u0103ng su\u1ea5t v\u00e0 k\u00e9o d\u00e0i tu\u1ed5i th\u1ecd thi\u1ebft b\u1ecb<\/strong>. H\u00e0ng ngh\u00ecn nh\u00e0 m\u00e1y gi\u1ea5y tr\u00ean th\u1ebf gi\u1edbi \u0111\u00e3 s\u1eed d\u1ee5ng CJC\u00ae \u0111\u1ec3 <strong>\u0111\u1ea3m b\u1ea3o quy tr\u00ecnh s\u1ea3n xu\u1ea5t li\u00ean t\u1ee5c, ti\u1ebft ki\u1ec7m chi ph\u00ed b\u1ea3o tr\u00ec v\u00e0 n\u00e2ng cao hi\u1ec7u su\u1ea5t ho\u1ea1t \u0111\u1ed9ng<\/strong>. \ud83d\udcc4\ud83c\udfed<\/p>\t\t\t\t\t\t\t\t<\/div>\n\t\t\t\t<\/div>\n\t\t\t\t\t<\/div>\n\t\t<\/div>\n\t\t\t\t<div class=\"elementor-column elementor-col-33 elementor-top-column elementor-element elementor-element-b66c2f4\" data-id=\"b66c2f4\" data-element_type=\"column\">\n\t\t\t<div class=\"elementor-widget-wrap elementor-element-populated\">\n\t\t\t\t\t\t<div class=\"elementor-element elementor-element-02f943b elementor-widget elementor-widget-image\" data-id=\"02f943b\" data-element_type=\"widget\" data-widget_type=\"image.default\">\n\t\t\t\t<div class=\"elementor-widget-container\">\n\t\t\t\t\t\t\t\t\t\t\t\t\t\t\t<img fetchpriority=\"high\" decoding=\"async\" width=\"800\" height=\"376\" src=\"https:\/\/fsv.com.vn\/wp-content\/uploads\/2023\/03\/paper-pulp-4692.png\" class=\"attachment-large size-large wp-image-308\" alt=\"\" srcset=\"https:\/\/fsv.com.vn\/wp-content\/uploads\/2023\/03\/paper-pulp-4692.png 850w, https:\/\/fsv.com.vn\/wp-content\/uploads\/2023\/03\/paper-pulp-4692-300x141.png 300w, https:\/\/fsv.com.vn\/wp-content\/uploads\/2023\/03\/paper-pulp-4692-768x361.png 768w\" sizes=\"(max-width: 800px) 100vw, 800px\" \/>\t\t\t\t\t\t\t\t\t\t\t\t\t\t\t<\/div>\n\t\t\t\t<\/div>\n\t\t\t\t<div class=\"elementor-element elementor-element-f832f4c elementor-widget elementor-widget-image\" data-id=\"f832f4c\" data-element_type=\"widget\" data-widget_type=\"image.default\">\n\t\t\t\t<div class=\"elementor-widget-container\">\n\t\t\t\t\t\t\t\t\t\t\t\t\t\t\t<img decoding=\"async\" width=\"725\" height=\"1024\" src=\"https:\/\/fsv.com.vn\/wp-content\/uploads\/2025\/03\/Anh-man-hinh-2025-03-16-luc-10.02.20-725x1024.png\" class=\"attachment-large size-large wp-image-1983\" alt=\"\" srcset=\"https:\/\/fsv.com.vn\/wp-content\/uploads\/2025\/03\/Anh-man-hinh-2025-03-16-luc-10.02.20-725x1024.png 725w, https:\/\/fsv.com.vn\/wp-content\/uploads\/2025\/03\/Anh-man-hinh-2025-03-16-luc-10.02.20-212x300.png 212w, https:\/\/fsv.com.vn\/wp-content\/uploads\/2025\/03\/Anh-man-hinh-2025-03-16-luc-10.02.20-768x1085.png 768w, https:\/\/fsv.com.vn\/wp-content\/uploads\/2025\/03\/Anh-man-hinh-2025-03-16-luc-10.02.20.png 824w\" sizes=\"(max-width: 725px) 100vw, 725px\" \/>\t\t\t\t\t\t\t\t\t\t\t\t\t\t\t<\/div>\n\t\t\t\t<\/div>\n\t\t\t\t<div class=\"elementor-element elementor-element-f8cd39a elementor-widget elementor-widget-text-editor\" data-id=\"f8cd39a\" data-element_type=\"widget\" data-widget_type=\"text-editor.default\">\n\t\t\t\t<div class=\"elementor-widget-container\">\n\t\t\t\t\t\t\t\t\t<h5 data-wpview-marker=\"https%3A%2F%2Fwww.cjc.dk%2Fsystem-solutions%2Findustry%2Fpaper-pulp%2F\"><a href=\"https:\/\/www.cjc.dk\/system-solutions\/industry\/paper-pulp\/\">CJC Paper &amp; Pulp<\/a><\/h5>\t\t\t\t\t\t\t\t<\/div>\n\t\t\t\t<\/div>\n\t\t\t\t\t<\/div>\n\t\t<\/div>\n\t\t\t\t\t<\/div>\n\t\t<\/section>\n\t\t\t\t<section class=\"elementor-section elementor-top-section elementor-element elementor-element-baa0fb9 elementor-section-boxed elementor-section-height-default elementor-section-height-default\" data-id=\"baa0fb9\" data-element_type=\"section\">\n\t\t\t\t\t\t<div class=\"elementor-container elementor-column-gap-default\">\n\t\t\t\t\t<div class=\"elementor-column elementor-col-100 elementor-top-column elementor-element elementor-element-3ed2068\" data-id=\"3ed2068\" data-element_type=\"column\">\n\t\t\t<div class=\"elementor-widget-wrap elementor-element-populated\">\n\t\t\t\t\t\t<div class=\"elementor-element elementor-element-3ba4c4f elementor-widget elementor-widget-spacer\" data-id=\"3ba4c4f\" data-element_type=\"widget\" data-widget_type=\"spacer.default\">\n\t\t\t\t<div class=\"elementor-widget-container\">\n\t\t\t\t\t\t\t<div class=\"elementor-spacer\">\n\t\t\t<div class=\"elementor-spacer-inner\"><\/div>\n\t\t<\/div>\n\t\t\t\t\t\t<\/div>\n\t\t\t\t<\/div>\n\t\t\t\t\t<\/div>\n\t\t<\/div>\n\t\t\t\t\t<\/div>\n\t\t<\/section>\n\t\t\t\t<\/div>\n\t\t","protected":false},"excerpt":{"rendered":"<p>GI\u1ea2I PH\u00c1P L\u1eccC D\u1ea6U CJC\u00ae CHO NG\u00c0NH GI\u1ea4Y V\u00c0 B\u1ed8T GI\u1ea4Y DUY TR\u00cc HI\u1ec6U SU\u1ea4T V\u00c0 \u1ed4N \u0110\u1ecaNH CHO M\u00c1Y M\u00d3C TRONG M\u00d4I TR\u01af\u1edcNG \u1ea8M \u01af\u1edaT Nh\u00e0 m\u00e1y s\u1ea3n xu\u1ea5t gi\u1ea5y v\u00e0 b\u1ed9t gi\u1ea5y l\u00e0 h\u1ec7 th\u1ed1ng s\u1ea3n xu\u1ea5t ph\u1ee9c t\u1ea1p, ho\u1ea1t \u0111\u1ed9ng trong \u0111i\u1ec1u ki\u1ec7n \u0111\u1ed9 \u1ea9m cao v\u00e0 nhi\u1ec7t \u0111\u1ed9 kh\u1eafc nghi\u1ec7t. C\u00e1c [&hellip;]<\/p>\n","protected":false},"author":1,"featured_media":0,"parent":152,"menu_order":8,"comment_status":"closed","ping_status":"closed","template":"","meta":{"footnotes":""},"class_list":["post-306","page","type-page","status-publish","hentry"],"_links":{"self":[{"href":"https:\/\/fsv.com.vn\/index.php\/wp-json\/wp\/v2\/pages\/306","targetHints":{"allow":["GET"]}}],"collection":[{"href":"https:\/\/fsv.com.vn\/index.php\/wp-json\/wp\/v2\/pages"}],"about":[{"href":"https:\/\/fsv.com.vn\/index.php\/wp-json\/wp\/v2\/types\/page"}],"author":[{"embeddable":true,"href":"https:\/\/fsv.com.vn\/index.php\/wp-json\/wp\/v2\/users\/1"}],"replies":[{"embeddable":true,"href":"https:\/\/fsv.com.vn\/index.php\/wp-json\/wp\/v2\/comments?post=306"}],"version-history":[{"count":19,"href":"https:\/\/fsv.com.vn\/index.php\/wp-json\/wp\/v2\/pages\/306\/revisions"}],"predecessor-version":[{"id":2036,"href":"https:\/\/fsv.com.vn\/index.php\/wp-json\/wp\/v2\/pages\/306\/revisions\/2036"}],"up":[{"embeddable":true,"href":"https:\/\/fsv.com.vn\/index.php\/wp-json\/wp\/v2\/pages\/152"}],"wp:attachment":[{"href":"https:\/\/fsv.com.vn\/index.php\/wp-json\/wp\/v2\/media?parent=306"}],"curies":[{"name":"wp","href":"https:\/\/api.w.org\/{rel}","templated":true}]}}