{"id":294,"date":"2023-03-28T08:18:55","date_gmt":"2023-03-28T01:18:55","guid":{"rendered":"https:\/\/fsv.com.vn\/?page_id=294"},"modified":"2025-03-16T09:19:05","modified_gmt":"2025-03-16T02:19:05","slug":"may-cong-cu","status":"publish","type":"page","link":"https:\/\/fsv.com.vn\/index.php\/giai-phap\/cong-nghiep\/may-cong-cu\/","title":{"rendered":"M\u00e1y c\u00f4ng c\u1ee5"},"content":{"rendered":"\t\t<div data-elementor-type=\"wp-page\" data-elementor-id=\"294\" class=\"elementor elementor-294\" data-elementor-post-type=\"page\">\n\t\t\t\t\t\t<section class=\"elementor-section elementor-top-section elementor-element elementor-element-f6cf171 elementor-section-boxed elementor-section-height-default elementor-section-height-default\" data-id=\"f6cf171\" data-element_type=\"section\">\n\t\t\t\t\t\t<div class=\"elementor-container elementor-column-gap-default\">\n\t\t\t\t\t<div class=\"elementor-column elementor-col-100 elementor-top-column elementor-element elementor-element-b898572\" data-id=\"b898572\" data-element_type=\"column\">\n\t\t\t<div class=\"elementor-widget-wrap elementor-element-populated\">\n\t\t\t\t\t\t<div class=\"elementor-element elementor-element-a5b1be8 elementor-widget elementor-widget-spacer\" data-id=\"a5b1be8\" data-element_type=\"widget\" data-widget_type=\"spacer.default\">\n\t\t\t\t<div class=\"elementor-widget-container\">\n\t\t\t\t\t\t\t<div class=\"elementor-spacer\">\n\t\t\t<div class=\"elementor-spacer-inner\"><\/div>\n\t\t<\/div>\n\t\t\t\t\t\t<\/div>\n\t\t\t\t<\/div>\n\t\t\t\t\t<\/div>\n\t\t<\/div>\n\t\t\t\t\t<\/div>\n\t\t<\/section>\n\t\t\t\t<section class=\"elementor-section elementor-top-section elementor-element elementor-element-69e225e elementor-section-boxed elementor-section-height-default elementor-section-height-default\" data-id=\"69e225e\" data-element_type=\"section\">\n\t\t\t\t\t\t<div class=\"elementor-container elementor-column-gap-default\">\n\t\t\t\t\t<div class=\"elementor-column elementor-col-66 elementor-top-column elementor-element elementor-element-b3a497f\" data-id=\"b3a497f\" data-element_type=\"column\">\n\t\t\t<div class=\"elementor-widget-wrap elementor-element-populated\">\n\t\t\t\t\t\t<div class=\"elementor-element elementor-element-d4cf5ad elementor-widget elementor-widget-text-editor\" data-id=\"d4cf5ad\" data-element_type=\"widget\" data-widget_type=\"text-editor.default\">\n\t\t\t\t<div class=\"elementor-widget-container\">\n\t\t\t\t\t\t\t\t\t<h5><strong>GI\u1ea2I PH\u00c1P L\u1eccC D\u1ea6U CJC\u00ae CHO M\u00c1Y C\u00d4NG C\u1ee4<\/strong><\/h5><h4><strong>DUY TR\u00cc HI\u1ec6U SU\u1ea4T V\u00c0 \u0110\u1ed8 \u1ed4N \u0110\u1ecaNH C\u1ee6A M\u00c1Y C\u00d4NG C\u1ee4<\/strong><\/h4><p>M\u00e1y c\u00f4ng c\u1ee5 l\u00e0 thi\u1ebft b\u1ecb s\u1ea3n xu\u1ea5t quan tr\u1ecdng v\u1edbi k\u1ebft c\u1ea5u ph\u1ee9c t\u1ea1p, y\u00eau c\u1ea7u \u0111\u1ed9 ch\u00ednh x\u00e1c cao. H\u1ec7 th\u1ed1ng th\u1ee7y l\u1ef1c v\u00e0 b\u00f4i tr\u01a1n trong m\u00e1y c\u00f4ng c\u1ee5 \u0111\u00f3ng vai tr\u00f2 then ch\u1ed1t, \u0111\u1ea3m b\u1ea3o <strong>hi\u1ec7u su\u1ea5t v\u1eadn h\u00e0nh \u1ed5n \u0111\u1ecbnh v\u00e0 ch\u1ea5t l\u01b0\u1ee3ng s\u1ea3n ph\u1ea9m \u0111\u1ea7u ra<\/strong>. V\u00ec v\u1eady, d\u1ea7u trong h\u1ec7 th\u1ed1ng c\u1ea7n ph\u1ea3i <strong>lu\u00f4n s\u1ea1ch, kh\u00f4 v\u00e0 kh\u00f4ng c\u00f3 c\u1eb7n oxi h\u00f3a<\/strong> \u0111\u1ec3 duy tr\u00ec ho\u1ea1t \u0111\u1ed9ng hi\u1ec7u qu\u1ea3.<\/p><h4><strong>TH\u00c1CH TH\u1ee8C<\/strong><\/h4><p>\ud83d\udd39 <strong>Ph\u1ee5 thu\u1ed9c v\u00e0o b\u1ed9 l\u1ecdc in-line l\u00e0 m\u1ed9t r\u1ee7i ro l\u1edbn<\/strong>. N\u1ebfu d\u1ea7u kh\u00f4ng \u0111\u01b0\u1ee3c l\u1ecdc s\u1ea1ch \u0111\u00fang c\u00e1ch, h\u1ec7 th\u1ed1ng m\u00e1y c\u00f4ng c\u1ee5 s\u1ebd \u0111\u1ed1i m\u1eb7t v\u1edbi c\u00e1c v\u1ea5n \u0111\u1ec1 nghi\u00eam tr\u1ecdng:<\/p><ul><li><strong>Hao m\u00f2n nhanh c\u00e1c linh ki\u1ec7n th\u1ee7y l\u1ef1c<\/strong>, \u0111\u1eb7c bi\u1ec7t l\u00e0 b\u01a1m v\u00e0 van \u0111i\u1ec1u khi\u1ec3n ch\u00ednh x\u00e1c<\/li><li><strong>Gi\u1ea3m hi\u1ec7u su\u1ea5t c\u1ee7a m\u00e1y m\u00f3c, d\u1eabn \u0111\u1ebfn sai s\u1ed1 gia c\u00f4ng v\u00e0 gi\u1ea3m ch\u1ea5t l\u01b0\u1ee3ng s\u1ea3n ph\u1ea9m<\/strong><\/li><li><strong>T\u0103ng nguy c\u01a1 h\u1ecfng h\u00f3c \u0111\u1ed9t xu\u1ea5t, gi\u00e1n \u0111o\u1ea1n s\u1ea3n xu\u1ea5t v\u00e0 ch\u1eadm ti\u1ebfn \u0111\u1ed9 giao h\u00e0ng<\/strong><\/li><li><strong>D\u1ea7u b\u1ecb \u00f4xi h\u00f3a g\u00e2y t\u1eafc van, \u1ea3nh h\u01b0\u1edfng \u0111\u1ebfn kh\u1ea3 n\u0103ng kh\u1edfi \u0111\u1ed9ng v\u00e0 v\u1eadn h\u00e0nh \u1ed5n \u0111\u1ecbnh<\/strong><\/li><\/ul><h4><strong>L\u1ee2I \u00cdCH KHI L\u1eaeP \u0110\u1eb6T THI\u1ebeT B\u1eca L\u1eccC D\u1ea6U CJC\u00ae<\/strong><\/h4><p>\u2714\ufe0f Gi\u1eef m\u00e1y c\u00f4ng c\u1ee5 lu\u00f4n s\u1eb5n s\u00e0ng v\u1eadn h\u00e0nh v\u1edbi hi\u1ec7u su\u1ea5t t\u1ed1i \u01b0u<br \/>\u2714\ufe0f Duy tr\u00ec \u0111\u1ed9 ch\u00ednh x\u00e1c cao trong qu\u00e1 tr\u00ecnh gia c\u00f4ng<br \/>\u2714\ufe0f Gi\u1ea3m nguy c\u01a1 h\u1ecfng h\u00f3c, h\u1ea1n ch\u1ebf d\u1eebng m\u00e1y ngo\u00e0i k\u1ebf ho\u1ea1ch<br \/>\u2714\ufe0f K\u00e9o d\u00e0i tu\u1ed5i th\u1ecd linh ki\u1ec7n quan tr\u1ecdng v\u00e0 gi\u1ea3m chi ph\u00ed b\u1ea3o tr\u00ec<br \/>\u2714\ufe0f Gia t\u0103ng tu\u1ed5i th\u1ecd d\u1ea7u l\u00ean \u0111\u1ebfn 3-4 l\u1ea7n, ti\u1ebft ki\u1ec7m chi ph\u00ed thay d\u1ea7u<br \/>\u2714\ufe0f Gi\u00e1m s\u00e1t t\u00ecnh tr\u1ea1ng d\u1ea7u theo th\u1eddi gian th\u1ef1c v\u1edbi Oil Contamination Monitor (OCM)<\/p><p>\ud83d\udd39 <strong>Thi\u1ebft b\u1ecb l\u1ecdc d\u1ea7u CJC\u00ae c\u00f3 kh\u1ea3 n\u0103ng lo\u1ea1i b\u1ecf hi\u1ec7u qu\u1ea3 t\u1ea1p ch\u1ea5t v\u00e0 c\u1eb7n oxi h\u00f3a<\/strong>, gi\u00fap <strong>b\u1ea3o v\u1ec7 h\u1ec7 th\u1ed1ng m\u00e1y c\u00f4ng c\u1ee5, t\u1ed1i \u01b0u n\u0103ng su\u1ea5t v\u00e0 gi\u1ea3m chi ph\u00ed v\u1eadn h\u00e0nh<\/strong>. H\u00e0ng ngh\u00ecn nh\u00e0 m\u00e1y tr\u00ean th\u1ebf gi\u1edbi \u0111\u00e3 tin t\u01b0\u1edfng v\u00e0 s\u1eed d\u1ee5ng CJC\u00ae \u0111\u1ec3 \u0111\u1ea3m b\u1ea3o <strong>d\u00e2y chuy\u1ec1n s\u1ea3n xu\u1ea5t ho\u1ea1t \u0111\u1ed9ng \u1ed5n \u0111\u1ecbnh, s\u1ea3n ph\u1ea9m \u0111\u1ea1t ch\u1ea5t l\u01b0\u1ee3ng cao nh\u1ea5t<\/strong>. \ud83c\udfed\ud83d\udd29<\/p>\t\t\t\t\t\t\t\t<\/div>\n\t\t\t\t<\/div>\n\t\t\t\t\t<\/div>\n\t\t<\/div>\n\t\t\t\t<div class=\"elementor-column elementor-col-33 elementor-top-column elementor-element elementor-element-d9c2de8\" data-id=\"d9c2de8\" data-element_type=\"column\">\n\t\t\t<div class=\"elementor-widget-wrap elementor-element-populated\">\n\t\t\t\t\t\t<div class=\"elementor-element elementor-element-02f943b elementor-widget elementor-widget-image\" data-id=\"02f943b\" data-element_type=\"widget\" data-widget_type=\"image.default\">\n\t\t\t\t<div class=\"elementor-widget-container\">\n\t\t\t\t\t\t\t\t\t\t\t\t\t\t\t<img fetchpriority=\"high\" decoding=\"async\" width=\"800\" height=\"376\" src=\"https:\/\/fsv.com.vn\/wp-content\/uploads\/2023\/03\/machinetoolstoppicture-6718.jpg\" class=\"attachment-large size-large wp-image-296\" alt=\"\" srcset=\"https:\/\/fsv.com.vn\/wp-content\/uploads\/2023\/03\/machinetoolstoppicture-6718.jpg 850w, https:\/\/fsv.com.vn\/wp-content\/uploads\/2023\/03\/machinetoolstoppicture-6718-300x141.jpg 300w, https:\/\/fsv.com.vn\/wp-content\/uploads\/2023\/03\/machinetoolstoppicture-6718-768x361.jpg 768w\" sizes=\"(max-width: 800px) 100vw, 800px\" \/>\t\t\t\t\t\t\t\t\t\t\t\t\t\t\t<\/div>\n\t\t\t\t<\/div>\n\t\t\t\t<div class=\"elementor-element elementor-element-48d3cd2 elementor-widget elementor-widget-image\" data-id=\"48d3cd2\" data-element_type=\"widget\" data-widget_type=\"image.default\">\n\t\t\t\t<div class=\"elementor-widget-container\">\n\t\t\t\t\t\t\t\t\t\t\t\t\t\t\t<img decoding=\"async\" width=\"800\" height=\"991\" src=\"https:\/\/fsv.com.vn\/wp-content\/uploads\/2025\/03\/Anh-man-hinh-2025-03-16-luc-09.17.10-827x1024.png\" class=\"attachment-large size-large wp-image-1968\" alt=\"\" srcset=\"https:\/\/fsv.com.vn\/wp-content\/uploads\/2025\/03\/Anh-man-hinh-2025-03-16-luc-09.17.10-827x1024.png 827w, https:\/\/fsv.com.vn\/wp-content\/uploads\/2025\/03\/Anh-man-hinh-2025-03-16-luc-09.17.10-242x300.png 242w, https:\/\/fsv.com.vn\/wp-content\/uploads\/2025\/03\/Anh-man-hinh-2025-03-16-luc-09.17.10-768x951.png 768w, https:\/\/fsv.com.vn\/wp-content\/uploads\/2025\/03\/Anh-man-hinh-2025-03-16-luc-09.17.10.png 924w\" sizes=\"(max-width: 800px) 100vw, 800px\" \/>\t\t\t\t\t\t\t\t\t\t\t\t\t\t\t<\/div>\n\t\t\t\t<\/div>\n\t\t\t\t<div class=\"elementor-element elementor-element-13ae564 elementor-widget elementor-widget-text-editor\" data-id=\"13ae564\" data-element_type=\"widget\" data-widget_type=\"text-editor.default\">\n\t\t\t\t<div class=\"elementor-widget-container\">\n\t\t\t\t\t\t\t\t\t<h5><a href=\"https:\/\/www.cjc.dk\/fileadmin\/root\/File_Admin_Filter\/doc_Customer_Cases\/Industry_HydraulicOil_MitsubishiLatheLubricationSystem_ASIN5054UK.pdf\">Hydraulic Oil Mitsubishi Lathe Lubrication System<\/a><\/h5><h5><a href=\"https:\/\/www.cjc.dk\/system-solutions\/industry\/machine-tools\/\">CJC Machine Tools<\/a><\/h5><h5>\u00a0<\/h5><h5>\u00a0<\/h5>\t\t\t\t\t\t\t\t<\/div>\n\t\t\t\t<\/div>\n\t\t\t\t\t<\/div>\n\t\t<\/div>\n\t\t\t\t\t<\/div>\n\t\t<\/section>\n\t\t\t\t<section class=\"elementor-section elementor-top-section elementor-element elementor-element-e47b627 elementor-section-boxed elementor-section-height-default elementor-section-height-default\" data-id=\"e47b627\" data-element_type=\"section\">\n\t\t\t\t\t\t<div class=\"elementor-container elementor-column-gap-default\">\n\t\t\t\t\t<div class=\"elementor-column elementor-col-100 elementor-top-column elementor-element elementor-element-78a31f3\" data-id=\"78a31f3\" data-element_type=\"column\">\n\t\t\t<div class=\"elementor-widget-wrap elementor-element-populated\">\n\t\t\t\t\t\t<div class=\"elementor-element elementor-element-ddf492c elementor-widget elementor-widget-spacer\" data-id=\"ddf492c\" data-element_type=\"widget\" data-widget_type=\"spacer.default\">\n\t\t\t\t<div class=\"elementor-widget-container\">\n\t\t\t\t\t\t\t<div class=\"elementor-spacer\">\n\t\t\t<div class=\"elementor-spacer-inner\"><\/div>\n\t\t<\/div>\n\t\t\t\t\t\t<\/div>\n\t\t\t\t<\/div>\n\t\t\t\t\t<\/div>\n\t\t<\/div>\n\t\t\t\t\t<\/div>\n\t\t<\/section>\n\t\t\t\t<\/div>\n\t\t","protected":false},"excerpt":{"rendered":"<p>GI\u1ea2I PH\u00c1P L\u1eccC D\u1ea6U CJC\u00ae CHO M\u00c1Y C\u00d4NG C\u1ee4 DUY TR\u00cc HI\u1ec6U SU\u1ea4T V\u00c0 \u0110\u1ed8 \u1ed4N \u0110\u1ecaNH C\u1ee6A M\u00c1Y C\u00d4NG C\u1ee4 M\u00e1y c\u00f4ng c\u1ee5 l\u00e0 thi\u1ebft b\u1ecb s\u1ea3n xu\u1ea5t quan tr\u1ecdng v\u1edbi k\u1ebft c\u1ea5u ph\u1ee9c t\u1ea1p, y\u00eau c\u1ea7u \u0111\u1ed9 ch\u00ednh x\u00e1c cao. H\u1ec7 th\u1ed1ng th\u1ee7y l\u1ef1c v\u00e0 b\u00f4i tr\u01a1n trong m\u00e1y c\u00f4ng c\u1ee5 \u0111\u00f3ng vai [&hellip;]<\/p>\n","protected":false},"author":1,"featured_media":0,"parent":152,"menu_order":6,"comment_status":"closed","ping_status":"closed","template":"","meta":{"footnotes":""},"class_list":["post-294","page","type-page","status-publish","hentry"],"_links":{"self":[{"href":"https:\/\/fsv.com.vn\/index.php\/wp-json\/wp\/v2\/pages\/294","targetHints":{"allow":["GET"]}}],"collection":[{"href":"https:\/\/fsv.com.vn\/index.php\/wp-json\/wp\/v2\/pages"}],"about":[{"href":"https:\/\/fsv.com.vn\/index.php\/wp-json\/wp\/v2\/types\/page"}],"author":[{"embeddable":true,"href":"https:\/\/fsv.com.vn\/index.php\/wp-json\/wp\/v2\/users\/1"}],"replies":[{"embeddable":true,"href":"https:\/\/fsv.com.vn\/index.php\/wp-json\/wp\/v2\/comments?post=294"}],"version-history":[{"count":19,"href":"https:\/\/fsv.com.vn\/index.php\/wp-json\/wp\/v2\/pages\/294\/revisions"}],"predecessor-version":[{"id":1974,"href":"https:\/\/fsv.com.vn\/index.php\/wp-json\/wp\/v2\/pages\/294\/revisions\/1974"}],"up":[{"embeddable":true,"href":"https:\/\/fsv.com.vn\/index.php\/wp-json\/wp\/v2\/pages\/152"}],"wp:attachment":[{"href":"https:\/\/fsv.com.vn\/index.php\/wp-json\/wp\/v2\/media?parent=294"}],"curies":[{"name":"wp","href":"https:\/\/api.w.org\/{rel}","templated":true}]}}