{"id":288,"date":"2023-03-28T08:17:27","date_gmt":"2023-03-28T01:17:27","guid":{"rendered":"https:\/\/fsv.com.vn\/?page_id=288"},"modified":"2025-03-16T10:37:33","modified_gmt":"2025-03-16T03:37:33","slug":"may-ep-thuy-luc","status":"publish","type":"page","link":"https:\/\/fsv.com.vn\/index.php\/giai-phap\/cong-nghiep\/may-ep-thuy-luc\/","title":{"rendered":"NM S\u1ea3n xu\u1ea5t M\u00e1y \u00e9p th\u1ee7y l\u1ef1c"},"content":{"rendered":"\t\t<div data-elementor-type=\"wp-page\" data-elementor-id=\"288\" class=\"elementor elementor-288\" data-elementor-post-type=\"page\">\n\t\t\t\t\t\t<section class=\"elementor-section elementor-top-section elementor-element elementor-element-c28b47a elementor-section-boxed elementor-section-height-default elementor-section-height-default\" data-id=\"c28b47a\" data-element_type=\"section\">\n\t\t\t\t\t\t<div class=\"elementor-container elementor-column-gap-default\">\n\t\t\t\t\t<div class=\"elementor-column elementor-col-100 elementor-top-column elementor-element elementor-element-9fa7277\" data-id=\"9fa7277\" data-element_type=\"column\">\n\t\t\t<div class=\"elementor-widget-wrap elementor-element-populated\">\n\t\t\t\t\t\t<div class=\"elementor-element elementor-element-3485328 elementor-widget elementor-widget-spacer\" data-id=\"3485328\" data-element_type=\"widget\" data-widget_type=\"spacer.default\">\n\t\t\t\t<div class=\"elementor-widget-container\">\n\t\t\t\t\t\t\t<div class=\"elementor-spacer\">\n\t\t\t<div class=\"elementor-spacer-inner\"><\/div>\n\t\t<\/div>\n\t\t\t\t\t\t<\/div>\n\t\t\t\t<\/div>\n\t\t\t\t\t<\/div>\n\t\t<\/div>\n\t\t\t\t\t<\/div>\n\t\t<\/section>\n\t\t\t\t<section class=\"elementor-section elementor-top-section elementor-element elementor-element-d58d2f3 elementor-section-boxed elementor-section-height-default elementor-section-height-default\" data-id=\"d58d2f3\" data-element_type=\"section\">\n\t\t\t\t\t\t<div class=\"elementor-container elementor-column-gap-default\">\n\t\t\t\t\t<div class=\"elementor-column elementor-col-66 elementor-top-column elementor-element elementor-element-8b58331\" data-id=\"8b58331\" data-element_type=\"column\">\n\t\t\t<div class=\"elementor-widget-wrap elementor-element-populated\">\n\t\t\t\t\t\t<div class=\"elementor-element elementor-element-87f3287 elementor-widget elementor-widget-text-editor\" data-id=\"87f3287\" data-element_type=\"widget\" data-widget_type=\"text-editor.default\">\n\t\t\t\t<div class=\"elementor-widget-container\">\n\t\t\t\t\t\t\t\t\t<h5 data-start=\"0\" data-end=\"52\"><strong data-start=\"4\" data-end=\"50\">GI\u1ea2I PH\u00c1P L\u1eccC D\u1ea6U CJC\u00ae CHO M\u00c1Y \u00c9P TH\u1ee6Y L\u1ef0C<\/strong><\/h5><h4 data-start=\"54\" data-end=\"119\"><strong data-start=\"59\" data-end=\"117\">DUY TR\u00cc HI\u1ec6U SU\u1ea4T V\u00c0 \u0110\u1ed8 TIN C\u1eacY C\u1ee6A M\u00c1Y \u00c9P TH\u1ee6Y L\u1ef0C<\/strong><\/h4><p data-start=\"120\" data-end=\"452\">M\u00e1y \u00e9p th\u1ee7y l\u1ef1c l\u00e0 thi\u1ebft b\u1ecb s\u1ea3n xu\u1ea5t c\u00f3 k\u1ebft c\u1ea5u ph\u1ee9c t\u1ea1p, trong \u0111\u00f3 <strong data-start=\"187\" data-end=\"266\">\u0111\u1ed9 tin c\u1eady c\u1ee7a h\u1ec7 th\u1ed1ng \u0111\u00f3ng vai tr\u00f2 quan tr\u1ecdng \u0111\u1ec3 duy tr\u00ec n\u0103ng su\u1ea5t \u0111\u1ea7u ra<\/strong>. H\u1ec7 th\u1ed1ng th\u1ee7y l\u1ef1c c\u1ee7a m\u00e1y \u00e9p bao g\u1ed3m nhi\u1ec1u b\u1ed9 ph\u1eadn quan tr\u1ecdng nh\u01b0 b\u01a1m v\u00e0 van t\u1ef7 l\u1ec7, \u0111\u00f2i h\u1ecfi <strong data-start=\"360\" data-end=\"420\">d\u1ea7u th\u1ee7y l\u1ef1c ph\u1ea3i lu\u00f4n s\u1ea1ch, kh\u00f4 v\u00e0 kh\u00f4ng c\u00f3 c\u1eb7n oxi h\u00f3a<\/strong> \u0111\u1ec3 \u0111\u1ea3m b\u1ea3o ho\u1ea1t \u0111\u1ed9ng \u1ed5n \u0111\u1ecbnh.<\/p><h4 data-start=\"454\" data-end=\"478\"><strong data-start=\"459\" data-end=\"476\">TH\u00c1CH TH\u1ee8C<\/strong><\/h4><p data-start=\"479\" data-end=\"621\">\ud83d\udd39 <strong data-start=\"482\" data-end=\"539\">Ph\u1ee5 thu\u1ed9c v\u00e0o b\u1ed9 l\u1ecdc in-line l\u00e0 chi\u1ebfn l\u01b0\u1ee3c r\u1ee7i ro cao<\/strong>. N\u1ebfu kh\u00f4ng l\u1ecdc s\u1ea1ch d\u1ea7u \u0111\u00fang c\u00e1ch, m\u00e1y \u00e9p th\u1ee7y l\u1ef1c s\u1ebd \u0111\u1ed1i m\u1eb7t v\u1edbi nhi\u1ec1u v\u1ea5n \u0111\u1ec1:<\/p><ul data-start=\"622\" data-end=\"1031\"><li data-start=\"622\" data-end=\"742\"><strong data-start=\"624\" data-end=\"677\">S\u1ef1 t\u00edch t\u1ee5 h\u1ea1t b\u1ea9n v\u1edbi nhi\u1ec1u k\u00edch th\u01b0\u1edbc kh\u00e1c nhau<\/strong>, g\u00e2y ra <strong data-start=\"686\" data-end=\"740\">gi\u1ea3m hi\u1ec7u su\u1ea5t s\u1ea3n xu\u1ea5t v\u00e0 s\u1ea3n ph\u1ea9m k\u00e9m ch\u1ea5t l\u01b0\u1ee3ng<\/strong><\/li><li data-start=\"743\" data-end=\"828\"><strong data-start=\"745\" data-end=\"781\">M\u00f2n nhanh c\u00e1c linh ki\u1ec7n th\u1ee7y l\u1ef1c<\/strong> nh\u01b0 b\u01a1m v\u00e0 van, d\u1eabn \u0111\u1ebfn chi ph\u00ed s\u1eeda ch\u1eefa cao<\/li><li data-start=\"829\" data-end=\"900\"><strong data-start=\"831\" data-end=\"877\">Hi\u1ec7u su\u1ea5t b\u01a1m th\u1ee7y l\u1ef1c c\u00f3 th\u1ec3 gi\u1ea3m t\u1edbi 20%<\/strong> khi d\u1ea7u b\u1ecb nhi\u1ec5m b\u1ea9n<\/li><li data-start=\"901\" data-end=\"1031\"><strong data-start=\"903\" data-end=\"933\">D\u1ea7u b\u1ecb \u00f4xi h\u00f3a g\u00e2y t\u1eafc van<\/strong>, \u0111\u1eb7c bi\u1ec7t l\u00e0 trong qu\u00e1 tr\u00ecnh kh\u1edfi \u0111\u1ed9ng, d\u1eabn \u0111\u1ebfn th\u1eddi gian ch\u1ebft m\u00e1y v\u00e0 chi ph\u00ed v\u1eadn h\u00e0nh t\u0103ng cao<\/li><\/ul><h4 data-start=\"1033\" data-end=\"1087\"><strong data-start=\"1038\" data-end=\"1085\">L\u1ee2I \u00cdCH KHI L\u1eaeP \u0110\u1eb6T THI\u1ebeT B\u1eca L\u1eccC D\u1ea6U CJC\u00ae<\/strong><\/h4><p data-start=\"1088\" data-end=\"1499\">\u2714\ufe0f Gi\u1eef m\u00e1y \u00e9p th\u1ee7y l\u1ef1c lu\u00f4n trong tr\u1ea1ng th\u00e1i s\u1eb5n s\u00e0ng v\u1eadn h\u00e0nh<br data-start=\"1154\" data-end=\"1157\" \/>\u2714\ufe0f Duy tr\u00ec hi\u1ec7u su\u1ea5t v\u00e0 t\u00ednh \u1ed5n \u0111\u1ecbnh c\u1ee7a quy tr\u00ecnh s\u1ea3n xu\u1ea5t<br data-start=\"1220\" data-end=\"1223\" \/>\u2714\ufe0f Gi\u1ea3m nguy c\u01a1 h\u1ecfng h\u00f3c, gi\u1ea3m th\u1eddi gian ng\u1eebng m\u00e1y v\u00e0 b\u1ea3o tr\u00ec<br data-start=\"1288\" data-end=\"1291\" \/>\u2714\ufe0f K\u00e9o d\u00e0i tu\u1ed5i th\u1ecd c\u1ee7a c\u00e1c linh ki\u1ec7n th\u1ee7y l\u1ef1c quan tr\u1ecdng<br data-start=\"1352\" data-end=\"1355\" \/>\u2714\ufe0f Gia t\u0103ng tu\u1ed5i th\u1ecd d\u1ea7u th\u1ee7y l\u1ef1c l\u00ean \u0111\u1ebfn 3-4 l\u1ea7n<br data-start=\"1408\" data-end=\"1411\" \/>\u2714\ufe0f Gi\u00e1m s\u00e1t t\u00ecnh tr\u1ea1ng d\u1ea7u theo th\u1eddi gian th\u1ef1c v\u1edbi Oil Contamination Monitor (OCM)<\/p><p data-start=\"1501\" data-end=\"1816\" data-is-last-node=\"\" data-is-only-node=\"\">\ud83d\udd39 <strong data-start=\"1504\" data-end=\"1585\">Thi\u1ebft b\u1ecb l\u1ecdc d\u1ea7u CJC\u00ae \u0111\u01b0\u1ee3c thi\u1ebft k\u1ebf \u0111\u1ec3 \u0111\u00e1p \u1ee9ng h\u1ec7 th\u1ed1ng c\u00f3 l\u01b0\u1ee3ng t\u1ea1p ch\u1ea5t cao<\/strong>, gi\u00fap nh\u00e0 m\u00e1y <strong data-start=\"1600\" data-end=\"1677\">tr\u00e1nh d\u1eebng s\u1ea3n xu\u1ea5t ngo\u00e0i k\u1ebf ho\u1ea1ch do ph\u1ea3i thay d\u1ea7u ho\u1eb7c b\u1ea3o tr\u00ec thi\u1ebft b\u1ecb<\/strong>. H\u00e0ng ngh\u00ecn m\u00e1y \u00e9p th\u1ee7y l\u1ef1c tr\u00ean th\u1ebf gi\u1edbi \u0111\u00e3 s\u1eed d\u1ee5ng CJC\u00ae \u0111\u1ec3 <strong data-start=\"1739\" data-end=\"1810\">gi\u1ea3m chi ph\u00ed b\u1ea3o tr\u00ec, t\u1ed1i \u01b0u hi\u1ec7u su\u1ea5t v\u00e0 k\u00e9o d\u00e0i tu\u1ed5i th\u1ecd thi\u1ebft b\u1ecb<\/strong>. \ud83c\udfed\ud83d\udd29<\/p>\t\t\t\t\t\t\t\t<\/div>\n\t\t\t\t<\/div>\n\t\t\t\t\t<\/div>\n\t\t<\/div>\n\t\t\t\t<div class=\"elementor-column elementor-col-33 elementor-top-column elementor-element elementor-element-a00fbcf\" data-id=\"a00fbcf\" data-element_type=\"column\">\n\t\t\t<div class=\"elementor-widget-wrap elementor-element-populated\">\n\t\t\t\t\t\t<div class=\"elementor-element elementor-element-02f943b elementor-widget elementor-widget-image\" data-id=\"02f943b\" data-element_type=\"widget\" data-widget_type=\"image.default\">\n\t\t\t\t<div class=\"elementor-widget-container\">\n\t\t\t\t\t\t\t\t\t\t\t\t\t\t\t<img fetchpriority=\"high\" decoding=\"async\" width=\"800\" height=\"376\" src=\"https:\/\/fsv.com.vn\/wp-content\/uploads\/2023\/03\/may-ep-thuy-luc-8061.png\" class=\"attachment-large size-large wp-image-290\" alt=\"\" srcset=\"https:\/\/fsv.com.vn\/wp-content\/uploads\/2023\/03\/may-ep-thuy-luc-8061.png 850w, https:\/\/fsv.com.vn\/wp-content\/uploads\/2023\/03\/may-ep-thuy-luc-8061-300x141.png 300w, https:\/\/fsv.com.vn\/wp-content\/uploads\/2023\/03\/may-ep-thuy-luc-8061-768x361.png 768w\" sizes=\"(max-width: 800px) 100vw, 800px\" \/>\t\t\t\t\t\t\t\t\t\t\t\t\t\t\t<\/div>\n\t\t\t\t<\/div>\n\t\t\t\t<div class=\"elementor-element elementor-element-b26b5f2 elementor-widget elementor-widget-image\" data-id=\"b26b5f2\" data-element_type=\"widget\" data-widget_type=\"image.default\">\n\t\t\t\t<div class=\"elementor-widget-container\">\n\t\t\t\t\t\t\t\t\t\t\t\t\t\t\t<img decoding=\"async\" width=\"800\" height=\"773\" src=\"https:\/\/fsv.com.vn\/wp-content\/uploads\/2025\/03\/Anh-man-hinh-2025-03-16-luc-09.08.01-1024x989.png\" class=\"attachment-large size-large wp-image-1957\" alt=\"\" srcset=\"https:\/\/fsv.com.vn\/wp-content\/uploads\/2025\/03\/Anh-man-hinh-2025-03-16-luc-09.08.01-1024x989.png 1024w, https:\/\/fsv.com.vn\/wp-content\/uploads\/2025\/03\/Anh-man-hinh-2025-03-16-luc-09.08.01-300x290.png 300w, https:\/\/fsv.com.vn\/wp-content\/uploads\/2025\/03\/Anh-man-hinh-2025-03-16-luc-09.08.01-768x742.png 768w, https:\/\/fsv.com.vn\/wp-content\/uploads\/2025\/03\/Anh-man-hinh-2025-03-16-luc-09.08.01.png 1102w\" sizes=\"(max-width: 800px) 100vw, 800px\" \/>\t\t\t\t\t\t\t\t\t\t\t\t\t\t\t<\/div>\n\t\t\t\t<\/div>\n\t\t\t\t<div class=\"elementor-element elementor-element-578ae9f elementor-widget elementor-widget-text-editor\" data-id=\"578ae9f\" data-element_type=\"widget\" data-widget_type=\"text-editor.default\">\n\t\t\t\t<div class=\"elementor-widget-container\">\n\t\t\t\t\t\t\t\t\t<h5><a href=\"https:\/\/www.cjc.dk\/fileadmin\/root\/File_Admin_Filter\/doc_Customer_Cases\/Industry_HydraulicOil_SacmiCeramicPress_ASIN5067UK.pdf\">Hydraulic Oil &#8211; Sacmi Ceramic Press<\/a><\/h5><h5><a href=\"http:\/\/cjc.dk\/system-solutions\/industry\/hydraulic-presses\/\">CJC &#8211; M\u00e1y \u00e9p thu\u1ef7 l\u1ef1c<\/a><\/h5><h5>\u00a0<\/h5>\t\t\t\t\t\t\t\t<\/div>\n\t\t\t\t<\/div>\n\t\t\t\t\t<\/div>\n\t\t<\/div>\n\t\t\t\t\t<\/div>\n\t\t<\/section>\n\t\t\t\t<section class=\"elementor-section elementor-top-section elementor-element elementor-element-049bdca elementor-section-boxed elementor-section-height-default elementor-section-height-default\" data-id=\"049bdca\" data-element_type=\"section\">\n\t\t\t\t\t\t<div class=\"elementor-container elementor-column-gap-default\">\n\t\t\t\t\t<div class=\"elementor-column elementor-col-100 elementor-top-column elementor-element elementor-element-34a04d8\" data-id=\"34a04d8\" data-element_type=\"column\">\n\t\t\t<div class=\"elementor-widget-wrap elementor-element-populated\">\n\t\t\t\t\t\t<div class=\"elementor-element elementor-element-5b52ea2 elementor-widget elementor-widget-spacer\" data-id=\"5b52ea2\" data-element_type=\"widget\" data-widget_type=\"spacer.default\">\n\t\t\t\t<div class=\"elementor-widget-container\">\n\t\t\t\t\t\t\t<div class=\"elementor-spacer\">\n\t\t\t<div class=\"elementor-spacer-inner\"><\/div>\n\t\t<\/div>\n\t\t\t\t\t\t<\/div>\n\t\t\t\t<\/div>\n\t\t\t\t\t<\/div>\n\t\t<\/div>\n\t\t\t\t\t<\/div>\n\t\t<\/section>\n\t\t\t\t<\/div>\n\t\t","protected":false},"excerpt":{"rendered":"<p>GI\u1ea2I PH\u00c1P L\u1eccC D\u1ea6U CJC\u00ae CHO M\u00c1Y \u00c9P TH\u1ee6Y L\u1ef0C DUY TR\u00cc HI\u1ec6U SU\u1ea4T V\u00c0 \u0110\u1ed8 TIN C\u1eacY C\u1ee6A M\u00c1Y \u00c9P TH\u1ee6Y L\u1ef0C M\u00e1y \u00e9p th\u1ee7y l\u1ef1c l\u00e0 thi\u1ebft b\u1ecb s\u1ea3n xu\u1ea5t c\u00f3 k\u1ebft c\u1ea5u ph\u1ee9c t\u1ea1p, trong \u0111\u00f3 \u0111\u1ed9 tin c\u1eady c\u1ee7a h\u1ec7 th\u1ed1ng \u0111\u00f3ng vai tr\u00f2 quan tr\u1ecdng \u0111\u1ec3 duy tr\u00ec n\u0103ng su\u1ea5t [&hellip;]<\/p>\n","protected":false},"author":1,"featured_media":0,"parent":152,"menu_order":5,"comment_status":"closed","ping_status":"closed","template":"","meta":{"footnotes":""},"class_list":["post-288","page","type-page","status-publish","hentry"],"_links":{"self":[{"href":"https:\/\/fsv.com.vn\/index.php\/wp-json\/wp\/v2\/pages\/288","targetHints":{"allow":["GET"]}}],"collection":[{"href":"https:\/\/fsv.com.vn\/index.php\/wp-json\/wp\/v2\/pages"}],"about":[{"href":"https:\/\/fsv.com.vn\/index.php\/wp-json\/wp\/v2\/types\/page"}],"author":[{"embeddable":true,"href":"https:\/\/fsv.com.vn\/index.php\/wp-json\/wp\/v2\/users\/1"}],"replies":[{"embeddable":true,"href":"https:\/\/fsv.com.vn\/index.php\/wp-json\/wp\/v2\/comments?post=288"}],"version-history":[{"count":20,"href":"https:\/\/fsv.com.vn\/index.php\/wp-json\/wp\/v2\/pages\/288\/revisions"}],"predecessor-version":[{"id":2034,"href":"https:\/\/fsv.com.vn\/index.php\/wp-json\/wp\/v2\/pages\/288\/revisions\/2034"}],"up":[{"embeddable":true,"href":"https:\/\/fsv.com.vn\/index.php\/wp-json\/wp\/v2\/pages\/152"}],"wp:attachment":[{"href":"https:\/\/fsv.com.vn\/index.php\/wp-json\/wp\/v2\/media?parent=288"}],"curies":[{"name":"wp","href":"https:\/\/api.w.org\/{rel}","templated":true}]}}