{"id":282,"date":"2023-03-28T08:16:23","date_gmt":"2023-03-28T01:16:23","guid":{"rendered":"https:\/\/fsv.com.vn\/?page_id=282"},"modified":"2025-03-16T10:38:09","modified_gmt":"2025-03-16T03:38:09","slug":"nsx-he-thong-thuy-luc","status":"publish","type":"page","link":"https:\/\/fsv.com.vn\/index.php\/giai-phap\/cong-nghiep\/nsx-he-thong-thuy-luc\/","title":{"rendered":"NM S\u1ea3n xu\u1ea5t H\u1ec7 th\u1ed1ng th\u1ee7y l\u1ef1c"},"content":{"rendered":"\t\t<div data-elementor-type=\"wp-page\" data-elementor-id=\"282\" class=\"elementor elementor-282\" data-elementor-post-type=\"page\">\n\t\t\t\t\t\t<section class=\"elementor-section elementor-top-section elementor-element elementor-element-41ab920 elementor-section-boxed elementor-section-height-default elementor-section-height-default\" data-id=\"41ab920\" data-element_type=\"section\">\n\t\t\t\t\t\t<div class=\"elementor-container elementor-column-gap-default\">\n\t\t\t\t\t<div class=\"elementor-column elementor-col-100 elementor-top-column elementor-element elementor-element-0401118\" data-id=\"0401118\" data-element_type=\"column\">\n\t\t\t<div class=\"elementor-widget-wrap elementor-element-populated\">\n\t\t\t\t\t\t<div class=\"elementor-element elementor-element-7d224fd elementor-widget elementor-widget-spacer\" data-id=\"7d224fd\" data-element_type=\"widget\" data-widget_type=\"spacer.default\">\n\t\t\t\t<div class=\"elementor-widget-container\">\n\t\t\t\t\t\t\t<div class=\"elementor-spacer\">\n\t\t\t<div class=\"elementor-spacer-inner\"><\/div>\n\t\t<\/div>\n\t\t\t\t\t\t<\/div>\n\t\t\t\t<\/div>\n\t\t\t\t\t<\/div>\n\t\t<\/div>\n\t\t\t\t\t<\/div>\n\t\t<\/section>\n\t\t\t\t<section class=\"elementor-section elementor-top-section elementor-element elementor-element-bba42ff elementor-section-boxed elementor-section-height-default elementor-section-height-default\" data-id=\"bba42ff\" data-element_type=\"section\">\n\t\t\t\t\t\t<div class=\"elementor-container elementor-column-gap-default\">\n\t\t\t\t\t<div class=\"elementor-column elementor-col-66 elementor-top-column elementor-element elementor-element-b241049\" data-id=\"b241049\" data-element_type=\"column\">\n\t\t\t<div class=\"elementor-widget-wrap elementor-element-populated\">\n\t\t\t\t\t\t<div class=\"elementor-element elementor-element-0b9714f elementor-widget elementor-widget-text-editor\" data-id=\"0b9714f\" data-element_type=\"widget\" data-widget_type=\"text-editor.default\">\n\t\t\t\t<div class=\"elementor-widget-container\">\n\t\t\t\t\t\t\t\t\t<h5><strong>GI\u1ea2I PH\u00c1P L\u1eccC D\u1ea6U CJC\u00ae CHO C\u00c1C NH\u00c0 S\u1ea2N XU\u1ea4T H\u1ec6 TH\u1ed0NG TH\u1ee6Y L\u1ef0C<\/strong><\/h5><h4><strong>\u0110\u1ea2M B\u1ea2O CH\u1ea4T L\u01af\u1ee2NG &amp; \u0110\u1ed8 TIN C\u1eacY C\u1ee6A THI\u1ebeT B\u1eca KI\u1ec2M TRA<\/strong><\/h4><p>C\u00e1c nh\u00e0 m\u00e1y s\u1ea3n xu\u1ea5t h\u1ec7 th\u1ed1ng th\u1ee7y l\u1ef1c s\u1eed d\u1ee5ng d\u00e2y chuy\u1ec1n t\u1ef1 \u0111\u1ed9ng h\u00f3a cao, trong \u0111\u00f3 <strong>\u0111\u1ed9 tin c\u1eady c\u1ee7a thi\u1ebft b\u1ecb ki\u1ec3m tra<\/strong> \u0111\u00f3ng vai tr\u00f2 quan tr\u1ecdng \u0111\u1ec3 duy tr\u00ec s\u1ea3n l\u01b0\u1ee3ng v\u00e0 ch\u1ea5t l\u01b0\u1ee3ng s\u1ea3n ph\u1ea9m. <strong>B\u00e0n th\u1eed th\u1ee7y l\u1ef1c<\/strong> \u0111\u01b0\u1ee3c s\u1eed d\u1ee5ng \u0111\u1ec3 ki\u1ec3m tra s\u1ea3n ph\u1ea9m, \u0111\u1ea3m b\u1ea3o \u0111\u00e1p \u1ee9ng c\u00e1c ti\u00eau chu\u1ea9n k\u1ef9 thu\u1eadt v\u00e0 th\u1ef1c hi\u1ec7n s\u00fac r\u1eeda s\u1ea3n ph\u1ea9m tr\u01b0\u1edbc khi giao h\u00e0ng. V\u00ec v\u1eady, <strong>vi\u1ec7c duy tr\u00ec d\u1ea7u th\u1ee7y l\u1ef1c s\u1ea1ch v\u00e0 kh\u00f4 l\u00e0 y\u1ebfu t\u1ed1 then ch\u1ed1t<\/strong>.<\/p><h4><strong>\ud83d\udd38 TH\u00c1CH TH\u1ee8C<\/strong><\/h4><p>\ud83d\udd39 Trong qu\u00e1 tr\u00ecnh s\u1ea3n xu\u1ea5t, <strong>h\u00e0m l\u01b0\u1ee3ng l\u1edbn h\u1ea1t kim lo\u1ea1i sinh ra<\/strong> t\u1eeb c\u00e1c chi ti\u1ebft th\u1ee7y l\u1ef1c c\u00f3 th\u1ec3 g\u00e2y ra nhi\u1ec1u r\u1ee7i ro:<\/p><ul><li><strong>L\u00e0m gi\u1ea3m ch\u1ea5t l\u01b0\u1ee3ng s\u1ea3n ph\u1ea9m<\/strong>, n\u1ebfu c\u00e1c h\u1ea1t kim lo\u1ea1i kh\u00f4ng \u0111\u01b0\u1ee3c lo\u1ea1i b\u1ecf ho\u00e0n to\u00e0n tr\u01b0\u1edbc khi xu\u1ea5t x\u01b0\u1edfng<\/li><li><strong>T\u0103ng nguy c\u01a1 h\u01b0 h\u1ecfng h\u1ec7 th\u1ed1ng th\u1ee7y l\u1ef1c<\/strong> c\u1ee7a kh\u00e1ch h\u00e0ng, d\u1eabn \u0111\u1ebfn t\u1ed5n th\u1ea5t uy t\u00edn c\u1ee7a nh\u00e0 s\u1ea3n xu\u1ea5t<\/li><li><strong>Chi ph\u00ed thay th\u1ebf l\u00f5i l\u1ecdc cao<\/strong>, n\u1ebfu ch\u1ec9 s\u1eed d\u1ee5ng b\u1ed9 l\u1ecdc d\u1ea7u d\u1ea1ng in-line \u00e1p l\u1ef1c<\/li><li><strong>H\u01b0 h\u1ecfng thi\u1ebft b\u1ecb b\u00e0n th\u1eed<\/strong>, do d\u1ea7u kh\u00f4ng \u0111\u01b0\u1ee3c l\u1ecdc s\u1ea1ch \u0111\u00fang ti\u00eau chu\u1ea9n<\/li><\/ul><h4><strong>\u2705 L\u1ee2I \u00cdCH KHI L\u1eaeP \u0110\u1eb6T THI\u1ebeT B\u1eca L\u1eccC D\u1ea6U CJC\u00ae<\/strong><\/h4><p>\u2714\ufe0f Gi\u1eef b\u00e0n th\u1eed lu\u00f4n trong t\u00ecnh tr\u1ea1ng v\u1eadn h\u00e0nh \u1ed5n \u0111\u1ecbnh<br \/>\u2714\ufe0f Duy tr\u00ec \u0111\u1ed9 ch\u00ednh x\u00e1c cao trong quy tr\u00ecnh ki\u1ec3m tra v\u00e0 s\u00fac r\u1eeda<br \/>\u2714\ufe0f \u0110\u1ea3m b\u1ea3o ch\u1ea5t l\u01b0\u1ee3ng s\u1ea3n ph\u1ea9m v\u00e0 \u0111\u00e1p \u1ee9ng ti\u00eau chu\u1ea9n ch\u1ee9ng nh\u1eadn<br \/>\u2714\ufe0f Gi\u1ea3m thi\u1ec3u r\u1ee7i ro h\u1ecfng h\u00f3c ngo\u00e0i \u00fd mu\u1ed1n v\u00e0 chi ph\u00ed b\u1ea3o tr\u00ec<br \/>\u2714\ufe0f K\u00e9o d\u00e0i tu\u1ed5i th\u1ecd d\u1ea7u s\u00fac r\u1eeda l\u00ean \u0111\u1ebfn 3-4 l\u1ea7n<br \/>\u2714\ufe0f Gi\u00e1m s\u00e1t t\u00ecnh tr\u1ea1ng d\u1ea7u theo th\u1eddi gian th\u1ef1c v\u1edbi Oil Contamination Monitor (OCM)<\/p><p><strong>Thi\u1ebft b\u1ecb l\u1ecdc d\u1ea7u CJC\u00ae \u0111\u00e3 \u0111\u01b0\u1ee3c \u1ee9ng d\u1ee5ng th\u00e0nh c\u00f4ng trong h\u00e0ng ngh\u00ecn h\u1ec7 th\u1ed1ng th\u1ee7y l\u1ef1c v\u00e0 c\u00f4ng nghi\u1ec7p tr\u00ean to\u00e0n th\u1ebf gi\u1edbi. Khi l\u1ef1a ch\u1ecdn CJC\u00ae, nh\u00e0 m\u00e1y s\u1ebd t\u1ed1i \u01b0u h\u00f3a ch\u1ea5t l\u01b0\u1ee3ng s\u1ea3n ph\u1ea9m, gi\u1ea3m chi ph\u00ed v\u1eadn h\u00e0nh v\u00e0 \u0111\u1ea3m b\u1ea3o \u0111\u1ed9 tin c\u1eady c\u1ee7a thi\u1ebft b\u1ecb ki\u1ec3m tra.<\/strong> \ud83d\udd29\ud83c\udfed<\/p>\t\t\t\t\t\t\t\t<\/div>\n\t\t\t\t<\/div>\n\t\t\t\t\t<\/div>\n\t\t<\/div>\n\t\t\t\t<div class=\"elementor-column elementor-col-33 elementor-top-column elementor-element elementor-element-68a5aed\" data-id=\"68a5aed\" data-element_type=\"column\">\n\t\t\t<div class=\"elementor-widget-wrap elementor-element-populated\">\n\t\t\t\t\t\t<div class=\"elementor-element elementor-element-02f943b elementor-widget elementor-widget-image\" data-id=\"02f943b\" data-element_type=\"widget\" data-widget_type=\"image.default\">\n\t\t\t\t<div class=\"elementor-widget-container\">\n\t\t\t\t\t\t\t\t\t\t\t\t\t\t\t<img fetchpriority=\"high\" decoding=\"async\" width=\"800\" height=\"376\" src=\"https:\/\/fsv.com.vn\/wp-content\/uploads\/2023\/03\/hydraulicmanufacturerstoppicture-9319.jpg\" class=\"attachment-large size-large wp-image-284\" alt=\"\" srcset=\"https:\/\/fsv.com.vn\/wp-content\/uploads\/2023\/03\/hydraulicmanufacturerstoppicture-9319.jpg 850w, https:\/\/fsv.com.vn\/wp-content\/uploads\/2023\/03\/hydraulicmanufacturerstoppicture-9319-300x141.jpg 300w, https:\/\/fsv.com.vn\/wp-content\/uploads\/2023\/03\/hydraulicmanufacturerstoppicture-9319-768x361.jpg 768w\" sizes=\"(max-width: 800px) 100vw, 800px\" \/>\t\t\t\t\t\t\t\t\t\t\t\t\t\t\t<\/div>\n\t\t\t\t<\/div>\n\t\t\t\t<div class=\"elementor-element elementor-element-74f58b9 elementor-widget elementor-widget-text-editor\" data-id=\"74f58b9\" data-element_type=\"widget\" data-widget_type=\"text-editor.default\">\n\t\t\t\t<div class=\"elementor-widget-container\">\n\t\t\t\t\t\t\t\t\t<h5>V\u00e0 nhi\u1ec1u th\u00f4ng tin kh\u00e1c tham kh\u1ea3o t\u1ea1i \u0111\u00e2y:<strong> <a href=\"https:\/\/www.cjc.dk\/system-solutions\/industry\/hydraulic-manufactures\/\">CJC Case studies<\/a><\/strong><\/h5><h5>\u00a0<\/h5>\t\t\t\t\t\t\t\t<\/div>\n\t\t\t\t<\/div>\n\t\t\t\t\t<\/div>\n\t\t<\/div>\n\t\t\t\t\t<\/div>\n\t\t<\/section>\n\t\t\t\t<section class=\"elementor-section elementor-top-section elementor-element elementor-element-4b6f468 elementor-section-boxed elementor-section-height-default elementor-section-height-default\" data-id=\"4b6f468\" data-element_type=\"section\">\n\t\t\t\t\t\t<div class=\"elementor-container elementor-column-gap-default\">\n\t\t\t\t\t<div class=\"elementor-column elementor-col-100 elementor-top-column elementor-element elementor-element-67cb2a9\" data-id=\"67cb2a9\" data-element_type=\"column\">\n\t\t\t<div class=\"elementor-widget-wrap elementor-element-populated\">\n\t\t\t\t\t\t<div class=\"elementor-element elementor-element-74e34be elementor-widget elementor-widget-spacer\" data-id=\"74e34be\" data-element_type=\"widget\" data-widget_type=\"spacer.default\">\n\t\t\t\t<div class=\"elementor-widget-container\">\n\t\t\t\t\t\t\t<div class=\"elementor-spacer\">\n\t\t\t<div class=\"elementor-spacer-inner\"><\/div>\n\t\t<\/div>\n\t\t\t\t\t\t<\/div>\n\t\t\t\t<\/div>\n\t\t\t\t\t<\/div>\n\t\t<\/div>\n\t\t\t\t\t<\/div>\n\t\t<\/section>\n\t\t\t\t<\/div>\n\t\t","protected":false},"excerpt":{"rendered":"<p>GI\u1ea2I PH\u00c1P L\u1eccC D\u1ea6U CJC\u00ae CHO C\u00c1C NH\u00c0 S\u1ea2N XU\u1ea4T H\u1ec6 TH\u1ed0NG TH\u1ee6Y L\u1ef0C \u0110\u1ea2M B\u1ea2O CH\u1ea4T L\u01af\u1ee2NG &amp; \u0110\u1ed8 TIN C\u1eacY C\u1ee6A THI\u1ebeT B\u1eca KI\u1ec2M TRA C\u00e1c nh\u00e0 m\u00e1y s\u1ea3n xu\u1ea5t h\u1ec7 th\u1ed1ng th\u1ee7y l\u1ef1c s\u1eed d\u1ee5ng d\u00e2y chuy\u1ec1n t\u1ef1 \u0111\u1ed9ng h\u00f3a cao, trong \u0111\u00f3 \u0111\u1ed9 tin c\u1eady c\u1ee7a thi\u1ebft b\u1ecb ki\u1ec3m tra \u0111\u00f3ng [&hellip;]<\/p>\n","protected":false},"author":1,"featured_media":0,"parent":152,"menu_order":4,"comment_status":"closed","ping_status":"closed","template":"","meta":{"footnotes":""},"class_list":["post-282","page","type-page","status-publish","hentry"],"_links":{"self":[{"href":"https:\/\/fsv.com.vn\/index.php\/wp-json\/wp\/v2\/pages\/282","targetHints":{"allow":["GET"]}}],"collection":[{"href":"https:\/\/fsv.com.vn\/index.php\/wp-json\/wp\/v2\/pages"}],"about":[{"href":"https:\/\/fsv.com.vn\/index.php\/wp-json\/wp\/v2\/types\/page"}],"author":[{"embeddable":true,"href":"https:\/\/fsv.com.vn\/index.php\/wp-json\/wp\/v2\/users\/1"}],"replies":[{"embeddable":true,"href":"https:\/\/fsv.com.vn\/index.php\/wp-json\/wp\/v2\/comments?post=282"}],"version-history":[{"count":17,"href":"https:\/\/fsv.com.vn\/index.php\/wp-json\/wp\/v2\/pages\/282\/revisions"}],"predecessor-version":[{"id":2035,"href":"https:\/\/fsv.com.vn\/index.php\/wp-json\/wp\/v2\/pages\/282\/revisions\/2035"}],"up":[{"embeddable":true,"href":"https:\/\/fsv.com.vn\/index.php\/wp-json\/wp\/v2\/pages\/152"}],"wp:attachment":[{"href":"https:\/\/fsv.com.vn\/index.php\/wp-json\/wp\/v2\/media?parent=282"}],"curies":[{"name":"wp","href":"https:\/\/api.w.org\/{rel}","templated":true}]}}