{"id":273,"date":"2023-03-28T08:15:00","date_gmt":"2023-03-28T01:15:00","guid":{"rendered":"https:\/\/fsv.com.vn\/?page_id=273"},"modified":"2025-03-16T10:36:55","modified_gmt":"2025-03-16T03:36:55","slug":"cong-nghiep-thuc-pham","status":"publish","type":"page","link":"https:\/\/fsv.com.vn\/index.php\/giai-phap\/cong-nghiep\/cong-nghiep-thuc-pham\/","title":{"rendered":"NM S\u1ea3n xu\u1ea5t Th\u1ef1c ph\u1ea9m"},"content":{"rendered":"\t\t<div data-elementor-type=\"wp-page\" data-elementor-id=\"273\" class=\"elementor elementor-273\" data-elementor-post-type=\"page\">\n\t\t\t\t\t\t<section class=\"elementor-section elementor-top-section elementor-element elementor-element-bbb7d18 elementor-section-boxed elementor-section-height-default elementor-section-height-default\" data-id=\"bbb7d18\" data-element_type=\"section\">\n\t\t\t\t\t\t<div class=\"elementor-container elementor-column-gap-default\">\n\t\t\t\t\t<div class=\"elementor-column elementor-col-100 elementor-top-column elementor-element elementor-element-ffea25e\" data-id=\"ffea25e\" data-element_type=\"column\">\n\t\t\t<div class=\"elementor-widget-wrap elementor-element-populated\">\n\t\t\t\t\t\t<div class=\"elementor-element elementor-element-4d67a25 elementor-widget elementor-widget-spacer\" data-id=\"4d67a25\" data-element_type=\"widget\" data-widget_type=\"spacer.default\">\n\t\t\t\t<div class=\"elementor-widget-container\">\n\t\t\t\t\t\t\t<div class=\"elementor-spacer\">\n\t\t\t<div class=\"elementor-spacer-inner\"><\/div>\n\t\t<\/div>\n\t\t\t\t\t\t<\/div>\n\t\t\t\t<\/div>\n\t\t\t\t\t<\/div>\n\t\t<\/div>\n\t\t\t\t\t<\/div>\n\t\t<\/section>\n\t\t\t\t<section class=\"elementor-section elementor-top-section elementor-element elementor-element-5855cd1 elementor-section-boxed elementor-section-height-default elementor-section-height-default\" data-id=\"5855cd1\" data-element_type=\"section\">\n\t\t\t\t\t\t<div class=\"elementor-container elementor-column-gap-default\">\n\t\t\t\t\t<div class=\"elementor-column elementor-col-66 elementor-top-column elementor-element elementor-element-bd5ddf9\" data-id=\"bd5ddf9\" data-element_type=\"column\">\n\t\t\t<div class=\"elementor-widget-wrap elementor-element-populated\">\n\t\t\t\t\t\t<div class=\"elementor-element elementor-element-8a5553b elementor-widget elementor-widget-text-editor\" data-id=\"8a5553b\" data-element_type=\"widget\" data-widget_type=\"text-editor.default\">\n\t\t\t\t<div class=\"elementor-widget-container\">\n\t\t\t\t\t\t\t\t\t<h5><strong>GI\u1ea2I PH\u00c1P L\u1eccC D\u1ea6U CJC\u00ae CHO NG\u00c0NH S\u1ea2N XU\u1ea4T TH\u1ef0C PH\u1ea8M<\/strong><\/h5><h4><strong>\u0110\u1ea2M B\u1ea2O CH\u1ea4T L\u01af\u1ee2NG S\u1ea2N PH\u1ea8M &amp; HI\u1ec6U SU\u1ea4T S\u1ea2N XU\u1ea4T<\/strong><\/h4><p>\u0110\u1ec3 th\u00e0nh c\u00f4ng v\u00e0 duy tr\u00ec t\u00ednh c\u1ea1nh tranh, c\u00e1c nh\u00e0 m\u00e1y s\u1ea3n xu\u1ea5t th\u1ef1c ph\u1ea9m c\u1ea7n \u0111\u1ea3m b\u1ea3o ch\u1ea5t l\u01b0\u1ee3ng s\u1ea3n ph\u1ea9m t\u1ed1t v\u1edbi chi ph\u00ed h\u1ee3p l\u00fd. Hi\u1ec7u su\u1ea5t cao v\u00e0 <strong>ho\u1ea1t \u0111\u1ed9ng \u1ed5n \u0111\u1ecbnh c\u1ee7a m\u00e1y m\u00f3c<\/strong> l\u00e0 y\u1ebfu t\u1ed1 quan tr\u1ecdng gi\u00fap \u0111\u1ea1t \u0111\u01b0\u1ee3c m\u1ee5c ti\u00eau n\u00e0y. Trong \u0111\u00f3, <strong>h\u1ec7 th\u1ed1ng d\u1ea7u b\u00f4i tr\u01a1n, d\u1ea7u th\u1ee7y l\u1ef1c v\u00e0 d\u1ea7u truy\u1ec1n nhi\u1ec7t<\/strong> \u0111\u00f3ng vai tr\u00f2 thi\u1ebft y\u1ebfu, \u0111\u1eb7c bi\u1ec7t trong c\u00e1c quy tr\u00ecnh gia nhi\u1ec7t nh\u01b0 <strong>l\u00e0m n\u00f3ng d\u1ea7u chi\u00ean th\u1ef1c ph\u1ea9m<\/strong>.<\/p><h4><strong>\ud83d\udd38 TH\u00c1CH TH\u1ee8C<\/strong><\/h4><p>\ud83d\udd39 N\u1ebfu d\u1ea7u b\u00f4i tr\u01a1n v\u00e0 d\u1ea7u th\u1ee7y l\u1ef1c kh\u00f4ng \u0111\u01b0\u1ee3c gi\u1eef s\u1ea1ch, kh\u00f4 v\u00e0 kh\u00f4ng c\u00f3 c\u1eb7n oxy h\u00f3a (<strong>varnish<\/strong>), nh\u00e0 m\u00e1y s\u1ebd \u0111\u1ed1i m\u1eb7t v\u1edbi:<\/p><ul><li><strong>Gi\u00e1n \u0111o\u1ea1n s\u1ea3n xu\u1ea5t v\u00e0 chi ph\u00ed s\u1eeda ch\u1eefa cao<\/strong>, \u1ea3nh h\u01b0\u1edfng \u0111\u1ebfn th\u1eddi gian giao h\u00e0ng<\/li><li><strong>Ch\u1ea5t l\u01b0\u1ee3ng s\u1ea3n ph\u1ea9m gi\u1ea3m s\u00fat<\/strong>, do h\u1ec7 th\u1ed1ng truy\u1ec1n nhi\u1ec7t k\u00e9m hi\u1ec7u qu\u1ea3<\/li><li><strong>Ti\u00eau hao n\u0103ng l\u01b0\u1ee3ng l\u1edbn<\/strong>, do c\u1eb7n b\u1ea9n t\u00edch t\u1ee5 trong \u0111\u01b0\u1eddng \u1ed1ng v\u00e0 b\u1ed9 trao \u0111\u1ed5i nhi\u1ec7t<\/li><li><strong>Nguy c\u01a1 m\u1ea5t kh\u00e1ch h\u00e0ng<\/strong>, n\u1ebfu s\u1ea3n ph\u1ea9m kh\u00f4ng \u0111\u1ea1t ti\u00eau chu\u1ea9n ch\u1ea5t l\u01b0\u1ee3ng<\/li><\/ul><h4><strong>\u2705 L\u1ee2I \u00cdCH KHI L\u1eaeP \u0110\u1eb6T THI\u1ebeT B\u1eca L\u1eccC D\u1ea6U CJC\u00ae<\/strong><\/h4><p>\u2714\ufe0f Duy tr\u00ec s\u1ea3n l\u01b0\u1ee3ng cao v\u00e0 <strong>\u0111\u1ea3m b\u1ea3o t\u00ednh \u1ed5n \u0111\u1ecbnh c\u1ee7a quy tr\u00ecnh s\u1ea3n xu\u1ea5t<\/strong><br \/>\u2714\ufe0f Gi\u1ea3m thi\u1ec3u r\u1ee7i ro <strong>ng\u1eebng s\u1ea3n xu\u1ea5t \u0111\u1ed9t xu\u1ea5t<\/strong><br \/>\u2714\ufe0f Gi\u1eef m\u00e1y m\u00f3c ho\u1ea1t \u0111\u1ed9ng <strong>hi\u1ec7u qu\u1ea3 v\u00e0 b\u1ec1n b\u1ec9<\/strong><br \/>\u2714\ufe0f <strong>Gi\u1ea3m chi ph\u00ed b\u1ea3o tr\u00ec<\/strong>, k\u00e9o d\u00e0i tu\u1ed5i th\u1ecd d\u1ea7u v\u00e0 thi\u1ebft b\u1ecb<br \/>\u2714\ufe0f <strong>Lo\u1ea1i b\u1ecf hi\u1ec7u qu\u1ea3 c\u1eb7n b\u1ea9n, n\u01b0\u1edbc v\u00e0 s\u1ea3n ph\u1ea9m oxy h\u00f3a<\/strong>, gi\u00fap t\u1ed1i \u01b0u qu\u00e1 tr\u00ecnh truy\u1ec1n nhi\u1ec7t<br \/>\u2714\ufe0f <strong>C\u00f4ng ngh\u1ec7 \u0111\u00e3 \u0111\u01b0\u1ee3c ki\u1ec3m ch\u1ee9ng<\/strong> v\u1edbi h\u01a1n 60 n\u0103m \u1ee9ng d\u1ee5ng trong h\u00e0ng ngh\u00ecn nh\u00e0 m\u00e1y<\/p><p><strong>Khi s\u1eed d\u1ee5ng thi\u1ebft b\u1ecb l\u1ecdc d\u1ea7u CJC\u00ae, nh\u00e0 m\u00e1y s\u1ebd t\u1ed1i \u01b0u h\u00f3a hi\u1ec7u su\u1ea5t ho\u1ea1t \u0111\u1ed9ng, ti\u1ebft ki\u1ec7m chi ph\u00ed v\u1eadn h\u00e0nh v\u00e0 \u0111\u1ea3m b\u1ea3o ch\u1ea5t l\u01b0\u1ee3ng s\u1ea3n ph\u1ea9m.<\/strong> \ud83c\udfed\ud83c\udf5e\u2668\ufe0f<\/p>\t\t\t\t\t\t\t\t<\/div>\n\t\t\t\t<\/div>\n\t\t\t\t\t<\/div>\n\t\t<\/div>\n\t\t\t\t<div class=\"elementor-column elementor-col-33 elementor-top-column elementor-element elementor-element-503867f\" data-id=\"503867f\" data-element_type=\"column\">\n\t\t\t<div class=\"elementor-widget-wrap elementor-element-populated\">\n\t\t\t\t\t\t<div class=\"elementor-element elementor-element-02f943b elementor-widget elementor-widget-image\" data-id=\"02f943b\" data-element_type=\"widget\" data-widget_type=\"image.default\">\n\t\t\t\t<div class=\"elementor-widget-container\">\n\t\t\t\t\t\t\t\t\t\t\t\t\t\t\t<img fetchpriority=\"high\" decoding=\"async\" width=\"800\" height=\"376\" src=\"https:\/\/fsv.com.vn\/wp-content\/uploads\/2023\/03\/foodindustrytoppicture-8876.jpg\" class=\"attachment-large size-large wp-image-278\" alt=\"\" srcset=\"https:\/\/fsv.com.vn\/wp-content\/uploads\/2023\/03\/foodindustrytoppicture-8876.jpg 850w, https:\/\/fsv.com.vn\/wp-content\/uploads\/2023\/03\/foodindustrytoppicture-8876-300x141.jpg 300w, https:\/\/fsv.com.vn\/wp-content\/uploads\/2023\/03\/foodindustrytoppicture-8876-768x361.jpg 768w\" sizes=\"(max-width: 800px) 100vw, 800px\" \/>\t\t\t\t\t\t\t\t\t\t\t\t\t\t\t<\/div>\n\t\t\t\t<\/div>\n\t\t\t\t<div class=\"elementor-element elementor-element-75048a5 elementor-widget elementor-widget-image\" data-id=\"75048a5\" data-element_type=\"widget\" data-widget_type=\"image.default\">\n\t\t\t\t<div class=\"elementor-widget-container\">\n\t\t\t\t\t\t\t\t\t\t\t\t\t\t\t<img decoding=\"async\" width=\"657\" height=\"1024\" src=\"https:\/\/fsv.com.vn\/wp-content\/uploads\/2025\/03\/Anh-man-hinh-2025-03-16-luc-08.57.35-657x1024.png\" class=\"attachment-large size-large wp-image-1940\" alt=\"\" srcset=\"https:\/\/fsv.com.vn\/wp-content\/uploads\/2025\/03\/Anh-man-hinh-2025-03-16-luc-08.57.35-657x1024.png 657w, https:\/\/fsv.com.vn\/wp-content\/uploads\/2025\/03\/Anh-man-hinh-2025-03-16-luc-08.57.35-192x300.png 192w, https:\/\/fsv.com.vn\/wp-content\/uploads\/2025\/03\/Anh-man-hinh-2025-03-16-luc-08.57.35.png 736w\" sizes=\"(max-width: 657px) 100vw, 657px\" \/>\t\t\t\t\t\t\t\t\t\t\t\t\t\t\t<\/div>\n\t\t\t\t<\/div>\n\t\t\t\t<div class=\"elementor-element elementor-element-8726e30 elementor-widget elementor-widget-text-editor\" data-id=\"8726e30\" data-element_type=\"widget\" data-widget_type=\"text-editor.default\">\n\t\t\t\t<div class=\"elementor-widget-container\">\n\t\t\t\t\t\t\t\t\t<h5><a href=\"https:\/\/www.cjc.dk\/fileadmin\/root\/File_Admin_Filter\/doc_Customer_Cases\/Industry_HeatTransferOil_FoodProcessingIndustry_ASIN5042UK.pdf\">Heat Transfer Oil Plant &#8211; Food Processing Industry<\/a><\/h5><h5><a href=\"https:\/\/www.cjc.dk\/system-solutions\/industry\/food-industry\/\">CJC Case Studies<\/a><\/h5><h5>\u00a0<\/h5>\t\t\t\t\t\t\t\t<\/div>\n\t\t\t\t<\/div>\n\t\t\t\t\t<\/div>\n\t\t<\/div>\n\t\t\t\t\t<\/div>\n\t\t<\/section>\n\t\t\t\t<section class=\"elementor-section elementor-top-section elementor-element elementor-element-fed678e elementor-section-boxed elementor-section-height-default elementor-section-height-default\" data-id=\"fed678e\" data-element_type=\"section\">\n\t\t\t\t\t\t<div class=\"elementor-container elementor-column-gap-default\">\n\t\t\t\t\t<div class=\"elementor-column elementor-col-100 elementor-top-column elementor-element elementor-element-00a6284\" data-id=\"00a6284\" data-element_type=\"column\">\n\t\t\t<div class=\"elementor-widget-wrap elementor-element-populated\">\n\t\t\t\t\t\t<div class=\"elementor-element elementor-element-6144b3a elementor-widget elementor-widget-spacer\" data-id=\"6144b3a\" data-element_type=\"widget\" data-widget_type=\"spacer.default\">\n\t\t\t\t<div class=\"elementor-widget-container\">\n\t\t\t\t\t\t\t<div class=\"elementor-spacer\">\n\t\t\t<div class=\"elementor-spacer-inner\"><\/div>\n\t\t<\/div>\n\t\t\t\t\t\t<\/div>\n\t\t\t\t<\/div>\n\t\t\t\t\t<\/div>\n\t\t<\/div>\n\t\t\t\t\t<\/div>\n\t\t<\/section>\n\t\t\t\t<\/div>\n\t\t","protected":false},"excerpt":{"rendered":"<p>GI\u1ea2I PH\u00c1P L\u1eccC D\u1ea6U CJC\u00ae CHO NG\u00c0NH S\u1ea2N XU\u1ea4T TH\u1ef0C PH\u1ea8M \u0110\u1ea2M B\u1ea2O CH\u1ea4T L\u01af\u1ee2NG S\u1ea2N PH\u1ea8M &amp; HI\u1ec6U SU\u1ea4T S\u1ea2N XU\u1ea4T \u0110\u1ec3 th\u00e0nh c\u00f4ng v\u00e0 duy tr\u00ec t\u00ednh c\u1ea1nh tranh, c\u00e1c nh\u00e0 m\u00e1y s\u1ea3n xu\u1ea5t th\u1ef1c ph\u1ea9m c\u1ea7n \u0111\u1ea3m b\u1ea3o ch\u1ea5t l\u01b0\u1ee3ng s\u1ea3n ph\u1ea9m t\u1ed1t v\u1edbi chi ph\u00ed h\u1ee3p l\u00fd. Hi\u1ec7u su\u1ea5t cao v\u00e0 [&hellip;]<\/p>\n","protected":false},"author":1,"featured_media":0,"parent":152,"menu_order":3,"comment_status":"closed","ping_status":"closed","template":"","meta":{"footnotes":""},"class_list":["post-273","page","type-page","status-publish","hentry"],"_links":{"self":[{"href":"https:\/\/fsv.com.vn\/index.php\/wp-json\/wp\/v2\/pages\/273","targetHints":{"allow":["GET"]}}],"collection":[{"href":"https:\/\/fsv.com.vn\/index.php\/wp-json\/wp\/v2\/pages"}],"about":[{"href":"https:\/\/fsv.com.vn\/index.php\/wp-json\/wp\/v2\/types\/page"}],"author":[{"embeddable":true,"href":"https:\/\/fsv.com.vn\/index.php\/wp-json\/wp\/v2\/users\/1"}],"replies":[{"embeddable":true,"href":"https:\/\/fsv.com.vn\/index.php\/wp-json\/wp\/v2\/comments?post=273"}],"version-history":[{"count":20,"href":"https:\/\/fsv.com.vn\/index.php\/wp-json\/wp\/v2\/pages\/273\/revisions"}],"predecessor-version":[{"id":2033,"href":"https:\/\/fsv.com.vn\/index.php\/wp-json\/wp\/v2\/pages\/273\/revisions\/2033"}],"up":[{"embeddable":true,"href":"https:\/\/fsv.com.vn\/index.php\/wp-json\/wp\/v2\/pages\/152"}],"wp:attachment":[{"href":"https:\/\/fsv.com.vn\/index.php\/wp-json\/wp\/v2\/media?parent=273"}],"curies":[{"name":"wp","href":"https:\/\/api.w.org\/{rel}","templated":true}]}}