{"id":267,"date":"2023-03-28T08:14:08","date_gmt":"2023-03-28T01:14:08","guid":{"rendered":"https:\/\/fsv.com.vn\/?page_id=267"},"modified":"2025-03-16T10:36:25","modified_gmt":"2025-03-16T03:36:25","slug":"o-to","status":"publish","type":"page","link":"https:\/\/fsv.com.vn\/index.php\/giai-phap\/cong-nghiep\/o-to\/","title":{"rendered":"NM S\u1ea3n xu\u1ea5t \u00d4 t\u00f4"},"content":{"rendered":"\t\t<div data-elementor-type=\"wp-page\" data-elementor-id=\"267\" class=\"elementor elementor-267\" data-elementor-post-type=\"page\">\n\t\t\t\t\t\t<section class=\"elementor-section elementor-top-section elementor-element elementor-element-0904aa4 elementor-section-boxed elementor-section-height-default elementor-section-height-default\" data-id=\"0904aa4\" data-element_type=\"section\">\n\t\t\t\t\t\t<div class=\"elementor-container elementor-column-gap-default\">\n\t\t\t\t\t<div class=\"elementor-column elementor-col-100 elementor-top-column elementor-element elementor-element-6c13387\" data-id=\"6c13387\" data-element_type=\"column\">\n\t\t\t<div class=\"elementor-widget-wrap elementor-element-populated\">\n\t\t\t\t\t\t<div class=\"elementor-element elementor-element-a021f74 elementor-widget elementor-widget-spacer\" data-id=\"a021f74\" data-element_type=\"widget\" data-widget_type=\"spacer.default\">\n\t\t\t\t<div class=\"elementor-widget-container\">\n\t\t\t\t\t\t\t<div class=\"elementor-spacer\">\n\t\t\t<div class=\"elementor-spacer-inner\"><\/div>\n\t\t<\/div>\n\t\t\t\t\t\t<\/div>\n\t\t\t\t<\/div>\n\t\t\t\t\t<\/div>\n\t\t<\/div>\n\t\t\t\t\t<\/div>\n\t\t<\/section>\n\t\t\t\t<section class=\"elementor-section elementor-top-section elementor-element elementor-element-90e94f2 elementor-section-boxed elementor-section-height-default elementor-section-height-default\" data-id=\"90e94f2\" data-element_type=\"section\">\n\t\t\t\t\t\t<div class=\"elementor-container elementor-column-gap-default\">\n\t\t\t\t\t<div class=\"elementor-column elementor-col-66 elementor-top-column elementor-element elementor-element-ab19dca\" data-id=\"ab19dca\" data-element_type=\"column\">\n\t\t\t<div class=\"elementor-widget-wrap elementor-element-populated\">\n\t\t\t\t\t\t<div class=\"elementor-element elementor-element-d16bfbc elementor-widget elementor-widget-text-editor\" data-id=\"d16bfbc\" data-element_type=\"widget\" data-widget_type=\"text-editor.default\">\n\t\t\t\t<div class=\"elementor-widget-container\">\n\t\t\t\t\t\t\t\t\t<h5><strong>GI\u1ea2I PH\u00c1P L\u1eccC D\u1ea6U CJC\u00ae CHO NG\u00c0NH C\u00d4NG NGHI\u1ec6P \u00d4 T\u00d4<\/strong><\/h5><h4><strong>T\u1ed0I \u01afU HI\u1ec6U SU\u1ea4T S\u1ea2N XU\u1ea4T, \u0110\u1ea2M B\u1ea2O CH\u1ea4T L\u01af\u1ee2NG S\u1ea2N PH\u1ea8M<\/strong><\/h4><p>C\u00e1c nh\u00e0 m\u00e1y s\u1ea3n xu\u1ea5t \u00f4 t\u00f4 l\u00e0 h\u1ec7 th\u1ed1ng t\u1ef1 \u0111\u1ed9ng h\u00f3a cao, \u0111\u00f2i h\u1ecfi thi\u1ebft b\u1ecb ph\u1ea3i ho\u1ea1t \u0111\u1ed9ng \u1ed5n \u0111\u1ecbnh \u0111\u1ec3 \u0111\u1ea3m b\u1ea3o s\u1ea3n l\u01b0\u1ee3ng v\u00e0 ch\u1ea5t l\u01b0\u1ee3ng. C\u00e1c h\u1ec7 th\u1ed1ng ph\u1ee5 tr\u1ee3 nh\u01b0 <strong>d\u1ee5ng c\u1ee5 l\u1eafp r\u00e1p, c\u00f4ng c\u1ee5 th\u1ee7y l\u1ef1c, h\u1ec7 th\u1ed1ng r\u1eeda t\u1ea5m kim lo\u1ea1i v\u00e0 t\u00f4i luy\u1ec7n (quenching)<\/strong> \u0111\u00f3ng vai tr\u00f2 quan tr\u1ecdng trong quy tr\u00ecnh s\u1ea3n xu\u1ea5t. V\u1edbi y\u00eau c\u1ea7u <strong>\u0111\u1ed9 ch\u00ednh x\u00e1c cao v\u00e0 th\u1eddi gian chu k\u1ef3 nhanh<\/strong>, vi\u1ec7c duy tr\u00ec <strong>d\u1ea7u s\u1ea1ch v\u00e0 kh\u00f4<\/strong> l\u00e0 y\u1ebfu t\u1ed1 then ch\u1ed1t.<\/p><h4><strong>\ud83d\udd38 TH\u00c1CH TH\u1ee8C<\/strong><\/h4><p>\ud83d\udd39 D\u1ea7u trong c\u00e1c h\u1ec7 th\u1ed1ng s\u1ea3n xu\u1ea5t v\u00e0 x\u1eed l\u00fd kh\u00f4ng \u0111\u01b0\u1ee3c duy tr\u00ec s\u1ea1ch s\u1ebd g\u00e2y ra:<\/p><ul><li><strong>Gi\u00e1n \u0111o\u1ea1n d\u00e2y chuy\u1ec1n s\u1ea3n xu\u1ea5t<\/strong>, \u1ea3nh h\u01b0\u1edfng \u0111\u1ebfn hi\u1ec7u su\u1ea5t chu\u1ed7i cung \u1ee9ng<\/li><li><strong>R\u1ee7i ro an to\u00e0n<\/strong>, do c\u00f4ng c\u1ee5 th\u1ee7y l\u1ef1c ho\u1ea1t \u0111\u1ed9ng kh\u00f4ng \u0111\u00fang chu\u1ea9n<\/li><li><strong>L\u1ed7i b\u1ec1 m\u1eb7t s\u1ea3n ph\u1ea9m<\/strong>, g\u00e2y ra v\u1ebft x\u01b0\u1edbc tr\u00ean kim lo\u1ea1i v\u00e0 t\u1ef7 l\u1ec7 ph\u1ebf ph\u1ea9m cao<\/li><li><strong>Suy gi\u1ea3m ch\u1ea5t l\u01b0\u1ee3ng linh ki\u1ec7n<\/strong>, trong qu\u00e1 tr\u00ecnh t\u00f4i luy\u1ec7n n\u1ebfu d\u1ea7u c\u00f3 c\u1eb7n oxy h\u00f3a<\/li><\/ul><h4><strong>\u2705 L\u1ee2I \u00cdCH KHI L\u1eaeP \u0110\u1eb6T THI\u1ebeT B\u1eca L\u1eccC D\u1ea6U CJC\u00ae<\/strong><\/h4><p>\u2714\ufe0f Gi\u1eef thi\u1ebft b\u1ecb v\u1eadn h\u00e0nh \u1ed5n \u0111\u1ecbnh, duy tr\u00ec n\u0103ng su\u1ea5t cao<br \/>\u2714\ufe0f \u0110\u1ea3m b\u1ea3o ch\u1ea5t l\u01b0\u1ee3ng s\u1ea3n ph\u1ea9m, gi\u1ea3m l\u1ed7i s\u1ea3n xu\u1ea5t<br \/>\u2714\ufe0f Gi\u1ea3m thi\u1ec3u h\u1ecfng h\u00f3c v\u00e0 b\u1ea3o tr\u00ec kh\u00f4ng mong mu\u1ed1n<br \/>\u2714\ufe0f K\u00e9o d\u00e0i tu\u1ed5i th\u1ecd d\u1ea7u g\u1ea5p <strong>3-4 l\u1ea7n<\/strong>, ti\u1ebft ki\u1ec7m chi ph\u00ed thay d\u1ea7u<br \/>\u2714\ufe0f Gi\u1ea3m chi ph\u00ed b\u1ea3o tr\u00ec h\u1ec7 th\u1ed1ng, t\u0103ng \u0111\u1ed9 b\u1ec1n cho m\u00e1y m\u00f3c<br \/>\u2714\ufe0f T\u00edch h\u1ee3p gi\u00e1m s\u00e1t t\u00ecnh tr\u1ea1ng d\u1ea7u v\u1edbi <strong>Oil Contamination Monitor (OCM)<\/strong><\/p><p><strong>Khi s\u1eed d\u1ee5ng thi\u1ebft b\u1ecb l\u1ecdc d\u1ea7u CJC\u00ae, nh\u00e0 m\u00e1y c\u00f3 gi\u1ea3i ph\u00e1p l\u1ecdc d\u1ea7u t\u1ed1i \u01b0u v\u1edbi kh\u1ea3 n\u0103ng lo\u1ea1i b\u1ecf b\u1ee5i b\u1ea9n, n\u01b0\u1edbc v\u00e0 c\u1eb7n oxy h\u00f3a.<\/strong> \u0110i\u1ec1u n\u00e0y \u0111\u00e3 \u0111\u01b0\u1ee3c ch\u1ee9ng minh qua nhi\u1ec1u n\u0103m s\u1eed d\u1ee5ng trong h\u00e0ng ngh\u00ecn h\u1ec7 th\u1ed1ng c\u00f4ng nghi\u1ec7p. <strong>L\u1ef1a ch\u1ecdn thi\u1ebft b\u1ecb l\u1ecdc d\u1ea7u CJC\u00ae gi\u00fap b\u1ea3o v\u1ec7 thi\u1ebft b\u1ecb, gi\u1ea3m chi ph\u00ed v\u1eadn h\u00e0nh v\u00e0 t\u1ed1i \u01b0u ch\u1ea5t l\u01b0\u1ee3ng s\u1ea3n xu\u1ea5t!<\/strong> \ud83d\ude97\ud83d\udd27<\/p>\t\t\t\t\t\t\t\t<\/div>\n\t\t\t\t<\/div>\n\t\t\t\t\t<\/div>\n\t\t<\/div>\n\t\t\t\t<div class=\"elementor-column elementor-col-33 elementor-top-column elementor-element elementor-element-eeb21a8\" data-id=\"eeb21a8\" data-element_type=\"column\">\n\t\t\t<div class=\"elementor-widget-wrap elementor-element-populated\">\n\t\t\t\t\t\t<div class=\"elementor-element elementor-element-02f943b elementor-widget elementor-widget-image\" data-id=\"02f943b\" data-element_type=\"widget\" data-widget_type=\"image.default\">\n\t\t\t\t<div class=\"elementor-widget-container\">\n\t\t\t\t\t\t\t\t\t\t\t\t\t\t\t<img fetchpriority=\"high\" decoding=\"async\" width=\"800\" height=\"376\" src=\"https:\/\/fsv.com.vn\/wp-content\/uploads\/2023\/03\/automotivetoppicture-1870.jpg\" class=\"attachment-large size-large wp-image-269\" alt=\"\" srcset=\"https:\/\/fsv.com.vn\/wp-content\/uploads\/2023\/03\/automotivetoppicture-1870.jpg 850w, https:\/\/fsv.com.vn\/wp-content\/uploads\/2023\/03\/automotivetoppicture-1870-300x141.jpg 300w, https:\/\/fsv.com.vn\/wp-content\/uploads\/2023\/03\/automotivetoppicture-1870-768x361.jpg 768w\" sizes=\"(max-width: 800px) 100vw, 800px\" \/>\t\t\t\t\t\t\t\t\t\t\t\t\t\t\t<\/div>\n\t\t\t\t<\/div>\n\t\t\t\t<div class=\"elementor-element elementor-element-0eafd02 elementor-widget elementor-widget-image\" data-id=\"0eafd02\" data-element_type=\"widget\" data-widget_type=\"image.default\">\n\t\t\t\t<div class=\"elementor-widget-container\">\n\t\t\t\t\t\t\t\t\t\t\t\t\t\t\t<img decoding=\"async\" width=\"632\" height=\"1024\" src=\"https:\/\/fsv.com.vn\/wp-content\/uploads\/2025\/03\/Anh-man-hinh-2025-03-16-luc-08.53.58-632x1024.png\" class=\"attachment-large size-large wp-image-1936\" alt=\"\" srcset=\"https:\/\/fsv.com.vn\/wp-content\/uploads\/2025\/03\/Anh-man-hinh-2025-03-16-luc-08.53.58-632x1024.png 632w, https:\/\/fsv.com.vn\/wp-content\/uploads\/2025\/03\/Anh-man-hinh-2025-03-16-luc-08.53.58-185x300.png 185w, https:\/\/fsv.com.vn\/wp-content\/uploads\/2025\/03\/Anh-man-hinh-2025-03-16-luc-08.53.58.png 768w\" sizes=\"(max-width: 632px) 100vw, 632px\" \/>\t\t\t\t\t\t\t\t\t\t\t\t\t\t\t<\/div>\n\t\t\t\t<\/div>\n\t\t\t\t<div class=\"elementor-element elementor-element-1b1f94b elementor-widget elementor-widget-text-editor\" data-id=\"1b1f94b\" data-element_type=\"widget\" data-widget_type=\"text-editor.default\">\n\t\t\t\t<div class=\"elementor-widget-container\">\n\t\t\t\t\t\t\t\t\t<h5><a href=\"https:\/\/www.cjc.dk\/fileadmin\/root\/File_Admin_Filter\/doc_Customer_Cases\/Industry_WashOil_SteelPlates_PressMachine_ASIN5075UK.pdf\">Wash Oil &#8211; Steel Plate, Press Machine<\/a><\/h5><p>\u00a0<\/p>\t\t\t\t\t\t\t\t<\/div>\n\t\t\t\t<\/div>\n\t\t\t\t\t<\/div>\n\t\t<\/div>\n\t\t\t\t\t<\/div>\n\t\t<\/section>\n\t\t\t\t<section class=\"elementor-section elementor-top-section elementor-element elementor-element-06d3a09 elementor-section-boxed elementor-section-height-default elementor-section-height-default\" data-id=\"06d3a09\" data-element_type=\"section\">\n\t\t\t\t\t\t<div class=\"elementor-container elementor-column-gap-default\">\n\t\t\t\t\t<div class=\"elementor-column elementor-col-100 elementor-top-column elementor-element elementor-element-fd7314b\" data-id=\"fd7314b\" data-element_type=\"column\">\n\t\t\t<div class=\"elementor-widget-wrap elementor-element-populated\">\n\t\t\t\t\t\t<div class=\"elementor-element elementor-element-ed72957 elementor-widget elementor-widget-spacer\" data-id=\"ed72957\" data-element_type=\"widget\" data-widget_type=\"spacer.default\">\n\t\t\t\t<div class=\"elementor-widget-container\">\n\t\t\t\t\t\t\t<div class=\"elementor-spacer\">\n\t\t\t<div class=\"elementor-spacer-inner\"><\/div>\n\t\t<\/div>\n\t\t\t\t\t\t<\/div>\n\t\t\t\t<\/div>\n\t\t\t\t\t<\/div>\n\t\t<\/div>\n\t\t\t\t\t<\/div>\n\t\t<\/section>\n\t\t\t\t<\/div>\n\t\t","protected":false},"excerpt":{"rendered":"<p>GI\u1ea2I PH\u00c1P L\u1eccC D\u1ea6U CJC\u00ae CHO NG\u00c0NH C\u00d4NG NGHI\u1ec6P \u00d4 T\u00d4 T\u1ed0I \u01afU HI\u1ec6U SU\u1ea4T S\u1ea2N XU\u1ea4T, \u0110\u1ea2M B\u1ea2O CH\u1ea4T L\u01af\u1ee2NG S\u1ea2N PH\u1ea8M C\u00e1c nh\u00e0 m\u00e1y s\u1ea3n xu\u1ea5t \u00f4 t\u00f4 l\u00e0 h\u1ec7 th\u1ed1ng t\u1ef1 \u0111\u1ed9ng h\u00f3a cao, \u0111\u00f2i h\u1ecfi thi\u1ebft b\u1ecb ph\u1ea3i ho\u1ea1t \u0111\u1ed9ng \u1ed5n \u0111\u1ecbnh \u0111\u1ec3 \u0111\u1ea3m b\u1ea3o s\u1ea3n l\u01b0\u1ee3ng v\u00e0 ch\u1ea5t l\u01b0\u1ee3ng. C\u00e1c [&hellip;]<\/p>\n","protected":false},"author":1,"featured_media":0,"parent":152,"menu_order":2,"comment_status":"closed","ping_status":"closed","template":"","meta":{"footnotes":""},"class_list":["post-267","page","type-page","status-publish","hentry"],"_links":{"self":[{"href":"https:\/\/fsv.com.vn\/index.php\/wp-json\/wp\/v2\/pages\/267","targetHints":{"allow":["GET"]}}],"collection":[{"href":"https:\/\/fsv.com.vn\/index.php\/wp-json\/wp\/v2\/pages"}],"about":[{"href":"https:\/\/fsv.com.vn\/index.php\/wp-json\/wp\/v2\/types\/page"}],"author":[{"embeddable":true,"href":"https:\/\/fsv.com.vn\/index.php\/wp-json\/wp\/v2\/users\/1"}],"replies":[{"embeddable":true,"href":"https:\/\/fsv.com.vn\/index.php\/wp-json\/wp\/v2\/comments?post=267"}],"version-history":[{"count":14,"href":"https:\/\/fsv.com.vn\/index.php\/wp-json\/wp\/v2\/pages\/267\/revisions"}],"predecessor-version":[{"id":2032,"href":"https:\/\/fsv.com.vn\/index.php\/wp-json\/wp\/v2\/pages\/267\/revisions\/2032"}],"up":[{"embeddable":true,"href":"https:\/\/fsv.com.vn\/index.php\/wp-json\/wp\/v2\/pages\/152"}],"wp:attachment":[{"href":"https:\/\/fsv.com.vn\/index.php\/wp-json\/wp\/v2\/media?parent=267"}],"curies":[{"name":"wp","href":"https:\/\/api.w.org\/{rel}","templated":true}]}}