{"id":261,"date":"2023-03-28T08:12:52","date_gmt":"2023-03-28T01:12:52","guid":{"rendered":"https:\/\/fsv.com.vn\/?page_id=261"},"modified":"2025-03-16T08:50:33","modified_gmt":"2025-03-16T01:50:33","slug":"may-ep-nhom","status":"publish","type":"page","link":"https:\/\/fsv.com.vn\/index.php\/giai-phap\/cong-nghiep\/may-ep-nhom\/","title":{"rendered":"M\u00e1y \u00e9p nh\u00f4m"},"content":{"rendered":"\t\t<div data-elementor-type=\"wp-page\" data-elementor-id=\"261\" class=\"elementor elementor-261\" data-elementor-post-type=\"page\">\n\t\t\t\t\t\t<section class=\"elementor-section elementor-top-section elementor-element elementor-element-590fecc elementor-section-boxed elementor-section-height-default elementor-section-height-default\" data-id=\"590fecc\" data-element_type=\"section\">\n\t\t\t\t\t\t<div class=\"elementor-container elementor-column-gap-default\">\n\t\t\t\t\t<div class=\"elementor-column elementor-col-100 elementor-top-column elementor-element elementor-element-d03f433\" data-id=\"d03f433\" data-element_type=\"column\">\n\t\t\t<div class=\"elementor-widget-wrap elementor-element-populated\">\n\t\t\t\t\t\t<div class=\"elementor-element elementor-element-f08dc4a elementor-widget elementor-widget-spacer\" data-id=\"f08dc4a\" data-element_type=\"widget\" data-widget_type=\"spacer.default\">\n\t\t\t\t<div class=\"elementor-widget-container\">\n\t\t\t\t\t\t\t<div class=\"elementor-spacer\">\n\t\t\t<div class=\"elementor-spacer-inner\"><\/div>\n\t\t<\/div>\n\t\t\t\t\t\t<\/div>\n\t\t\t\t<\/div>\n\t\t\t\t\t<\/div>\n\t\t<\/div>\n\t\t\t\t\t<\/div>\n\t\t<\/section>\n\t\t\t\t<section class=\"elementor-section elementor-top-section elementor-element elementor-element-425282f elementor-section-boxed elementor-section-height-default elementor-section-height-default\" data-id=\"425282f\" data-element_type=\"section\">\n\t\t\t\t\t\t<div class=\"elementor-container elementor-column-gap-default\">\n\t\t\t\t\t<div class=\"elementor-column elementor-col-66 elementor-top-column elementor-element elementor-element-e1a3929\" data-id=\"e1a3929\" data-element_type=\"column\">\n\t\t\t<div class=\"elementor-widget-wrap elementor-element-populated\">\n\t\t\t\t\t\t<div class=\"elementor-element elementor-element-c40bd38 elementor-widget elementor-widget-text-editor\" data-id=\"c40bd38\" data-element_type=\"widget\" data-widget_type=\"text-editor.default\">\n\t\t\t\t<div class=\"elementor-widget-container\">\n\t\t\t\t\t\t\t\t\t<h5><strong>GI\u1ea2I PH\u00c1P L\u1eccC D\u1ea6U CJC\u00ae CHO M\u00c1Y \u00c9P NH\u00d4M<\/strong><\/h5><h4><strong>T\u1ed0I \u01afU HI\u1ec6U SU\u1ea4T, DUY TR\u00cc \u0110\u1ed8 \u1ed4N \u0110\u1ecaNH CHO H\u1ec6 TH\u1ed0NG TH\u1ee6Y L\u1ef0C<\/strong><\/h4><p>M\u00e1y \u00e9p \u0111\u00f9n nh\u00f4m l\u00e0 c\u00e1c h\u1ec7 th\u1ed1ng \u00e9p th\u1ee7y l\u1ef1c c\u00f3 k\u00edch th\u01b0\u1edbc l\u1edbn, s\u1eed d\u1ee5ng kh\u1ed1i l\u01b0\u1ee3ng d\u1ea7u th\u1ee7y l\u1ef1c l\u1edbn. \u0110\u00e2y l\u00e0 nh\u1eefng m\u00e1y m\u00f3c s\u1ea3n xu\u1ea5t c\u00f3 \u0111\u1ed9 ph\u1ee9c t\u1ea1p cao, \u0111\u00f2i h\u1ecfi thi\u1ebft b\u1ecb ho\u1ea1t \u0111\u1ed9ng \u1ed5n \u0111\u1ecbnh \u0111\u1ec3 duy tr\u00ec s\u1ea3n l\u01b0\u1ee3ng v\u00e0 ch\u1ea5t l\u01b0\u1ee3ng s\u1ea3n ph\u1ea9m. H\u1ec7 th\u1ed1ng s\u1eed d\u1ee5ng nhi\u1ec1u linh ki\u1ec7n th\u1ee7y l\u1ef1c quan tr\u1ecdng nh\u01b0 b\u01a1m, van t\u1ef7 l\u1ec7, \u0111\u00f2i h\u1ecfi d\u1ea7u lu\u00f4n s\u1ea1ch v\u00e0 kh\u00f4, kh\u00f4ng ch\u1ee9a c\u1eb7n oxy h\u00f3a \u0111\u1ec3 \u0111\u1ea3m b\u1ea3o v\u1eadn h\u00e0nh t\u1ed1i \u01b0u.<\/p><h4><strong>\ud83d\udd38 TH\u00c1CH TH\u1ee8C<\/strong><\/h4><p>\ud83d\udd39 Ch\u1ec9 d\u1ef1a v\u00e0o b\u1ed9 l\u1ecdc d\u1ea7u tr\u00ean d\u00f2ng (in-line) l\u00e0 m\u1ed9t chi\u1ebfn l\u01b0\u1ee3c r\u1ee7i ro cao, v\u00ec c\u00e1c h\u1ea1t b\u1ee5i b\u1ea9n v\u1edbi k\u00edch th\u01b0\u1edbc kh\u00e1c nhau c\u00f3 th\u1ec3 g\u00e2y hao m\u00f2n linh ki\u1ec7n, l\u00e0m gi\u1ea3m hi\u1ec7u su\u1ea5t m\u00e1y \u00e9p, gi\u1ea3m ch\u1ea5t l\u01b0\u1ee3ng s\u1ea3n ph\u1ea9m v\u00e0 g\u00e2y gi\u00e1n \u0111o\u1ea1n s\u1ea3n xu\u1ea5t.<br \/>\ud83d\udd39 D\u1ea7u b\u1ea9n g\u00e2y m\u00e0i m\u00f2n nhanh c\u00e1c linh ki\u1ec7n th\u1ee7y l\u1ef1c, d\u1eabn \u0111\u1ebfn c\u00e1c s\u1ef1 c\u1ed1 kh\u00f4ng mong mu\u1ed1n v\u00e0 th\u1eddi gian ng\u1eebng m\u00e1y k\u00e9o d\u00e0i.<br \/>\ud83d\udd39 N\u1ebfu d\u1ea7u ch\u1ee9a c\u1eb7n oxy h\u00f3a, van \u0111i\u1ec1u khi\u1ec3n c\u00f3 th\u1ec3 b\u1ecb k\u1eb9t khi kh\u1edfi \u0111\u1ed9ng, l\u00e0m gi\u1ea3m tu\u1ed5i th\u1ecd d\u1ea7u v\u00e0 t\u0103ng chi ph\u00ed v\u1eadn h\u00e0nh.<\/p><h4><strong>\u2705 L\u1ee2I \u00cdCH KHI L\u1eaeP \u0110\u1eb6T B\u1ed8 L\u1eccC D\u1ea6U CJC\u00ae<\/strong><\/h4><p>\u2714\ufe0f Duy tr\u00ec m\u00e1y \u00e9p nh\u00f4m v\u1eadn h\u00e0nh \u1ed5n \u0111\u1ecbnh<br \/>\u2714\ufe0f T\u0103ng hi\u1ec7u su\u1ea5t s\u1ea3n xu\u1ea5t v\u00e0 ch\u1ea5t l\u01b0\u1ee3ng s\u1ea3n ph\u1ea9m<br \/>\u2714\ufe0f Gi\u1ea3m nguy c\u01a1 h\u1ecfng h\u00f3c, b\u1ea3o tr\u00ec ngo\u00e0i k\u1ebf ho\u1ea1ch<br \/>\u2714\ufe0f B\u1ea3o v\u1ec7 h\u1ec7 th\u1ed1ng th\u1ee7y l\u1ef1c, k\u00e9o d\u00e0i tu\u1ed5i th\u1ecd linh ki\u1ec7n \u0111\u1eaft ti\u1ec1n<br \/>\u2714\ufe0f K\u00e9o d\u00e0i tu\u1ed5i th\u1ecd d\u1ea7u th\u1ee7y l\u1ef1c l\u00ean g\u1ea5p <strong>3-4 l\u1ea7n<\/strong><br \/>\u2714\ufe0f Gi\u1ea3m t\u1ea7n su\u1ea5t d\u1eebng m\u00e1y \u0111\u1ec3 b\u1ea3o tr\u00ec h\u1ec7 th\u1ed1ng l\u1ecdc d\u1ea7u<\/p><p>Khi l\u1eafp \u0111\u1eb7t thi\u1ebft b\u1ecb l\u1ecdc d\u1ea7u CJC\u00ae tr\u00ean m\u00e1y \u00e9p nh\u00f4m, nh\u00e0 m\u00e1y c\u00f3 gi\u1ea3i ph\u00e1p l\u1ecdc d\u1ea7u hi\u1ec7u qu\u1ea3 v\u1edbi <strong>kh\u1ea3 n\u0103ng gi\u1eef b\u1ee5i b\u1ea9n l\u1edbn<\/strong>, ph\u00f9 h\u1ee3p v\u1edbi h\u1ec7 th\u1ed1ng c\u00f3 m\u1ee9c \u0111\u1ed9 nhi\u1ec5m b\u1ea9n cao. CJC\u00ae \u0111\u00e3 \u0111\u01b0\u1ee3c ch\u1ee9ng minh hi\u1ec7u qu\u1ea3 trong nhi\u1ec1u n\u0103m qua v\u1edbi nhi\u1ec1u h\u1ec7 th\u1ed1ng m\u00e1y \u00e9p th\u1ee7y l\u1ef1c tr\u00ean to\u00e0n c\u1ea7u.\u00a0<\/p><p>\u2705 <strong>Ch\u1ecdn CJC\u00ae Oil Filter \u0111\u1ec3 b\u1ea3o v\u1ec7 h\u1ec7 th\u1ed1ng th\u1ee7y l\u1ef1c, gi\u1ea3m chi ph\u00ed b\u1ea3o tr\u00ec v\u00e0 ng\u0103n ng\u1eeba s\u1ef1 c\u1ed1 ngo\u00e0i k\u1ebf ho\u1ea1ch!<\/strong><\/p>\t\t\t\t\t\t\t\t<\/div>\n\t\t\t\t<\/div>\n\t\t\t\t\t<\/div>\n\t\t<\/div>\n\t\t\t\t<div class=\"elementor-column elementor-col-33 elementor-top-column elementor-element elementor-element-d013d29\" data-id=\"d013d29\" data-element_type=\"column\">\n\t\t\t<div class=\"elementor-widget-wrap elementor-element-populated\">\n\t\t\t\t\t\t<div class=\"elementor-element elementor-element-02f943b elementor-widget elementor-widget-image\" data-id=\"02f943b\" data-element_type=\"widget\" data-widget_type=\"image.default\">\n\t\t\t\t<div class=\"elementor-widget-container\">\n\t\t\t\t\t\t\t\t\t\t\t\t\t\t\t<img fetchpriority=\"high\" decoding=\"async\" width=\"800\" height=\"376\" src=\"https:\/\/fsv.com.vn\/wp-content\/uploads\/2023\/03\/aluminiumtoppicture-9514.jpg\" class=\"attachment-large size-large wp-image-263\" alt=\"\" srcset=\"https:\/\/fsv.com.vn\/wp-content\/uploads\/2023\/03\/aluminiumtoppicture-9514.jpg 850w, https:\/\/fsv.com.vn\/wp-content\/uploads\/2023\/03\/aluminiumtoppicture-9514-300x141.jpg 300w, https:\/\/fsv.com.vn\/wp-content\/uploads\/2023\/03\/aluminiumtoppicture-9514-768x361.jpg 768w\" sizes=\"(max-width: 800px) 100vw, 800px\" \/>\t\t\t\t\t\t\t\t\t\t\t\t\t\t\t<\/div>\n\t\t\t\t<\/div>\n\t\t\t\t<div class=\"elementor-element elementor-element-971f42d elementor-widget elementor-widget-text-editor\" data-id=\"971f42d\" data-element_type=\"widget\" data-widget_type=\"text-editor.default\">\n\t\t\t\t<div class=\"elementor-widget-container\">\n\t\t\t\t\t\t\t\t\t<h5><a href=\"https:\/\/www.cjc.dk\/fileadmin\/root\/File_Admin_Filter\/doc_Customer_Cases\/Industry_HydraulicOil_AluminiumInjectionMoulder_ASIN5048UK.pdf\">Aluminium Injection Moulder<\/a><\/h5><h5><a href=\"https:\/\/www.cjc.dk\/system-solutions\/industry\/aluminium-presses\/\">CJC Case studies<\/a><\/h5><h5>\u00a0<\/h5><h5>\u00a0<\/h5>\t\t\t\t\t\t\t\t<\/div>\n\t\t\t\t<\/div>\n\t\t\t\t\t<\/div>\n\t\t<\/div>\n\t\t\t\t\t<\/div>\n\t\t<\/section>\n\t\t\t\t<section class=\"elementor-section elementor-top-section elementor-element elementor-element-b5b68c8 elementor-section-boxed elementor-section-height-default elementor-section-height-default\" data-id=\"b5b68c8\" data-element_type=\"section\">\n\t\t\t\t\t\t<div class=\"elementor-container elementor-column-gap-default\">\n\t\t\t\t\t<div class=\"elementor-column elementor-col-100 elementor-top-column elementor-element elementor-element-330d434\" data-id=\"330d434\" data-element_type=\"column\">\n\t\t\t<div class=\"elementor-widget-wrap elementor-element-populated\">\n\t\t\t\t\t\t<div class=\"elementor-element elementor-element-49c7f3e elementor-widget elementor-widget-spacer\" data-id=\"49c7f3e\" data-element_type=\"widget\" data-widget_type=\"spacer.default\">\n\t\t\t\t<div class=\"elementor-widget-container\">\n\t\t\t\t\t\t\t<div class=\"elementor-spacer\">\n\t\t\t<div class=\"elementor-spacer-inner\"><\/div>\n\t\t<\/div>\n\t\t\t\t\t\t<\/div>\n\t\t\t\t<\/div>\n\t\t\t\t\t<\/div>\n\t\t<\/div>\n\t\t\t\t\t<\/div>\n\t\t<\/section>\n\t\t\t\t<section class=\"elementor-section elementor-top-section elementor-element elementor-element-fe05c7e elementor-section-boxed elementor-section-height-default elementor-section-height-default\" data-id=\"fe05c7e\" data-element_type=\"section\">\n\t\t\t\t\t\t<div class=\"elementor-container elementor-column-gap-default\">\n\t\t\t\t\t<div class=\"elementor-column elementor-col-100 elementor-top-column elementor-element elementor-element-41160bf\" data-id=\"41160bf\" data-element_type=\"column\">\n\t\t\t<div class=\"elementor-widget-wrap elementor-element-populated\">\n\t\t\t\t\t\t<div class=\"elementor-element elementor-element-c92ede2 elementor-widget elementor-widget-heading\" data-id=\"c92ede2\" data-element_type=\"widget\" data-widget_type=\"heading.default\">\n\t\t\t\t<div class=\"elementor-widget-container\">\n\t\t\t\t\t<h3 class=\"elementor-heading-title elementor-size-default\">M\u00e1y \u00e9p nh\u00f4m<\/h3>\t\t\t\t<\/div>\n\t\t\t\t<\/div>\n\t\t\t\t<div class=\"elementor-element elementor-element-65dad70 elementor-widget elementor-widget-text-editor\" data-id=\"65dad70\" data-element_type=\"widget\" data-widget_type=\"text-editor.default\">\n\t\t\t\t<div class=\"elementor-widget-container\">\n\t\t\t\t\t\t\t\t\t<p>M\u00e1y \u00e9p \u0111\u00f9n nh\u00f4m l\u00e0 lo\u1ea1i m\u00e1y \u00e9p th\u1ee7y l\u1ef1c r\u1ea5t l\u1edbn, c\u00f3 kh\u1ed1i l\u01b0\u1ee3ng d\u1ea7u th\u1ee7y l\u1ef1c l\u1edbn. Ch\u00fang l\u00e0 nh\u1eefng c\u1ed7 m\u00e1y s\u1ea3n xu\u1ea5t c\u00f3 \u0111\u1ed9 ph\u1ee9c t\u1ea1p cao v\u00e0 thi\u1ebft b\u1ecb \u0111\u00e1ng tin c\u1eady l\u00e0 ch\u00eca kh\u00f3a \u0111\u1ec3 duy tr\u00ec s\u1ea3n l\u01b0\u1ee3ng th\u00e0nh ph\u1ea9m cao. M\u1ed9t lo\u1ea1t c\u00e1c th\u00e0nh ph\u1ea7n c\u1ee7a h\u1ec7 th\u1ed1ng th\u1ee7y l\u1ef1c, ch\u1eb3ng h\u1ea1n nh\u01b0 b\u01a1m v\u00e0 van t\u1ef7 l\u1ec7 \u0111\u01b0\u1ee3c s\u1eed d\u1ee5ng \u0111\u1ec3 l\u00e0m cho m\u00e1y \u00e9p nh\u00f4m ho\u1ea1t \u0111\u1ed9ng t\u1ed1i \u01b0u. Dung sai nh\u1ecf trong c\u00e1c b\u1ed9 ph\u1eadn trong h\u1ec7 th\u1ed1ng th\u1ee7y l\u1ef1c khi\u1ebfn cho vi\u1ec7c duy tr\u00ec d\u1ea7u s\u1ea1ch v\u00e0 kh\u00f4, kh\u00f4ng b\u1ecb \u00f4xy h\u00f3a c\u1eb7n l\u00e0 r\u1ea5t quan tr\u1ecdng.<\/p><p><strong>Th\u00e1ch <\/strong><strong>th\u1ee9c<\/strong><\/p><p>Ch\u1ec9 d\u1ef1a v\u00e0o c\u00e1c b\u1ed9 l\u1ecdc in-line trong m\u00e1y \u00e9p th\u1ee7y l\u1ef1c b\u1eb1ng nh\u00f4m l\u00e0 m\u1ed9t chi\u1ebfn l\u01b0\u1ee3c r\u1ee7i ro cao. Khi l\u00e0m nh\u01b0 v\u1eady, m\u00e1y \u00e9p nh\u00f4m c\u00f3 nguy c\u01a1 b\u1ecb d\u00ednh nhi\u1ec1u h\u1ea1t v\u1edbi k\u00edch th\u01b0\u1edbc kh\u00e1c nhau, d\u1eabn \u0111\u1ebfn th\u1eddi gian ng\u1eebng ho\u1ea1t \u0111\u1ed9ng t\u1ed1n k\u00e9m, s\u1ea3n l\u01b0\u1ee3ng s\u1ea3n xu\u1ea5t m\u1ea5t hi\u1ec7u qu\u1ea3 v\u00e0 ch\u1ea5t l\u01b0\u1ee3ng s\u1ea3n ph\u1ea9m th\u1ea5p h\u01a1n. N\u1ebfu d\u1ea7u trong h\u1ec7 th\u1ed1ng th\u1ee7y l\u1ef1c kh\u00f4ng s\u1ea1ch, b\u1ea1n s\u1ebd g\u1eb7p ph\u1ea3i t\u00ecnh tr\u1ea1ng m\u00e0i m\u00f2n c\u00e1c b\u1ed9 ph\u1eadn th\u1ee7y l\u1ef1c v\u00e0 c\u00e1c ho\u1ea1t \u0111\u1ed9ng s\u1ea3n xu\u1ea5t ng\u1eebng tr\u1ec7 ngo\u00e0i k\u1ebf ho\u1ea1ch. N\u1ebfu b\u1ea1n kh\u00f4ng gi\u1eef cho d\u1ea7u kh\u1ecfi c\u1eb7n \u00f4xy h\u00f3a, b\u1ea1n \u0111ang l\u00e0m nguy c\u01a1 tu\u1ed5i th\u1ecd c\u1ee7a d\u1ea7u ng\u1eafn h\u01a1n nhi\u1ec1u v\u00e0 c\u00e1c van s\u1ebd b\u1ecb t\u1eafc d\u1ea7n \u0111\u01b0\u1ee3c h\u00ecnh th\u00e0nh. T\u1ea5t c\u1ea3 \u0111\u1ec1u d\u1eabn \u0111\u1ebfn t\u0103ng th\u1eddi gian ng\u1eebng m\u00e1y \u00a0v\u00e0 chi ph\u00ed v\u1eadn h\u00e0nh cao h\u01a1n.<\/p>\t\t\t\t\t\t\t\t<\/div>\n\t\t\t\t<\/div>\n\t\t\t\t<div class=\"elementor-element elementor-element-c89e5b5 elementor-widget elementor-widget-text-editor\" data-id=\"c89e5b5\" data-element_type=\"widget\" data-widget_type=\"text-editor.default\">\n\t\t\t\t<div class=\"elementor-widget-container\">\n\t\t\t\t\t\t\t\t\t<p><strong>L\u1ee3i \u00edch<\/strong><strong> vi\u1ec7c l\u1eafp \u0111\u1eb7t<\/strong> <strong>b<\/strong><strong>\u1ed9 l\u1ecdc d\u1ea7u CJC\u00ae<\/strong><\/p><ul><li>Gi\u1eef cho m\u00e1y \u00e9p nh\u00f4m th\u1ee7y l\u1ef1c c\u1ee7a b\u1ea1n th\u00edch h\u1ee3p \u0111\u1ec3 v\u1eadn h\u00e0nh<\/li><li>Duy tr\u00ec s\u1ef1 \u1ed5n \u0111\u1ecbnh v\u00e0 hi\u1ec7u qu\u1ea3 c\u1ee7a quy tr\u00ecnh cao<\/li><li>Gi\u1ea3m nguy c\u01a1 h\u1ecfng h\u00f3c ngo\u00e0i k\u1ebf ho\u1ea1ch v\u00e0 b\u1ea3o tr\u00ec<\/li><li>\u0110\u1ea3m b\u1ea3o tu\u1ed5i th\u1ecd l\u00e2u d\u00e0i c\u1ee7a c\u00e1c th\u00e0nh ph\u1ea7n h\u1ec7 th\u1ed1ng th\u1ee7y l\u1ef1c \u0111\u1eaft ti\u1ec1n<\/li><li>K\u00e9o d\u00e0i tu\u1ed5i th\u1ecd d\u1ea7u th\u1ee7y l\u1ef1c v\u1edbi h\u1ec7 s\u1ed1 3-4<\/li><\/ul>\t\t\t\t\t\t\t\t<\/div>\n\t\t\t\t<\/div>\n\t\t\t\t<div class=\"elementor-element elementor-element-99edef9 elementor-widget elementor-widget-text-editor\" data-id=\"99edef9\" data-element_type=\"widget\" data-widget_type=\"text-editor.default\">\n\t\t\t\t<div class=\"elementor-widget-container\">\n\t\t\t\t\t\t\t\t\t<p>Khi kh\u00e1ch h\u00e0ng l\u1eafp \u0111\u1eb7t gi\u1ea3i ph\u00e1p l\u1ecdc d\u1ea7u CJC\u00ae tr\u00ean m\u00e1y \u00e9p nh\u00f4m c\u1ee7a m\u00ecnh, b\u1ea1n s\u1ebd c\u00f3 \u0111\u01b0\u1ee3c m\u1ed9t b\u1ed9 l\u1ecdc d\u1ea7u r\u1ea5t hi\u1ec7u qu\u1ea3 v\u1edbi kh\u1ea3 n\u0103ng l\u1ecdc b\u1ee5i b\u1ea9n cao nh\u1ea5t, ph\u00f9 h\u1ee3p v\u1edbi h\u1ec7 th\u1ed1ng c\u00f3 h\u00e0m l\u01b0\u1ee3ng h\u1ea1t cao ho\u1eb7c c\u1eb7n \u00f4xy h\u00f3a. B\u1eb1ng c\u00e1ch n\u00e0y, b\u1ea1n kh\u00f4ng c\u1ea7n ph\u1ea3i ng\u1eebng s\u1ea3n xu\u1ea5t s\u1edbm h\u01a1n d\u1ef1 ki\u1ebfn \u0111\u1ec3 b\u1ea3o d\u01b0\u1ee1ng b\u1ed9 l\u1ecdc. V\u1ec1 m\u1eb7t k\u1ef9 thu\u1eadt, l\u00f5i l\u1ecdc d\u1ea7u CJC\u00ae \u0111\u01b0\u1ee3c bi\u1ebft \u0111\u1ebfn v\u1edbi ch\u1ee9c n\u0103ng gi\u1eef cho d\u1ea7u s\u1ea1ch, kh\u00f4 v\u00e0 kh\u00f4ng c\u00f3 c\u1eb7n \u00f4xy h\u00f3a, \u0111\u01b0\u1ee3c ghi nh\u1eadn trong nhi\u1ec1u n\u0103m v\u00e0 trong nhi\u1ec1u c\u01a1 s\u1edf l\u1eafp \u0111\u1eb7t m\u00e1y \u00e9p th\u1ee7y l\u1ef1c. Khi ch\u1ecdn b\u1ed9 l\u1ecdc d\u1ea7u CJC\u00ae, b\u1ea1n s\u1ebd \u0111\u01b0\u1ee3c \u0111\u1ea3m b\u1ea3o tu\u1ed5i th\u1ecd l\u00e2u d\u00e0i c\u1ee7a c\u00e1c b\u1ed9 ph\u1eadn th\u1ee7y l\u1ef1c, gi\u1ea3m chi ph\u00ed b\u1ea3o tr\u00ec v\u00e0 tr\u00e1nh s\u1ef1 c\u1ed1 ngo\u00e0i \u00fd mu\u1ed1n. Tu\u1ed5i th\u1ecd c\u1ee7a d\u1ea7u th\u1ee7y l\u1ef1c c\u00f3 th\u1ec3 \u0111\u01b0\u1ee3c k\u00e9o d\u00e0i v\u1edbi h\u1ec7 s\u1ed1 3-4 v\u00e0\u00a0 th\u1eadm ch\u00ed c\u00f3 th\u1ec3 theo d\u00f5i t\u00ecnh tr\u1ea1ng h\u1ec7 th\u1ed1ng c\u1ee7a m\u00ecnh t\u1eeb v\u1ecb tr\u00ed gi\u00e1m s\u00e1t trung t\u00e2m b\u1eb1ng c\u00e1ch s\u1eed d\u1ee5ng h\u1ec7 th\u1ed1ng gi\u00e1m s\u00e1t nhi\u1ec5m b\u1ea9n d\u1ea7u (OCM).<\/p>\t\t\t\t\t\t\t\t<\/div>\n\t\t\t\t<\/div>\n\t\t\t\t<div class=\"elementor-element elementor-element-c1fda94 elementor-widget elementor-widget-text-editor\" data-id=\"c1fda94\" data-element_type=\"widget\" data-widget_type=\"text-editor.default\">\n\t\t\t\t<div class=\"elementor-widget-container\">\n\t\t\t\t\t\t\t\t\t<p><strong>Gi\u1ea3i ph\u00e1p c\u1ee7a b\u1ea1n<\/strong><\/p><p>Nhi\u1ec1u k\u00edch c\u1ee1 c\u1ee7a B\u1ed9 l\u1ecdc d\u1ea7u CJC\u00ae \u0111\u01b0\u1ee3c s\u1eed d\u1ee5ng cho ng\u00e0nh c\u00f4ng nghi\u1ec7p m\u00e1y \u00e9p nh\u00f4m:<\/p><ul><li>C\u00e1c b\u1ed9 l\u1ecdc m\u1ecbn t\u1eeb k\u00edch th\u01b0\u1edbc HDU 15\/25 \u0111\u1ebfn HDU \u0111a l\u01b0u l\u01b0\u1ee3ng l\u1edbn 27\/108<\/li><li>B\u1ed9 l\u1ecdc ph\u00e2n t\u00e1ch t\u1eeb k\u00edch th\u01b0\u1edbc PTU2 27\/27 \u0111\u1ebfn PTU3 27\/108<\/li><li>Gi\u00e1m s\u00e1t \u00f4 nhi\u1ec5m d\u1ea7u, OCM15<\/li><\/ul>\t\t\t\t\t\t\t\t<\/div>\n\t\t\t\t<\/div>\n\t\t\t\t<div class=\"elementor-element elementor-element-defc8c0 elementor-widget elementor-widget-text-editor\" data-id=\"defc8c0\" data-element_type=\"widget\" data-widget_type=\"text-editor.default\">\n\t\t\t\t<div class=\"elementor-widget-container\">\n\t\t\t\t\t\t\t\t\t<p>C\u00e1c gi\u1ea3i ph\u00e1p h\u1ec7 th\u1ed1ng CJC\u00ae ph\u00f9 h\u1ee3p v\u1edbi t\u1ea5t c\u1ea3 c\u00e1c m\u00e1y \u00e9p nh\u00f4m th\u1ee7y l\u1ef1c v\u00e0 ch\u00fang t\u00f4i c\u00f3 th\u1ec3 cung c\u1ea5p tr\u00ean to\u00e0n c\u1ea7u khi c\u00f3 nhu c\u1ea7u. Trong s\u1ef1 h\u1ee3p t\u00e1c ch\u1eb7t ch\u1ebd v\u1edbi c\u00e1c t\u1ed5 ch\u1ee9c k\u1ef9 thu\u1eadt, ch\u00fang t\u00f4i gi\u00fap l\u1ef1a ch\u1ecdn gi\u1ea3i ph\u00e1p t\u1ed1t nh\u1ea5t t\u00f9y thu\u1ed9c v\u00e0o lo\u1ea1i h\u1ec7 th\u1ed1ng v\u00e0 \u0111i\u1ec1u ki\u1ec7n m\u00f4i tr\u01b0\u1eddng.<\/p>\t\t\t\t\t\t\t\t<\/div>\n\t\t\t\t<\/div>\n\t\t\t\t\t<\/div>\n\t\t<\/div>\n\t\t\t\t\t<\/div>\n\t\t<\/section>\n\t\t\t\t<\/div>\n\t\t","protected":false},"excerpt":{"rendered":"<p>GI\u1ea2I PH\u00c1P L\u1eccC D\u1ea6U CJC\u00ae CHO M\u00c1Y \u00c9P NH\u00d4M T\u1ed0I \u01afU HI\u1ec6U SU\u1ea4T, DUY TR\u00cc \u0110\u1ed8 \u1ed4N \u0110\u1ecaNH CHO H\u1ec6 TH\u1ed0NG TH\u1ee6Y L\u1ef0C M\u00e1y \u00e9p \u0111\u00f9n nh\u00f4m l\u00e0 c\u00e1c h\u1ec7 th\u1ed1ng \u00e9p th\u1ee7y l\u1ef1c c\u00f3 k\u00edch th\u01b0\u1edbc l\u1edbn, s\u1eed d\u1ee5ng kh\u1ed1i l\u01b0\u1ee3ng d\u1ea7u th\u1ee7y l\u1ef1c l\u1edbn. \u0110\u00e2y l\u00e0 nh\u1eefng m\u00e1y m\u00f3c s\u1ea3n xu\u1ea5t c\u00f3 \u0111\u1ed9 [&hellip;]<\/p>\n","protected":false},"author":1,"featured_media":0,"parent":152,"menu_order":1,"comment_status":"closed","ping_status":"closed","template":"","meta":{"footnotes":""},"class_list":["post-261","page","type-page","status-publish","hentry"],"_links":{"self":[{"href":"https:\/\/fsv.com.vn\/index.php\/wp-json\/wp\/v2\/pages\/261","targetHints":{"allow":["GET"]}}],"collection":[{"href":"https:\/\/fsv.com.vn\/index.php\/wp-json\/wp\/v2\/pages"}],"about":[{"href":"https:\/\/fsv.com.vn\/index.php\/wp-json\/wp\/v2\/types\/page"}],"author":[{"embeddable":true,"href":"https:\/\/fsv.com.vn\/index.php\/wp-json\/wp\/v2\/users\/1"}],"replies":[{"embeddable":true,"href":"https:\/\/fsv.com.vn\/index.php\/wp-json\/wp\/v2\/comments?post=261"}],"version-history":[{"count":13,"href":"https:\/\/fsv.com.vn\/index.php\/wp-json\/wp\/v2\/pages\/261\/revisions"}],"predecessor-version":[{"id":1934,"href":"https:\/\/fsv.com.vn\/index.php\/wp-json\/wp\/v2\/pages\/261\/revisions\/1934"}],"up":[{"embeddable":true,"href":"https:\/\/fsv.com.vn\/index.php\/wp-json\/wp\/v2\/pages\/152"}],"wp:attachment":[{"href":"https:\/\/fsv.com.vn\/index.php\/wp-json\/wp\/v2\/media?parent=261"}],"curies":[{"name":"wp","href":"https:\/\/api.w.org\/{rel}","templated":true}]}}