{"id":255,"date":"2023-03-28T08:11:12","date_gmt":"2023-03-28T01:11:12","guid":{"rendered":"https:\/\/fsv.com.vn\/?page_id=255"},"modified":"2025-03-16T08:40:03","modified_gmt":"2025-03-16T01:40:03","slug":"cac-ung-dung-khac","status":"publish","type":"page","link":"https:\/\/fsv.com.vn\/index.php\/giai-phap\/nha-may-dien\/cac-ung-dung-khac\/","title":{"rendered":"C\u00e1c \u1ee9ng d\u1ee5ng kh\u00e1c"},"content":{"rendered":"\t\t<div data-elementor-type=\"wp-page\" data-elementor-id=\"255\" class=\"elementor elementor-255\" data-elementor-post-type=\"page\">\n\t\t\t\t\t\t<section class=\"elementor-section elementor-top-section elementor-element elementor-element-6275d97 elementor-section-boxed elementor-section-height-default elementor-section-height-default\" data-id=\"6275d97\" data-element_type=\"section\">\n\t\t\t\t\t\t<div class=\"elementor-container elementor-column-gap-default\">\n\t\t\t\t\t<div class=\"elementor-column elementor-col-100 elementor-top-column elementor-element elementor-element-1db04d0\" data-id=\"1db04d0\" data-element_type=\"column\">\n\t\t\t<div class=\"elementor-widget-wrap elementor-element-populated\">\n\t\t\t\t\t\t<div class=\"elementor-element elementor-element-647eeae elementor-widget elementor-widget-spacer\" data-id=\"647eeae\" data-element_type=\"widget\" data-widget_type=\"spacer.default\">\n\t\t\t\t<div class=\"elementor-widget-container\">\n\t\t\t\t\t\t\t<div class=\"elementor-spacer\">\n\t\t\t<div class=\"elementor-spacer-inner\"><\/div>\n\t\t<\/div>\n\t\t\t\t\t\t<\/div>\n\t\t\t\t<\/div>\n\t\t\t\t\t<\/div>\n\t\t<\/div>\n\t\t\t\t\t<\/div>\n\t\t<\/section>\n\t\t\t\t<section class=\"elementor-section elementor-top-section elementor-element elementor-element-e8aff53 elementor-section-boxed elementor-section-height-default elementor-section-height-default\" data-id=\"e8aff53\" data-element_type=\"section\">\n\t\t\t\t\t\t<div class=\"elementor-container elementor-column-gap-default\">\n\t\t\t\t\t<div class=\"elementor-column elementor-col-66 elementor-top-column elementor-element elementor-element-12c1bd2\" data-id=\"12c1bd2\" data-element_type=\"column\">\n\t\t\t<div class=\"elementor-widget-wrap elementor-element-populated\">\n\t\t\t\t\t\t<div class=\"elementor-element elementor-element-0ee2b2f elementor-widget elementor-widget-text-editor\" data-id=\"0ee2b2f\" data-element_type=\"widget\" data-widget_type=\"text-editor.default\">\n\t\t\t\t<div class=\"elementor-widget-container\">\n\t\t\t\t\t\t\t\t\t<h5 data-start=\"0\" data-end=\"72\"><strong data-start=\"4\" data-end=\"70\">GI\u1ea2I PH\u00c1P L\u1eccC D\u1ea6U CJC\u00ae CHO C\u00c1C \u1ee8NG D\u1ee4NG PH\u1ee4 TRONG NH\u00c0 M\u00c1Y \u0110I\u1ec6N<\/strong><\/h5><h4 data-start=\"74\" data-end=\"123\"><strong data-start=\"79\" data-end=\"121\">T\u1ea6M QUAN TR\u1eccNG C\u1ee6A C\u00c1C \u1ee8NG D\u1ee4NG H\u1ed6 TR\u1ee2<\/strong><\/h4><p data-start=\"124\" data-end=\"642\">C\u00e1c h\u1ec7 th\u1ed1ng h\u1ed7 tr\u1ee3 trong nh\u00e0 m\u00e1y \u0111i\u1ec7n nh\u01b0 c\u1ea7n tr\u1ee5c, h\u1ec7 th\u1ed1ng thu\u1ef7 l\u1ef1c v\u00e0 b\u00f4i tr\u01a1n \u0111\u00f3ng vai tr\u00f2 quan tr\u1ecdng trong vi\u1ec7c duy tr\u00ec hi\u1ec7u su\u1ea5t v\u1eadn h\u00e0nh. Tuy nhi\u00ean, ch\u00fang \u0111\u1ec1u g\u1eb7p ph\u1ea3i v\u1ea5n \u0111\u1ec1 chung l\u00e0 d\u1ea7u thu\u1ef7 l\u1ef1c v\u00e0 d\u1ea7u b\u00f4i tr\u01a1n b\u1ecb nhi\u1ec5m b\u1ea9n b\u1edfi h\u1ea1t r\u1eafn, n\u01b0\u1edbc v\u00e0 c\u1eb7n oxy h\u00f3a. N\u1ebfu kh\u00f4ng ki\u1ec3m so\u00e1t t\u1ed1t, \u0111i\u1ec1u n\u00e0y c\u00f3 th\u1ec3 l\u00e0m gi\u1ea3m tu\u1ed5i th\u1ecd d\u1ea7u v\u00e0 thi\u1ebft b\u1ecb. V\u1edbi gi\u1ea3i ph\u00e1p l\u1ecdc d\u1ea7u CJC\u00ae, d\u1ea7u trong c\u00e1c b\u1ed9 ngu\u1ed3n thu\u1ef7 l\u1ef1c, \u0111\u1ed9ng c\u01a1 thu\u1ef7 l\u1ef1c, xi lanh, van v\u00e0 b\u01a1m c\u00f3 th\u1ec3 duy tr\u00ec \u0111\u1ed9 s\u1ea1ch l\u00e2u d\u00e0i, k\u00e9o d\u00e0i tu\u1ed5i th\u1ecd v\u00e0 gi\u1ea3m chi ph\u00ed b\u1ea3o tr\u00ec.<\/p><h4 data-start=\"644\" data-end=\"697\"><strong data-start=\"649\" data-end=\"695\">TH\u00c1CH TH\u1ee8C TRONG V\u1eacN H\u00c0NH C\u00c1C H\u1ec6 TH\u1ed0NG PH\u1ee4<\/strong><\/h4><p data-start=\"699\" data-end=\"862\">\ud83d\udd38 <strong data-start=\"702\" data-end=\"750\">X\u00e2m nh\u1eadp n\u01b0\u1edbc, b\u1ee5i b\u1ea9n v\u00e0 bi\u1ebfn \u0111\u1ed9ng nhi\u1ec7t \u0111\u1ed9<\/strong> \u2013 D\u1ea7u thu\u1ef7 l\u1ef1c v\u00e0 d\u1ea7u b\u00f4i tr\u01a1n d\u1ec5 b\u1ecb nhi\u1ec5m b\u1ea9n do \u0111i\u1ec1u ki\u1ec7n m\u00f4i tr\u01b0\u1eddng, l\u00e0m \u1ea3nh h\u01b0\u1edfng \u0111\u1ebfn hi\u1ec7u su\u1ea5t v\u1eadn h\u00e0nh.<\/p><p data-start=\"864\" data-end=\"1025\">\ud83d\udd38 <strong data-start=\"867\" data-end=\"916\">Gi\u00e1n \u0111o\u1ea1n s\u1ea3n xu\u1ea5t do b\u1ea3o tr\u00ec \u0111\u1ecbnh k\u1ef3 t\u1ed1n k\u00e9m<\/strong> \u2013 D\u1ea7u th\u01b0\u1eddng \u0111\u01b0\u1ee3c thay th\u1ebf theo l\u1ecbch tr\u00ecnh c\u1ed1 \u0111\u1ecbnh, g\u00e2y l\u00e3ng ph\u00ed v\u00e0 \u0111\u00f2i h\u1ecfi t\u1eaft m\u00e1y \u0111\u1ec3 th\u1ef1c hi\u1ec7n thay d\u1ea7u.<\/p><p data-start=\"1027\" data-end=\"1189\">\ud83d\udd38 <strong data-start=\"1030\" data-end=\"1080\">Gi\u1ea3m tu\u1ed5i th\u1ecd thi\u1ebft b\u1ecb &amp; t\u0103ng chi ph\u00ed s\u1eeda ch\u1eefa<\/strong> \u2013 N\u1ebfu c\u00e1c t\u1ea1p ch\u1ea5t kh\u00f4ng \u0111\u01b0\u1ee3c lo\u1ea1i b\u1ecf, thi\u1ebft b\u1ecb s\u1ebd nhanh ch\u00f3ng b\u1ecb m\u00e0i m\u00f2n, t\u0103ng nguy c\u01a1 h\u1ecfng h\u00f3c \u0111\u1ed9t xu\u1ea5t.<\/p><p data-start=\"1191\" data-end=\"1395\">\ud83d\udd38 <strong data-start=\"1194\" data-end=\"1250\">T\u00e1c \u0111\u1ed9ng d\u00e2y chuy\u1ec1n \u0111\u1ebfn c\u00e1c h\u1ec7 th\u1ed1ng quan tr\u1ecdng kh\u00e1c<\/strong> \u2013 C\u00e1c h\u1ec7 th\u1ed1ng ph\u1ee5 th\u01b0\u1eddng h\u1ed7 tr\u1ee3 cho nh\u1eefng thi\u1ebft b\u1ecb ch\u00ednh trong nh\u00e0 m\u00e1y. N\u1ebfu x\u1ea3y ra s\u1ef1 c\u1ed1, n\u00f3 c\u00f3 th\u1ec3 \u1ea3nh h\u01b0\u1edfng \u0111\u1ebfn to\u00e0n b\u1ed9 ho\u1ea1t \u0111\u1ed9ng s\u1ea3n xu\u1ea5t.<\/p><h4 data-start=\"1397\" data-end=\"1443\"><strong data-start=\"1402\" data-end=\"1441\">L\u1ee2I \u00cdCH KHI L\u1eaeP \u0110\u1eb6T B\u1ed8 L\u1eccC D\u1ea6U CJC\u00ae<\/strong><\/h4><p data-start=\"1445\" data-end=\"1774\">\u2705 <strong data-start=\"1447\" data-end=\"1500\">Tr\u00e1nh s\u1ef1 c\u1ed1 ng\u1eebng m\u00e1y &amp; t\u1ed1i \u0111a h\u00f3a s\u1ea3n l\u01b0\u1ee3ng \u0111i\u1ec7n<\/strong><br data-start=\"1500\" data-end=\"1503\" \/>\u2705 <strong data-start=\"1505\" data-end=\"1557\">K\u00e9o d\u00e0i \u0111\u00e1ng k\u1ec3 tu\u1ed5i th\u1ecd c\u1ee7a thi\u1ebft b\u1ecb &amp; h\u1ec7 th\u1ed1ng<\/strong><br data-start=\"1557\" data-end=\"1560\" \/>\u2705 <strong data-start=\"1562\" data-end=\"1611\">K\u00e9o d\u00e0i th\u1eddi gian s\u1eed d\u1ee5ng d\u1ea7u l\u00ean g\u1ea5p 3-4 l\u1ea7n<\/strong><br data-start=\"1611\" data-end=\"1614\" \/>\u2705 <strong data-start=\"1616\" data-end=\"1658\">Gi\u1ea3m \u0111\u00e1ng k\u1ec3 nhu c\u1ea7u thay th\u1ebf ph\u1ee5 t\u00f9ng<\/strong><br data-start=\"1658\" data-end=\"1661\" \/>\u2705 <strong data-start=\"1663\" data-end=\"1714\">B\u1ea3o v\u1ec7 t\u00e0i s\u1ea3n \u0111\u1ea7u t\u01b0 &amp; t\u1ed1i \u01b0u chi ph\u00ed v\u1eadn h\u00e0nh<\/strong><br data-start=\"1714\" data-end=\"1717\" \/>\u2705 <strong data-start=\"1719\" data-end=\"1772\">Gi\u1ea3m nguy c\u01a1 h\u1ecfng h\u00f3c \u0111\u1ed9t xu\u1ea5t &amp; chi ph\u00ed s\u1eeda ch\u1eefa<\/strong><\/p><p data-start=\"1776\" data-end=\"2123\" data-is-last-node=\"\" data-is-only-node=\"\">\ud83d\udccc L\u1ecdc d\u1ea7u CJC\u00ae gi\u00fap duy tr\u00ec \u0111\u1ed9 s\u1ea1ch t\u1ed1i \u01b0u cho d\u1ea7u thu\u1ef7 l\u1ef1c v\u00e0 d\u1ea7u b\u00f4i tr\u01a1n, \u0111\u1ea3m b\u1ea3o h\u1ec7 th\u1ed1ng ho\u1ea1t \u0111\u1ed9ng \u1ed5n \u0111\u1ecbnh, gi\u1ea3m chi ph\u00ed b\u1ea3o tr\u00ec v\u00e0 k\u00e9o d\u00e0i tu\u1ed5i th\u1ecd thi\u1ebft b\u1ecb.<\/p><p data-start=\"1776\" data-end=\"2123\" data-is-last-node=\"\" data-is-only-node=\"\"><br data-start=\"1944\" data-end=\"1947\" \/>\ud83d\udcca V\u1edbi kh\u1ea3 n\u0103ng gi\u1eef b\u1ee5i b\u1ea9n l\u1edbn, b\u1ed9 l\u1ecdc CJC\u00ae gi\u00fap gi\u1ea3m t\u1ea7n su\u1ea5t b\u1ea3o tr\u00ec, \u0111\u1ea3m b\u1ea3o hi\u1ec7u su\u1ea5t thi\u1ebft b\u1ecb v\u00e0 gi\u00e1m s\u00e1t t\u00ecnh tr\u1ea1ng d\u1ea7u qua h\u1ec7 th\u1ed1ng Oil Contamination Monitor (OCM).<\/p>\t\t\t\t\t\t\t\t<\/div>\n\t\t\t\t<\/div>\n\t\t\t\t\t<\/div>\n\t\t<\/div>\n\t\t\t\t<div class=\"elementor-column elementor-col-33 elementor-top-column elementor-element elementor-element-d6115b2\" data-id=\"d6115b2\" data-element_type=\"column\">\n\t\t\t<div class=\"elementor-widget-wrap elementor-element-populated\">\n\t\t\t\t\t\t<div class=\"elementor-element elementor-element-08ca822 elementor-widget elementor-widget-image\" data-id=\"08ca822\" data-element_type=\"widget\" data-widget_type=\"image.default\">\n\t\t\t\t<div class=\"elementor-widget-container\">\n\t\t\t\t\t\t\t\t\t\t\t\t\t\t\t<img fetchpriority=\"high\" decoding=\"async\" width=\"800\" height=\"750\" src=\"https:\/\/fsv.com.vn\/wp-content\/uploads\/2025\/03\/Anh-man-hinh-2025-03-16-luc-08.38.15.png\" class=\"attachment-large size-large wp-image-1922\" alt=\"\" srcset=\"https:\/\/fsv.com.vn\/wp-content\/uploads\/2025\/03\/Anh-man-hinh-2025-03-16-luc-08.38.15.png 932w, https:\/\/fsv.com.vn\/wp-content\/uploads\/2025\/03\/Anh-man-hinh-2025-03-16-luc-08.38.15-300x281.png 300w, https:\/\/fsv.com.vn\/wp-content\/uploads\/2025\/03\/Anh-man-hinh-2025-03-16-luc-08.38.15-768x720.png 768w\" sizes=\"(max-width: 800px) 100vw, 800px\" \/>\t\t\t\t\t\t\t\t\t\t\t\t\t\t\t<\/div>\n\t\t\t\t<\/div>\n\t\t\t\t<div class=\"elementor-element elementor-element-ef6478c elementor-widget elementor-widget-text-editor\" data-id=\"ef6478c\" data-element_type=\"widget\" data-widget_type=\"text-editor.default\">\n\t\t\t\t<div class=\"elementor-widget-container\">\n\t\t\t\t\t\t\t\t\t<h5><a href=\"https:\/\/www.cjc.dk\/fileadmin\/root\/File_Admin_Filter\/doc_Customer_Cases\/Industry_GasEngineOil_GEO_CombinedHeat_PowerPlantCHP_Caterpillar_ASIN5104UK.pdf\">Combined Heat and Power Plant, CHP &#8211; CATERPILLAR<\/a><\/h5><h5>V\u00e0 nhi\u1ec1u th\u00f4ng tin chi ti\u1ebft kh\u00e1c &#8211; tham kh\u1ea3i t\u1ea1i \u0111\u00e2y: <a href=\"https:\/\/www.cjc.dk\/system-solutions\/power\/misc-power-plant-applications\/\">CJC Case studies<\/a><\/h5><h5>\u00a0<\/h5><h5>\u00a0<\/h5>\t\t\t\t\t\t\t\t<\/div>\n\t\t\t\t<\/div>\n\t\t\t\t\t<\/div>\n\t\t<\/div>\n\t\t\t\t\t<\/div>\n\t\t<\/section>\n\t\t\t\t<section class=\"elementor-section elementor-top-section elementor-element elementor-element-75e6ed5 elementor-section-boxed elementor-section-height-default elementor-section-height-default\" data-id=\"75e6ed5\" data-element_type=\"section\">\n\t\t\t\t\t\t<div class=\"elementor-container elementor-column-gap-default\">\n\t\t\t\t\t<div class=\"elementor-column elementor-col-100 elementor-top-column elementor-element elementor-element-173f7ed\" data-id=\"173f7ed\" data-element_type=\"column\">\n\t\t\t<div class=\"elementor-widget-wrap elementor-element-populated\">\n\t\t\t\t\t\t<div class=\"elementor-element elementor-element-8db06cc elementor-widget elementor-widget-spacer\" data-id=\"8db06cc\" data-element_type=\"widget\" data-widget_type=\"spacer.default\">\n\t\t\t\t<div class=\"elementor-widget-container\">\n\t\t\t\t\t\t\t<div class=\"elementor-spacer\">\n\t\t\t<div class=\"elementor-spacer-inner\"><\/div>\n\t\t<\/div>\n\t\t\t\t\t\t<\/div>\n\t\t\t\t<\/div>\n\t\t\t\t\t<\/div>\n\t\t<\/div>\n\t\t\t\t\t<\/div>\n\t\t<\/section>\n\t\t\t\t<\/div>\n\t\t","protected":false},"excerpt":{"rendered":"<p>GI\u1ea2I PH\u00c1P L\u1eccC D\u1ea6U CJC\u00ae CHO C\u00c1C \u1ee8NG D\u1ee4NG PH\u1ee4 TRONG NH\u00c0 M\u00c1Y \u0110I\u1ec6N T\u1ea6M QUAN TR\u1eccNG C\u1ee6A C\u00c1C \u1ee8NG D\u1ee4NG H\u1ed6 TR\u1ee2 C\u00e1c h\u1ec7 th\u1ed1ng h\u1ed7 tr\u1ee3 trong nh\u00e0 m\u00e1y \u0111i\u1ec7n nh\u01b0 c\u1ea7n tr\u1ee5c, h\u1ec7 th\u1ed1ng thu\u1ef7 l\u1ef1c v\u00e0 b\u00f4i tr\u01a1n \u0111\u00f3ng vai tr\u00f2 quan tr\u1ecdng trong vi\u1ec7c duy tr\u00ec hi\u1ec7u su\u1ea5t v\u1eadn h\u00e0nh. [&hellip;]<\/p>\n","protected":false},"author":1,"featured_media":0,"parent":144,"menu_order":13,"comment_status":"closed","ping_status":"closed","template":"","meta":{"footnotes":""},"class_list":["post-255","page","type-page","status-publish","hentry"],"_links":{"self":[{"href":"https:\/\/fsv.com.vn\/index.php\/wp-json\/wp\/v2\/pages\/255","targetHints":{"allow":["GET"]}}],"collection":[{"href":"https:\/\/fsv.com.vn\/index.php\/wp-json\/wp\/v2\/pages"}],"about":[{"href":"https:\/\/fsv.com.vn\/index.php\/wp-json\/wp\/v2\/types\/page"}],"author":[{"embeddable":true,"href":"https:\/\/fsv.com.vn\/index.php\/wp-json\/wp\/v2\/users\/1"}],"replies":[{"embeddable":true,"href":"https:\/\/fsv.com.vn\/index.php\/wp-json\/wp\/v2\/comments?post=255"}],"version-history":[{"count":13,"href":"https:\/\/fsv.com.vn\/index.php\/wp-json\/wp\/v2\/pages\/255\/revisions"}],"predecessor-version":[{"id":1925,"href":"https:\/\/fsv.com.vn\/index.php\/wp-json\/wp\/v2\/pages\/255\/revisions\/1925"}],"up":[{"embeddable":true,"href":"https:\/\/fsv.com.vn\/index.php\/wp-json\/wp\/v2\/pages\/144"}],"wp:attachment":[{"href":"https:\/\/fsv.com.vn\/index.php\/wp-json\/wp\/v2\/media?parent=255"}],"curies":[{"name":"wp","href":"https:\/\/api.w.org\/{rel}","templated":true}]}}