{"id":249,"date":"2023-03-28T08:10:10","date_gmt":"2023-03-28T01:10:10","guid":{"rendered":"https:\/\/fsv.com.vn\/?page_id=249"},"modified":"2025-03-15T17:28:06","modified_gmt":"2025-03-15T10:28:06","slug":"bo-dieu-ap","status":"publish","type":"page","link":"https:\/\/fsv.com.vn\/index.php\/giai-phap\/nha-may-dien\/bo-dieu-ap\/","title":{"rendered":"B\u1ed9 \u0111i\u1ec1u \u00e1p"},"content":{"rendered":"\t\t<div data-elementor-type=\"wp-page\" data-elementor-id=\"249\" class=\"elementor elementor-249\" data-elementor-post-type=\"page\">\n\t\t\t\t\t\t<section class=\"elementor-section elementor-top-section elementor-element elementor-element-7b90c1f elementor-section-boxed elementor-section-height-default elementor-section-height-default\" data-id=\"7b90c1f\" data-element_type=\"section\">\n\t\t\t\t\t\t<div class=\"elementor-container elementor-column-gap-default\">\n\t\t\t\t\t<div class=\"elementor-column elementor-col-100 elementor-top-column elementor-element elementor-element-16af27e\" data-id=\"16af27e\" data-element_type=\"column\">\n\t\t\t<div class=\"elementor-widget-wrap\">\n\t\t\t\t\t\t\t<\/div>\n\t\t<\/div>\n\t\t\t\t\t<\/div>\n\t\t<\/section>\n\t\t\t\t<section class=\"elementor-section elementor-top-section elementor-element elementor-element-17be752 elementor-section-boxed elementor-section-height-default elementor-section-height-default\" data-id=\"17be752\" data-element_type=\"section\">\n\t\t\t\t\t\t<div class=\"elementor-container elementor-column-gap-default\">\n\t\t\t\t\t<div class=\"elementor-column elementor-col-66 elementor-top-column elementor-element elementor-element-6fa87fd\" data-id=\"6fa87fd\" data-element_type=\"column\">\n\t\t\t<div class=\"elementor-widget-wrap elementor-element-populated\">\n\t\t\t\t\t\t<div class=\"elementor-element elementor-element-3e3ee15 elementor-widget elementor-widget-text-editor\" data-id=\"3e3ee15\" data-element_type=\"widget\" data-widget_type=\"text-editor.default\">\n\t\t\t\t<div class=\"elementor-widget-container\">\n\t\t\t\t\t\t\t\t\t<h3 data-start=\"0\" data-end=\"72\"><strong data-start=\"4\" data-end=\"70\">GI\u1ea2I PH\u00c1P L\u1eccC D\u1ea6U CJC\u00ae CHO B\u1ed8 \u0110I\u1ec0U CH\u1ec8NH \u0110I\u1ec6N \u00c1P (TAP CHANGER)<\/strong><\/h3><h4 data-start=\"74\" data-end=\"118\"><strong data-start=\"79\" data-end=\"116\">VAI TR\u00d2 C\u1ee6A B\u1ed8 \u0110I\u1ec0U CH\u1ec8NH \u0110I\u1ec6N \u00c1P<\/strong><\/h4><p data-start=\"119\" data-end=\"692\">B\u1ed9 \u0111i\u1ec1u ch\u1ec9nh \u0111i\u1ec7n \u00e1p (Tap Changer) l\u00e0 tr\u1ee5 c\u1ed9t linh ho\u1ea1t c\u1ee7a h\u1ec7 th\u1ed1ng cung c\u1ea5p \u0111i\u1ec7n. \u0110\u00e2y l\u00e0 b\u1ed9 ph\u1eadn c\u01a1 kh\u00ed gi\u00fap thay \u0111\u1ed5i t\u1ef7 s\u1ed1 truy\u1ec1n \u0111\u1ec3 b\u00f9 \u0111\u1eafp s\u1ef1 t\u0103ng ho\u1eb7c gi\u1ea3m \u0111i\u1ec7n \u00e1p. V\u1edbi h\u00e0ng ngh\u00ecn l\u1ea7n chuy\u1ec3n \u0111\u1ed5i m\u1ed7i n\u0103m, d\u1ea7u trong tap changer ph\u1ea3i ch\u1ecbu l\u01b0\u1ee3ng l\u1edbn c\u00e1c h\u1ea1t carbon sinh ra trong qu\u00e1 tr\u00ecnh \u0111\u00f3ng ng\u1eaft. N\u1ebfu kh\u00f4ng \u0111\u01b0\u1ee3c b\u1ea3o d\u01b0\u1ee1ng t\u1ed1t, \u0111i\u1ec1u n\u00e0y c\u00f3 th\u1ec3 d\u1eabn \u0111\u1ebfn ph\u00f3ng \u0111i\u1ec7n (flashover), s\u1ef1 c\u1ed1 \u0111\u1ed9t ng\u1ed9t ho\u1eb7c ng\u1eebng ho\u1ea1t \u0111\u1ed9ng ngo\u00e0i \u00fd mu\u1ed1n. V\u00ec tap changer l\u00e0 thi\u1ebft b\u1ecb quan tr\u1ecdng gi\u00fap duy tr\u00ec ngu\u1ed3n \u0111i\u1ec7n \u1ed5n \u0111\u1ecbnh, d\u1ea7u trong tap changer c\u1ea7n ph\u1ea3i lu\u00f4n s\u1ea1ch, kh\u00f4 v\u00e0 kh\u00f4ng c\u00f3 c\u1eb7n oxy h\u00f3a.<\/p><h4 data-start=\"694\" data-end=\"742\"><strong data-start=\"699\" data-end=\"740\">TH\u00c1CH TH\u1ee8C TRONG V\u1eacN H\u00c0NH TAP CHANGER<\/strong><\/h4><p data-start=\"744\" data-end=\"921\">\ud83d\udd38 <strong data-start=\"747\" data-end=\"793\">S\u1ef1 h\u00ecnh th\u00e0nh c\u1eb7n b\u00f9n &amp; suy gi\u1ea3m hi\u1ec7u su\u1ea5t<\/strong> \u2013 N\u1ebfu d\u1ea7u kh\u00f4ng \u0111\u01b0\u1ee3c gi\u1eef s\u1ea1ch, kh\u00f4 v\u00e0 kh\u00f4ng ch\u1ee9a c\u1eb7n oxy h\u00f3a, b\u00f9n v\u00e0 t\u1ea1p ch\u1ea5t s\u1ebd l\u00e0m gi\u1ea3m hi\u1ec7u qu\u1ea3 ho\u1ea1t \u0111\u1ed9ng c\u1ee7a tap changer.<\/p><p data-start=\"923\" data-end=\"1130\">\ud83d\udd38 <strong data-start=\"926\" data-end=\"975\">Gia t\u0103ng \u0111\u1ed9 \u1ea9m do bi\u1ebfn \u0111\u1ed9ng nhi\u1ec7t \u0111\u1ed9 li\u00ean t\u1ee5c<\/strong> \u2013 S\u1ef1 ng\u01b0ng t\u1ee5 h\u01a1i n\u01b0\u1edbc do thay \u0111\u1ed5i nhi\u1ec7t \u0111\u1ed9 c\u00f3 th\u1ec3 l\u00e0m t\u0103ng h\u00e0m l\u01b0\u1ee3ng n\u01b0\u1edbc trong d\u1ea7u, g\u00e2y h\u00ecnh th\u00e0nh mu\u1ed9i than, l\u00e0m \u1ea3nh h\u01b0\u1edfng \u0111\u1ebfn qu\u00e1 tr\u00ecnh chuy\u1ec3n m\u1ea1ch.<\/p><p data-start=\"1132\" data-end=\"1317\">\ud83d\udd38 <strong data-start=\"1135\" data-end=\"1190\">R\u1ee7i ro h\u1ecfng h\u00f3c nghi\u00eam tr\u1ecdng &amp; chi ph\u00ed s\u1eeda ch\u1eefa cao<\/strong> \u2013 N\u1ebfu tap changer g\u1eb7p s\u1ef1 c\u1ed1, qu\u00e1 tr\u00ecnh cung c\u1ea5p \u0111i\u1ec7n s\u1ebd b\u1ecb gi\u00e1n \u0111o\u1ea1n, g\u00e2y thi\u1ec7t h\u1ea1i s\u1ea3n xu\u1ea5t v\u00e0 c\u00f3 nguy c\u01a1 b\u1ecb ph\u1ea1t h\u1ee3p \u0111\u1ed3ng.<\/p><p data-start=\"1319\" data-end=\"1492\">\ud83d\udd38 <strong data-start=\"1322\" data-end=\"1370\">Nguy c\u01a1 ph\u00f3ng \u0111i\u1ec7n (Flashover) &amp; m\u1ea5t an to\u00e0n<\/strong> \u2013 Tr\u01b0\u1eddng h\u1ee3p x\u1ea5u nh\u1ea5t, c\u00e1c h\u1ea1t carbon trong d\u1ea7u c\u00f3 th\u1ec3 g\u00e2y ph\u00f3ng \u0111i\u1ec7n, l\u00e0m h\u1ecfng thi\u1ebft b\u1ecb v\u00e0 ti\u1ec1m \u1ea9n r\u1ee7i ro m\u1ea5t an to\u00e0n.<\/p><h4 data-start=\"1494\" data-end=\"1540\"><strong data-start=\"1499\" data-end=\"1538\">L\u1ee2I \u00cdCH KHI L\u1eaeP \u0110\u1eb6T B\u1ed8 L\u1eccC D\u1ea6U CJC\u00ae<\/strong><\/h4><p data-start=\"1542\" data-end=\"2122\">\u2705 <strong data-start=\"1544\" data-end=\"1569\">B\u1ea3o v\u1ec7 t\u00e0i s\u1ea3n \u0111\u1ea7u t\u01b0<\/strong> \u2013 K\u00e9o d\u00e0i tu\u1ed5i th\u1ecd c\u1ee7a tap changer v\u00e0 d\u1ea7u trong tap changer.<br data-start=\"1630\" data-end=\"1633\" \/>\u2705 <strong data-start=\"1635\" data-end=\"1677\">T\u1ed1i \u01b0u hi\u1ec7u su\u1ea5t v\u1eadn h\u00e0nh nh\u00e0 m\u00e1y \u0111i\u1ec7n<\/strong> \u2013 Gi\u1eef cho tap changer ho\u1ea1t \u0111\u1ed9ng \u1ed5n \u0111\u1ecbnh, \u0111\u1ea3m b\u1ea3o cung c\u1ea5p \u0111i\u1ec7n li\u00ean t\u1ee5c l\u00ean l\u01b0\u1edbi.<br data-start=\"1759\" data-end=\"1762\" \/>\u2705 <strong data-start=\"1764\" data-end=\"1796\">Gi\u1ea3m r\u1ee7i ro s\u1eeda ch\u1eefa t\u1ed1n k\u00e9m<\/strong> \u2013 H\u1ea1n ch\u1ebf nguy c\u01a1 h\u1ecfng h\u00f3c, gi\u00fap ti\u1ebft ki\u1ec7m chi ph\u00ed b\u1ea3o tr\u00ec.<br data-start=\"1856\" data-end=\"1859\" \/>\u2705 <strong data-start=\"1861\" data-end=\"1915\">Tr\u00e1nh s\u1ef1 c\u1ed1 ng\u1eebng m\u00e1y \u0111\u1ed9t xu\u1ea5t &amp; t\u1ed5n th\u1ea5t s\u1ea3n xu\u1ea5t<\/strong> \u2013 H\u1ea1n ch\u1ebf gi\u00e1n \u0111o\u1ea1n ho\u1ea1t \u0111\u1ed9ng, tr\u00e1nh c\u00e1c kho\u1ea3n ph\u1ea1t do m\u1ea5t \u0111i\u1ec7n.<br data-start=\"1980\" data-end=\"1983\" \/>\u2705 <strong data-start=\"1985\" data-end=\"2036\">Gi\u1ea3m chi ph\u00ed b\u1ea3o tr\u00ec &amp; \u0111\u1ea3m b\u1ea3o an to\u00e0n v\u1eadn h\u00e0nh<\/strong> \u2013 Lo\u1ea1i b\u1ecf hi\u1ec7u qu\u1ea3 b\u1ee5i b\u1ea9n, n\u01b0\u1edbc v\u00e0 c\u1eb7n oxy h\u00f3a trong d\u1ea7u, duy tr\u00ec \u0111\u1ed9 s\u1ea1ch l\u00e2u d\u00e0i.<\/p><p data-start=\"2124\" data-end=\"2435\" data-is-last-node=\"\" data-is-only-node=\"\">\ud83d\udee0 <strong data-start=\"2127\" data-end=\"2268\">Gi\u1ea3i ph\u00e1p l\u1ecdc d\u1ea7u CJC\u00ae gi\u00fap d\u1ea7u tap changer lu\u00f4n kh\u00f4 s\u1ea1ch, kh\u00f4ng ch\u1ee9a c\u1eb7n oxy h\u00f3a, \u0111\u1ea3m b\u1ea3o v\u1eadn h\u00e0nh an to\u00e0n v\u00e0 ti\u1ebft ki\u1ec7m chi ph\u00ed b\u1ea3o tr\u00ec.<\/strong><br data-start=\"2268\" data-end=\"2271\" \/>\ud83d\udcca <strong data-start=\"2274\" data-end=\"2435\" data-is-last-node=\"\">B\u1ed9 l\u1ecdc CJC\u00ae \u0111\u00e3 \u0111\u01b0\u1ee3c ch\u1ee9ng minh qua nhi\u1ec1u n\u0103m ho\u1ea1t \u0111\u1ed9ng trong c\u00e1c nh\u00e0 m\u00e1y \u0111i\u1ec7n tr\u00ean to\u00e0n c\u1ea7u, gi\u00fap n\u00e2ng cao \u0111\u1ed9 tin c\u1eady v\u00e0 gi\u1ea3m thi\u1ec3u h\u1ecfng h\u00f3c kh\u00f4ng mong mu\u1ed1n.<\/strong><\/p>\t\t\t\t\t\t\t\t<\/div>\n\t\t\t\t<\/div>\n\t\t\t\t\t<\/div>\n\t\t<\/div>\n\t\t\t\t<div class=\"elementor-column elementor-col-33 elementor-top-column elementor-element elementor-element-937c563\" data-id=\"937c563\" data-element_type=\"column\">\n\t\t\t<div class=\"elementor-widget-wrap elementor-element-populated\">\n\t\t\t\t\t\t<div class=\"elementor-element elementor-element-02f943b elementor-widget elementor-widget-image\" data-id=\"02f943b\" data-element_type=\"widget\" data-widget_type=\"image.default\">\n\t\t\t\t<div class=\"elementor-widget-container\">\n\t\t\t\t\t\t\t\t\t\t\t\t\t\t\t<img fetchpriority=\"high\" decoding=\"async\" width=\"800\" height=\"376\" src=\"https:\/\/fsv.com.vn\/wp-content\/uploads\/2023\/03\/on-load-tap-changing-transformer-university-at-buffalo-7345.jpg\" class=\"attachment-large size-large wp-image-251\" alt=\"\" srcset=\"https:\/\/fsv.com.vn\/wp-content\/uploads\/2023\/03\/on-load-tap-changing-transformer-university-at-buffalo-7345.jpg 850w, https:\/\/fsv.com.vn\/wp-content\/uploads\/2023\/03\/on-load-tap-changing-transformer-university-at-buffalo-7345-300x141.jpg 300w, https:\/\/fsv.com.vn\/wp-content\/uploads\/2023\/03\/on-load-tap-changing-transformer-university-at-buffalo-7345-768x361.jpg 768w\" sizes=\"(max-width: 800px) 100vw, 800px\" \/>\t\t\t\t\t\t\t\t\t\t\t\t\t\t\t<\/div>\n\t\t\t\t<\/div>\n\t\t\t\t<div class=\"elementor-element elementor-element-b4defc9 elementor-widget elementor-widget-image\" data-id=\"b4defc9\" data-element_type=\"widget\" data-widget_type=\"image.default\">\n\t\t\t\t<div class=\"elementor-widget-container\">\n\t\t\t\t\t\t\t\t\t\t\t\t\t\t\t<img decoding=\"async\" width=\"800\" height=\"998\" src=\"https:\/\/fsv.com.vn\/wp-content\/uploads\/2025\/03\/Anh-man-hinh-2025-03-15-luc-17.26.23.png\" class=\"attachment-large size-large wp-image-1918\" alt=\"\" srcset=\"https:\/\/fsv.com.vn\/wp-content\/uploads\/2025\/03\/Anh-man-hinh-2025-03-15-luc-17.26.23.png 802w, https:\/\/fsv.com.vn\/wp-content\/uploads\/2025\/03\/Anh-man-hinh-2025-03-15-luc-17.26.23-241x300.png 241w, https:\/\/fsv.com.vn\/wp-content\/uploads\/2025\/03\/Anh-man-hinh-2025-03-15-luc-17.26.23-768x958.png 768w\" sizes=\"(max-width: 800px) 100vw, 800px\" \/>\t\t\t\t\t\t\t\t\t\t\t\t\t\t\t<\/div>\n\t\t\t\t<\/div>\n\t\t\t\t<div class=\"elementor-element elementor-element-720e230 elementor-widget elementor-widget-text-editor\" data-id=\"720e230\" data-element_type=\"widget\" data-widget_type=\"text-editor.default\">\n\t\t\t\t<div class=\"elementor-widget-container\">\n\t\t\t\t\t\t\t\t\t<h5><a href=\"https:\/\/www.cjc.dk\/fileadmin\/root\/File_Admin_Filter\/doc_Customer_Cases\/Industry_TransformerOil_RIMAKOT_TapChanger_ASIN5100UK.pdf\">Transformer Oil &#8211; Rimakot Tap Changer<\/a><\/h5><h5>Tham kh\u1ea3o th\u00eam c\u00e1c th\u00f4ng tin kh\u00e1c t\u1ea1i \u0111\u00e2y: <a href=\"https:\/\/www.cjc.dk\/system-solutions\/power\/tap-changer\/\">CJC Case Studies<\/a><\/h5><h5>\u00a0<\/h5>\t\t\t\t\t\t\t\t<\/div>\n\t\t\t\t<\/div>\n\t\t\t\t\t<\/div>\n\t\t<\/div>\n\t\t\t\t\t<\/div>\n\t\t<\/section>\n\t\t\t\t<section class=\"elementor-section elementor-top-section elementor-element elementor-element-888d52f elementor-section-boxed elementor-section-height-default elementor-section-height-default\" data-id=\"888d52f\" data-element_type=\"section\">\n\t\t\t\t\t\t<div class=\"elementor-container elementor-column-gap-default\">\n\t\t\t\t\t<div class=\"elementor-column elementor-col-100 elementor-top-column elementor-element elementor-element-2646a79\" data-id=\"2646a79\" data-element_type=\"column\">\n\t\t\t<div class=\"elementor-widget-wrap\">\n\t\t\t\t\t\t\t<\/div>\n\t\t<\/div>\n\t\t\t\t\t<\/div>\n\t\t<\/section>\n\t\t\t\t<\/div>\n\t\t","protected":false},"excerpt":{"rendered":"<p>GI\u1ea2I PH\u00c1P L\u1eccC D\u1ea6U CJC\u00ae CHO B\u1ed8 \u0110I\u1ec0U CH\u1ec8NH \u0110I\u1ec6N \u00c1P (TAP CHANGER) VAI TR\u00d2 C\u1ee6A B\u1ed8 \u0110I\u1ec0U CH\u1ec8NH \u0110I\u1ec6N \u00c1P B\u1ed9 \u0111i\u1ec1u ch\u1ec9nh \u0111i\u1ec7n \u00e1p (Tap Changer) l\u00e0 tr\u1ee5 c\u1ed9t linh ho\u1ea1t c\u1ee7a h\u1ec7 th\u1ed1ng cung c\u1ea5p \u0111i\u1ec7n. \u0110\u00e2y l\u00e0 b\u1ed9 ph\u1eadn c\u01a1 kh\u00ed gi\u00fap thay \u0111\u1ed5i t\u1ef7 s\u1ed1 truy\u1ec1n \u0111\u1ec3 b\u00f9 \u0111\u1eafp s\u1ef1 [&hellip;]<\/p>\n","protected":false},"author":1,"featured_media":0,"parent":144,"menu_order":12,"comment_status":"closed","ping_status":"closed","template":"","meta":{"footnotes":""},"class_list":["post-249","page","type-page","status-publish","hentry"],"_links":{"self":[{"href":"https:\/\/fsv.com.vn\/index.php\/wp-json\/wp\/v2\/pages\/249","targetHints":{"allow":["GET"]}}],"collection":[{"href":"https:\/\/fsv.com.vn\/index.php\/wp-json\/wp\/v2\/pages"}],"about":[{"href":"https:\/\/fsv.com.vn\/index.php\/wp-json\/wp\/v2\/types\/page"}],"author":[{"embeddable":true,"href":"https:\/\/fsv.com.vn\/index.php\/wp-json\/wp\/v2\/users\/1"}],"replies":[{"embeddable":true,"href":"https:\/\/fsv.com.vn\/index.php\/wp-json\/wp\/v2\/comments?post=249"}],"version-history":[{"count":13,"href":"https:\/\/fsv.com.vn\/index.php\/wp-json\/wp\/v2\/pages\/249\/revisions"}],"predecessor-version":[{"id":1921,"href":"https:\/\/fsv.com.vn\/index.php\/wp-json\/wp\/v2\/pages\/249\/revisions\/1921"}],"up":[{"embeddable":true,"href":"https:\/\/fsv.com.vn\/index.php\/wp-json\/wp\/v2\/pages\/144"}],"wp:attachment":[{"href":"https:\/\/fsv.com.vn\/index.php\/wp-json\/wp\/v2\/media?parent=249"}],"curies":[{"name":"wp","href":"https:\/\/api.w.org\/{rel}","templated":true}]}}