{"id":243,"date":"2023-03-28T08:08:42","date_gmt":"2023-03-28T01:08:42","guid":{"rendered":"https:\/\/fsv.com.vn\/?page_id=243"},"modified":"2025-03-15T17:17:53","modified_gmt":"2025-03-15T10:17:53","slug":"may-bien-ap","status":"publish","type":"page","link":"https:\/\/fsv.com.vn\/index.php\/giai-phap\/nha-may-dien\/may-bien-ap\/","title":{"rendered":"M\u00e1y bi\u1ebfn \u00e1p"},"content":{"rendered":"\t\t<div data-elementor-type=\"wp-page\" data-elementor-id=\"243\" class=\"elementor elementor-243\" data-elementor-post-type=\"page\">\n\t\t\t\t\t\t<section class=\"elementor-section elementor-top-section elementor-element elementor-element-440e291 elementor-section-boxed elementor-section-height-default elementor-section-height-default\" data-id=\"440e291\" data-element_type=\"section\">\n\t\t\t\t\t\t<div class=\"elementor-container elementor-column-gap-default\">\n\t\t\t\t\t<div class=\"elementor-column elementor-col-100 elementor-top-column elementor-element elementor-element-7450af3\" data-id=\"7450af3\" data-element_type=\"column\">\n\t\t\t<div class=\"elementor-widget-wrap elementor-element-populated\">\n\t\t\t\t\t\t<div class=\"elementor-element elementor-element-f71bd58 elementor-widget elementor-widget-spacer\" data-id=\"f71bd58\" data-element_type=\"widget\" data-widget_type=\"spacer.default\">\n\t\t\t\t<div class=\"elementor-widget-container\">\n\t\t\t\t\t\t\t<div class=\"elementor-spacer\">\n\t\t\t<div class=\"elementor-spacer-inner\"><\/div>\n\t\t<\/div>\n\t\t\t\t\t\t<\/div>\n\t\t\t\t<\/div>\n\t\t\t\t\t<\/div>\n\t\t<\/div>\n\t\t\t\t\t<\/div>\n\t\t<\/section>\n\t\t\t\t<section class=\"elementor-section elementor-top-section elementor-element elementor-element-7c61119 elementor-section-boxed elementor-section-height-default elementor-section-height-default\" data-id=\"7c61119\" data-element_type=\"section\">\n\t\t\t\t\t\t<div class=\"elementor-container elementor-column-gap-default\">\n\t\t\t\t\t<div class=\"elementor-column elementor-col-66 elementor-top-column elementor-element elementor-element-320be91\" data-id=\"320be91\" data-element_type=\"column\">\n\t\t\t<div class=\"elementor-widget-wrap elementor-element-populated\">\n\t\t\t\t\t\t<div class=\"elementor-element elementor-element-067ffa6 elementor-widget elementor-widget-text-editor\" data-id=\"067ffa6\" data-element_type=\"widget\" data-widget_type=\"text-editor.default\">\n\t\t\t\t<div class=\"elementor-widget-container\">\n\t\t\t\t\t\t\t\t\t<h5 data-start=\"0\" data-end=\"48\"><strong data-start=\"4\" data-end=\"46\">GI\u1ea2I PH\u00c1P L\u1eccC D\u1ea6U CJC\u00ae CHO M\u00c1Y BI\u1ebeN \u00c1P<\/strong><\/h5><h4 data-start=\"50\" data-end=\"91\"><strong data-start=\"55\" data-end=\"89\">T\u1ea6M QUAN TR\u1eccNG C\u1ee6A M\u00c1Y BI\u1ebeN \u00c1P<\/strong><\/h4><p data-start=\"92\" data-end=\"570\">M\u00e1y bi\u1ebfn \u00e1p l\u00e0 c\u1eeda ng\u00f5 k\u1ebft n\u1ed1i nh\u00e0 m\u00e1y \u0111i\u1ec7n v\u1edbi l\u01b0\u1edbi \u0111i\u1ec7n. Tu\u1ed5i th\u1ecd c\u1ee7a m\u00e1y bi\u1ebfn \u00e1p ph\u1ee5 thu\u1ed9c v\u00e0o gi\u1ea5y c\u00e1ch \u0111i\u1ec7n, lo\u1ea1i gi\u1ea5y n\u00e0y s\u1ebd b\u1ecb ph\u00e2n h\u1ee7y theo th\u1eddi gian do qu\u00e1 tr\u00ecnh tr\u00f9ng h\u1ee3p ng\u01b0\u1ee3c (de-polymerization). M\u1eb7c d\u00f9 gi\u1ea5y c\u00e1ch \u0111i\u1ec7n c\u00f3 th\u1ec3 s\u1eed d\u1ee5ng l\u00ean \u0111\u1ebfn 50 n\u0103m, nh\u01b0ng s\u1ef1 c\u00f3 m\u1eb7t c\u1ee7a n\u01b0\u1edbc, oxy, axit v\u00e0 c\u00e1c ch\u1ea5t x\u00fac t\u00e1c kh\u00e1c s\u1ebd \u0111\u1ea9y nhanh qu\u00e1 tr\u00ecnh suy tho\u00e1i. V\u00ec v\u1eady, d\u1ea7u trong m\u00e1y bi\u1ebfn \u00e1p ph\u1ea3i lu\u00f4n \u0111\u01b0\u1ee3c gi\u1eef kh\u00f4, s\u1ea1ch v\u00e0 kh\u00f4ng c\u00f3 axit \u0111\u1ec3 \u0111\u1ea3m b\u1ea3o tu\u1ed5i th\u1ecd l\u00e2u d\u00e0i c\u1ee7a m\u00e1y bi\u1ebfn \u00e1p.<\/p><h4 data-start=\"572\" data-end=\"630\"><strong data-start=\"577\" data-end=\"628\">TH\u00c1CH TH\u1ee8C TRONG VI\u1ec6C B\u1ea2O D\u01af\u1ee0NG D\u1ea6U M\u00c1Y BI\u1ebeN \u00c1P<\/strong><\/h4><p data-start=\"632\" data-end=\"886\">\ud83d\udd38 <strong data-start=\"635\" data-end=\"682\">H\u00e0m l\u01b0\u1ee3ng n\u01b0\u1edbc trong gi\u1ea5y c\u00e1ch \u0111i\u1ec7n r\u1ea5t cao<\/strong> \u2013 Gi\u1ea5y c\u00e1ch \u0111i\u1ec7n ch\u1ee9a l\u01b0\u1ee3ng n\u01b0\u1edbc nhi\u1ec1u h\u01a1n g\u1ea5p h\u00e0ng tr\u0103m l\u1ea7n so v\u1edbi d\u1ea7u m\u00e1y bi\u1ebfn \u00e1p. N\u1ebfu d\u1ea7u c\u00f3 \u0111\u1ed9 \u1ea9m 30 ppm, gi\u1ea5y c\u00e1ch \u0111i\u1ec7n v\u1eabn c\u00f3 th\u1ec3 ch\u1ee9a t\u1edbi 3% n\u01b0\u1edbc, \u1ea3nh h\u01b0\u1edfng nghi\u00eam tr\u1ecdng \u0111\u1ebfn hi\u1ec7u su\u1ea5t c\u00e1ch \u0111i\u1ec7n.<\/p><p data-start=\"888\" data-end=\"1037\">\ud83d\udd38 <strong data-start=\"891\" data-end=\"922\">M\u1ea5t \u0111\u1ed9 b\u1ec1n \u0111i\u1ec7n m\u00f4i c\u1ee7a d\u1ea7u<\/strong> \u2013 N\u01b0\u1edbc trong d\u1ea7u l\u00e0m gi\u1ea3m kh\u1ea3 n\u0103ng c\u00e1ch \u0111i\u1ec7n, g\u00e2y nguy c\u01a1 ph\u00f3ng \u0111i\u1ec7n v\u00e0 ch\u00e1y n\u1ed5, \u1ea3nh h\u01b0\u1edfng \u0111\u1ebfn an to\u00e0n v\u1eadn h\u00e0nh.<\/p><p data-start=\"1039\" data-end=\"1226\">\ud83d\udd38 <strong data-start=\"1042\" data-end=\"1080\">Chi ph\u00ed s\u1eeda ch\u1eefa &amp; thay th\u1ebf \u0111\u1eaft \u0111\u1ecf<\/strong> \u2013 N\u1ebfu d\u1ea7u kh\u00f4ng \u0111\u01b0\u1ee3c gi\u1eef kh\u00f4, s\u1ea1ch v\u00e0 kh\u00f4ng c\u00f3 axit, b\u1ea1n c\u00f3 nguy c\u01a1 ph\u1ea3i thay th\u1ebf gi\u1ea5y c\u00e1ch \u0111i\u1ec7n ho\u1eb7c s\u1eeda ch\u1eefa m\u00e1y bi\u1ebfn \u00e1p v\u1edbi chi ph\u00ed r\u1ea5t cao.<\/p><p data-start=\"1228\" data-end=\"1406\">\ud83d\udd38 <strong data-start=\"1231\" data-end=\"1282\">R\u1ee7i ro gi\u00e1n \u0111o\u1ea1n ho\u1ea1t \u0111\u1ed9ng &amp; thi\u1ec7t h\u1ea1i h\u1ee3p \u0111\u1ed3ng<\/strong> \u2013 N\u1ebfu m\u00e1y bi\u1ebfn \u00e1p ng\u1eebng ho\u1ea1t \u0111\u1ed9ng, \u0111i\u1ec7n kh\u00f4ng th\u1ec3 truy\u1ec1n l\u00ean l\u01b0\u1edbi, d\u1eabn \u0111\u1ebfn gi\u00e1n \u0111o\u1ea1n s\u1ea3n xu\u1ea5t v\u00e0 c\u00f3 th\u1ec3 b\u1ecb ph\u1ea1t h\u1ee3p \u0111\u1ed3ng.<\/p><h4 data-start=\"1408\" data-end=\"1454\"><strong data-start=\"1413\" data-end=\"1452\">L\u1ee2I \u00cdCH KHI L\u1eaeP \u0110\u1eb6T B\u1ed8 L\u1eccC D\u1ea6U CJC\u00ae<\/strong><\/h4><p data-start=\"1456\" data-end=\"2054\">\u2705 <strong data-start=\"1458\" data-end=\"1483\">B\u1ea3o v\u1ec7 t\u00e0i s\u1ea3n \u0111\u1ea7u t\u01b0<\/strong> \u2013 Gi\u00fap k\u00e9o d\u00e0i tu\u1ed5i th\u1ecd m\u00e1y bi\u1ebfn \u00e1p t\u1eeb 10-20 n\u0103m.<br data-start=\"1533\" data-end=\"1536\" \/>\u2705 <strong data-start=\"1538\" data-end=\"1571\">T\u1ed1i \u01b0u hi\u1ec7u su\u1ea5t nh\u00e0 m\u00e1y \u0111i\u1ec7n<\/strong> \u2013 Gi\u1eef cho m\u00e1y bi\u1ebfn \u00e1p ho\u1ea1t \u0111\u1ed9ng \u1ed5n \u0111\u1ecbnh, \u0111\u1ea3m b\u1ea3o cung c\u1ea5p \u0111i\u1ec7n li\u00ean t\u1ee5c l\u00ean l\u01b0\u1edbi.<br data-start=\"1653\" data-end=\"1656\" \/>\u2705 <strong data-start=\"1658\" data-end=\"1690\">Gi\u1ea3m r\u1ee7i ro s\u1eeda ch\u1eefa t\u1ed1n k\u00e9m<\/strong> \u2013 Gi\u00fap d\u1ea7u lu\u00f4n kh\u00f4 s\u1ea1ch, b\u1ea3o v\u1ec7 gi\u1ea5y c\u00e1ch \u0111i\u1ec7n v\u00e0 h\u1ea1n ch\u1ebf h\u1ecfng h\u00f3c nghi\u00eam tr\u1ecdng.<br data-start=\"1772\" data-end=\"1775\" \/>\u2705 <strong data-start=\"1777\" data-end=\"1831\">Tr\u00e1nh s\u1ef1 c\u1ed1 ng\u1eebng m\u00e1y \u0111\u1ed9t xu\u1ea5t &amp; t\u1ed5n th\u1ea5t s\u1ea3n xu\u1ea5t<\/strong> \u2013 H\u1ea1n ch\u1ebf t\u1ed1i \u0111a t\u00ecnh tr\u1ea1ng m\u00e1y bi\u1ebfn \u00e1p b\u1ecb l\u1ed7i, gi\u1ea3m nguy c\u01a1 ph\u1ea1t h\u1ee3p \u0111\u1ed3ng.<br data-start=\"1907\" data-end=\"1910\" \/>\u2705 <strong data-start=\"1912\" data-end=\"1963\">Gi\u1ea3m chi ph\u00ed b\u1ea3o tr\u00ec &amp; \u0111\u1ea3m b\u1ea3o an to\u00e0n v\u1eadn h\u00e0nh<\/strong> \u2013 L\u1ecdc d\u1ea7u hi\u1ec7u qu\u1ea3 gi\u00fap h\u1ea1n ch\u1ebf s\u1ef1 h\u00ecnh th\u00e0nh c\u1eb7n axit v\u00e0 oxy h\u00f3a, k\u00e9o d\u00e0i tu\u1ed5i th\u1ecd d\u1ea7u.<\/p><p data-start=\"2056\" data-end=\"2405\" data-is-last-node=\"\" data-is-only-node=\"\">\ud83d\udee0 <strong data-start=\"2059\" data-end=\"2227\">Gi\u1ea3i ph\u00e1p l\u1ecdc d\u1ea7u CJC\u00ae gi\u00fap gi\u1eef d\u1ea7u m\u00e1y bi\u1ebfn \u00e1p lu\u00f4n kh\u00f4 s\u1ea1ch, kh\u00f4ng ch\u1ee9a axit v\u00e0 kh\u00f4ng c\u00f3 c\u1eb7n oxy h\u00f3a, t\u1eeb \u0111\u00f3 \u0111\u1ea3m b\u1ea3o v\u1eadn h\u00e0nh an to\u00e0n v\u00e0 ti\u1ebft ki\u1ec7m chi ph\u00ed b\u1ea3o tr\u00ec.<\/strong><\/p><p data-start=\"2056\" data-end=\"2405\" data-is-last-node=\"\" data-is-only-node=\"\"><b><br data-start=\"2227\" data-end=\"2230\" \/><\/b>\ud83d\udcca <strong data-start=\"2233\" data-end=\"2405\" data-is-last-node=\"\">B\u1ed9 l\u1ecdc CJC\u00ae \u0111\u00e3 \u0111\u01b0\u1ee3c ch\u1ee9ng minh qua nhi\u1ec1u n\u0103m ho\u1ea1t \u0111\u1ed9ng trong c\u00e1c nh\u00e0 m\u00e1y \u0111i\u1ec7n tr\u00ean to\u00e0n c\u1ea7u, gi\u00fap duy tr\u00ec \u0111\u1ed9 b\u1ec1n c\u1ee7a gi\u1ea5y c\u00e1ch \u0111i\u1ec7n v\u00e0 h\u1ea1n ch\u1ebf h\u1ecfng h\u00f3c kh\u00f4ng mong mu\u1ed1n.<\/strong><\/p>\t\t\t\t\t\t\t\t<\/div>\n\t\t\t\t<\/div>\n\t\t\t\t\t<\/div>\n\t\t<\/div>\n\t\t\t\t<div class=\"elementor-column elementor-col-33 elementor-top-column elementor-element elementor-element-2600096\" data-id=\"2600096\" data-element_type=\"column\">\n\t\t\t<div class=\"elementor-widget-wrap elementor-element-populated\">\n\t\t\t\t\t\t<div class=\"elementor-element elementor-element-8aec8ca elementor-widget elementor-widget-image\" data-id=\"8aec8ca\" data-element_type=\"widget\" data-widget_type=\"image.default\">\n\t\t\t\t<div class=\"elementor-widget-container\">\n\t\t\t\t\t\t\t\t\t\t\t\t\t\t\t<img fetchpriority=\"high\" decoding=\"async\" width=\"800\" height=\"376\" src=\"https:\/\/fsv.com.vn\/wp-content\/uploads\/2023\/03\/pt-9329.jpg\" class=\"attachment-large size-large wp-image-245\" alt=\"\" srcset=\"https:\/\/fsv.com.vn\/wp-content\/uploads\/2023\/03\/pt-9329.jpg 850w, https:\/\/fsv.com.vn\/wp-content\/uploads\/2023\/03\/pt-9329-300x141.jpg 300w, https:\/\/fsv.com.vn\/wp-content\/uploads\/2023\/03\/pt-9329-768x361.jpg 768w\" sizes=\"(max-width: 800px) 100vw, 800px\" \/>\t\t\t\t\t\t\t\t\t\t\t\t\t\t\t<\/div>\n\t\t\t\t<\/div>\n\t\t\t\t<div class=\"elementor-element elementor-element-aba4be8 elementor-widget elementor-widget-image\" data-id=\"aba4be8\" data-element_type=\"widget\" data-widget_type=\"image.default\">\n\t\t\t\t<div class=\"elementor-widget-container\">\n\t\t\t\t\t\t\t\t\t\t\t\t\t\t\t<img decoding=\"async\" width=\"565\" height=\"635\" src=\"https:\/\/fsv.com.vn\/wp-content\/uploads\/2025\/01\/Capture.png\" class=\"attachment-large size-large wp-image-1577\" alt=\"\" srcset=\"https:\/\/fsv.com.vn\/wp-content\/uploads\/2025\/01\/Capture.png 565w, https:\/\/fsv.com.vn\/wp-content\/uploads\/2025\/01\/Capture-267x300.png 267w\" sizes=\"(max-width: 565px) 100vw, 565px\" \/>\t\t\t\t\t\t\t\t\t\t\t\t\t\t\t<\/div>\n\t\t\t\t<\/div>\n\t\t\t\t<div class=\"elementor-element elementor-element-23beb8a elementor-widget elementor-widget-image\" data-id=\"23beb8a\" data-element_type=\"widget\" data-widget_type=\"image.default\">\n\t\t\t\t<div class=\"elementor-widget-container\">\n\t\t\t\t\t\t\t\t\t\t\t\t\t\t\t<img decoding=\"async\" width=\"480\" height=\"618\" src=\"https:\/\/fsv.com.vn\/wp-content\/uploads\/2025\/01\/Capture-3.png\" class=\"attachment-large size-large wp-image-1581\" alt=\"\" srcset=\"https:\/\/fsv.com.vn\/wp-content\/uploads\/2025\/01\/Capture-3.png 480w, https:\/\/fsv.com.vn\/wp-content\/uploads\/2025\/01\/Capture-3-233x300.png 233w\" sizes=\"(max-width: 480px) 100vw, 480px\" \/>\t\t\t\t\t\t\t\t\t\t\t\t\t\t\t<\/div>\n\t\t\t\t<\/div>\n\t\t\t\t\t<\/div>\n\t\t<\/div>\n\t\t\t\t\t<\/div>\n\t\t<\/section>\n\t\t\t\t<section class=\"elementor-section elementor-top-section elementor-element elementor-element-62a0898 elementor-section-boxed elementor-section-height-default elementor-section-height-default\" data-id=\"62a0898\" data-element_type=\"section\">\n\t\t\t\t\t\t<div class=\"elementor-container elementor-column-gap-default\">\n\t\t\t\t\t<div class=\"elementor-column elementor-col-100 elementor-top-column elementor-element elementor-element-95a478e\" data-id=\"95a478e\" data-element_type=\"column\">\n\t\t\t<div class=\"elementor-widget-wrap elementor-element-populated\">\n\t\t\t\t\t\t<div class=\"elementor-element elementor-element-485e398 elementor-widget elementor-widget-spacer\" data-id=\"485e398\" data-element_type=\"widget\" data-widget_type=\"spacer.default\">\n\t\t\t\t<div class=\"elementor-widget-container\">\n\t\t\t\t\t\t\t<div class=\"elementor-spacer\">\n\t\t\t<div class=\"elementor-spacer-inner\"><\/div>\n\t\t<\/div>\n\t\t\t\t\t\t<\/div>\n\t\t\t\t<\/div>\n\t\t\t\t\t<\/div>\n\t\t<\/div>\n\t\t\t\t\t<\/div>\n\t\t<\/section>\n\t\t\t\t<\/div>\n\t\t","protected":false},"excerpt":{"rendered":"<p>GI\u1ea2I PH\u00c1P L\u1eccC D\u1ea6U CJC\u00ae CHO M\u00c1Y BI\u1ebeN \u00c1P T\u1ea6M QUAN TR\u1eccNG C\u1ee6A M\u00c1Y BI\u1ebeN \u00c1P M\u00e1y bi\u1ebfn \u00e1p l\u00e0 c\u1eeda ng\u00f5 k\u1ebft n\u1ed1i nh\u00e0 m\u00e1y \u0111i\u1ec7n v\u1edbi l\u01b0\u1edbi \u0111i\u1ec7n. Tu\u1ed5i th\u1ecd c\u1ee7a m\u00e1y bi\u1ebfn \u00e1p ph\u1ee5 thu\u1ed9c v\u00e0o gi\u1ea5y c\u00e1ch \u0111i\u1ec7n, lo\u1ea1i gi\u1ea5y n\u00e0y s\u1ebd b\u1ecb ph\u00e2n h\u1ee7y theo th\u1eddi gian do qu\u00e1 tr\u00ecnh [&hellip;]<\/p>\n","protected":false},"author":1,"featured_media":0,"parent":144,"menu_order":11,"comment_status":"closed","ping_status":"closed","template":"","meta":{"footnotes":""},"class_list":["post-243","page","type-page","status-publish","hentry"],"_links":{"self":[{"href":"https:\/\/fsv.com.vn\/index.php\/wp-json\/wp\/v2\/pages\/243","targetHints":{"allow":["GET"]}}],"collection":[{"href":"https:\/\/fsv.com.vn\/index.php\/wp-json\/wp\/v2\/pages"}],"about":[{"href":"https:\/\/fsv.com.vn\/index.php\/wp-json\/wp\/v2\/types\/page"}],"author":[{"embeddable":true,"href":"https:\/\/fsv.com.vn\/index.php\/wp-json\/wp\/v2\/users\/1"}],"replies":[{"embeddable":true,"href":"https:\/\/fsv.com.vn\/index.php\/wp-json\/wp\/v2\/comments?post=243"}],"version-history":[{"count":19,"href":"https:\/\/fsv.com.vn\/index.php\/wp-json\/wp\/v2\/pages\/243\/revisions"}],"predecessor-version":[{"id":1916,"href":"https:\/\/fsv.com.vn\/index.php\/wp-json\/wp\/v2\/pages\/243\/revisions\/1916"}],"up":[{"embeddable":true,"href":"https:\/\/fsv.com.vn\/index.php\/wp-json\/wp\/v2\/pages\/144"}],"wp:attachment":[{"href":"https:\/\/fsv.com.vn\/index.php\/wp-json\/wp\/v2\/media?parent=243"}],"curies":[{"name":"wp","href":"https:\/\/api.w.org\/{rel}","templated":true}]}}