{"id":237,"date":"2023-03-28T08:07:16","date_gmt":"2023-03-28T01:07:16","guid":{"rendered":"https:\/\/fsv.com.vn\/?page_id=237"},"modified":"2025-03-15T17:14:00","modified_gmt":"2025-03-15T10:14:00","slug":"hop-so-quat-thap-lam-mat","status":"publish","type":"page","link":"https:\/\/fsv.com.vn\/index.php\/giai-phap\/nha-may-dien\/hop-so-quat-thap-lam-mat\/","title":{"rendered":"H\u1ed9p s\u1ed1 qu\u1ea1t Th\u00e1p l\u00e0m m\u00e1t"},"content":{"rendered":"\t\t<div data-elementor-type=\"wp-page\" data-elementor-id=\"237\" class=\"elementor elementor-237\" data-elementor-post-type=\"page\">\n\t\t\t\t\t\t<section class=\"elementor-section elementor-top-section elementor-element elementor-element-41cbbed elementor-section-boxed elementor-section-height-default elementor-section-height-default\" data-id=\"41cbbed\" data-element_type=\"section\">\n\t\t\t\t\t\t<div class=\"elementor-container elementor-column-gap-default\">\n\t\t\t\t\t<div class=\"elementor-column elementor-col-100 elementor-top-column elementor-element elementor-element-6280868\" data-id=\"6280868\" data-element_type=\"column\">\n\t\t\t<div class=\"elementor-widget-wrap elementor-element-populated\">\n\t\t\t\t\t\t<div class=\"elementor-element elementor-element-b405391 elementor-widget elementor-widget-spacer\" data-id=\"b405391\" data-element_type=\"widget\" data-widget_type=\"spacer.default\">\n\t\t\t\t<div class=\"elementor-widget-container\">\n\t\t\t\t\t\t\t<div class=\"elementor-spacer\">\n\t\t\t<div class=\"elementor-spacer-inner\"><\/div>\n\t\t<\/div>\n\t\t\t\t\t\t<\/div>\n\t\t\t\t<\/div>\n\t\t\t\t\t<\/div>\n\t\t<\/div>\n\t\t\t\t\t<\/div>\n\t\t<\/section>\n\t\t\t\t<section class=\"elementor-section elementor-top-section elementor-element elementor-element-7532a88 elementor-section-boxed elementor-section-height-default elementor-section-height-default\" data-id=\"7532a88\" data-element_type=\"section\">\n\t\t\t\t\t\t<div class=\"elementor-container elementor-column-gap-default\">\n\t\t\t\t\t<div class=\"elementor-column elementor-col-66 elementor-top-column elementor-element elementor-element-ac97391\" data-id=\"ac97391\" data-element_type=\"column\">\n\t\t\t<div class=\"elementor-widget-wrap elementor-element-populated\">\n\t\t\t\t\t\t<div class=\"elementor-element elementor-element-963d2c7 elementor-widget elementor-widget-text-editor\" data-id=\"963d2c7\" data-element_type=\"widget\" data-widget_type=\"text-editor.default\">\n\t\t\t\t<div class=\"elementor-widget-container\">\n\t\t\t\t\t\t\t\t\t<h5 data-start=\"0\" data-end=\"64\"><strong data-start=\"4\" data-end=\"62\">GI\u1ea2I PH\u00c1P L\u1eccC D\u1ea6U CJC\u00ae CHO H\u1ed8P S\u1ed0 QU\u1ea0T TH\u00c1P GI\u1ea2I NHI\u1ec6T<\/strong><\/h5><h4 data-start=\"66\" data-end=\"123\"><strong data-start=\"71\" data-end=\"121\">T\u1ea6M QUAN TR\u1eccNG C\u1ee6A H\u1ed8P S\u1ed0 QU\u1ea0T TH\u00c1P GI\u1ea2I NHI\u1ec6T<\/strong><\/h4><p data-start=\"124\" data-end=\"447\">\u0110\u1ec3 ng\u01b0ng t\u1ee5 h\u01a1i n\u01b0\u1edbc c\u00f3 n\u0103ng l\u01b0\u1ee3ng th\u1ea5p t\u1eeb tua-bin th\u00e0nh n\u01b0\u1edbc, nh\u00e0 m\u00e1y \u0111i\u1ec7n c\u1ea7n m\u1ed9t h\u1ec7 th\u1ed1ng l\u00e0m m\u00e1t. N\u1ebfu nh\u00e0 m\u00e1y n\u1eb1m g\u1ea7n h\u1ed3 ho\u1eb7c s\u00f4ng, c\u00f3 th\u1ec3 s\u1eed d\u1ee5ng ngu\u1ed3n n\u01b0\u1edbc t\u1ef1 nhi\u00ean, nh\u01b0ng \u0111i\u1ec1u n\u00e0y th\u01b0\u1eddng g\u00e2y ra c\u00e1c v\u1ea5n \u0111\u1ec1 m\u00f4i tr\u01b0\u1eddng, nh\u01b0 s\u1ef1 ph\u00e1t tri\u1ec3n c\u1ee7a t\u1ea3o. V\u00ec v\u1eady, h\u1ea7u h\u1ebft c\u00e1c nh\u00e0 m\u00e1y \u0111i\u1ec7n \u0111\u1ec1u s\u1eed d\u1ee5ng h\u1ec7 th\u1ed1ng th\u00e1p gi\u1ea3i nhi\u1ec7t.<\/p><p data-start=\"449\" data-end=\"797\">Trong m\u1ed7i th\u00e1p gi\u1ea3i nhi\u1ec7t, qu\u1ea1t trung t\u00e2m c\u00f3 nhi\u1ec7m v\u1ee5 t\u1ea1o lu\u1ed3ng gi\u00f3 \u0111\u1ec3 h\u1ed7 tr\u1ee3 qu\u00e1 tr\u00ecnh l\u00e0m m\u00e1t. Qu\u1ea1t \u0111\u01b0\u1ee3c d\u1eabn \u0111\u1ed9ng b\u1edfi h\u1ed9p s\u1ed1 v\u00e0 \u0111\u1ed9ng c\u01a1 \u0111i\u1ec7n. V\u00ec h\u1ed9p s\u1ed1 qu\u1ea1t th\u01b0\u1eddng \u0111\u01b0\u1ee3c l\u1eafp \u0111\u1eb7t \u1edf \u0111\u1ed9 cao t\u1ed1i thi\u1ec3u 30 m\u00e9t so v\u1edbi m\u1eb7t \u0111\u1ea5t, n\u00ean vi\u1ec7c b\u1ea3o tr\u00ec r\u1ea5t kh\u00f3 kh\u0103n. Do \u0111\u00f3, d\u1ea7u trong h\u1ed9p s\u1ed1 qu\u1ea1t th\u00e1p gi\u1ea3i nhi\u1ec7t ph\u1ea3i lu\u00f4n \u0111\u01b0\u1ee3c gi\u1eef kh\u00f4 v\u00e0 s\u1ea1ch \u0111\u1ec3 tr\u00e1nh h\u1ecfng h\u00f3c.<\/p><h4 data-start=\"799\" data-end=\"869\"><strong data-start=\"804\" data-end=\"867\">TH\u00c1CH TH\u1ee8C TRONG VI\u1ec6C B\u1ea2O D\u01af\u1ee0NG H\u1ed8P S\u1ed0 QU\u1ea0T TH\u00c1P GI\u1ea2I NHI\u1ec6T<\/strong><\/h4><p data-start=\"871\" data-end=\"1074\">\ud83d\udd38 <strong data-start=\"874\" data-end=\"920\">Hao m\u00f2n nhanh ch\u00f3ng &amp; chi ph\u00ed s\u1eeda ch\u1eefa cao<\/strong> \u2013 N\u1ebfu d\u1ea7u h\u1ed9p s\u1ed1 b\u1ecb nhi\u1ec5m n\u01b0\u1edbc ho\u1eb7c b\u1ee5i b\u1ea9n, c\u00e1c b\u1ed9 ph\u1eadn nh\u01b0 b\u00e1nh r\u0103ng, v\u00f2ng bi c\u00f3 th\u1ec3 b\u1ecb \u0103n m\u00f2n nhanh ch\u00f3ng, d\u1eabn \u0111\u1ebfn chi ph\u00ed s\u1eeda ch\u1eefa v\u00e0 thay th\u1ebf l\u1edbn.<\/p><p data-start=\"1076\" data-end=\"1297\">\ud83d\udd38 <strong data-start=\"1079\" data-end=\"1134\">Nguy c\u01a1 ng\u1eebng m\u00e1y \u0111\u1ed9t xu\u1ea5t &amp; m\u1ea5t \u0111i\u1ec7n ph\u00e1t l\u00ean l\u01b0\u1edbi<\/strong> \u2013 N\u1ebfu h\u1ed9p s\u1ed1 qu\u1ea1t th\u00e1p gi\u1ea3i nhi\u1ec7t kh\u00f4ng ho\u1ea1t \u0111\u1ed9ng hi\u1ec7u qu\u1ea3, qu\u00e1 tr\u00ecnh l\u00e0m m\u00e1t b\u1ecb gi\u00e1n \u0111o\u1ea1n, \u1ea3nh h\u01b0\u1edfng \u0111\u1ebfn hi\u1ec7u su\u1ea5t c\u1ee7a tua-bin v\u00e0 s\u1ea3n l\u01b0\u1ee3ng \u0111i\u1ec7n ph\u00e1t l\u00ean l\u01b0\u1edbi.<\/p><p data-start=\"1299\" data-end=\"1516\">\ud83d\udd38 <strong data-start=\"1302\" data-end=\"1342\">X\u00e2m nh\u1eadp n\u01b0\u1edbc v\u00e0 b\u1ee5i g\u00e2y oxy h\u00f3a d\u1ea7u<\/strong> \u2013 M\u00f4i tr\u01b0\u1eddng th\u00e1p gi\u1ea3i nhi\u1ec7t th\u01b0\u1eddng c\u00f3 \u0111\u1ed9 \u1ea9m cao, d\u1ec5 g\u00e2y nhi\u1ec5m n\u01b0\u1edbc v\u00e0o d\u1ea7u, l\u00e0m gi\u1ea3m ch\u1ea5t l\u01b0\u1ee3ng d\u1ea7u b\u00f4i tr\u01a1n v\u00e0 t\u0103ng t\u1ed1c \u0111\u1ed9 oxy h\u00f3a, d\u1eabn \u0111\u1ebfn c\u1eb7n b\u1ea9n v\u00e0 gi\u1ea3m tu\u1ed5i th\u1ecd d\u1ea7u.<\/p><p data-start=\"1518\" data-end=\"1705\">\ud83d\udd38 <strong data-start=\"1521\" data-end=\"1572\">Chi ph\u00ed b\u1ea3o tr\u00ec cao &amp; kh\u00f3 ti\u1ebfp c\u1eadn \u0111\u1ec3 b\u1ea3o d\u01b0\u1ee1ng<\/strong> \u2013 H\u1ed9p s\u1ed1 qu\u1ea1t th\u00e1p gi\u1ea3i nhi\u1ec7t \u0111\u01b0\u1ee3c l\u1eafp \u0111\u1eb7t \u1edf \u0111\u1ed9 cao l\u1edbn, g\u00e2y kh\u00f3 kh\u0103n v\u00e0 t\u1ed1n k\u00e9m trong vi\u1ec7c ki\u1ec3m tra, thay d\u1ea7u v\u00e0 b\u1ea3o tr\u00ec \u0111\u1ecbnh k\u1ef3.<\/p><h4 data-start=\"1707\" data-end=\"1753\"><strong data-start=\"1712\" data-end=\"1751\">L\u1ee2I \u00cdCH KHI L\u1eaeP \u0110\u1eb6T B\u1ed8 L\u1eccC D\u1ea6U CJC\u00ae<\/strong><\/h4><p data-start=\"1755\" data-end=\"2392\">\u2705 <strong data-start=\"1757\" data-end=\"1782\">B\u1ea3o v\u1ec7 t\u00e0i s\u1ea3n \u0111\u1ea7u t\u01b0<\/strong> \u2013 Gi\u00fap h\u1ed9p s\u1ed1 qu\u1ea1t th\u00e1p gi\u1ea3i nhi\u1ec7t ho\u1ea1t \u0111\u1ed9ng \u1ed5n \u0111\u1ecbnh v\u00e0 k\u00e9o d\u00e0i tu\u1ed5i th\u1ecd thi\u1ebft b\u1ecb.<br data-start=\"1865\" data-end=\"1868\" \/>\u2705 <strong data-start=\"1870\" data-end=\"1903\">T\u1ed1i \u01b0u hi\u1ec7u su\u1ea5t nh\u00e0 m\u00e1y \u0111i\u1ec7n<\/strong> \u2013 \u0110\u1ea3m b\u1ea3o qu\u00e1 tr\u00ecnh l\u00e0m m\u00e1t kh\u00f4ng b\u1ecb gi\u00e1n \u0111o\u1ea1n, gi\u00fap tua-bin ho\u1ea1t \u0111\u1ed9ng v\u1edbi hi\u1ec7u su\u1ea5t cao nh\u1ea5t.<br data-start=\"1998\" data-end=\"2001\" \/>\u2705 <strong data-start=\"2003\" data-end=\"2046\">Gi\u1ea3m r\u1ee7i ro h\u1ecfng h\u00f3c &amp; chi ph\u00ed s\u1eeda ch\u1eefa<\/strong> \u2013 Gi\u1eef d\u1ea7u lu\u00f4n kh\u00f4 s\u1ea1ch gi\u00fap gi\u1ea3m hao m\u00f2n linh ki\u1ec7n, h\u1ea1n ch\u1ebf c\u00e1c s\u1ef1 c\u1ed1 nghi\u00eam tr\u1ecdng.<br data-start=\"2131\" data-end=\"2134\" \/>\u2705 <strong data-start=\"2136\" data-end=\"2194\">Tr\u00e1nh ng\u1eebng m\u00e1y ngo\u00e0i k\u1ebf ho\u1ea1ch<\/strong>\u00a0\u2013 Gi\u1ea3m nguy c\u01a1 m\u1ea5t \u0111i\u1ec7n ph\u00e1t l\u00ean l\u01b0\u1edbi do s\u1ef1 c\u1ed1 h\u1ed9p s\u1ed1 qu\u1ea1t.<br data-start=\"2254\" data-end=\"2257\" \/>\u2705 <strong data-start=\"2259\" data-end=\"2314\">Ti\u1ebft ki\u1ec7m chi ph\u00ed b\u1ea3o tr\u00ec &amp; gi\u1ea3m th\u1eddi gian d\u1eebng m\u00e1y<\/strong> \u2013 K\u00e9o d\u00e0i tu\u1ed5i th\u1ecd d\u1ea7u, gi\u1ea3m s\u1ed1 l\u1ea7n thay d\u1ea7u v\u00e0 ti\u1ebft ki\u1ec7m chi ph\u00ed ph\u1ee5 t\u00f9ng.<\/p><p data-start=\"2394\" data-end=\"2689\" data-is-last-node=\"\" data-is-only-node=\"\">\ud83d\udee0 <strong data-start=\"2397\" data-end=\"2536\">Gi\u1ea3i ph\u00e1p l\u1ecdc d\u1ea7u CJC\u00ae gi\u00fap duy tr\u00ec d\u1ea7u b\u00f4i tr\u01a1n s\u1ea1ch, b\u1ea3o v\u1ec7 h\u1ed9p s\u1ed1 qu\u1ea1t th\u00e1p gi\u1ea3i nhi\u1ec7t v\u00e0 \u0111\u1ea3m b\u1ea3o v\u1eadn h\u00e0nh \u1ed5n \u0111\u1ecbnh cho nh\u00e0 m\u00e1y \u0111i\u1ec7n.<\/strong><\/p><p data-start=\"2394\" data-end=\"2689\" data-is-last-node=\"\" data-is-only-node=\"\"><b><br data-start=\"2536\" data-end=\"2539\" \/><\/b>\ud83d\udcca <strong data-start=\"2542\" data-end=\"2689\" data-is-last-node=\"\">C\u00f3 th\u1ec3 gi\u00e1m s\u00e1t t\u00ecnh tr\u1ea1ng d\u1ea7u trong h\u1ec7 th\u1ed1ng b\u1eb1ng thi\u1ebft b\u1ecb Oil Contamination Monitor (OCM), gi\u00fap ki\u1ec3m so\u00e1t ch\u1ea5t l\u01b0\u1ee3ng d\u1ea7u theo th\u1eddi gian th\u1ef1c.<\/strong><\/p>\t\t\t\t\t\t\t\t<\/div>\n\t\t\t\t<\/div>\n\t\t\t\t\t<\/div>\n\t\t<\/div>\n\t\t\t\t<div class=\"elementor-column elementor-col-33 elementor-top-column elementor-element elementor-element-57d70f3\" data-id=\"57d70f3\" data-element_type=\"column\">\n\t\t\t<div class=\"elementor-widget-wrap elementor-element-populated\">\n\t\t\t\t\t\t<div class=\"elementor-element elementor-element-78d3e06 elementor-widget elementor-widget-image\" data-id=\"78d3e06\" data-element_type=\"widget\" data-widget_type=\"image.default\">\n\t\t\t\t<div class=\"elementor-widget-container\">\n\t\t\t\t\t\t\t\t\t\t\t\t\t\t\t<img fetchpriority=\"high\" decoding=\"async\" width=\"742\" height=\"1024\" src=\"https:\/\/fsv.com.vn\/wp-content\/uploads\/2025\/03\/Anh-man-hinh-2025-03-15-luc-17.11.24-742x1024.png\" class=\"attachment-large size-large wp-image-1907\" alt=\"\" srcset=\"https:\/\/fsv.com.vn\/wp-content\/uploads\/2025\/03\/Anh-man-hinh-2025-03-15-luc-17.11.24-742x1024.png 742w, https:\/\/fsv.com.vn\/wp-content\/uploads\/2025\/03\/Anh-man-hinh-2025-03-15-luc-17.11.24-217x300.png 217w, https:\/\/fsv.com.vn\/wp-content\/uploads\/2025\/03\/Anh-man-hinh-2025-03-15-luc-17.11.24-768x1060.png 768w, https:\/\/fsv.com.vn\/wp-content\/uploads\/2025\/03\/Anh-man-hinh-2025-03-15-luc-17.11.24.png 794w\" sizes=\"(max-width: 742px) 100vw, 742px\" \/>\t\t\t\t\t\t\t\t\t\t\t\t\t\t\t<\/div>\n\t\t\t\t<\/div>\n\t\t\t\t<div class=\"elementor-element elementor-element-551d835 elementor-widget elementor-widget-text-editor\" data-id=\"551d835\" data-element_type=\"widget\" data-widget_type=\"text-editor.default\">\n\t\t\t\t<div class=\"elementor-widget-container\">\n\t\t\t\t\t\t\t\t\t<h5><a href=\"https:\/\/www.cjc.dk\/fileadmin\/root\/File_Admin_Filter\/doc_Customer_Cases\/Industry-Gear-Oil-Cooling-Tower-Fan-Gear-Combined-Cycle-Power-Plant_ASIN5123UK.pdf\">Cooling Tower Fan Gears &#8211; Combined Cycle Power Plant<\/a><\/h5><h5>V\u00e0 nhi\u1ec1u tr\u01b0\u1eddng h\u1ee3p th\u1ef1c t\u1ebf kh\u00e1c, tham kh\u1ea3o t\u1ea1i \u0111\u00e2y: <a href=\"https:\/\/www.cjc.dk\/system-solutions\/power\/cooling-tower-fan-gearbox\/\">CJC Case studies<\/a><\/h5><h5>\u00a0<\/h5><h5>\u00a0<\/h5>\t\t\t\t\t\t\t\t<\/div>\n\t\t\t\t<\/div>\n\t\t\t\t\t<\/div>\n\t\t<\/div>\n\t\t\t\t\t<\/div>\n\t\t<\/section>\n\t\t\t\t<section class=\"elementor-section elementor-top-section elementor-element elementor-element-1a1493d elementor-section-boxed elementor-section-height-default elementor-section-height-default\" data-id=\"1a1493d\" data-element_type=\"section\">\n\t\t\t\t\t\t<div class=\"elementor-container elementor-column-gap-default\">\n\t\t\t\t\t<div class=\"elementor-column elementor-col-100 elementor-top-column elementor-element elementor-element-fc759e8\" data-id=\"fc759e8\" data-element_type=\"column\">\n\t\t\t<div class=\"elementor-widget-wrap elementor-element-populated\">\n\t\t\t\t\t\t<div class=\"elementor-element elementor-element-32a5eaf elementor-widget elementor-widget-spacer\" data-id=\"32a5eaf\" data-element_type=\"widget\" data-widget_type=\"spacer.default\">\n\t\t\t\t<div class=\"elementor-widget-container\">\n\t\t\t\t\t\t\t<div class=\"elementor-spacer\">\n\t\t\t<div class=\"elementor-spacer-inner\"><\/div>\n\t\t<\/div>\n\t\t\t\t\t\t<\/div>\n\t\t\t\t<\/div>\n\t\t\t\t\t<\/div>\n\t\t<\/div>\n\t\t\t\t\t<\/div>\n\t\t<\/section>\n\t\t\t\t<\/div>\n\t\t","protected":false},"excerpt":{"rendered":"<p>GI\u1ea2I PH\u00c1P L\u1eccC D\u1ea6U CJC\u00ae CHO H\u1ed8P S\u1ed0 QU\u1ea0T TH\u00c1P GI\u1ea2I NHI\u1ec6T T\u1ea6M QUAN TR\u1eccNG C\u1ee6A H\u1ed8P S\u1ed0 QU\u1ea0T TH\u00c1P GI\u1ea2I NHI\u1ec6T \u0110\u1ec3 ng\u01b0ng t\u1ee5 h\u01a1i n\u01b0\u1edbc c\u00f3 n\u0103ng l\u01b0\u1ee3ng th\u1ea5p t\u1eeb tua-bin th\u00e0nh n\u01b0\u1edbc, nh\u00e0 m\u00e1y \u0111i\u1ec7n c\u1ea7n m\u1ed9t h\u1ec7 th\u1ed1ng l\u00e0m m\u00e1t. N\u1ebfu nh\u00e0 m\u00e1y n\u1eb1m g\u1ea7n h\u1ed3 ho\u1eb7c s\u00f4ng, c\u00f3 th\u1ec3 s\u1eed [&hellip;]<\/p>\n","protected":false},"author":1,"featured_media":0,"parent":144,"menu_order":10,"comment_status":"closed","ping_status":"closed","template":"","meta":{"footnotes":""},"class_list":["post-237","page","type-page","status-publish","hentry"],"_links":{"self":[{"href":"https:\/\/fsv.com.vn\/index.php\/wp-json\/wp\/v2\/pages\/237","targetHints":{"allow":["GET"]}}],"collection":[{"href":"https:\/\/fsv.com.vn\/index.php\/wp-json\/wp\/v2\/pages"}],"about":[{"href":"https:\/\/fsv.com.vn\/index.php\/wp-json\/wp\/v2\/types\/page"}],"author":[{"embeddable":true,"href":"https:\/\/fsv.com.vn\/index.php\/wp-json\/wp\/v2\/users\/1"}],"replies":[{"embeddable":true,"href":"https:\/\/fsv.com.vn\/index.php\/wp-json\/wp\/v2\/comments?post=237"}],"version-history":[{"count":16,"href":"https:\/\/fsv.com.vn\/index.php\/wp-json\/wp\/v2\/pages\/237\/revisions"}],"predecessor-version":[{"id":1913,"href":"https:\/\/fsv.com.vn\/index.php\/wp-json\/wp\/v2\/pages\/237\/revisions\/1913"}],"up":[{"embeddable":true,"href":"https:\/\/fsv.com.vn\/index.php\/wp-json\/wp\/v2\/pages\/144"}],"wp:attachment":[{"href":"https:\/\/fsv.com.vn\/index.php\/wp-json\/wp\/v2\/media?parent=237"}],"curies":[{"name":"wp","href":"https:\/\/api.w.org\/{rel}","templated":true}]}}