{"id":231,"date":"2023-03-28T08:05:59","date_gmt":"2023-03-28T01:05:59","guid":{"rendered":"https:\/\/fsv.com.vn\/?page_id=231"},"modified":"2025-03-15T17:07:44","modified_gmt":"2025-03-15T10:07:44","slug":"bom-cap-nuoc-lo-hoi","status":"publish","type":"page","link":"https:\/\/fsv.com.vn\/index.php\/giai-phap\/nha-may-dien\/bom-cap-nuoc-lo-hoi\/","title":{"rendered":"B\u01a1m c\u1ea5p n\u01b0\u1edbc l\u00f2 h\u01a1i"},"content":{"rendered":"\t\t<div data-elementor-type=\"wp-page\" data-elementor-id=\"231\" class=\"elementor elementor-231\" data-elementor-post-type=\"page\">\n\t\t\t\t\t\t<section class=\"elementor-section elementor-top-section elementor-element elementor-element-fc75fac elementor-section-boxed elementor-section-height-default elementor-section-height-default\" data-id=\"fc75fac\" data-element_type=\"section\">\n\t\t\t\t\t\t<div class=\"elementor-container elementor-column-gap-default\">\n\t\t\t\t\t<div class=\"elementor-column elementor-col-100 elementor-top-column elementor-element elementor-element-9aac041\" data-id=\"9aac041\" data-element_type=\"column\">\n\t\t\t<div class=\"elementor-widget-wrap elementor-element-populated\">\n\t\t\t\t\t\t<div class=\"elementor-element elementor-element-6f7c497 elementor-widget elementor-widget-spacer\" data-id=\"6f7c497\" data-element_type=\"widget\" data-widget_type=\"spacer.default\">\n\t\t\t\t<div class=\"elementor-widget-container\">\n\t\t\t\t\t\t\t<div class=\"elementor-spacer\">\n\t\t\t<div class=\"elementor-spacer-inner\"><\/div>\n\t\t<\/div>\n\t\t\t\t\t\t<\/div>\n\t\t\t\t<\/div>\n\t\t\t\t\t<\/div>\n\t\t<\/div>\n\t\t\t\t\t<\/div>\n\t\t<\/section>\n\t\t\t\t<section class=\"elementor-section elementor-top-section elementor-element elementor-element-4bb4104 elementor-section-boxed elementor-section-height-default elementor-section-height-default\" data-id=\"4bb4104\" data-element_type=\"section\">\n\t\t\t\t\t\t<div class=\"elementor-container elementor-column-gap-default\">\n\t\t\t\t\t<div class=\"elementor-column elementor-col-66 elementor-top-column elementor-element elementor-element-1e996f4\" data-id=\"1e996f4\" data-element_type=\"column\">\n\t\t\t<div class=\"elementor-widget-wrap elementor-element-populated\">\n\t\t\t\t\t\t<div class=\"elementor-element elementor-element-0146b57 elementor-widget elementor-widget-text-editor\" data-id=\"0146b57\" data-element_type=\"widget\" data-widget_type=\"text-editor.default\">\n\t\t\t\t<div class=\"elementor-widget-container\">\n\t\t\t\t\t\t\t\t\t<h5 data-start=\"0\" data-end=\"56\"><strong data-start=\"4\" data-end=\"54\">GI\u1ea2I PH\u00c1P L\u1eccC D\u1ea6U CJC\u00ae CHO B\u01a0M C\u1ea4P N\u01af\u1edaC L\u00d2 H\u01a0I<\/strong><\/h5><h4 data-start=\"58\" data-end=\"129\"><strong data-start=\"63\" data-end=\"127\">B\u01a0M C\u1ea4P N\u01af\u1edaC L\u00d2 H\u01a0I \u2013 THI\u1ebeT B\u1eca QUAN TR\u1eccNG TRONG NH\u00c0 M\u00c1Y \u0110I\u1ec6N<\/strong><\/h4><p data-start=\"130\" data-end=\"535\">B\u01a1m c\u1ea5p n\u01b0\u1edbc l\u00f2 h\u01a1i l\u00e0 thi\u1ebft b\u1ecb cung c\u1ea5p n\u01b0\u1edbc ng\u01b0ng t\u1ee5 cho n\u1ed3i h\u01a1i ho\u1eb7c l\u00f2 ph\u1ea3n \u1ee9ng h\u1ea1t nh\u00e2n. \u0110\u00e2y \u0111\u1ec1u l\u00e0 c\u00e1c b\u01a1m ly t\u00e2m, c\u00f3 nhi\u1ec7m v\u1ee5 \u0111\u1ea3m b\u1ea3o l\u01b0\u1ee3ng h\u01a1i n\u01b0\u1edbc ph\u00f9 h\u1ee3p \u0111\u1ec3 v\u1eadn h\u00e0nh tua-bin. \u0110\u1ec3 b\u01a1m ho\u1ea1t \u0111\u1ed9ng tr\u01a1n tru v\u00e0 c\u00f3 tu\u1ed5i th\u1ecd d\u00e0i, d\u1ea7u b\u00f4i tr\u01a1n c\u1ea7n \u0111\u01b0\u1ee3c gi\u1eef kh\u00f4 v\u00e0 s\u1ea1ch. Trong khi nhi\u1ec1u nh\u00e0 m\u00e1y th\u01b0\u1eddng xuy\u00ean thay d\u1ea7u, v\u1eabn c\u00f3 m\u1ed9t gi\u1ea3i ph\u00e1p t\u1ed1i \u01b0u h\u01a1n gi\u00fap ti\u1ebft ki\u1ec7m chi ph\u00ed v\u00e0 n\u00e2ng cao hi\u1ec7u su\u1ea5t v\u1eadn h\u00e0nh.<\/p><h4 data-start=\"543\" data-end=\"625\"><strong data-start=\"548\" data-end=\"623\">TH\u00c1CH TH\u1ee8C TRONG VI\u1ec6C DUY TR\u00cc D\u1ea6U B\u00d4I TR\u01a0N S\u1ea0CH CHO B\u01a0M C\u1ea4P N\u01af\u1edaC L\u00d2 H\u01a0I<\/strong><\/h4><p data-start=\"627\" data-end=\"847\">\ud83d\udd38 <strong data-start=\"630\" data-end=\"676\">Hao m\u00f2n nhanh ch\u00f3ng &amp; chi ph\u00ed s\u1eeda ch\u1eefa cao<\/strong> \u2013 N\u1ebfu d\u1ea7u b\u00f4i tr\u01a1n b\u1ecb nhi\u1ec5m n\u01b0\u1edbc ho\u1eb7c c\u1eb7n b\u1ea9n, c\u00e1c b\u1ed9 ph\u1eadn c\u1ee7a b\u01a1m nh\u01b0 b\u1ea1c \u0111\u1ea1n, b\u00e1nh r\u0103ng c\u00f3 th\u1ec3 b\u1ecb m\u00e0i m\u00f2n nhanh ch\u00f3ng, d\u1eabn \u0111\u1ebfn chi ph\u00ed s\u1eeda ch\u1eefa ho\u1eb7c thay th\u1ebf r\u1ea5t l\u1edbn.<\/p><p data-start=\"849\" data-end=\"1012\">\ud83d\udd38 <strong data-start=\"852\" data-end=\"898\">Nguy c\u01a1 d\u1eebng m\u00e1y \u0111\u1ed9t xu\u1ea5t &amp; gi\u1ea3m s\u1ea3n l\u01b0\u1ee3ng<\/strong> \u2013 Khi b\u01a1m kh\u00f4ng ho\u1ea1t \u0111\u1ed9ng \u1ed5n \u0111\u1ecbnh, nh\u00e0 m\u00e1y c\u00f3 th\u1ec3 b\u1ecb gi\u00e1n \u0111o\u1ea1n s\u1ea3n xu\u1ea5t, l\u00e0m gi\u1ea3m s\u1ea3n l\u01b0\u1ee3ng \u0111i\u1ec7n ph\u00e1t l\u00ean l\u01b0\u1edbi.<\/p><p data-start=\"1014\" data-end=\"1301\">\ud83d\udd38 <strong data-start=\"1017\" data-end=\"1066\">D\u1ea7u nhanh xu\u1ed1ng c\u1ea5p, t\u1ed1n k\u00e9m chi ph\u00ed thay d\u1ea7u<\/strong> \u2013 D\u1ea7u b\u00f4i tr\u01a1n kh\u00f4ng s\u1ea1ch c\u00f3 th\u1ec3 b\u1ecb suy gi\u1ea3m ch\u1ea5t l\u01b0\u1ee3ng s\u1edbm h\u01a1n d\u1ef1 ki\u1ebfn, khi\u1ebfn doanh nghi\u1ec7p ph\u1ea3i thay d\u1ea7u th\u01b0\u1eddng xuy\u00ean. Tuy nhi\u00ean, n\u1ebfu gi\u1eef d\u1ea7u s\u1ea1ch v\u00e0 kh\u00f4, c\u00f3 th\u1ec3 k\u00e9o d\u00e0i tu\u1ed5i th\u1ecd d\u1ea7u l\u00ean g\u1ea5p 3-4 l\u1ea7n, gi\u00fap ti\u1ebft ki\u1ec7m chi ph\u00ed \u0111\u00e1ng k\u1ec3.<\/p><h4 data-start=\"1309\" data-end=\"1354\"><strong data-start=\"1313\" data-end=\"1352\">L\u1ee2I \u00cdCH KHI L\u1eaeP \u0110\u1eb6T B\u1ed8 L\u1eccC D\u1ea6U CJC\u00ae<\/strong><\/h4><p data-start=\"1356\" data-end=\"1900\">\u2705 <strong data-start=\"1358\" data-end=\"1383\">B\u1ea3o v\u1ec7 t\u00e0i s\u1ea3n \u0111\u1ea7u t\u01b0<\/strong> \u2013 Duy tr\u00ec \u0111\u1ed9 s\u1ea1ch c\u1ee7a d\u1ea7u gi\u00fap b\u01a1m ho\u1ea1t \u0111\u1ed9ng \u1ed5n \u0111\u1ecbnh v\u00e0 k\u00e9o d\u00e0i tu\u1ed5i th\u1ecd thi\u1ebft b\u1ecb.<br data-start=\"1466\" data-end=\"1469\" \/>\u2705 <strong data-start=\"1471\" data-end=\"1522\">Tr\u00e1nh ng\u1eebng m\u00e1y ngo\u00e0i k\u1ebf ho\u1ea1ch &amp; t\u0103ng s\u1ea3n l\u01b0\u1ee3ng<\/strong> \u2013 H\u1ea1n ch\u1ebf gi\u00e1n \u0111o\u1ea1n s\u1ea3n xu\u1ea5t do h\u01b0 h\u1ecfng thi\u1ebft b\u1ecb.<br data-start=\"1572\" data-end=\"1575\" \/>\u2705 <strong data-start=\"1577\" data-end=\"1610\">K\u00e9o d\u00e0i tu\u1ed5i th\u1ecd d\u1ea7u b\u00f4i tr\u01a1n<\/strong> \u2013 Gi\u1ea3m t\u1ea7n su\u1ea5t thay d\u1ea7u, ti\u1ebft ki\u1ec7m chi ph\u00ed v\u1eadn h\u00e0nh.<br data-start=\"1664\" data-end=\"1667\" \/>\u2705 <strong data-start=\"1669\" data-end=\"1720\">Gi\u1ea3m r\u1ee7i ro h\u1ecfng h\u00f3c \u0111\u1ed9t ng\u1ed9t &amp; chi ph\u00ed b\u1ea3o tr\u00ec<\/strong> \u2013 H\u1ea1n ch\u1ebf c\u00e1c s\u1ef1 c\u1ed1 kh\u00f4ng mong mu\u1ed1n, gi\u00fap nh\u00e0 m\u00e1y v\u1eadn h\u00e0nh an to\u00e0n h\u01a1n.<br data-start=\"1792\" data-end=\"1795\" \/>\u2705 <strong data-start=\"1797\" data-end=\"1848\">Ti\u1ebft ki\u1ec7m chi ph\u00ed ph\u1ee5 t\u00f9ng thay th\u1ebf l\u00ean \u0111\u1ebfn 60%<\/strong> \u2013 Gi\u1ea3m hao m\u00f2n linh ki\u1ec7n, k\u00e9o d\u00e0i chu k\u1ef3 b\u1ea3o tr\u00ec.<\/p><p data-start=\"1902\" data-end=\"2034\" data-is-last-node=\"\" data-is-only-node=\"\">\ud83d\udca1 <strong data-start=\"1905\" data-end=\"2034\" data-is-last-node=\"\">Gi\u1ea3i ph\u00e1p l\u1ecdc d\u1ea7u CJC\u00ae gi\u00fap duy tr\u00ec d\u1ea7u b\u00f4i tr\u01a1n s\u1ea1ch, b\u1ea3o v\u1ec7 b\u01a1m c\u1ea5p n\u01b0\u1edbc l\u00f2 h\u01a1i v\u00e0 n\u00e2ng cao hi\u1ec7u qu\u1ea3 v\u1eadn h\u00e0nh nh\u00e0 m\u00e1y \u0111i\u1ec7n.<\/strong><\/p>\t\t\t\t\t\t\t\t<\/div>\n\t\t\t\t<\/div>\n\t\t\t\t\t<\/div>\n\t\t<\/div>\n\t\t\t\t<div class=\"elementor-column elementor-col-33 elementor-top-column elementor-element elementor-element-9e24967\" data-id=\"9e24967\" data-element_type=\"column\">\n\t\t\t<div class=\"elementor-widget-wrap elementor-element-populated\">\n\t\t\t\t\t\t<div class=\"elementor-element elementor-element-296eba8 elementor-widget elementor-widget-image\" data-id=\"296eba8\" data-element_type=\"widget\" data-widget_type=\"image.default\">\n\t\t\t\t<div class=\"elementor-widget-container\">\n\t\t\t\t\t\t\t\t\t\t\t\t\t\t\t<img fetchpriority=\"high\" decoding=\"async\" width=\"798\" height=\"884\" src=\"https:\/\/fsv.com.vn\/wp-content\/uploads\/2025\/03\/Anh-man-hinh-2025-03-15-luc-17.04.37.png\" class=\"attachment-large size-large wp-image-1902\" alt=\"\" srcset=\"https:\/\/fsv.com.vn\/wp-content\/uploads\/2025\/03\/Anh-man-hinh-2025-03-15-luc-17.04.37.png 798w, https:\/\/fsv.com.vn\/wp-content\/uploads\/2025\/03\/Anh-man-hinh-2025-03-15-luc-17.04.37-271x300.png 271w, https:\/\/fsv.com.vn\/wp-content\/uploads\/2025\/03\/Anh-man-hinh-2025-03-15-luc-17.04.37-768x851.png 768w\" sizes=\"(max-width: 798px) 100vw, 798px\" \/>\t\t\t\t\t\t\t\t\t\t\t\t\t\t\t<\/div>\n\t\t\t\t<\/div>\n\t\t\t\t<div class=\"elementor-element elementor-element-e5b2a07 elementor-widget elementor-widget-text-editor\" data-id=\"e5b2a07\" data-element_type=\"widget\" data-widget_type=\"text-editor.default\">\n\t\t\t\t<div class=\"elementor-widget-container\">\n\t\t\t\t\t\t\t\t\t<h5><a href=\"https:\/\/www.cjc.dk\/fileadmin\/root\/File_Admin_Filter\/doc_Customer_Cases\/Industry_LubeOil_Gearboxes_BoilerFeedPumps_PowerStation_ASIN5085UK.pdf\">Gearboxes for Boiler Feed Pumps, Power Station<\/a><\/h5><h5>V\u00e0 nhi\u1ec1u tr\u01b0\u1eddng h\u1ee3p tham kh\u1ea3o kh\u00e1c t\u1ea1i \u0111\u00e2y: <a href=\"https:\/\/www.cjc.dk\/system-solutions\/power\/boiler-feed-pumps\/\">CJC case studies<\/a><\/h5>\t\t\t\t\t\t\t\t<\/div>\n\t\t\t\t<\/div>\n\t\t\t\t\t<\/div>\n\t\t<\/div>\n\t\t\t\t\t<\/div>\n\t\t<\/section>\n\t\t\t\t<section class=\"elementor-section elementor-top-section elementor-element elementor-element-40c176a elementor-section-boxed elementor-section-height-default elementor-section-height-default\" data-id=\"40c176a\" data-element_type=\"section\">\n\t\t\t\t\t\t<div class=\"elementor-container elementor-column-gap-default\">\n\t\t\t\t\t<div class=\"elementor-column elementor-col-100 elementor-top-column elementor-element elementor-element-64be595\" data-id=\"64be595\" data-element_type=\"column\">\n\t\t\t<div class=\"elementor-widget-wrap elementor-element-populated\">\n\t\t\t\t\t\t<div class=\"elementor-element elementor-element-9f809b1 elementor-widget elementor-widget-spacer\" data-id=\"9f809b1\" data-element_type=\"widget\" data-widget_type=\"spacer.default\">\n\t\t\t\t<div class=\"elementor-widget-container\">\n\t\t\t\t\t\t\t<div class=\"elementor-spacer\">\n\t\t\t<div class=\"elementor-spacer-inner\"><\/div>\n\t\t<\/div>\n\t\t\t\t\t\t<\/div>\n\t\t\t\t<\/div>\n\t\t\t\t\t<\/div>\n\t\t<\/div>\n\t\t\t\t\t<\/div>\n\t\t<\/section>\n\t\t\t\t<\/div>\n\t\t","protected":false},"excerpt":{"rendered":"<p>GI\u1ea2I PH\u00c1P L\u1eccC D\u1ea6U CJC\u00ae CHO B\u01a0M C\u1ea4P N\u01af\u1edaC L\u00d2 H\u01a0I B\u01a0M C\u1ea4P N\u01af\u1edaC L\u00d2 H\u01a0I \u2013 THI\u1ebeT B\u1eca QUAN TR\u1eccNG TRONG NH\u00c0 M\u00c1Y \u0110I\u1ec6N B\u01a1m c\u1ea5p n\u01b0\u1edbc l\u00f2 h\u01a1i l\u00e0 thi\u1ebft b\u1ecb cung c\u1ea5p n\u01b0\u1edbc ng\u01b0ng t\u1ee5 cho n\u1ed3i h\u01a1i ho\u1eb7c l\u00f2 ph\u1ea3n \u1ee9ng h\u1ea1t nh\u00e2n. \u0110\u00e2y \u0111\u1ec1u l\u00e0 c\u00e1c b\u01a1m ly t\u00e2m, c\u00f3 [&hellip;]<\/p>\n","protected":false},"author":1,"featured_media":0,"parent":144,"menu_order":9,"comment_status":"closed","ping_status":"closed","template":"","meta":{"footnotes":""},"class_list":["post-231","page","type-page","status-publish","hentry"],"_links":{"self":[{"href":"https:\/\/fsv.com.vn\/index.php\/wp-json\/wp\/v2\/pages\/231","targetHints":{"allow":["GET"]}}],"collection":[{"href":"https:\/\/fsv.com.vn\/index.php\/wp-json\/wp\/v2\/pages"}],"about":[{"href":"https:\/\/fsv.com.vn\/index.php\/wp-json\/wp\/v2\/types\/page"}],"author":[{"embeddable":true,"href":"https:\/\/fsv.com.vn\/index.php\/wp-json\/wp\/v2\/users\/1"}],"replies":[{"embeddable":true,"href":"https:\/\/fsv.com.vn\/index.php\/wp-json\/wp\/v2\/comments?post=231"}],"version-history":[{"count":13,"href":"https:\/\/fsv.com.vn\/index.php\/wp-json\/wp\/v2\/pages\/231\/revisions"}],"predecessor-version":[{"id":1906,"href":"https:\/\/fsv.com.vn\/index.php\/wp-json\/wp\/v2\/pages\/231\/revisions\/1906"}],"up":[{"embeddable":true,"href":"https:\/\/fsv.com.vn\/index.php\/wp-json\/wp\/v2\/pages\/144"}],"wp:attachment":[{"href":"https:\/\/fsv.com.vn\/index.php\/wp-json\/wp\/v2\/media?parent=231"}],"curies":[{"name":"wp","href":"https:\/\/api.w.org\/{rel}","templated":true}]}}