{"id":2253,"date":"2025-07-16T16:52:08","date_gmt":"2025-07-16T09:52:08","guid":{"rendered":"https:\/\/fsv.com.vn\/?page_id=2253"},"modified":"2025-07-16T17:11:14","modified_gmt":"2025-07-16T10:11:14","slug":"loi-loc-dau-a","status":"publish","type":"page","link":"https:\/\/fsv.com.vn\/index.php\/san-pham\/loi-loc-dau\/loi-loc-dau-a\/","title":{"rendered":"L\u00f5i l\u1ecdc d\u1ea7u CJC &#8211; lo\u1ea1i A"},"content":{"rendered":"\t\t<div data-elementor-type=\"wp-page\" data-elementor-id=\"2253\" class=\"elementor elementor-2253\" data-elementor-post-type=\"page\">\n\t\t\t\t\t\t<section class=\"elementor-section elementor-top-section elementor-element elementor-element-bfc895a elementor-section-boxed elementor-section-height-default elementor-section-height-default\" data-id=\"bfc895a\" data-element_type=\"section\">\n\t\t\t\t\t\t<div class=\"elementor-container elementor-column-gap-default\">\n\t\t\t\t\t<div class=\"elementor-column elementor-col-100 elementor-top-column elementor-element elementor-element-89661b5\" data-id=\"89661b5\" data-element_type=\"column\">\n\t\t\t<div class=\"elementor-widget-wrap elementor-element-populated\">\n\t\t\t\t\t\t<div class=\"elementor-element elementor-element-5e5e5b1 elementor-widget elementor-widget-spacer\" data-id=\"5e5e5b1\" data-element_type=\"widget\" data-widget_type=\"spacer.default\">\n\t\t\t\t<div class=\"elementor-widget-container\">\n\t\t\t\t\t\t\t<div class=\"elementor-spacer\">\n\t\t\t<div class=\"elementor-spacer-inner\"><\/div>\n\t\t<\/div>\n\t\t\t\t\t\t<\/div>\n\t\t\t\t<\/div>\n\t\t\t\t\t<\/div>\n\t\t<\/div>\n\t\t\t\t\t<\/div>\n\t\t<\/section>\n\t\t\t\t<section class=\"elementor-section elementor-top-section elementor-element elementor-element-3d9c95a elementor-section-boxed elementor-section-height-default elementor-section-height-default\" data-id=\"3d9c95a\" data-element_type=\"section\">\n\t\t\t\t\t\t<div class=\"elementor-container elementor-column-gap-default\">\n\t\t\t\t\t<div class=\"elementor-column elementor-col-100 elementor-top-column elementor-element elementor-element-87c8b55\" data-id=\"87c8b55\" data-element_type=\"column\">\n\t\t\t<div class=\"elementor-widget-wrap elementor-element-populated\">\n\t\t\t\t\t\t<div class=\"elementor-element elementor-element-0d33081 elementor-widget elementor-widget-heading\" data-id=\"0d33081\" data-element_type=\"widget\" data-widget_type=\"heading.default\">\n\t\t\t\t<div class=\"elementor-widget-container\">\n\t\t\t\t\t<h2 class=\"elementor-heading-title elementor-size-default\">L\u00f5i l\u1ecdc d\u1ea7u CJC -  A Filter Insert <\/h2>\t\t\t\t<\/div>\n\t\t\t\t<\/div>\n\t\t\t\t\t<\/div>\n\t\t<\/div>\n\t\t\t\t\t<\/div>\n\t\t<\/section>\n\t\t\t\t<section class=\"elementor-section elementor-top-section elementor-element elementor-element-3e9a617 elementor-section-boxed elementor-section-height-default elementor-section-height-default\" data-id=\"3e9a617\" data-element_type=\"section\">\n\t\t\t\t\t\t<div class=\"elementor-container elementor-column-gap-default\">\n\t\t\t\t\t<div class=\"elementor-column elementor-col-66 elementor-top-column elementor-element elementor-element-4791b6e\" data-id=\"4791b6e\" data-element_type=\"column\">\n\t\t\t<div class=\"elementor-widget-wrap elementor-element-populated\">\n\t\t\t\t\t\t<div class=\"elementor-element elementor-element-18bd871 elementor-widget elementor-widget-text-editor\" data-id=\"18bd871\" data-element_type=\"widget\" data-widget_type=\"text-editor.default\">\n\t\t\t\t<div class=\"elementor-widget-container\">\n\t\t\t\t\t\t\t\t\t<p>C.C.JENSEN cung c\u1ea5p ba lo\u1ea1i l\u00f5i l\u1ecdc CJC\u00ae, trong \u0111\u00f3 lo\u1ea1i A c\u00f3 kh\u1ea3 n\u0103ng lo\u1ea1i b\u1ecf \u0111\u1ed3ng th\u1eddi c\u1ea3 b\u1ed1n lo\u1ea1i t\u1ea1p ch\u1ea5t trong m\u1ed9t qu\u00e1 tr\u00ecnh duy nh\u1ea5t: h\u1ea1t b\u1ea9n, n\u01b0\u1edbc, c\u1eb7n d\u1ea7u (varnish) v\u00e0 axit.<\/p><h5>Lo\u1ea1i A<\/h5><p>L\u00f5i l\u1ecdc CJC\u00ae A \u0111\u01b0\u1ee3c thi\u1ebft k\u1ebf \u0111\u1ec3 l\u1ecdc d\u1ea7u thu\u1ef7 l\u1ef1c v\u00e0 d\u1ea7u b\u00f4i tr\u01a1n dung t\u00edch nh\u1ecf. Do c\u00f3 \u0111\u1ed9 s\u1ee5t \u00e1p cao h\u01a1n so v\u1edbi c\u00e1c lo\u1ea1i l\u00f5i l\u1ecdc kh\u00e1c c\u1ee7a CJC\u00ae, n\u00ean lo\u1ea1i A ph\u00f9 h\u1ee3p nh\u1ea5t v\u1edbi c\u00e1c lo\u1ea1i d\u1ea7u c\u00f3 \u0111\u1ed9 nh\u1edbt th\u1ea5p ho\u1eb7c d\u1ea7u \u1ea5m.<\/p><p>\u1ee8ng d\u1ee5ng \u0111i\u1ec3n h\u00ecnh:<\/p><ul><li>H\u1ec7 th\u1ed1ng th\u1ee7y l\u1ef1c nh\u1ecf<\/li><li>\u0110\u1ed9ng c\u01a1 nh\u1ecf (v\u00ed d\u1ee5: t\u1ed5 m\u00e1y ph\u00e1t \u0111i\u1ec7n)<\/li><li>H\u1ec7 th\u1ed1ng d\u1ea7u b\u00f4i tr\u01a1n quy m\u00f4 nh\u1ecf<\/li><\/ul><h5>Lo\u1ea1i AA<\/h5><p>CJC\u00ae AA d\u1ef1a tr\u00ean c\u00f4ng ngh\u1ec7 l\u00f5i l\u1ecdc A, nh\u01b0ng \u0111\u01b0\u1ee3c gia c\u01b0\u1eddng v\u00e0 t\u1ed1i \u01b0u cho c\u00e1c d\u00f2ng ch\u1ea3y l\u1edbn \u2013 \u0111\u1eb7c bi\u1ec7t l\u00e0 d\u1ea7u r\u1eeda trong c\u00e1c \u1ee9ng d\u1ee5ng d\u1eadp\/\u00e9p kim lo\u1ea1i t\u1ea5m.<\/p><p>\u1ee8ng d\u1ee5ng \u0111i\u1ec3n h\u00ecnh:<\/p><ul><li>D\u1ea7u r\u1eeda trong qu\u00e1 tr\u00ecnh d\u1eadp th\u00e9p, \u00e9p s\u00e2u<\/li><\/ul><h5>Lo\u1ea1i AK<\/h5><p>L\u00f5i l\u1ecdc CJC\u00ae AK \u0111\u01b0\u1ee3c thi\u1ebft k\u1ebf chuy\u00ean d\u1ee5ng \u0111\u1ec3 lo\u1ea1i b\u1ecf \u0111\u1ed9 \u1ea9m trong c\u00e1c lo\u1ea1i d\u1ea7u c\u00f3 \u0111\u1ed9 nh\u1edbt th\u1ea5p ho\u1eb7c d\u1ea7u \u1ea5m, \u0111\u1eb7c bi\u1ec7t khi y\u00eau c\u1ea7u \u0111\u1ed9 \u1ea9m d\u01b0\u1edbi 50 ppm.<br \/>Lo\u1ea1i AK \u0111\u01b0\u1ee3c s\u1ea3n xu\u1ea5t d\u1ef1a tr\u00ean l\u00f5i l\u1ecdc A ti\u00eau chu\u1ea9n nh\u01b0ng \u0111\u01b0\u1ee3c s\u1ea5y kh\u00f4 ho\u00e0n to\u00e0n v\u00e0 \u0111\u00f3ng g\u00f3i ch\u00e2n kh\u00f4ng, \u0111\u1ea3m b\u1ea3o m\u00f4i ch\u1ea5t l\u1ecdc cellulose kh\u00f4ng ch\u1ee9a h\u01a1i \u1ea9m.<\/p><p>\u1ee8ng d\u1ee5ng \u0111i\u1ec3n h\u00ecnh:<\/p><ul><li>M\u00e1y bi\u1ebfn \u00e1p<\/li><li>B\u1ed9 chuy\u1ec3n n\u1ea5c (Tap Changer)<\/li><li>H\u1ec7 th\u1ed1ng th\u1ee7y l\u1ef1c nh\u1ecf<\/li><\/ul>\t\t\t\t\t\t\t\t<\/div>\n\t\t\t\t<\/div>\n\t\t\t\t<div class=\"elementor-element elementor-element-9c636c8 elementor-widget elementor-widget-spacer\" data-id=\"9c636c8\" data-element_type=\"widget\" data-widget_type=\"spacer.default\">\n\t\t\t\t<div class=\"elementor-widget-container\">\n\t\t\t\t\t\t\t<div class=\"elementor-spacer\">\n\t\t\t<div class=\"elementor-spacer-inner\"><\/div>\n\t\t<\/div>\n\t\t\t\t\t\t<\/div>\n\t\t\t\t<\/div>\n\t\t\t\t<div class=\"elementor-element elementor-element-7fa5535 elementor-widget-divider--view-line elementor-widget elementor-widget-divider\" data-id=\"7fa5535\" data-element_type=\"widget\" data-widget_type=\"divider.default\">\n\t\t\t\t<div class=\"elementor-widget-container\">\n\t\t\t\t\t\t\t<div class=\"elementor-divider\">\n\t\t\t<span class=\"elementor-divider-separator\">\n\t\t\t\t\t\t<\/span>\n\t\t<\/div>\n\t\t\t\t\t\t<\/div>\n\t\t\t\t<\/div>\n\t\t\t\t<div class=\"elementor-element elementor-element-0971931 elementor-widget elementor-widget-text-editor\" data-id=\"0971931\" data-element_type=\"widget\" data-widget_type=\"text-editor.default\">\n\t\t\t\t<div class=\"elementor-widget-container\">\n\t\t\t\t\t\t\t\t\t<h5>L\u00d5I L\u1eccC D\u1ea6U CJC \u2013 GI\u1ea2I PH\u00c1P L\u1eccC D\u1ea6U HI\u1ec6U QU\u1ea2 &amp; B\u1ec0N V\u1eeeNG<\/h5><p>T\u0102NG TU\u1ed4I TH\u1ecc D\u1ea6U V\u00c0 LINH KI\u1ec6N H\u1ec6 TH\u1ed0NG<\/p><p>CJC\u00ae Filter Inserts gi\u00fap gi\u1eef d\u1ea7u lu\u00f4n s\u1ea1ch &amp; kh\u00f4, l\u00e0 y\u1ebfu t\u1ed1 quan tr\u1ecdng \u0111\u1ea3m b\u1ea3o thi\u1ebft b\u1ecb v\u1eadn h\u00e0nh \u1ed5n \u0111\u1ecbnh v\u00e0 b\u1ec1n b\u1ec9. C.C.JENSEN l\u00e0 nh\u00e0 ti\u00ean phong to\u00e0n c\u1ea7u v\u1ec1 c\u00f4ng ngh\u1ec7 l\u1ecdc d\u1ea7u Offline Oil Filtration v\u1edbi nhi\u1ec1u th\u1eadp k\u1ef7 kinh nghi\u1ec7m tr\u00ean th\u1ecb tr\u01b0\u1eddng qu\u1ed1c t\u1ebf.<\/p><p>K\u1ebft h\u1ee3p H\u1ec7 th\u1ed1ng L\u1ecdc D\u1ea7u CJC\u00ae c\u00f9ng v\u1edbi L\u00f5i l\u1ecdc ch\u00ednh h\u00e3ng, nh\u00e0 m\u00e1y c\u00f3 \u0111\u01b0\u1ee3c gi\u1ea3i ph\u00e1p t\u1ed1i \u01b0u v\u1edbi kh\u1ea3 n\u0103ng gi\u1eef t\u1ea1p ch\u1ea5t cao nh\u1ea5t tr\u00ean th\u1ecb tr\u01b0\u1eddng.<\/p><p>KH\u1ea2 N\u0102NG L\u1eccC V\u01af\u1ee2T TR\u1ed8I<\/p><p>\u2714\ufe0f Lo\u1ea1i b\u1ecf \u0111\u1ebfn 98.7% c\u00e1c h\u1ea1t r\u1eafn \u2265 3\u00b5m ch\u1ec9 trong m\u1ed9t l\u1ea7n l\u1ecdc<br \/>\u2714\ufe0f Kh\u1ea3 n\u0103ng gi\u1eef t\u1ea1p ch\u1ea5t l\u00ean \u0111\u1ebfn 4 kg (ho\u1eb7c h\u01a1n t\u00f9y \u1ee9ng d\u1ee5ng)<br \/>\u2714\ufe0f Lo\u1ea1i b\u1ecf hi\u1ec7u qu\u1ea3: c\u1eb7n b\u1ea9n, n\u01b0\u1edbc, c\u1eb7n oxi h\u00f3a, axit v\u00e0 varnish<br \/>\u2714\ufe0f Thi\u1ebft k\u1ebf m\u00f4-\u0111un ph\u00f9 h\u1ee3p v\u1edbi m\u1ecdi h\u1ec7 th\u1ed1ng v\u00e0 quy m\u00f4<\/p><p>GI\u1ea2I PH\u00c1P B\u1ec0N V\u1eeeNG &amp; TH\u00c2N THI\u1ec6N M\u00d4I TR\u01af\u1edcNG \ud83c\udf31<\/p><p>\ud83d\udd38 CJC\u00ae Filter Inserts \u0111\u01b0\u1ee3c l\u00e0m t\u1eeb 100% s\u1ee3i cellulose t\u1ef1 nhi\u00ean<br \/>\ud83d\udd38 Kh\u00f4ng ch\u1ee9a kim lo\u1ea1i, nh\u1ef1a ho\u1eb7c h\u00f3a ch\u1ea5t \u0111\u1ed9c h\u1ea1i<br \/>\ud83d\udd38 S\u1ee3i cellulose t\u1ef1 nhi\u00ean c\u00f3 kh\u1ea3 n\u0103ng l\u1ecdc t\u1ed1t h\u01a1n so v\u1edbi s\u1ee3i t\u1ed5ng h\u1ee3p<br \/>\ud83d\udd38 Gi\u1ea3m thi\u1ec3u r\u00e1c th\u1ea3i c\u00f4ng nghi\u1ec7p &amp; t\u00e1c \u0111\u1ed9ng m\u00f4i tr\u01b0\u1eddng<\/p><p>\ud83d\udca1 Ch\u1ecdn CJC\u00ae Filter Inserts \u2013 Gi\u1ea3i ph\u00e1p l\u1ecdc d\u1ea7u hi\u1ec7u qu\u1ea3, ti\u1ebft ki\u1ec7m &amp; b\u1ec1n v\u1eefng! \ud83d\ude80<\/p>\t\t\t\t\t\t\t\t<\/div>\n\t\t\t\t<\/div>\n\t\t\t\t\t<\/div>\n\t\t<\/div>\n\t\t\t\t<div class=\"elementor-column elementor-col-33 elementor-top-column elementor-element elementor-element-1eda67a\" data-id=\"1eda67a\" data-element_type=\"column\">\n\t\t\t<div class=\"elementor-widget-wrap elementor-element-populated\">\n\t\t\t\t\t\t<div class=\"elementor-element elementor-element-9ac7161 elementor-widget elementor-widget-image\" data-id=\"9ac7161\" data-element_type=\"widget\" data-widget_type=\"image.default\">\n\t\t\t\t<div class=\"elementor-widget-container\">\n\t\t\t\t\t\t\t\t\t\t\t\t\t\t\t<img fetchpriority=\"high\" decoding=\"async\" width=\"250\" height=\"250\" src=\"https:\/\/fsv.com.vn\/wp-content\/uploads\/2025\/07\/A_27_27.jpg\" class=\"attachment-large size-large wp-image-2259\" alt=\"\" srcset=\"https:\/\/fsv.com.vn\/wp-content\/uploads\/2025\/07\/A_27_27.jpg 250w, https:\/\/fsv.com.vn\/wp-content\/uploads\/2025\/07\/A_27_27-150x150.jpg 150w\" sizes=\"(max-width: 250px) 100vw, 250px\" \/>\t\t\t\t\t\t\t\t\t\t\t\t\t\t\t<\/div>\n\t\t\t\t<\/div>\n\t\t\t\t<div class=\"elementor-element elementor-element-3bc0085 elementor-widget elementor-widget-image\" data-id=\"3bc0085\" data-element_type=\"widget\" data-widget_type=\"image.default\">\n\t\t\t\t<div class=\"elementor-widget-container\">\n\t\t\t\t\t\t\t\t\t\t\t\t\t\t\t<img decoding=\"async\" width=\"250\" height=\"270\" src=\"https:\/\/fsv.com.vn\/wp-content\/uploads\/2023\/03\/depth-filtraiton-efficiencycjc-filter-insertsgeneral-6062.jpg\" class=\"attachment-large size-large wp-image-587\" alt=\"\" \/>\t\t\t\t\t\t\t\t\t\t\t\t\t\t\t<\/div>\n\t\t\t\t<\/div>\n\t\t\t\t<div class=\"elementor-element elementor-element-0c58370 elementor-widget elementor-widget-image\" data-id=\"0c58370\" data-element_type=\"widget\" data-widget_type=\"image.default\">\n\t\t\t\t<div class=\"elementor-widget-container\">\n\t\t\t\t\t\t\t\t\t\t\t\t\t\t\t<img decoding=\"async\" width=\"250\" height=\"156\" src=\"https:\/\/fsv.com.vn\/wp-content\/uploads\/2023\/03\/csmspecific-surface-areagenerala51d544b21-5136.jpg\" class=\"attachment-large size-large wp-image-588\" alt=\"\" \/>\t\t\t\t\t\t\t\t\t\t\t\t\t\t\t<\/div>\n\t\t\t\t<\/div>\n\t\t\t\t<div class=\"elementor-element elementor-element-4acd499 elementor-widget elementor-widget-image\" data-id=\"4acd499\" data-element_type=\"widget\" data-widget_type=\"image.default\">\n\t\t\t\t<div class=\"elementor-widget-container\">\n\t\t\t\t\t\t\t\t\t\t\t\t\t\t\t<img loading=\"lazy\" decoding=\"async\" width=\"250\" height=\"250\" src=\"https:\/\/fsv.com.vn\/wp-content\/uploads\/2023\/03\/filterinserts-5936.jpg\" class=\"attachment-large size-large wp-image-589\" alt=\"\" srcset=\"https:\/\/fsv.com.vn\/wp-content\/uploads\/2023\/03\/filterinserts-5936.jpg 250w, https:\/\/fsv.com.vn\/wp-content\/uploads\/2023\/03\/filterinserts-5936-150x150.jpg 150w\" sizes=\"(max-width: 250px) 100vw, 250px\" \/>\t\t\t\t\t\t\t\t\t\t\t\t\t\t\t<\/div>\n\t\t\t\t<\/div>\n\t\t\t\t<div class=\"elementor-element elementor-element-d7152b7 elementor-widget elementor-widget-image\" data-id=\"d7152b7\" data-element_type=\"widget\" data-widget_type=\"image.default\">\n\t\t\t\t<div class=\"elementor-widget-container\">\n\t\t\t\t\t\t\t\t\t\t\t\t\t\t\t<img loading=\"lazy\" decoding=\"async\" width=\"250\" height=\"266\" src=\"https:\/\/fsv.com.vn\/wp-content\/uploads\/2023\/03\/csmco2-world100-pct-natural-cellulose-fibers127db31292-5838.jpg\" class=\"attachment-large size-large wp-image-590\" alt=\"\" \/>\t\t\t\t\t\t\t\t\t\t\t\t\t\t\t<\/div>\n\t\t\t\t<\/div>\n\t\t\t\t\t<\/div>\n\t\t<\/div>\n\t\t\t\t\t<\/div>\n\t\t<\/section>\n\t\t\t\t<section class=\"elementor-section elementor-top-section elementor-element elementor-element-3b3c9d7 elementor-section-boxed elementor-section-height-default elementor-section-height-default\" data-id=\"3b3c9d7\" data-element_type=\"section\">\n\t\t\t\t\t\t<div class=\"elementor-container elementor-column-gap-default\">\n\t\t\t\t\t<div class=\"elementor-column elementor-col-100 elementor-top-column elementor-element elementor-element-d9fd20f\" data-id=\"d9fd20f\" data-element_type=\"column\">\n\t\t\t<div class=\"elementor-widget-wrap elementor-element-populated\">\n\t\t\t\t\t\t<div class=\"elementor-element elementor-element-3d7b3f4 elementor-widget elementor-widget-spacer\" data-id=\"3d7b3f4\" data-element_type=\"widget\" data-widget_type=\"spacer.default\">\n\t\t\t\t<div class=\"elementor-widget-container\">\n\t\t\t\t\t\t\t<div class=\"elementor-spacer\">\n\t\t\t<div class=\"elementor-spacer-inner\"><\/div>\n\t\t<\/div>\n\t\t\t\t\t\t<\/div>\n\t\t\t\t<\/div>\n\t\t\t\t\t<\/div>\n\t\t<\/div>\n\t\t\t\t\t<\/div>\n\t\t<\/section>\n\t\t\t\t<\/div>\n\t\t","protected":false},"excerpt":{"rendered":"<p>L\u00f5i l\u1ecdc d\u1ea7u CJC &#8211; A Filter Insert C.C.JENSEN cung c\u1ea5p ba lo\u1ea1i l\u00f5i l\u1ecdc CJC\u00ae, trong \u0111\u00f3 lo\u1ea1i A c\u00f3 kh\u1ea3 n\u0103ng lo\u1ea1i b\u1ecf \u0111\u1ed3ng th\u1eddi c\u1ea3 b\u1ed1n lo\u1ea1i t\u1ea1p ch\u1ea5t trong m\u1ed9t qu\u00e1 tr\u00ecnh duy nh\u1ea5t: h\u1ea1t b\u1ea9n, n\u01b0\u1edbc, c\u1eb7n d\u1ea7u (varnish) v\u00e0 axit. Lo\u1ea1i A L\u00f5i l\u1ecdc CJC\u00ae A \u0111\u01b0\u1ee3c thi\u1ebft k\u1ebf [&hellip;]<\/p>\n","protected":false},"author":1,"featured_media":0,"parent":597,"menu_order":1,"comment_status":"closed","ping_status":"closed","template":"","meta":{"footnotes":""},"class_list":["post-2253","page","type-page","status-publish","hentry"],"_links":{"self":[{"href":"https:\/\/fsv.com.vn\/index.php\/wp-json\/wp\/v2\/pages\/2253","targetHints":{"allow":["GET"]}}],"collection":[{"href":"https:\/\/fsv.com.vn\/index.php\/wp-json\/wp\/v2\/pages"}],"about":[{"href":"https:\/\/fsv.com.vn\/index.php\/wp-json\/wp\/v2\/types\/page"}],"author":[{"embeddable":true,"href":"https:\/\/fsv.com.vn\/index.php\/wp-json\/wp\/v2\/users\/1"}],"replies":[{"embeddable":true,"href":"https:\/\/fsv.com.vn\/index.php\/wp-json\/wp\/v2\/comments?post=2253"}],"version-history":[{"count":10,"href":"https:\/\/fsv.com.vn\/index.php\/wp-json\/wp\/v2\/pages\/2253\/revisions"}],"predecessor-version":[{"id":2266,"href":"https:\/\/fsv.com.vn\/index.php\/wp-json\/wp\/v2\/pages\/2253\/revisions\/2266"}],"up":[{"embeddable":true,"href":"https:\/\/fsv.com.vn\/index.php\/wp-json\/wp\/v2\/pages\/597"}],"wp:attachment":[{"href":"https:\/\/fsv.com.vn\/index.php\/wp-json\/wp\/v2\/media?parent=2253"}],"curies":[{"name":"wp","href":"https:\/\/api.w.org\/{rel}","templated":true}]}}