{"id":225,"date":"2023-03-28T08:04:23","date_gmt":"2023-03-28T01:04:23","guid":{"rendered":"https:\/\/fsv.com.vn\/?page_id=225"},"modified":"2025-03-15T17:00:11","modified_gmt":"2025-03-15T10:00:11","slug":"he-thong-thuy-luc","status":"publish","type":"page","link":"https:\/\/fsv.com.vn\/index.php\/giai-phap\/nha-may-dien\/he-thong-thuy-luc\/","title":{"rendered":"H\u1ec7 th\u1ed1ng th\u1ee7y l\u1ef1c"},"content":{"rendered":"\t\t<div data-elementor-type=\"wp-page\" data-elementor-id=\"225\" class=\"elementor elementor-225\" data-elementor-post-type=\"page\">\n\t\t\t\t\t\t<section class=\"elementor-section elementor-top-section elementor-element elementor-element-ce79023 elementor-section-boxed elementor-section-height-default elementor-section-height-default\" data-id=\"ce79023\" data-element_type=\"section\">\n\t\t\t\t\t\t<div class=\"elementor-container elementor-column-gap-default\">\n\t\t\t\t\t<div class=\"elementor-column elementor-col-100 elementor-top-column elementor-element elementor-element-3641382\" data-id=\"3641382\" data-element_type=\"column\">\n\t\t\t<div class=\"elementor-widget-wrap elementor-element-populated\">\n\t\t\t\t\t\t<div class=\"elementor-element elementor-element-418f58b elementor-widget elementor-widget-spacer\" data-id=\"418f58b\" data-element_type=\"widget\" data-widget_type=\"spacer.default\">\n\t\t\t\t<div class=\"elementor-widget-container\">\n\t\t\t\t\t\t\t<div class=\"elementor-spacer\">\n\t\t\t<div class=\"elementor-spacer-inner\"><\/div>\n\t\t<\/div>\n\t\t\t\t\t\t<\/div>\n\t\t\t\t<\/div>\n\t\t\t\t\t<\/div>\n\t\t<\/div>\n\t\t\t\t\t<\/div>\n\t\t<\/section>\n\t\t\t\t<section class=\"elementor-section elementor-top-section elementor-element elementor-element-157c30c elementor-section-boxed elementor-section-height-default elementor-section-height-default\" data-id=\"157c30c\" data-element_type=\"section\">\n\t\t\t\t\t\t<div class=\"elementor-container elementor-column-gap-default\">\n\t\t\t\t\t<div class=\"elementor-column elementor-col-66 elementor-top-column elementor-element elementor-element-88d507b\" data-id=\"88d507b\" data-element_type=\"column\">\n\t\t\t<div class=\"elementor-widget-wrap elementor-element-populated\">\n\t\t\t\t\t\t<div class=\"elementor-element elementor-element-3fe78a0 elementor-widget elementor-widget-text-editor\" data-id=\"3fe78a0\" data-element_type=\"widget\" data-widget_type=\"text-editor.default\">\n\t\t\t\t<div class=\"elementor-widget-container\">\n\t\t\t\t\t\t\t\t\t<h5 data-start=\"0\" data-end=\"73\"><strong data-start=\"4\" data-end=\"71\">GI\u1ea2I PH\u00c1P L\u1eccC D\u1ea6U CJC\u00ae CHO H\u1ec6 TH\u1ed0NG TH\u1ee6Y L\u1ef0C TRONG NH\u00c0 M\u00c1Y \u0110I\u1ec6N<\/strong><\/h5><h4 data-start=\"75\" data-end=\"122\"><strong data-start=\"80\" data-end=\"120\">H\u1ec6 TH\u1ed0NG TH\u1ee6Y L\u1ef0C TRONG NH\u00c0 M\u00c1Y \u0110I\u1ec6N<\/strong><\/h4><p data-start=\"123\" data-end=\"506\">H\u1ec7 th\u1ed1ng th\u1ee7y l\u1ef1c \u0111\u00f3ng vai tr\u00f2 quan tr\u1ecdng trong nhi\u1ec1u \u1ee9ng d\u1ee5ng t\u1ea1i nh\u00e0 m\u00e1y \u0111i\u1ec7n, bao g\u1ed3m:<br data-start=\"212\" data-end=\"215\" \/>\ud83d\udd39 <strong data-start=\"218\" data-end=\"245\">C\u1ea7n c\u1ea9u v\u1eadn chuy\u1ec3n than<\/strong> \u2013 \u0110\u1ea3m b\u1ea3o qu\u00e1 tr\u00ecnh c\u1ea5p nhi\u00ean li\u1ec7u di\u1ec5n ra li\u00ean t\u1ee5c.<br data-start=\"298\" data-end=\"301\" \/>\ud83d\udd39 <strong data-start=\"304\" data-end=\"351\">H\u1ec7 th\u1ed1ng \u0111i\u1ec1u ch\u1ec9nh c\u00e1nh qu\u1ea1t qu\u1ea1t gi\u00f3 t\u01b0\u01a1i<\/strong> \u2013 \u0110i\u1ec1u khi\u1ec3n l\u01b0u l\u01b0\u1ee3ng kh\u00ed \u0111\u1ec3 t\u1ed1i \u01b0u h\u00f3a qu\u00e1 tr\u00ecnh \u0111\u1ed1t ch\u00e1y.<br data-start=\"412\" data-end=\"415\" \/>\ud83d\udd39 <strong data-start=\"418\" data-end=\"459\">H\u1ec7 th\u1ed1ng \u0111i\u1ec1u ch\u1ec9nh c\u00e1nh qu\u1ea1t v\u00f2i h\u00fat<\/strong> \u2013 T\u1ed1i \u01b0u h\u00f3a hi\u1ec7u su\u1ea5t ho\u1ea1t \u0111\u1ed9ng c\u1ee7a tuabin.<\/p><p data-start=\"508\" data-end=\"896\">C\u00e1c h\u1ec7 th\u1ed1ng n\u00e0y c\u00f3 c\u1ea5u tr\u00fac ph\u1ee9c t\u1ea1p, \u0111\u00f2i h\u1ecfi thi\u1ebft b\u1ecb ho\u1ea1t \u0111\u1ed9ng \u0111\u00e1ng tin c\u1eady \u0111\u1ec3 duy tr\u00ec hi\u1ec7u su\u1ea5t s\u1ea3n xu\u1ea5t cao. H\u1ec7 th\u1ed1ng th\u1ee7y l\u1ef1c s\u1eed d\u1ee5ng nhi\u1ec1u linh ki\u1ec7n ch\u00ednh x\u00e1c nh\u01b0 van t\u1ef7 l\u1ec7 v\u00e0 b\u1ed9 \u0111i\u1ec1u khi\u1ec3n, y\u00eau c\u1ea7u \u0111\u1ed9 s\u1ea1ch d\u1ea7u r\u1ea5t cao do khe h\u1edf l\u00e0m vi\u1ec7c nh\u1ecf. N\u1ebfu d\u1ea7u th\u1ee7y l\u1ef1c b\u1ecb nhi\u1ec5m b\u1ea9n ho\u1eb7c ch\u1ee9a c\u1eb7n oxy h\u00f3a, tu\u1ed5i th\u1ecd linh ki\u1ec7n s\u1ebd gi\u1ea3m \u0111\u00e1ng k\u1ec3 v\u00e0 hi\u1ec7u su\u1ea5t h\u1ec7 th\u1ed1ng b\u1ecb \u1ea3nh h\u01b0\u1edfng nghi\u00eam tr\u1ecdng.<\/p><h4 data-start=\"904\" data-end=\"962\"><strong data-start=\"909\" data-end=\"960\">TH\u00c1CH TH\u1ee8C TRONG VI\u1ec6C DUY TR\u00cc D\u1ea6U TH\u1ee6Y L\u1ef0C S\u1ea0CH<\/strong><\/h4><p data-start=\"963\" data-end=\"1023\"><span style=\"font-family: var( --e-global-typography-text-font-family ), Sans-serif; font-weight: var( --e-global-typography-text-font-weight ); font-size: 1rem;\">\ud83d\uded1 <\/span><strong style=\"font-family: var( --e-global-typography-text-font-family ), Sans-serif; font-size: 1rem;\" data-start=\"1028\" data-end=\"1077\">B\u1ed9 l\u1ecdc ti\u00eau chu\u1ea9n kh\u00f4ng \u0111\u1ee7 \u0111\u1ec3 b\u1ea3o v\u1ec7 h\u1ec7 th\u1ed1ng<\/strong><span style=\"font-family: var( --e-global-typography-text-font-family ), Sans-serif; font-weight: var( --e-global-typography-text-font-weight ); font-size: 1rem;\"> \u2013 C\u00e1c b\u1ed9 l\u1ecdc trong \u0111\u01b0\u1eddng d\u1ea7u (in-line filter) ch\u1ec9 gi\u1eef l\u1ea1i m\u1ed9t s\u1ed1 h\u1ea1t c\u00f3 k\u00edch th\u01b0\u1edbc nh\u1ea5t \u0111\u1ecbnh, trong khi b\u1ee5i b\u1ea9n c\u00f3 nhi\u1ec1u k\u00edch th\u01b0\u1edbc kh\u00e1c nhau c\u00f3 th\u1ec3 g\u00e2y t\u1eafc ngh\u1ebdn v\u00e0 h\u01b0 h\u1ecfng h\u1ec7 th\u1ed1ng.<\/span><\/p><p data-start=\"1265\" data-end=\"1473\">\ud83d\uded1 <strong data-start=\"1268\" data-end=\"1324\">Hao m\u00f2n linh ki\u1ec7n th\u1ee7y l\u1ef1c &amp; gi\u1ea3m hi\u1ec7u su\u1ea5t v\u1eadn h\u00e0nh<\/strong> \u2013 N\u1ebfu d\u1ea7u kh\u00f4ng s\u1ea1ch v\u00e0 kh\u00f4, v\u00f2ng bi, van \u0111i\u1ec1u khi\u1ec3n v\u00e0 b\u01a1m th\u1ee7y l\u1ef1c s\u1ebd b\u1ecb m\u00e0i m\u00f2n nhanh ch\u00f3ng, d\u1eabn \u0111\u1ebfn s\u1ef1 c\u1ed1 \u0111\u1ed9t ng\u1ed9t v\u00e0 gi\u1ea3m c\u00f4ng su\u1ea5t h\u1ec7 th\u1ed1ng.<\/p><p data-start=\"1475\" data-end=\"1707\">\ud83d\uded1 <strong data-start=\"1478\" data-end=\"1541\">D\u1ea7u nhanh b\u1ecb suy gi\u1ea3m ch\u1ea5t l\u01b0\u1ee3ng &amp; van b\u1ecb k\u1eb9t khi kh\u1edfi \u0111\u1ed9ng<\/strong> \u2013 N\u1ebfu kh\u00f4ng lo\u1ea1i b\u1ecf c\u1eb7n oxy h\u00f3a, d\u1ea7u th\u1ee7y l\u1ef1c s\u1ebd nhanh ch\u00f3ng xu\u1ed1ng c\u1ea5p, l\u00e0m gi\u1ea3m tu\u1ed5i th\u1ecd d\u1ea7u v\u00e0 g\u00e2y t\u1eafc ngh\u1ebdn van, \u0111\u1eb7c bi\u1ec7t l\u00e0 trong qu\u00e1 tr\u00ecnh kh\u1edfi \u0111\u1ed9ng h\u1ec7 th\u1ed1ng.<\/p><p data-start=\"1709\" data-end=\"1898\">\ud83d\uded1 <strong data-start=\"1712\" data-end=\"1763\">Th\u1eddi gian ng\u1eebng m\u00e1y t\u0103ng &amp; chi ph\u00ed v\u1eadn h\u00e0nh cao<\/strong> \u2013 Vi\u1ec7c ph\u1ea3i s\u1eeda ch\u1eefa v\u00e0 b\u1ea3o tr\u00ec \u0111\u1ed9t xu\u1ea5t l\u00e0m gi\u1ea3m s\u1ea3n l\u01b0\u1ee3ng, t\u0103ng chi ph\u00ed v\u1eadn h\u00e0nh v\u00e0 \u1ea3nh h\u01b0\u1edfng \u0111\u1ebfn hi\u1ec7u qu\u1ea3 chung c\u1ee7a nh\u00e0 m\u00e1y \u0111i\u1ec7n.<\/p><h3 data-start=\"1906\" data-end=\"1951\"><strong data-start=\"1910\" data-end=\"1949\">L\u1ee2I \u00cdCH KHI L\u1eaeP \u0110\u1eb6T B\u1ed8 L\u1eccC D\u1ea6U CJC\u00ae<\/strong><\/h3><p data-start=\"1952\" data-end=\"2490\">\u2705 <strong data-start=\"1954\" data-end=\"2005\">Tr\u00e1nh ng\u1eebng m\u00e1y ngo\u00e0i k\u1ebf ho\u1ea1ch &amp; t\u0103ng s\u1ea3n l\u01b0\u1ee3ng<\/strong> \u2013 Duy tr\u00ec h\u1ec7 th\u1ed1ng ho\u1ea1t \u0111\u1ed9ng li\u00ean t\u1ee5c, gi\u1ea3m th\u1eddi gian d\u1eebng m\u00e1y.<br data-start=\"2069\" data-end=\"2072\" \/>\u2705 <strong data-start=\"2074\" data-end=\"2115\">K\u00e9o d\u00e0i \u0111\u00e1ng k\u1ec3 tu\u1ed5i th\u1ecd d\u1ea7u th\u1ee7y l\u1ef1c<\/strong> \u2013 Gi\u1ea3m t\u1ea7n su\u1ea5t thay d\u1ea7u, ti\u1ebft ki\u1ec7m chi ph\u00ed.<br data-start=\"2160\" data-end=\"2163\" \/>\u2705 <strong data-start=\"2165\" data-end=\"2212\">Gi\u1ea3m ti\u00eau th\u1ee5 ph\u1ee5 t\u00f9ng thay th\u1ebf l\u00ean \u0111\u1ebfn 60%<\/strong> \u2013 Gi\u1ea3m hao m\u00f2n thi\u1ebft b\u1ecb, ti\u1ebft ki\u1ec7m chi ph\u00ed s\u1eeda ch\u1eefa.<br data-start=\"2265\" data-end=\"2268\" \/>\u2705 <strong data-start=\"2270\" data-end=\"2295\">B\u1ea3o v\u1ec7 t\u00e0i s\u1ea3n \u0111\u1ea7u t\u01b0<\/strong> \u2013 Duy tr\u00ec \u0111\u1ed9 s\u1ea1ch d\u1ea7u, \u0111\u1ea3m b\u1ea3o tu\u1ed5i th\u1ecd d\u00e0i h\u1ea1n cho h\u1ec7 th\u1ed1ng th\u1ee7y l\u1ef1c.<br data-start=\"2366\" data-end=\"2369\" \/>\u2705 <strong data-start=\"2371\" data-end=\"2430\">Gi\u1ea3m r\u1ee7i ro h\u1ecfng h\u00f3c \u0111\u1ed9t ng\u1ed9t &amp; b\u1ea3o tr\u00ec kh\u00f4ng mong mu\u1ed1n<\/strong> \u2013 Gi\u00fap nh\u00e0 m\u00e1y v\u1eadn h\u00e0nh \u1ed5n \u0111\u1ecbnh, an to\u00e0n v\u00e0 hi\u1ec7u qu\u1ea3 h\u01a1n.<\/p><p data-start=\"2492\" data-end=\"2649\" data-is-last-node=\"\" data-is-only-node=\"\">\ud83d\udca1 <strong data-start=\"2495\" data-end=\"2649\" data-is-last-node=\"\">Gi\u1ea3i ph\u00e1p l\u1ecdc d\u1ea7u CJC\u00ae l\u00e0 ch\u00eca kh\u00f3a gi\u00fap h\u1ec7 th\u1ed1ng th\u1ee7y l\u1ef1c trong nh\u00e0 m\u00e1y \u0111i\u1ec7n ho\u1ea1t \u0111\u1ed9ng b\u1ec1n b\u1ec9, gi\u1ea3m chi ph\u00ed b\u1ea3o tr\u00ec v\u00e0 t\u1ed1i \u01b0u h\u00f3a hi\u1ec7u su\u1ea5t s\u1ea3n xu\u1ea5t.<\/strong><\/p>\t\t\t\t\t\t\t\t<\/div>\n\t\t\t\t<\/div>\n\t\t\t\t\t<\/div>\n\t\t<\/div>\n\t\t\t\t<div class=\"elementor-column elementor-col-33 elementor-top-column elementor-element elementor-element-dd41641\" data-id=\"dd41641\" data-element_type=\"column\">\n\t\t\t<div class=\"elementor-widget-wrap elementor-element-populated\">\n\t\t\t\t\t\t<div class=\"elementor-element elementor-element-f31f78f elementor-widget elementor-widget-image\" data-id=\"f31f78f\" data-element_type=\"widget\" data-widget_type=\"image.default\">\n\t\t\t\t<div class=\"elementor-widget-container\">\n\t\t\t\t\t\t\t\t\t\t\t\t\t\t\t<img fetchpriority=\"high\" decoding=\"async\" width=\"752\" height=\"1024\" src=\"https:\/\/fsv.com.vn\/wp-content\/uploads\/2025\/03\/Anh-man-hinh-2025-03-15-luc-16.52.38-752x1024.png\" class=\"attachment-large size-large wp-image-1892\" alt=\"\" srcset=\"https:\/\/fsv.com.vn\/wp-content\/uploads\/2025\/03\/Anh-man-hinh-2025-03-15-luc-16.52.38-752x1024.png 752w, https:\/\/fsv.com.vn\/wp-content\/uploads\/2025\/03\/Anh-man-hinh-2025-03-15-luc-16.52.38-220x300.png 220w, https:\/\/fsv.com.vn\/wp-content\/uploads\/2025\/03\/Anh-man-hinh-2025-03-15-luc-16.52.38-768x1045.png 768w, https:\/\/fsv.com.vn\/wp-content\/uploads\/2025\/03\/Anh-man-hinh-2025-03-15-luc-16.52.38.png 770w\" sizes=\"(max-width: 752px) 100vw, 752px\" \/>\t\t\t\t\t\t\t\t\t\t\t\t\t\t\t<\/div>\n\t\t\t\t<\/div>\n\t\t\t\t<div class=\"elementor-element elementor-element-c89d724 elementor-widget elementor-widget-text-editor\" data-id=\"c89d724\" data-element_type=\"widget\" data-widget_type=\"text-editor.default\">\n\t\t\t\t<div class=\"elementor-widget-container\">\n\t\t\t\t\t\t\t\t\t<h5><a href=\"https:\/\/www.cjc.dk\/fileadmin\/root\/File_Admin_Filter\/doc_Customer_Cases\/Industry-Hydraulic-Oil-Siwertell-Ship-Unloader-Boom-Lifter-Power-Plant_ASIN5115UK.pdf\">Hydraulic Oil Siwertell Ship Unloader, Boom Lifter, Power Plant<\/a><\/h5><h5>V\u00e0 nhi\u1ec1u tr\u01b0\u1eddng h\u1ee3p th\u1ef1c t\u1ebf kh\u00e1c, tham kh\u1ea3o t\u1ea1i \u0111\u00e2y: <a href=\"https:\/\/www.cjc.dk\/system-solutions\/power\/hydraulic-systems\/\">CJC Case studies<\/a><\/h5><h5>\u00a0<\/h5>\t\t\t\t\t\t\t\t<\/div>\n\t\t\t\t<\/div>\n\t\t\t\t\t<\/div>\n\t\t<\/div>\n\t\t\t\t\t<\/div>\n\t\t<\/section>\n\t\t\t\t<section class=\"elementor-section elementor-top-section elementor-element elementor-element-4afdf93 elementor-section-boxed elementor-section-height-default elementor-section-height-default\" data-id=\"4afdf93\" data-element_type=\"section\">\n\t\t\t\t\t\t<div class=\"elementor-container elementor-column-gap-default\">\n\t\t\t\t\t<div class=\"elementor-column elementor-col-100 elementor-top-column elementor-element elementor-element-5826343\" data-id=\"5826343\" data-element_type=\"column\">\n\t\t\t<div class=\"elementor-widget-wrap elementor-element-populated\">\n\t\t\t\t\t\t<div class=\"elementor-element elementor-element-ca3cdaa elementor-widget elementor-widget-spacer\" data-id=\"ca3cdaa\" data-element_type=\"widget\" data-widget_type=\"spacer.default\">\n\t\t\t\t<div class=\"elementor-widget-container\">\n\t\t\t\t\t\t\t<div class=\"elementor-spacer\">\n\t\t\t<div class=\"elementor-spacer-inner\"><\/div>\n\t\t<\/div>\n\t\t\t\t\t\t<\/div>\n\t\t\t\t<\/div>\n\t\t\t\t\t<\/div>\n\t\t<\/div>\n\t\t\t\t\t<\/div>\n\t\t<\/section>\n\t\t\t\t<\/div>\n\t\t","protected":false},"excerpt":{"rendered":"<p>GI\u1ea2I PH\u00c1P L\u1eccC D\u1ea6U CJC\u00ae CHO H\u1ec6 TH\u1ed0NG TH\u1ee6Y L\u1ef0C TRONG NH\u00c0 M\u00c1Y \u0110I\u1ec6N H\u1ec6 TH\u1ed0NG TH\u1ee6Y L\u1ef0C TRONG NH\u00c0 M\u00c1Y \u0110I\u1ec6N H\u1ec7 th\u1ed1ng th\u1ee7y l\u1ef1c \u0111\u00f3ng vai tr\u00f2 quan tr\u1ecdng trong nhi\u1ec1u \u1ee9ng d\u1ee5ng t\u1ea1i nh\u00e0 m\u00e1y \u0111i\u1ec7n, bao g\u1ed3m:???? C\u1ea7n c\u1ea9u v\u1eadn chuy\u1ec3n than \u2013 \u0110\u1ea3m b\u1ea3o qu\u00e1 tr\u00ecnh c\u1ea5p nhi\u00ean li\u1ec7u di\u1ec5n [&hellip;]<\/p>\n","protected":false},"author":1,"featured_media":0,"parent":144,"menu_order":8,"comment_status":"closed","ping_status":"closed","template":"","meta":{"footnotes":""},"class_list":["post-225","page","type-page","status-publish","hentry"],"_links":{"self":[{"href":"https:\/\/fsv.com.vn\/index.php\/wp-json\/wp\/v2\/pages\/225","targetHints":{"allow":["GET"]}}],"collection":[{"href":"https:\/\/fsv.com.vn\/index.php\/wp-json\/wp\/v2\/pages"}],"about":[{"href":"https:\/\/fsv.com.vn\/index.php\/wp-json\/wp\/v2\/types\/page"}],"author":[{"embeddable":true,"href":"https:\/\/fsv.com.vn\/index.php\/wp-json\/wp\/v2\/users\/1"}],"replies":[{"embeddable":true,"href":"https:\/\/fsv.com.vn\/index.php\/wp-json\/wp\/v2\/comments?post=225"}],"version-history":[{"count":19,"href":"https:\/\/fsv.com.vn\/index.php\/wp-json\/wp\/v2\/pages\/225\/revisions"}],"predecessor-version":[{"id":1901,"href":"https:\/\/fsv.com.vn\/index.php\/wp-json\/wp\/v2\/pages\/225\/revisions\/1901"}],"up":[{"embeddable":true,"href":"https:\/\/fsv.com.vn\/index.php\/wp-json\/wp\/v2\/pages\/144"}],"wp:attachment":[{"href":"https:\/\/fsv.com.vn\/index.php\/wp-json\/wp\/v2\/media?parent=225"}],"curies":[{"name":"wp","href":"https:\/\/api.w.org\/{rel}","templated":true}]}}