{"id":2172,"date":"2025-03-20T11:15:28","date_gmt":"2025-03-20T04:15:28","guid":{"rendered":"https:\/\/fsv.com.vn\/?page_id=2172"},"modified":"2025-03-20T11:31:54","modified_gmt":"2025-03-20T04:31:54","slug":"dich-vu-cho-thue-may-dai-dan","status":"publish","type":"page","link":"https:\/\/fsv.com.vn\/index.php\/dich-vu\/dich-vu-cho-thue-may-dai-dan\/","title":{"rendered":"D\u1ecbch v\u1ee5 Cho Thu\u00ea M\u00e1y D\u00e0i H\u1ea1n"},"content":{"rendered":"\t\t<div data-elementor-type=\"wp-page\" data-elementor-id=\"2172\" class=\"elementor elementor-2172\" data-elementor-post-type=\"page\">\n\t\t\t\t\t\t<section class=\"elementor-section elementor-top-section elementor-element elementor-element-1e37b06 elementor-section-boxed elementor-section-height-default elementor-section-height-default\" data-id=\"1e37b06\" data-element_type=\"section\">\n\t\t\t\t\t\t<div class=\"elementor-container elementor-column-gap-default\">\n\t\t\t\t\t<div class=\"elementor-column elementor-col-100 elementor-top-column elementor-element elementor-element-e617908\" data-id=\"e617908\" data-element_type=\"column\">\n\t\t\t<div class=\"elementor-widget-wrap elementor-element-populated\">\n\t\t\t\t\t\t<div class=\"elementor-element elementor-element-aa0123e elementor-widget elementor-widget-spacer\" data-id=\"aa0123e\" data-element_type=\"widget\" data-widget_type=\"spacer.default\">\n\t\t\t\t<div class=\"elementor-widget-container\">\n\t\t\t\t\t\t\t<div class=\"elementor-spacer\">\n\t\t\t<div class=\"elementor-spacer-inner\"><\/div>\n\t\t<\/div>\n\t\t\t\t\t\t<\/div>\n\t\t\t\t<\/div>\n\t\t\t\t\t<\/div>\n\t\t<\/div>\n\t\t\t\t\t<\/div>\n\t\t<\/section>\n\t\t\t\t<section class=\"elementor-section elementor-top-section elementor-element elementor-element-075fe6e elementor-section-boxed elementor-section-height-default elementor-section-height-default\" data-id=\"075fe6e\" data-element_type=\"section\">\n\t\t\t\t\t\t<div class=\"elementor-container elementor-column-gap-default\">\n\t\t\t\t\t<div class=\"elementor-column elementor-col-66 elementor-top-column elementor-element elementor-element-8751c42\" data-id=\"8751c42\" data-element_type=\"column\">\n\t\t\t<div class=\"elementor-widget-wrap elementor-element-populated\">\n\t\t\t\t\t\t<div class=\"elementor-element elementor-element-a3f9a1e elementor-widget elementor-widget-text-editor\" data-id=\"a3f9a1e\" data-element_type=\"widget\" data-widget_type=\"text-editor.default\">\n\t\t\t\t<div class=\"elementor-widget-container\">\n\t\t\t\t\t\t\t\t\t<h4><strong>\ud83d\udd25 FSV \u2013 CHO THU\u00ca THI\u1ebeT B\u1eca L\u1eccC D\u1ea6U CJC D\u00c0I H\u1ea0N \u0110\u1ebeN 12 TH\u00c1NG \u2013 GI\u1ea2I PH\u00c1P TI\u1ebeT KI\u1ec6M CHI PH\u00cd T\u1ed0T NH\u1ea4T! \ud83d\udd25<\/strong><\/h4><p>B\u1ea1n \u0111ang t\u00ecm gi\u1ea3i ph\u00e1p l\u00e0m s\u1ea1ch d\u1ea7u li\u00ean t\u1ee5c m\u00e0 kh\u00f4ng ph\u1ea3i \u0111\u1ea7u t\u01b0 ban \u0111\u1ea7u qu\u00e1 l\u1edbn? FSV mang \u0111\u1ebfn d\u1ecbch v\u1ee5 cho thu\u00ea thi\u1ebft b\u1ecb l\u1ecdc d\u1ea7u CJC l\u00ean \u0111\u1ebfn 12 th\u00e1ng \u2013 gi\u00fap nh\u00e0 m\u00e1y c\u1ee7a b\u1ea1n duy tr\u00ec d\u1ea7u s\u1ea1ch 24\/7 v\u1edbi chi ph\u00ed th\u1ea5p nh\u1ea5t th\u1ecb tr\u01b0\u1eddng!<\/p><p>\u2705 L\u1ecdc s\u1ea1ch li\u00ean t\u1ee5c \u2013 lo\u1ea1i b\u1ecf c\u1eb7n b\u1ea9n, n\u01b0\u1edbc, axit v\u00e0 t\u1ea1p ch\u1ea5t kh\u1ecfi d\u1ea7u<br \/>\u2705 Gi\u1ea3m hao m\u00f2n thi\u1ebft b\u1ecb, k\u00e9o d\u00e0i tu\u1ed5i th\u1ecd h\u1ec7 th\u1ed1ng<br \/>\u2705 Kh\u00f4ng c\u1ea7n \u0111\u1ea7u t\u01b0 l\u1edbn, ch\u1ec9 tr\u1ea3 ph\u00ed thu\u00ea h\u00e0ng th\u00e1ng<br \/>\u2705 Duy nh\u1ea5t t\u1ea1i FSV \u2013 kh\u00f4ng c\u00f4ng ty n\u00e0o kh\u00e1c cung c\u1ea5p d\u1ecbch v\u1ee5 t\u01b0\u01a1ng t\u1ef1!<\/p><p>\ud83d\udcb0 Ti\u1ebft ki\u1ec7m t\u1ed1i \u0111a chi ph\u00ed b\u1ea3o tr\u00ec &amp; thay d\u1ea7u \u2013 gi\u1eef d\u1ea7u s\u1ea1ch, thi\u1ebft b\u1ecb b\u1ec1n, s\u1ea3n xu\u1ea5t \u1ed5n \u0111\u1ecbnh!<\/p><p>\ud83d\udcde Li\u00ean h\u1ec7 ngay \u0111\u1ec3 nh\u1eadn t\u01b0 v\u1ea5n &amp; b\u00e1o gi\u00e1 t\u1ed1t nh\u1ea5t!<br \/>\ud83d\udccd FSV \u2013 Gi\u1ea3i ph\u00e1p l\u1ecdc d\u1ea7u t\u1ed1i \u01b0u cho doanh nghi\u1ec7p!<\/p><p>#FSV #CJCFiltration #L\u1ecdcD\u1ea7uCJC #ChoThu\u00eaThi\u1ebftB\u1ecb #Ti\u1ebftKi\u1ec7mChiPh\u00ed #B\u1ea3oTr\u00ecThi\u1ebftB\u1ecb<\/p>\t\t\t\t\t\t\t\t<\/div>\n\t\t\t\t<\/div>\n\t\t\t\t\t<\/div>\n\t\t<\/div>\n\t\t\t\t<div class=\"elementor-column elementor-col-33 elementor-top-column elementor-element elementor-element-d5764ef\" data-id=\"d5764ef\" data-element_type=\"column\">\n\t\t\t<div class=\"elementor-widget-wrap elementor-element-populated\">\n\t\t\t\t\t\t<div class=\"elementor-element elementor-element-35a7307 elementor-widget elementor-widget-image\" data-id=\"35a7307\" data-element_type=\"widget\" data-widget_type=\"image.default\">\n\t\t\t\t<div class=\"elementor-widget-container\">\n\t\t\t\t\t\t\t\t\t\t\t\t\t\t\t<img fetchpriority=\"high\" decoding=\"async\" width=\"800\" height=\"377\" src=\"https:\/\/fsv.com.vn\/wp-content\/uploads\/2024\/03\/Service_Rental_topPicture.webp\" class=\"attachment-large size-large wp-image-1354\" alt=\"\" srcset=\"https:\/\/fsv.com.vn\/wp-content\/uploads\/2024\/03\/Service_Rental_topPicture.webp 848w, https:\/\/fsv.com.vn\/wp-content\/uploads\/2024\/03\/Service_Rental_topPicture-300x142.webp 300w, https:\/\/fsv.com.vn\/wp-content\/uploads\/2024\/03\/Service_Rental_topPicture-768x362.webp 768w\" sizes=\"(max-width: 800px) 100vw, 800px\" \/>\t\t\t\t\t\t\t\t\t\t\t\t\t\t\t<\/div>\n\t\t\t\t<\/div>\n\t\t\t\t<div class=\"elementor-element elementor-element-02f943b elementor-widget elementor-widget-image\" data-id=\"02f943b\" data-element_type=\"widget\" data-widget_type=\"image.default\">\n\t\t\t\t<div class=\"elementor-widget-container\">\n\t\t\t\t\t\t\t\t\t\t\t\t\t\t\t<img decoding=\"async\" width=\"768\" height=\"1024\" src=\"https:\/\/fsv.com.vn\/wp-content\/uploads\/2025\/03\/z6424476183352_f923d70a1e4a2e2f6eac3b2bf4d6f8e9-768x1024.jpg\" class=\"attachment-large size-large wp-image-2178\" alt=\"\" srcset=\"https:\/\/fsv.com.vn\/wp-content\/uploads\/2025\/03\/z6424476183352_f923d70a1e4a2e2f6eac3b2bf4d6f8e9-768x1024.jpg 768w, https:\/\/fsv.com.vn\/wp-content\/uploads\/2025\/03\/z6424476183352_f923d70a1e4a2e2f6eac3b2bf4d6f8e9-225x300.jpg 225w, https:\/\/fsv.com.vn\/wp-content\/uploads\/2025\/03\/z6424476183352_f923d70a1e4a2e2f6eac3b2bf4d6f8e9-1152x1536.jpg 1152w, https:\/\/fsv.com.vn\/wp-content\/uploads\/2025\/03\/z6424476183352_f923d70a1e4a2e2f6eac3b2bf4d6f8e9.jpg 1536w\" sizes=\"(max-width: 768px) 100vw, 768px\" \/>\t\t\t\t\t\t\t\t\t\t\t\t\t\t\t<\/div>\n\t\t\t\t<\/div>\n\t\t\t\t<div class=\"elementor-element elementor-element-8ff309a elementor-widget elementor-widget-image\" data-id=\"8ff309a\" data-element_type=\"widget\" data-widget_type=\"image.default\">\n\t\t\t\t<div class=\"elementor-widget-container\">\n\t\t\t\t\t\t\t\t\t\t\t\t\t\t\t<img decoding=\"async\" width=\"768\" height=\"1024\" src=\"https:\/\/fsv.com.vn\/wp-content\/uploads\/2025\/03\/z6424476208986_54ba5b4ec4cfb49d7c646ac01cb83d26-768x1024.jpg\" class=\"attachment-large size-large wp-image-2179\" alt=\"\" srcset=\"https:\/\/fsv.com.vn\/wp-content\/uploads\/2025\/03\/z6424476208986_54ba5b4ec4cfb49d7c646ac01cb83d26-768x1024.jpg 768w, https:\/\/fsv.com.vn\/wp-content\/uploads\/2025\/03\/z6424476208986_54ba5b4ec4cfb49d7c646ac01cb83d26-225x300.jpg 225w, https:\/\/fsv.com.vn\/wp-content\/uploads\/2025\/03\/z6424476208986_54ba5b4ec4cfb49d7c646ac01cb83d26-1152x1536.jpg 1152w, https:\/\/fsv.com.vn\/wp-content\/uploads\/2025\/03\/z6424476208986_54ba5b4ec4cfb49d7c646ac01cb83d26.jpg 1536w\" sizes=\"(max-width: 768px) 100vw, 768px\" \/>\t\t\t\t\t\t\t\t\t\t\t\t\t\t\t<\/div>\n\t\t\t\t<\/div>\n\t\t\t\t\t<\/div>\n\t\t<\/div>\n\t\t\t\t\t<\/div>\n\t\t<\/section>\n\t\t\t\t<section class=\"elementor-section elementor-top-section elementor-element elementor-element-9e2086e elementor-section-boxed elementor-section-height-default elementor-section-height-default\" data-id=\"9e2086e\" data-element_type=\"section\">\n\t\t\t\t\t\t<div class=\"elementor-container elementor-column-gap-default\">\n\t\t\t\t\t<div class=\"elementor-column elementor-col-100 elementor-top-column elementor-element elementor-element-ed082c9\" data-id=\"ed082c9\" data-element_type=\"column\">\n\t\t\t<div class=\"elementor-widget-wrap elementor-element-populated\">\n\t\t\t\t\t\t<div class=\"elementor-element elementor-element-6e9e6f8 elementor-widget elementor-widget-spacer\" data-id=\"6e9e6f8\" data-element_type=\"widget\" data-widget_type=\"spacer.default\">\n\t\t\t\t<div class=\"elementor-widget-container\">\n\t\t\t\t\t\t\t<div class=\"elementor-spacer\">\n\t\t\t<div class=\"elementor-spacer-inner\"><\/div>\n\t\t<\/div>\n\t\t\t\t\t\t<\/div>\n\t\t\t\t<\/div>\n\t\t\t\t\t<\/div>\n\t\t<\/div>\n\t\t\t\t\t<\/div>\n\t\t<\/section>\n\t\t\t\t<\/div>\n\t\t","protected":false},"excerpt":{"rendered":"<p>???? FSV \u2013 CHO THU\u00ca THI\u1ebeT B\u1eca L\u1eccC D\u1ea6U CJC D\u00c0I H\u1ea0N \u0110\u1ebeN 12 TH\u00c1NG \u2013 GI\u1ea2I PH\u00c1P TI\u1ebeT KI\u1ec6M CHI PH\u00cd T\u1ed0T NH\u1ea4T! ???? B\u1ea1n \u0111ang t\u00ecm gi\u1ea3i ph\u00e1p l\u00e0m s\u1ea1ch d\u1ea7u li\u00ean t\u1ee5c m\u00e0 kh\u00f4ng ph\u1ea3i \u0111\u1ea7u t\u01b0 ban \u0111\u1ea7u qu\u00e1 l\u1edbn? FSV mang \u0111\u1ebfn d\u1ecbch v\u1ee5 cho thu\u00ea thi\u1ebft b\u1ecb l\u1ecdc d\u1ea7u [&hellip;]<\/p>\n","protected":false},"author":1,"featured_media":0,"parent":471,"menu_order":3,"comment_status":"closed","ping_status":"closed","template":"","meta":{"footnotes":""},"class_list":["post-2172","page","type-page","status-publish","hentry"],"_links":{"self":[{"href":"https:\/\/fsv.com.vn\/index.php\/wp-json\/wp\/v2\/pages\/2172","targetHints":{"allow":["GET"]}}],"collection":[{"href":"https:\/\/fsv.com.vn\/index.php\/wp-json\/wp\/v2\/pages"}],"about":[{"href":"https:\/\/fsv.com.vn\/index.php\/wp-json\/wp\/v2\/types\/page"}],"author":[{"embeddable":true,"href":"https:\/\/fsv.com.vn\/index.php\/wp-json\/wp\/v2\/users\/1"}],"replies":[{"embeddable":true,"href":"https:\/\/fsv.com.vn\/index.php\/wp-json\/wp\/v2\/comments?post=2172"}],"version-history":[{"count":7,"href":"https:\/\/fsv.com.vn\/index.php\/wp-json\/wp\/v2\/pages\/2172\/revisions"}],"predecessor-version":[{"id":2182,"href":"https:\/\/fsv.com.vn\/index.php\/wp-json\/wp\/v2\/pages\/2172\/revisions\/2182"}],"up":[{"embeddable":true,"href":"https:\/\/fsv.com.vn\/index.php\/wp-json\/wp\/v2\/pages\/471"}],"wp:attachment":[{"href":"https:\/\/fsv.com.vn\/index.php\/wp-json\/wp\/v2\/media?parent=2172"}],"curies":[{"name":"wp","href":"https:\/\/api.w.org\/{rel}","templated":true}]}}