{"id":210,"date":"2023-03-28T07:59:50","date_gmt":"2023-03-28T00:59:50","guid":{"rendered":"https:\/\/fsv.com.vn\/?page_id=210"},"modified":"2025-03-16T10:47:59","modified_gmt":"2025-03-16T03:47:59","slug":"tuabin-khi-dau-nhien-lieu","status":"publish","type":"page","link":"https:\/\/fsv.com.vn\/index.php\/giai-phap\/nha-may-dien\/tuabin-khi-dau-nhien-lieu\/","title":{"rendered":"Tuabin kh\u00ed &#8211; D\u1ea7u nhi\u00ean li\u1ec7u"},"content":{"rendered":"\t\t<div data-elementor-type=\"wp-page\" data-elementor-id=\"210\" class=\"elementor elementor-210\" data-elementor-post-type=\"page\">\n\t\t\t\t\t\t<section class=\"elementor-section elementor-top-section elementor-element elementor-element-e17225a elementor-section-boxed elementor-section-height-default elementor-section-height-default\" data-id=\"e17225a\" data-element_type=\"section\">\n\t\t\t\t\t\t<div class=\"elementor-container elementor-column-gap-default\">\n\t\t\t\t\t<div class=\"elementor-column elementor-col-100 elementor-top-column elementor-element elementor-element-46cc240\" data-id=\"46cc240\" data-element_type=\"column\">\n\t\t\t<div class=\"elementor-widget-wrap elementor-element-populated\">\n\t\t\t\t\t\t<div class=\"elementor-element elementor-element-33aca6a elementor-widget elementor-widget-spacer\" data-id=\"33aca6a\" data-element_type=\"widget\" data-widget_type=\"spacer.default\">\n\t\t\t\t<div class=\"elementor-widget-container\">\n\t\t\t\t\t\t\t<div class=\"elementor-spacer\">\n\t\t\t<div class=\"elementor-spacer-inner\"><\/div>\n\t\t<\/div>\n\t\t\t\t\t\t<\/div>\n\t\t\t\t<\/div>\n\t\t\t\t\t<\/div>\n\t\t<\/div>\n\t\t\t\t\t<\/div>\n\t\t<\/section>\n\t\t\t\t<section class=\"elementor-section elementor-top-section elementor-element elementor-element-92e97c0 elementor-section-boxed elementor-section-height-default elementor-section-height-default\" data-id=\"92e97c0\" data-element_type=\"section\">\n\t\t\t\t\t\t<div class=\"elementor-container elementor-column-gap-default\">\n\t\t\t\t\t<div class=\"elementor-column elementor-col-66 elementor-top-column elementor-element elementor-element-1d2ffeb\" data-id=\"1d2ffeb\" data-element_type=\"column\">\n\t\t\t<div class=\"elementor-widget-wrap elementor-element-populated\">\n\t\t\t\t\t\t<div class=\"elementor-element elementor-element-bc1a469 elementor-widget elementor-widget-text-editor\" data-id=\"bc1a469\" data-element_type=\"widget\" data-widget_type=\"text-editor.default\">\n\t\t\t\t<div class=\"elementor-widget-container\">\n\t\t\t\t\t\t\t\t\t<p data-start=\"0\" data-end=\"105\"><strong data-start=\"0\" data-end=\"103\">GI\u1ea2I PH\u00c1P L\u1eccC D\u1ea6U CJC\u00ae CHO TUA-BIN KH\u00cd S\u1eec D\u1ee4NG NHI\u00caN LI\u1ec6U L\u1eceNG \u2013 B\u1ea2O V\u1ec6 HI\u1ec6U SU\u1ea4T &amp; T\u0102NG \u0110\u1ed8 TIN C\u1eacY<\/strong><\/p><h3 data-start=\"107\" data-end=\"164\"><strong data-start=\"111\" data-end=\"162\">V\u00cc SAO C\u1ea6N L\u1eccC NHI\u00caN LI\u1ec6U L\u1eceNG CHO TUA-BIN KH\u00cd?<\/strong><\/h3><p data-start=\"165\" data-end=\"814\">Trong c\u00e1c tua-bin kh\u00ed s\u1eed d\u1ee5ng nhi\u00ean li\u1ec7u l\u1ecfng nh\u01b0 d\u1ea7u diesel ho\u1eb7c d\u1ea7u nhi\u00ean li\u1ec7u n\u1eb7ng (HFO), ch\u1ea5t l\u01b0\u1ee3ng nhi\u00ean li\u1ec7u \u1ea3nh h\u01b0\u1edfng tr\u1ef1c ti\u1ebfp \u0111\u1ebfn hi\u1ec7u su\u1ea5t \u0111\u1ed1t ch\u00e1y, m\u1ee9c ti\u00eau hao nhi\u00ean li\u1ec7u v\u00e0 \u0111\u1ed9 b\u1ec1n c\u1ee7a thi\u1ebft b\u1ecb. Tuy nhi\u00ean, nhi\u00ean li\u1ec7u c\u00f3 th\u1ec3 b\u1ecb nhi\u1ec5m n\u01b0\u1edbc, h\u1ea1t r\u1eafn v\u00e0 t\u1ea1p ch\u1ea5t, g\u00e2y ra:<br data-start=\"444\" data-end=\"447\" \/>\ud83d\udd38 <strong data-start=\"450\" data-end=\"483\">T\u1eafc ngh\u1ebdn v\u00f2i phun nhi\u00ean li\u1ec7u<\/strong> \u2013 Gi\u1ea3m hi\u1ec7u su\u1ea5t \u0111\u1ed1t ch\u00e1y, l\u00e0m t\u0103ng ti\u00eau hao nhi\u00ean li\u1ec7u.<br data-start=\"540\" data-end=\"543\" \/>\ud83d\udd38 <strong data-start=\"546\" data-end=\"582\">\u0102n m\u00f2n v\u00e0 m\u00e0i m\u00f2n b\u01a1m nhi\u00ean li\u1ec7u<\/strong> \u2013 L\u00e0m gi\u1ea3m tu\u1ed5i th\u1ecd h\u1ec7 th\u1ed1ng cung c\u1ea5p nhi\u00ean li\u1ec7u.<br data-start=\"632\" data-end=\"635\" \/>\ud83d\udd38 <strong data-start=\"638\" data-end=\"673\">T\u00edch t\u1ee5 c\u1eb7n b\u1ea9n trong bu\u1ed3ng \u0111\u1ed1t<\/strong> \u2013 G\u00e2y gi\u1ea3m c\u00f4ng su\u1ea5t v\u00e0 t\u0103ng chi ph\u00ed b\u1ea3o tr\u00ec.<br data-start=\"719\" data-end=\"722\" \/>\ud83d\udd38 <strong data-start=\"725\" data-end=\"776\">Gia t\u0103ng th\u1eddi gian ng\u1eebng m\u00e1y &amp; chi ph\u00ed v\u1eadn h\u00e0nh<\/strong> \u2013 \u1ea2nh h\u01b0\u1edfng \u0111\u1ebfn kh\u1ea3 n\u0103ng ph\u00e1t \u0111i\u1ec7n.<\/p><p data-start=\"816\" data-end=\"1014\"><strong data-start=\"816\" data-end=\"863\">Gi\u1ea3i ph\u00e1p l\u1ecdc nhi\u00ean li\u1ec7u C.C. JENSEN (CJC\u00ae)<\/strong> gi\u00fap lo\u1ea1i b\u1ecf n\u01b0\u1edbc, h\u1ea1t r\u1eafn v\u00e0 t\u1ea1p ch\u1ea5t t\u1eeb nhi\u00ean li\u1ec7u l\u1ecfng, gi\u00fap tua-bin kh\u00ed v\u1eadn h\u00e0nh \u1ed5n \u0111\u1ecbnh, gi\u1ea3m ti\u00eau hao nhi\u00ean li\u1ec7u v\u00e0 k\u00e9o d\u00e0i tu\u1ed5i th\u1ecd h\u1ec7 th\u1ed1ng.<\/p><h3 data-start=\"1016\" data-end=\"1077\"><strong data-start=\"1020\" data-end=\"1075\">GI\u1ea2I PH\u00c1P L\u1eccC NHI\u00caN LI\u1ec6U CJC\u00ae \u2013 HI\u1ec6U SU\u1ea4T V\u01af\u1ee2T TR\u1ed8I<\/strong><\/h3><p data-start=\"1078\" data-end=\"1490\">\u2705 <strong data-start=\"1080\" data-end=\"1107\">Lo\u1ea1i b\u1ecf n\u01b0\u1edbc &amp; t\u1ea1p ch\u1ea5t<\/strong> \u2013 Ng\u0103n ng\u1eeba oxy h\u00f3a nhi\u00ean li\u1ec7u v\u00e0 h\u1ecfng h\u00f3c thi\u1ebft b\u1ecb.<br data-start=\"1160\" data-end=\"1163\" \/>\u2705 <strong data-start=\"1165\" data-end=\"1188\">Gi\u1eef nhi\u00ean li\u1ec7u s\u1ea1ch<\/strong> \u2013 Gi\u1ea3m nguy c\u01a1 t\u1eafc ngh\u1ebdn v\u00f2i phun v\u00e0 bu\u1ed3ng \u0111\u1ed1t.<br data-start=\"1236\" data-end=\"1239\" \/>\u2705 <strong data-start=\"1241\" data-end=\"1273\">C\u1ea3i thi\u1ec7n hi\u1ec7u su\u1ea5t \u0111\u1ed1t ch\u00e1y<\/strong> \u2013 Gi\u00fap tua-bin ho\u1ea1t \u0111\u1ed9ng \u1ed5n \u0111\u1ecbnh, t\u1ed1i \u01b0u c\u00f4ng su\u1ea5t.<br data-start=\"1325\" data-end=\"1328\" \/>\u2705 <strong data-start=\"1330\" data-end=\"1376\">K\u00e9o d\u00e0i tu\u1ed5i th\u1ecd b\u01a1m &amp; v\u00f2i phun nhi\u00ean li\u1ec7u<\/strong> \u2013 Gi\u1ea3m hao m\u00f2n v\u00e0 chi ph\u00ed s\u1eeda ch\u1eefa.<br data-start=\"1412\" data-end=\"1415\" \/>\u2705 <strong data-start=\"1417\" data-end=\"1443\">V\u1eadn h\u00e0nh li\u00ean t\u1ee5c 24\/7<\/strong> \u2013 \u0110\u1ea3m b\u1ea3o tua-bin ho\u1ea1t \u0111\u1ed9ng kh\u00f4ng gi\u00e1n \u0111o\u1ea1n.<\/p><h3 data-start=\"1492\" data-end=\"1568\"><strong data-start=\"1496\" data-end=\"1566\">GI\u1ea2I PH\u00c1P L\u1eccC CHO C\u00c1C H\u1ec6 TH\u1ed0NG TUA-BIN KH\u00cd S\u1eec D\u1ee4NG NHI\u00caN LI\u1ec6U L\u1eceNG<\/strong><\/h3><p data-start=\"1569\" data-end=\"1859\">\ud83d\udd39 <strong data-start=\"1572\" data-end=\"1618\">L\u1ecdc d\u1ea7u diesel &amp; d\u1ea7u nhi\u00ean li\u1ec7u n\u1eb7ng (HFO)<\/strong> \u2013 Lo\u1ea1i b\u1ecf n\u01b0\u1edbc v\u00e0 t\u1ea1p ch\u1ea5t kh\u1ecfi nhi\u00ean li\u1ec7u.<br data-start=\"1662\" data-end=\"1665\" \/>\ud83d\udd39 <strong data-start=\"1668\" data-end=\"1710\">L\u1ecdc h\u1ec7 th\u1ed1ng b\u01a1m &amp; v\u00f2i phun nhi\u00ean li\u1ec7u<\/strong> \u2013 \u0110\u1ea3m b\u1ea3o cung c\u1ea5p nhi\u00ean li\u1ec7u \u1ed5n \u0111\u1ecbnh, kh\u00f4ng t\u1eafc ngh\u1ebdn.<br data-start=\"1766\" data-end=\"1769\" \/>\ud83d\udd39 <strong data-start=\"1772\" data-end=\"1797\">L\u1ecdc nhi\u00ean li\u1ec7u d\u1ef1 tr\u1eef<\/strong> \u2013 Ng\u0103n ng\u1eeba l\u1eafng c\u1eb7n v\u00e0 ph\u00e2n h\u1ee7y nhi\u00ean li\u1ec7u theo th\u1eddi gian.<\/p><h3 data-start=\"1861\" data-end=\"1919\"><strong data-start=\"1865\" data-end=\"1917\">HI\u1ec6U QU\u1ea2 TH\u1ef0C T\u1ebe \u2013 GI\u1ea2M CHI PH\u00cd &amp; T\u0102NG HI\u1ec6U SU\u1ea4T<\/strong><\/h3><p data-start=\"1920\" data-end=\"2127\">\ud83d\udca1 <strong data-start=\"1923\" data-end=\"1959\">Gi\u1ea3m chi ph\u00ed b\u1ea3o tr\u00ec l\u00ean \u0111\u1ebfn 50%<\/strong><br data-start=\"1959\" data-end=\"1962\" \/>\ud83d\udca1 <strong data-start=\"1965\" data-end=\"2012\">K\u00e9o d\u00e0i tu\u1ed5i th\u1ecd b\u01a1m v\u00e0 v\u00f2i phun nhi\u00ean li\u1ec7u<\/strong><br data-start=\"2012\" data-end=\"2015\" \/>\ud83d\udca1 <strong data-start=\"2018\" data-end=\"2074\">Gi\u1ea3m ti\u00eau hao nhi\u00ean li\u1ec7u &amp; t\u1ed1i \u01b0u hi\u1ec7u su\u1ea5t \u0111\u1ed1t ch\u00e1y<\/strong><br data-start=\"2074\" data-end=\"2077\" \/>\ud83d\udca1 <strong data-start=\"2080\" data-end=\"2125\">T\u0103ng \u0111\u1ed9 tin c\u1eady &amp; \u1ed5n \u0111\u1ecbnh c\u1ee7a tua-bin kh\u00ed<\/strong><\/p>\t\t\t\t\t\t\t\t<\/div>\n\t\t\t\t<\/div>\n\t\t\t\t\t<\/div>\n\t\t<\/div>\n\t\t\t\t<div class=\"elementor-column elementor-col-33 elementor-top-column elementor-element elementor-element-0114f5e\" data-id=\"0114f5e\" data-element_type=\"column\">\n\t\t\t<div class=\"elementor-widget-wrap elementor-element-populated\">\n\t\t\t\t\t\t<div class=\"elementor-element elementor-element-ab85baf elementor-widget elementor-widget-image\" data-id=\"ab85baf\" data-element_type=\"widget\" data-widget_type=\"image.default\">\n\t\t\t\t<div class=\"elementor-widget-container\">\n\t\t\t\t\t\t\t\t\t\t\t\t\t\t\t<img fetchpriority=\"high\" decoding=\"async\" width=\"678\" height=\"1024\" src=\"https:\/\/fsv.com.vn\/wp-content\/uploads\/2025\/03\/Anh-man-hinh-2025-03-15-luc-16.32.14-678x1024.png\" class=\"attachment-large size-large wp-image-1883\" alt=\"\" srcset=\"https:\/\/fsv.com.vn\/wp-content\/uploads\/2025\/03\/Anh-man-hinh-2025-03-15-luc-16.32.14-678x1024.png 678w, https:\/\/fsv.com.vn\/wp-content\/uploads\/2025\/03\/Anh-man-hinh-2025-03-15-luc-16.32.14-199x300.png 199w, https:\/\/fsv.com.vn\/wp-content\/uploads\/2025\/03\/Anh-man-hinh-2025-03-15-luc-16.32.14.png 682w\" sizes=\"(max-width: 678px) 100vw, 678px\" \/>\t\t\t\t\t\t\t\t\t\t\t\t\t\t\t<\/div>\n\t\t\t\t<\/div>\n\t\t\t\t<div class=\"elementor-element elementor-element-59f5617 elementor-widget elementor-widget-text-editor\" data-id=\"59f5617\" data-element_type=\"widget\" data-widget_type=\"text-editor.default\">\n\t\t\t\t<div class=\"elementor-widget-container\">\n\t\t\t\t\t\t\t\t\t<h5><a href=\"https:\/\/www.cjc.dk\/fileadmin\/root\/File_Admin_Filter\/doc_Customer_Cases\/Industry_DieselOil_DieselBackupStorageTank_GasTurbine_ASIN5087UK.pdf\">Diesel Oil Diesel Backup Storage Tank, Gas Turbine<\/a><\/h5><h5>V\u00e0 tham kh\u1ea3o th\u00eam c\u00e1c th\u00f4ng tin chi ti\u1ebft t\u1ea1i \u0111\u00e2y: <a href=\"https:\/\/www.cjc.dk\/system-solutions\/power\/gas-turbine-liquid-fuel\/\">CJC Case studies<\/a><\/h5><h5>\u00a0<\/h5>\t\t\t\t\t\t\t\t<\/div>\n\t\t\t\t<\/div>\n\t\t\t\t\t<\/div>\n\t\t<\/div>\n\t\t\t\t\t<\/div>\n\t\t<\/section>\n\t\t\t\t<section class=\"elementor-section elementor-top-section elementor-element elementor-element-b606bf2 elementor-section-boxed elementor-section-height-default elementor-section-height-default\" data-id=\"b606bf2\" data-element_type=\"section\">\n\t\t\t\t\t\t<div class=\"elementor-container elementor-column-gap-default\">\n\t\t\t\t\t<div class=\"elementor-column elementor-col-100 elementor-top-column elementor-element elementor-element-815c342\" data-id=\"815c342\" data-element_type=\"column\">\n\t\t\t<div class=\"elementor-widget-wrap elementor-element-populated\">\n\t\t\t\t\t\t<div class=\"elementor-element elementor-element-5369944 elementor-widget elementor-widget-spacer\" data-id=\"5369944\" data-element_type=\"widget\" data-widget_type=\"spacer.default\">\n\t\t\t\t<div class=\"elementor-widget-container\">\n\t\t\t\t\t\t\t<div class=\"elementor-spacer\">\n\t\t\t<div class=\"elementor-spacer-inner\"><\/div>\n\t\t<\/div>\n\t\t\t\t\t\t<\/div>\n\t\t\t\t<\/div>\n\t\t\t\t\t<\/div>\n\t\t<\/div>\n\t\t\t\t\t<\/div>\n\t\t<\/section>\n\t\t\t\t<\/div>\n\t\t","protected":false},"excerpt":{"rendered":"<p>GI\u1ea2I PH\u00c1P L\u1eccC D\u1ea6U CJC\u00ae CHO TUA-BIN KH\u00cd S\u1eec D\u1ee4NG NHI\u00caN LI\u1ec6U L\u1eceNG \u2013 B\u1ea2O V\u1ec6 HI\u1ec6U SU\u1ea4T &amp; T\u0102NG \u0110\u1ed8 TIN C\u1eacY V\u00cc SAO C\u1ea6N L\u1eccC NHI\u00caN LI\u1ec6U L\u1eceNG CHO TUA-BIN KH\u00cd? Trong c\u00e1c tua-bin kh\u00ed s\u1eed d\u1ee5ng nhi\u00ean li\u1ec7u l\u1ecfng nh\u01b0 d\u1ea7u diesel ho\u1eb7c d\u1ea7u nhi\u00ean li\u1ec7u n\u1eb7ng (HFO), ch\u1ea5t l\u01b0\u1ee3ng nhi\u00ean li\u1ec7u [&hellip;]<\/p>\n","protected":false},"author":1,"featured_media":0,"parent":144,"menu_order":6,"comment_status":"closed","ping_status":"closed","template":"","meta":{"footnotes":""},"class_list":["post-210","page","type-page","status-publish","hentry"],"_links":{"self":[{"href":"https:\/\/fsv.com.vn\/index.php\/wp-json\/wp\/v2\/pages\/210","targetHints":{"allow":["GET"]}}],"collection":[{"href":"https:\/\/fsv.com.vn\/index.php\/wp-json\/wp\/v2\/pages"}],"about":[{"href":"https:\/\/fsv.com.vn\/index.php\/wp-json\/wp\/v2\/types\/page"}],"author":[{"embeddable":true,"href":"https:\/\/fsv.com.vn\/index.php\/wp-json\/wp\/v2\/users\/1"}],"replies":[{"embeddable":true,"href":"https:\/\/fsv.com.vn\/index.php\/wp-json\/wp\/v2\/comments?post=210"}],"version-history":[{"count":14,"href":"https:\/\/fsv.com.vn\/index.php\/wp-json\/wp\/v2\/pages\/210\/revisions"}],"predecessor-version":[{"id":2053,"href":"https:\/\/fsv.com.vn\/index.php\/wp-json\/wp\/v2\/pages\/210\/revisions\/2053"}],"up":[{"embeddable":true,"href":"https:\/\/fsv.com.vn\/index.php\/wp-json\/wp\/v2\/pages\/144"}],"wp:attachment":[{"href":"https:\/\/fsv.com.vn\/index.php\/wp-json\/wp\/v2\/media?parent=210"}],"curies":[{"name":"wp","href":"https:\/\/api.w.org\/{rel}","templated":true}]}}