{"id":208,"date":"2023-03-28T07:56:47","date_gmt":"2023-03-28T00:56:47","guid":{"rendered":"https:\/\/fsv.com.vn\/?page_id=208"},"modified":"2025-03-15T16:28:51","modified_gmt":"2025-03-15T09:28:51","slug":"tuabin-khi-dau-boi-tron-va-dieu-khien-rieng","status":"publish","type":"page","link":"https:\/\/fsv.com.vn\/index.php\/giai-phap\/nha-may-dien\/tuabin-khi-dau-boi-tron-va-dieu-khien-rieng\/","title":{"rendered":"Tuabin kh\u00ed &#8211; d\u1ea7u b\u00f4i tr\u01a1n v\u00e0 \u0111i\u1ec1u khi\u1ec3n ri\u00eang"},"content":{"rendered":"\t\t<div data-elementor-type=\"wp-page\" data-elementor-id=\"208\" class=\"elementor elementor-208\" data-elementor-post-type=\"page\">\n\t\t\t\t\t\t<section class=\"elementor-section elementor-top-section elementor-element elementor-element-a8b054b elementor-section-boxed elementor-section-height-default elementor-section-height-default\" data-id=\"a8b054b\" data-element_type=\"section\">\n\t\t\t\t\t\t<div class=\"elementor-container elementor-column-gap-default\">\n\t\t\t\t\t<div class=\"elementor-column elementor-col-100 elementor-top-column elementor-element elementor-element-641f5aa\" data-id=\"641f5aa\" data-element_type=\"column\">\n\t\t\t<div class=\"elementor-widget-wrap elementor-element-populated\">\n\t\t\t\t\t\t<div class=\"elementor-element elementor-element-5fd0f4e elementor-widget elementor-widget-spacer\" data-id=\"5fd0f4e\" data-element_type=\"widget\" data-widget_type=\"spacer.default\">\n\t\t\t\t<div class=\"elementor-widget-container\">\n\t\t\t\t\t\t\t<div class=\"elementor-spacer\">\n\t\t\t<div class=\"elementor-spacer-inner\"><\/div>\n\t\t<\/div>\n\t\t\t\t\t\t<\/div>\n\t\t\t\t<\/div>\n\t\t\t\t\t<\/div>\n\t\t<\/div>\n\t\t\t\t\t<\/div>\n\t\t<\/section>\n\t\t\t\t<section class=\"elementor-section elementor-top-section elementor-element elementor-element-e6f3ef4 elementor-section-boxed elementor-section-height-default elementor-section-height-default\" data-id=\"e6f3ef4\" data-element_type=\"section\">\n\t\t\t\t\t\t<div class=\"elementor-container elementor-column-gap-default\">\n\t\t\t\t\t<div class=\"elementor-column elementor-col-66 elementor-top-column elementor-element elementor-element-f072246\" data-id=\"f072246\" data-element_type=\"column\">\n\t\t\t<div class=\"elementor-widget-wrap elementor-element-populated\">\n\t\t\t\t\t\t<div class=\"elementor-element elementor-element-14e237c elementor-widget elementor-widget-text-editor\" data-id=\"14e237c\" data-element_type=\"widget\" data-widget_type=\"text-editor.default\">\n\t\t\t\t<div class=\"elementor-widget-container\">\n\t\t\t\t\t\t\t\t\t<p data-start=\"0\" data-end=\"130\"><strong data-start=\"0\" data-end=\"128\">GI\u1ea2I PH\u00c1P L\u1eccC D\u1ea6U CJC\u00ae CHO H\u1ec6 TH\u1ed0NG D\u1ea6U B\u00d4I TR\u01a0N &amp; D\u1ea6U \u0110I\u1ec0U KHI\u1ec2N RI\u00caNG BI\u1ec6T C\u1ee6A TUA-BIN KH\u00cd \u2013 T\u1ed0I \u01afU HI\u1ec6U SU\u1ea4T &amp; \u0110\u1ed8 TIN C\u1eacY<\/strong><\/p><h3 data-start=\"132\" data-end=\"173\"><strong data-start=\"136\" data-end=\"171\">B\u1ea2O V\u1ec6 H\u1ec6 TH\u1ed0NG D\u1ea6U TUA-BIN KH\u00cd<\/strong><\/h3><p data-start=\"174\" data-end=\"780\">Trong tua-bin kh\u00ed c\u00f4ng su\u1ea5t l\u1edbn, h\u1ec7 th\u1ed1ng d\u1ea7u b\u00f4i tr\u01a1n v\u00e0 d\u1ea7u \u0111i\u1ec1u khi\u1ec3n th\u01b0\u1eddng \u0111\u01b0\u1ee3c t\u00e1ch ri\u00eang \u0111\u1ec3 \u0111\u1ea3m b\u1ea3o hi\u1ec7u su\u1ea5t t\u1ed1i \u01b0u cho t\u1eebng ch\u1ee9c n\u0103ng. Tuy nhi\u00ean, c\u1ea3 hai h\u1ec7 th\u1ed1ng n\u00e0y \u0111\u1ec1u c\u00f3 nguy c\u01a1 b\u1ecb nhi\u1ec5m n\u01b0\u1edbc, c\u1eb7n b\u1ea9n v\u00e0 s\u1ea3n ph\u1ea9m oxy h\u00f3a, g\u00e2y ra c\u00e1c v\u1ea5n \u0111\u1ec1 nghi\u00eam tr\u1ecdng nh\u01b0:<br data-start=\"443\" data-end=\"446\" \/>\ud83d\udd38 <strong data-start=\"449\" data-end=\"485\">Hao m\u00f2n v\u00f2ng bi &amp; b\u1ed9 truy\u1ec1n \u0111\u1ed9ng<\/strong> \u2013 G\u00e2y t\u0103ng ma s\u00e1t, gi\u1ea3m tu\u1ed5i th\u1ecd thi\u1ebft b\u1ecb.<br data-start=\"528\" data-end=\"531\" \/>\ud83d\udd38 <strong data-start=\"534\" data-end=\"567\">T\u1eafc ngh\u1ebdn h\u1ec7 th\u1ed1ng \u0111i\u1ec1u khi\u1ec3n<\/strong> \u2013 L\u00e0m gi\u1ea3m \u0111\u1ed9 ch\u00ednh x\u00e1c v\u00e0 t\u1ed1c \u0111\u1ed9 ph\u1ea3n h\u1ed3i.<br data-start=\"611\" data-end=\"614\" \/>\ud83d\udd38 <strong data-start=\"617\" data-end=\"638\">Oxy h\u00f3a d\u1ea7u nhanh<\/strong> \u2013 T\u1ea1o c\u1eb7n b\u1ea9n, axit v\u00e0 gi\u1ea3m hi\u1ec7u su\u1ea5t b\u00f4i tr\u01a1n.<br data-start=\"686\" data-end=\"689\" \/>\ud83d\udd38 <strong data-start=\"692\" data-end=\"742\">Gia t\u0103ng chi ph\u00ed b\u1ea3o tr\u00ec &amp; th\u1eddi gian ng\u1eebng m\u00e1y<\/strong> \u2013 \u1ea2nh h\u01b0\u1edfng \u0111\u1ebfn kh\u1ea3 n\u0103ng ph\u00e1t \u0111i\u1ec7n.<\/p><p data-start=\"782\" data-end=\"1012\"><strong data-start=\"782\" data-end=\"822\">Gi\u1ea3i ph\u00e1p l\u1ecdc d\u1ea7u C.C. JENSEN (CJC\u00ae)<\/strong> gi\u00fap lo\u1ea1i b\u1ecf n\u01b0\u1edbc, h\u1ea1t r\u1eafn v\u00e0 s\u1ea3n ph\u1ea9m ph\u00e2n h\u1ee7y d\u1ea7u, gi\u1eef cho h\u1ec7 th\u1ed1ng d\u1ea7u b\u00f4i tr\u01a1n v\u00e0 d\u1ea7u \u0111i\u1ec1u khi\u1ec3n lu\u00f4n s\u1ea1ch, gi\u00fap thi\u1ebft b\u1ecb v\u1eadn h\u00e0nh \u1ed5n \u0111\u1ecbnh, gi\u1ea3m h\u1ecfng h\u00f3c v\u00e0 k\u00e9o d\u00e0i tu\u1ed5i th\u1ecd h\u1ec7 th\u1ed1ng.<\/p><h3 data-start=\"1014\" data-end=\"1074\"><strong data-start=\"1018\" data-end=\"1072\">GI\u1ea2I PH\u00c1P L\u1eccC D\u1ea6U CJC\u00ae \u2013 T\u1ed0I \u01afU HI\u1ec6U SU\u1ea4T &amp; \u0110\u1ed8 B\u1ec0N<\/strong><\/h3><p data-start=\"1075\" data-end=\"1582\">\u2705 <strong data-start=\"1077\" data-end=\"1100\">Lo\u1ea1i b\u1ecf n\u01b0\u1edbc &amp; axit<\/strong> \u2013 Gi\u00fap d\u1ea7u lu\u00f4n \u1ed5n \u0111\u1ecbnh, ng\u0103n ch\u1eb7n \u0103n m\u00f2n thi\u1ebft b\u1ecb.<br data-start=\"1152\" data-end=\"1155\" \/>\u2705 <strong data-start=\"1157\" data-end=\"1173\">Gi\u1eef d\u1ea7u s\u1ea1ch<\/strong> \u2013 Lo\u1ea1i b\u1ecf c\u1eb7n b\u1ea9n v\u00e0 h\u1ea1t r\u1eafn, gi\u1ea3m nguy c\u01a1 t\u1eafc ngh\u1ebdn h\u1ec7 th\u1ed1ng l\u1ecdc.<br data-start=\"1240\" data-end=\"1243\" \/>\u2705 <strong data-start=\"1245\" data-end=\"1265\">Gi\u1ea3m l\u00e3o h\u00f3a d\u1ea7u<\/strong> \u2013 K\u00e9o d\u00e0i tu\u1ed5i th\u1ecd d\u1ea7u v\u00e0 gi\u1ea3m chi ph\u00ed thay d\u1ea7u.<br data-start=\"1314\" data-end=\"1317\" \/>\u2705 <strong data-start=\"1319\" data-end=\"1349\">T\u1ed1i \u01b0u h\u1ec7 th\u1ed1ng \u0111i\u1ec1u khi\u1ec3n<\/strong> \u2013 \u0110\u1ea3m b\u1ea3o v\u1eadn h\u00e0nh ch\u00ednh x\u00e1c, kh\u00f4ng b\u1ecb k\u1eb9t van.<br data-start=\"1397\" data-end=\"1400\" \/>\u2705 <strong data-start=\"1402\" data-end=\"1449\">Gi\u1ea3m nguy c\u01a1 h\u1ecfng h\u00f3c &amp; th\u1eddi gian ng\u1eebng m\u00e1y<\/strong> \u2013 T\u0103ng \u0111\u1ed9 tin c\u1eady c\u1ee7a tua-bin.<br data-start=\"1480\" data-end=\"1483\" \/>\u2705 <strong data-start=\"1485\" data-end=\"1511\">V\u1eadn h\u00e0nh li\u00ean t\u1ee5c 24\/7<\/strong> \u2013 Kh\u00f4ng c\u1ea7n d\u1eebng m\u00e1y khi l\u1ecdc d\u1ea7u, \u0111\u1ea3m b\u1ea3o tua-bin ho\u1ea1t \u0111\u1ed9ng \u1ed5n \u0111\u1ecbnh.<\/p><h3 data-start=\"1584\" data-end=\"1636\"><strong data-start=\"1588\" data-end=\"1634\">GI\u1ea2I PH\u00c1P CHO C\u00c1C H\u1ec6 TH\u1ed0NG D\u1ea6U TUA-BIN KH\u00cd<\/strong><\/h3><p data-start=\"1637\" data-end=\"1909\">\ud83d\udd39 <strong data-start=\"1640\" data-end=\"1668\">L\u1ecdc d\u1ea7u b\u00f4i tr\u01a1n tua-bin<\/strong> \u2013 Gi\u00fap b\u1ea3o v\u1ec7 v\u00f2ng bi, \u1ed5 tr\u1ee5c v\u00e0 h\u1ec7 th\u1ed1ng truy\u1ec1n \u0111\u1ed9ng.<br data-start=\"1723\" data-end=\"1726\" \/>\ud83d\udd39 <strong data-start=\"1729\" data-end=\"1760\">L\u1ecdc d\u1ea7u \u0111i\u1ec1u khi\u1ec3n th\u1ee7y l\u1ef1c<\/strong> \u2013 \u0110\u1ea3m b\u1ea3o h\u1ec7 th\u1ed1ng \u0111i\u1ec1u khi\u1ec3n ph\u1ea3n h\u1ed3i nhanh v\u00e0 ch\u00ednh x\u00e1c.<br data-start=\"1819\" data-end=\"1822\" \/>\ud83d\udd39 <strong data-start=\"1825\" data-end=\"1843\">L\u1ecdc d\u1ea7u h\u1ed9p s\u1ed1<\/strong> \u2013 H\u1ea1n ch\u1ebf nhi\u1ec5m b\u1ea9n, gi\u1ea3m hao m\u00f2n v\u00e0 k\u00e9o d\u00e0i tu\u1ed5i th\u1ecd thi\u1ebft b\u1ecb.<\/p><h3 data-start=\"1911\" data-end=\"1969\"><strong data-start=\"1915\" data-end=\"1967\">HI\u1ec6U QU\u1ea2 TH\u1ef0C T\u1ebe \u2013 GI\u1ea2M CHI PH\u00cd &amp; T\u0102NG HI\u1ec6U SU\u1ea4T<\/strong><\/h3><p>\u00a0<\/p><p data-start=\"1970\" data-end=\"2175\">\ud83d\udca1 <strong data-start=\"1973\" data-end=\"2009\">Gi\u1ea3m chi ph\u00ed b\u1ea3o tr\u00ec l\u00ean \u0111\u1ebfn 50%<\/strong><br data-start=\"2009\" data-end=\"2012\" \/>\ud83d\udca1 <strong data-start=\"2015\" data-end=\"2051\">K\u00e9o d\u00e0i tu\u1ed5i th\u1ecd d\u1ea7u g\u1ea5p 3-4 l\u1ea7n<\/strong><br data-start=\"2051\" data-end=\"2054\" \/>\ud83d\udca1 <strong data-start=\"2057\" data-end=\"2104\">Duy tr\u00ec \u0111\u1ed9 s\u1ea1ch d\u1ea7u \u0111\u1ea1t ti\u00eau chu\u1ea9n ISO 4406<\/strong><br data-start=\"2104\" data-end=\"2107\" \/>\ud83d\udca1 <strong data-start=\"2110\" data-end=\"2173\">T\u0103ng \u0111\u1ed9 tin c\u1eady &amp; hi\u1ec7u su\u1ea5t h\u1ec7 th\u1ed1ng b\u00f4i tr\u01a1n v\u00e0 \u0111i\u1ec1u khi\u1ec3n<\/strong><\/p>\t\t\t\t\t\t\t\t<\/div>\n\t\t\t\t<\/div>\n\t\t\t\t\t<\/div>\n\t\t<\/div>\n\t\t\t\t<div class=\"elementor-column elementor-col-33 elementor-top-column elementor-element elementor-element-b2252cf\" data-id=\"b2252cf\" data-element_type=\"column\">\n\t\t\t<div class=\"elementor-widget-wrap elementor-element-populated\">\n\t\t\t\t\t\t<div class=\"elementor-element elementor-element-fb419ee elementor-widget elementor-widget-image\" data-id=\"fb419ee\" data-element_type=\"widget\" data-widget_type=\"image.default\">\n\t\t\t\t<div class=\"elementor-widget-container\">\n\t\t\t\t\t\t\t\t\t\t\t\t\t\t\t\t<a href=\"https:\/\/www.cjc.dk\/fileadmin\/root\/File_Admin_Filter\/doc_Customer_Cases\/Lube-Oil_Gas-Turbine-GE40MW_Cogeneration-Plant_CCPO6052UK.pdf\">\n\t\t\t\t\t\t\t<img fetchpriority=\"high\" decoding=\"async\" width=\"800\" height=\"914\" src=\"https:\/\/fsv.com.vn\/wp-content\/uploads\/2025\/03\/Anh-man-hinh-2025-03-15-luc-16.25.51-896x1024.png\" class=\"attachment-large size-large wp-image-1876\" alt=\"\" srcset=\"https:\/\/fsv.com.vn\/wp-content\/uploads\/2025\/03\/Anh-man-hinh-2025-03-15-luc-16.25.51-896x1024.png 896w, https:\/\/fsv.com.vn\/wp-content\/uploads\/2025\/03\/Anh-man-hinh-2025-03-15-luc-16.25.51-263x300.png 263w, https:\/\/fsv.com.vn\/wp-content\/uploads\/2025\/03\/Anh-man-hinh-2025-03-15-luc-16.25.51-768x877.png 768w, https:\/\/fsv.com.vn\/wp-content\/uploads\/2025\/03\/Anh-man-hinh-2025-03-15-luc-16.25.51.png 926w\" sizes=\"(max-width: 800px) 100vw, 800px\" \/>\t\t\t\t\t\t\t\t<\/a>\n\t\t\t\t\t\t\t\t\t\t\t\t\t\t\t<\/div>\n\t\t\t\t<\/div>\n\t\t\t\t<div class=\"elementor-element elementor-element-a5cc08f elementor-widget elementor-widget-text-editor\" data-id=\"a5cc08f\" data-element_type=\"widget\" data-widget_type=\"text-editor.default\">\n\t\t\t\t<div class=\"elementor-widget-container\">\n\t\t\t\t\t\t\t\t\t<h5><a href=\"https:\/\/www.cjc.dk\/fileadmin\/root\/File_Admin_Filter\/doc_Customer_Cases\/Lube-Oil_Gas-Turbine-GE40MW_Cogeneration-Plant_CCPO6052UK.pdf\">Customer Case: Lube Oil &#8211; Gas Turbine GE40MW, Cogeneration Plant<\/a><\/h5><h5>v\u00e0 nhi\u1ec1u tr\u01b0\u1eddng h\u1ee3p tham kh\u1ea3o t\u1ea1i \u0111\u00e2y <a href=\"https:\/\/www.cjc.dk\/system-solutions\/power\/gas-turbine-separated-lube-and-control-oil\/\">CJC Case studies<\/a><\/h5>\t\t\t\t\t\t\t\t<\/div>\n\t\t\t\t<\/div>\n\t\t\t\t\t<\/div>\n\t\t<\/div>\n\t\t\t\t\t<\/div>\n\t\t<\/section>\n\t\t\t\t<section class=\"elementor-section elementor-top-section elementor-element elementor-element-31715a1 elementor-section-boxed elementor-section-height-default elementor-section-height-default\" data-id=\"31715a1\" data-element_type=\"section\">\n\t\t\t\t\t\t<div class=\"elementor-container elementor-column-gap-default\">\n\t\t\t\t\t<div class=\"elementor-column elementor-col-100 elementor-top-column elementor-element elementor-element-af75622\" data-id=\"af75622\" data-element_type=\"column\">\n\t\t\t<div class=\"elementor-widget-wrap elementor-element-populated\">\n\t\t\t\t\t\t<div class=\"elementor-element elementor-element-48ff03c elementor-widget elementor-widget-spacer\" data-id=\"48ff03c\" data-element_type=\"widget\" data-widget_type=\"spacer.default\">\n\t\t\t\t<div class=\"elementor-widget-container\">\n\t\t\t\t\t\t\t<div class=\"elementor-spacer\">\n\t\t\t<div class=\"elementor-spacer-inner\"><\/div>\n\t\t<\/div>\n\t\t\t\t\t\t<\/div>\n\t\t\t\t<\/div>\n\t\t\t\t\t<\/div>\n\t\t<\/div>\n\t\t\t\t\t<\/div>\n\t\t<\/section>\n\t\t\t\t<\/div>\n\t\t","protected":false},"excerpt":{"rendered":"<p>GI\u1ea2I PH\u00c1P L\u1eccC D\u1ea6U CJC\u00ae CHO H\u1ec6 TH\u1ed0NG D\u1ea6U B\u00d4I TR\u01a0N &amp; D\u1ea6U \u0110I\u1ec0U KHI\u1ec2N RI\u00caNG BI\u1ec6T C\u1ee6A TUA-BIN KH\u00cd \u2013 T\u1ed0I \u01afU HI\u1ec6U SU\u1ea4T &amp; \u0110\u1ed8 TIN C\u1eacY B\u1ea2O V\u1ec6 H\u1ec6 TH\u1ed0NG D\u1ea6U TUA-BIN KH\u00cd Trong tua-bin kh\u00ed c\u00f4ng su\u1ea5t l\u1edbn, h\u1ec7 th\u1ed1ng d\u1ea7u b\u00f4i tr\u01a1n v\u00e0 d\u1ea7u \u0111i\u1ec1u khi\u1ec3n th\u01b0\u1eddng \u0111\u01b0\u1ee3c t\u00e1ch ri\u00eang [&hellip;]<\/p>\n","protected":false},"author":1,"featured_media":0,"parent":144,"menu_order":5,"comment_status":"closed","ping_status":"closed","template":"","meta":{"footnotes":""},"class_list":["post-208","page","type-page","status-publish","hentry"],"_links":{"self":[{"href":"https:\/\/fsv.com.vn\/index.php\/wp-json\/wp\/v2\/pages\/208","targetHints":{"allow":["GET"]}}],"collection":[{"href":"https:\/\/fsv.com.vn\/index.php\/wp-json\/wp\/v2\/pages"}],"about":[{"href":"https:\/\/fsv.com.vn\/index.php\/wp-json\/wp\/v2\/types\/page"}],"author":[{"embeddable":true,"href":"https:\/\/fsv.com.vn\/index.php\/wp-json\/wp\/v2\/users\/1"}],"replies":[{"embeddable":true,"href":"https:\/\/fsv.com.vn\/index.php\/wp-json\/wp\/v2\/comments?post=208"}],"version-history":[{"count":14,"href":"https:\/\/fsv.com.vn\/index.php\/wp-json\/wp\/v2\/pages\/208\/revisions"}],"predecessor-version":[{"id":1882,"href":"https:\/\/fsv.com.vn\/index.php\/wp-json\/wp\/v2\/pages\/208\/revisions\/1882"}],"up":[{"embeddable":true,"href":"https:\/\/fsv.com.vn\/index.php\/wp-json\/wp\/v2\/pages\/144"}],"wp:attachment":[{"href":"https:\/\/fsv.com.vn\/index.php\/wp-json\/wp\/v2\/media?parent=208"}],"curies":[{"name":"wp","href":"https:\/\/api.w.org\/{rel}","templated":true}]}}