{"id":202,"date":"2023-03-28T07:55:27","date_gmt":"2023-03-28T00:55:27","guid":{"rendered":"https:\/\/fsv.com.vn\/?page_id=202"},"modified":"2025-03-15T16:23:10","modified_gmt":"2025-03-15T09:23:10","slug":"tuabin-khi-tong-hop-dau-boi-tron-va-dieu-khien","status":"publish","type":"page","link":"https:\/\/fsv.com.vn\/index.php\/giai-phap\/nha-may-dien\/tuabin-khi-tong-hop-dau-boi-tron-va-dieu-khien\/","title":{"rendered":"Tuabin kh\u00ed &#8211; T\u1ed5ng h\u1ee3p d\u1ea7u b\u00f4i tr\u01a1n v\u00e0 \u0111i\u1ec1u khi\u1ec3n"},"content":{"rendered":"\t\t<div data-elementor-type=\"wp-page\" data-elementor-id=\"202\" class=\"elementor elementor-202\" data-elementor-post-type=\"page\">\n\t\t\t\t\t\t<section class=\"elementor-section elementor-top-section elementor-element elementor-element-0c1b898 elementor-section-boxed elementor-section-height-default elementor-section-height-default\" data-id=\"0c1b898\" data-element_type=\"section\">\n\t\t\t\t\t\t<div class=\"elementor-container elementor-column-gap-default\">\n\t\t\t\t\t<div class=\"elementor-column elementor-col-100 elementor-top-column elementor-element elementor-element-b97204b\" data-id=\"b97204b\" data-element_type=\"column\">\n\t\t\t<div class=\"elementor-widget-wrap elementor-element-populated\">\n\t\t\t\t\t\t<div class=\"elementor-element elementor-element-b58727e elementor-widget elementor-widget-spacer\" data-id=\"b58727e\" data-element_type=\"widget\" data-widget_type=\"spacer.default\">\n\t\t\t\t<div class=\"elementor-widget-container\">\n\t\t\t\t\t\t\t<div class=\"elementor-spacer\">\n\t\t\t<div class=\"elementor-spacer-inner\"><\/div>\n\t\t<\/div>\n\t\t\t\t\t\t<\/div>\n\t\t\t\t<\/div>\n\t\t\t\t\t<\/div>\n\t\t<\/div>\n\t\t\t\t\t<\/div>\n\t\t<\/section>\n\t\t\t\t<section class=\"elementor-section elementor-top-section elementor-element elementor-element-b3ba086 elementor-section-boxed elementor-section-height-default elementor-section-height-default\" data-id=\"b3ba086\" data-element_type=\"section\">\n\t\t\t\t\t\t<div class=\"elementor-container elementor-column-gap-default\">\n\t\t\t\t\t<div class=\"elementor-column elementor-col-66 elementor-top-column elementor-element elementor-element-d864aca\" data-id=\"d864aca\" data-element_type=\"column\">\n\t\t\t<div class=\"elementor-widget-wrap elementor-element-populated\">\n\t\t\t\t\t\t<div class=\"elementor-element elementor-element-6cf6a17 elementor-widget elementor-widget-text-editor\" data-id=\"6cf6a17\" data-element_type=\"widget\" data-widget_type=\"text-editor.default\">\n\t\t\t\t<div class=\"elementor-widget-container\">\n\t\t\t\t\t\t\t\t\t<p data-start=\"0\" data-end=\"112\"><strong data-start=\"0\" data-end=\"110\">GI\u1ea2I PH\u00c1P L\u1eccC D\u1ea6U CJC\u00ae CHO H\u1ec6 TH\u1ed0NG D\u1ea6U B\u00d4I TR\u01a0N &amp; \u0110I\u1ec0U KHI\u1ec2N TUA-BIN KH\u00cd \u2013 \u0110\u1ea2M B\u1ea2O HI\u1ec6U SU\u1ea4T &amp; \u0110\u1ed8 TIN C\u1eacY<\/strong><\/p><h3 data-start=\"114\" data-end=\"178\"><strong data-start=\"118\" data-end=\"176\">B\u1ea2O V\u1ec6 H\u1ec6 TH\u1ed0NG D\u1ea6U B\u00d4I TR\u01a0N V\u00c0 \u0110I\u1ec0U KHI\u1ec2N TUA-BIN KH\u00cd<\/strong><\/h3><p data-start=\"179\" data-end=\"773\">Trong c\u00e1c nh\u00e0 m\u00e1y \u0111i\u1ec7n chu tr\u00ecnh h\u1ed7n h\u1ee3p (CCGT) v\u00e0 tua-bin kh\u00ed \u0111\u1ed9c l\u1eadp, d\u1ea7u b\u00f4i tr\u01a1n v\u00e0 d\u1ea7u \u0111i\u1ec1u khi\u1ec3n \u0111\u00f3ng vai tr\u00f2 quan tr\u1ecdng trong v\u1eadn h\u00e0nh tua-bin, h\u1ed9p s\u1ed1 v\u00e0 h\u1ec7 th\u1ed1ng \u0111i\u1ec1u khi\u1ec3n th\u1ee7y l\u1ef1c. Tuy nhi\u00ean, d\u1ea7u c\u00f3 th\u1ec3 b\u1ecb nhi\u1ec5m n\u01b0\u1edbc, h\u1ea1t r\u1eafn v\u00e0 s\u1ea3n ph\u1ea9m oxy h\u00f3a, g\u00e2y:<br data-start=\"440\" data-end=\"443\" \/>\ud83d\udd38 <strong data-start=\"446\" data-end=\"466\">M\u00e0i m\u00f2n thi\u1ebft b\u1ecb<\/strong> \u2013 G\u00e2y h\u1ecfng v\u00f2ng bi, b\u01a1m v\u00e0 h\u1ec7 th\u1ed1ng \u0111i\u1ec1u khi\u1ec3n.<br data-start=\"514\" data-end=\"517\" \/>\ud83d\udd38 <strong data-start=\"520\" data-end=\"547\">Gi\u1ea3m hi\u1ec7u su\u1ea5t b\u00f4i tr\u01a1n<\/strong> \u2013 D\u1eabn \u0111\u1ebfn qu\u00e1 nhi\u1ec7t, t\u0103ng ti\u00eau hao n\u0103ng l\u01b0\u1ee3ng.<br data-start=\"594\" data-end=\"597\" \/>\ud83d\udd38 <strong data-start=\"600\" data-end=\"626\">T\u1eafc ngh\u1ebdn h\u1ec7 th\u1ed1ng l\u1ecdc<\/strong> \u2013 L\u00e0m gi\u1ea3m t\u1ed1c \u0111\u1ed9 ph\u1ea3n \u1ee9ng c\u1ee7a h\u1ec7 th\u1ed1ng \u0111i\u1ec1u khi\u1ec3n.<br data-start=\"678\" data-end=\"681\" \/>\ud83d\udd38 <strong data-start=\"684\" data-end=\"734\">Gia t\u0103ng chi ph\u00ed b\u1ea3o tr\u00ec &amp; th\u1eddi gian ng\u1eebng m\u00e1y<\/strong> \u2013 \u1ea2nh h\u01b0\u1edfng \u0111\u1ebfn ho\u1ea1t \u0111\u1ed9ng ph\u00e1t \u0111i\u1ec7n.<\/p><p data-start=\"775\" data-end=\"951\"><strong data-start=\"775\" data-end=\"815\">Gi\u1ea3i ph\u00e1p l\u1ecdc d\u1ea7u C.C. JENSEN (CJC\u00ae)<\/strong> gi\u00fap lo\u1ea1i b\u1ecf t\u1ea1p ch\u1ea5t, gi\u1eef cho d\u1ea7u lu\u00f4n s\u1ea1ch v\u00e0 kh\u00f4, t\u1eeb \u0111\u00f3 b\u1ea3o v\u1ec7 thi\u1ebft b\u1ecb, t\u0103ng \u0111\u1ed9 tin c\u1eady v\u00e0 k\u00e9o d\u00e0i tu\u1ed5i th\u1ecd h\u1ec7 th\u1ed1ng tua-bin kh\u00ed.<\/p><h3 data-start=\"953\" data-end=\"1007\"><strong data-start=\"957\" data-end=\"1005\">GI\u1ea2I PH\u00c1P L\u1eccC D\u1ea6U CJC\u00ae \u2013 HI\u1ec6U SU\u1ea4T V\u01af\u1ee2T TR\u1ed8I<\/strong><\/h3><p data-start=\"1008\" data-end=\"1493\">\u2705 <strong data-start=\"1010\" data-end=\"1034\">Lo\u1ea1i b\u1ecf n\u01b0\u1edbc &amp; \u0111\u1ed9 \u1ea9m<\/strong> \u2013 Ng\u0103n ng\u1eeba \u0103n m\u00f2n v\u00e0 oxy h\u00f3a d\u1ea7u.<br data-start=\"1069\" data-end=\"1072\" \/>\u2705 <strong data-start=\"1074\" data-end=\"1095\">Gi\u1eef d\u1ea7u lu\u00f4n s\u1ea1ch<\/strong> \u2013 Lo\u1ea1i b\u1ecf c\u1eb7n b\u1ea9n v\u00e0 h\u1ea1t r\u1eafn, gi\u1ea3m hao m\u00f2n thi\u1ebft b\u1ecb.<br data-start=\"1148\" data-end=\"1151\" \/>\u2705 <strong data-start=\"1153\" data-end=\"1173\">Gi\u1ea3m l\u00e3o h\u00f3a d\u1ea7u<\/strong> \u2013 K\u00e9o d\u00e0i tu\u1ed5i th\u1ecd d\u1ea7u v\u00e0 gi\u1ea3m chi ph\u00ed thay d\u1ea7u.<br data-start=\"1222\" data-end=\"1225\" \/>\u2705 <strong data-start=\"1227\" data-end=\"1267\">T\u1ed1i \u01b0u hi\u1ec7u su\u1ea5t h\u1ec7 th\u1ed1ng \u0111i\u1ec1u khi\u1ec3n<\/strong> \u2013 \u0110\u1ea3m b\u1ea3o v\u1eadn h\u00e0nh tr\u01a1n tru, kh\u00f4ng b\u1ecb t\u1eafc ngh\u1ebdn.<br data-start=\"1316\" data-end=\"1319\" \/>\u2705 <strong data-start=\"1321\" data-end=\"1368\">Gi\u1ea3m nguy c\u01a1 h\u1ecfng h\u00f3c &amp; th\u1eddi gian ng\u1eebng m\u00e1y<\/strong> \u2013 T\u0103ng \u0111\u1ed9 tin c\u1eady cho tua-bin.<br data-start=\"1399\" data-end=\"1402\" \/>\u2705 <strong data-start=\"1404\" data-end=\"1430\">V\u1eadn h\u00e0nh li\u00ean t\u1ee5c 24\/7<\/strong> \u2013 Kh\u00f4ng c\u1ea7n d\u1eebng m\u00e1y khi l\u1ecdc d\u1ea7u, \u0111\u1ea3m b\u1ea3o ho\u1ea1t \u0111\u1ed9ng \u1ed5n \u0111\u1ecbnh.<\/p><h3 data-start=\"1495\" data-end=\"1547\"><strong data-start=\"1499\" data-end=\"1545\">GI\u1ea2I PH\u00c1P CHO C\u00c1C H\u1ec6 TH\u1ed0NG D\u1ea6U TUA-BIN KH\u00cd<\/strong><\/h3><p data-start=\"1548\" data-end=\"1811\">\ud83d\udd39 <strong data-start=\"1551\" data-end=\"1579\">L\u1ecdc d\u1ea7u b\u00f4i tr\u01a1n tua-bin<\/strong> \u2013 B\u1ea3o v\u1ec7 \u1ed5 tr\u1ee5c, v\u00f2ng bi v\u00e0 h\u1ec7 th\u1ed1ng b\u00f4i tr\u01a1n.<br data-start=\"1626\" data-end=\"1629\" \/>\ud83d\udd39 <strong data-start=\"1632\" data-end=\"1663\">L\u1ecdc d\u1ea7u \u0111i\u1ec1u khi\u1ec3n th\u1ee7y l\u1ef1c<\/strong> \u2013 Gi\u00fap h\u1ec7 th\u1ed1ng \u0111i\u1ec1u khi\u1ec3n v\u1eadn h\u00e0nh \u1ed5n \u0111\u1ecbnh v\u00e0 ch\u00ednh x\u00e1c.<br data-start=\"1721\" data-end=\"1724\" \/>\ud83d\udd39 <strong data-start=\"1727\" data-end=\"1745\">L\u1ecdc d\u1ea7u h\u1ed9p s\u1ed1<\/strong> \u2013 H\u1ea1n ch\u1ebf nhi\u1ec5m b\u1ea9n, gi\u1ea3m m\u00e0i m\u00f2n v\u00e0 k\u00e9o d\u00e0i tu\u1ed5i th\u1ecd thi\u1ebft b\u1ecb.<\/p><h3 data-start=\"1813\" data-end=\"1871\"><strong data-start=\"1817\" data-end=\"1869\">HI\u1ec6U QU\u1ea2 TH\u1ef0C T\u1ebe \u2013 GI\u1ea2M CHI PH\u00cd &amp; T\u0102NG HI\u1ec6U SU\u1ea4T<\/strong><\/h3><p data-start=\"1872\" data-end=\"2077\">\ud83d\udca1 <strong data-start=\"1875\" data-end=\"1911\">Gi\u1ea3m chi ph\u00ed b\u1ea3o tr\u00ec l\u00ean \u0111\u1ebfn 50%<\/strong><br data-start=\"1911\" data-end=\"1914\" \/>\ud83d\udca1 <strong data-start=\"1917\" data-end=\"1953\">K\u00e9o d\u00e0i tu\u1ed5i th\u1ecd d\u1ea7u g\u1ea5p 3-4 l\u1ea7n<\/strong><br data-start=\"1953\" data-end=\"1956\" \/>\ud83d\udca1 <strong data-start=\"1959\" data-end=\"2006\">Duy tr\u00ec \u0111\u1ed9 s\u1ea1ch d\u1ea7u \u0111\u1ea1t ti\u00eau chu\u1ea9n ISO 4406<\/strong><br data-start=\"2006\" data-end=\"2009\" \/>\ud83d\udca1 <strong data-start=\"2012\" data-end=\"2075\">T\u0103ng \u0111\u1ed9 tin c\u1eady &amp; hi\u1ec7u su\u1ea5t h\u1ec7 th\u1ed1ng b\u00f4i tr\u01a1n v\u00e0 \u0111i\u1ec1u khi\u1ec3n<\/strong><\/p>\t\t\t\t\t\t\t\t<\/div>\n\t\t\t\t<\/div>\n\t\t\t\t\t<\/div>\n\t\t<\/div>\n\t\t\t\t<div class=\"elementor-column elementor-col-33 elementor-top-column elementor-element elementor-element-3e8d361\" data-id=\"3e8d361\" data-element_type=\"column\">\n\t\t\t<div class=\"elementor-widget-wrap elementor-element-populated\">\n\t\t\t\t\t\t<div class=\"elementor-element elementor-element-edd3567 elementor-widget elementor-widget-image\" data-id=\"edd3567\" data-element_type=\"widget\" data-widget_type=\"image.default\">\n\t\t\t\t<div class=\"elementor-widget-container\">\n\t\t\t\t\t\t\t\t\t\t\t\t\t\t\t<img fetchpriority=\"high\" decoding=\"async\" width=\"800\" height=\"944\" src=\"https:\/\/fsv.com.vn\/wp-content\/uploads\/2025\/03\/Anh-man-hinh-2025-03-15-luc-16.18.05-868x1024.png\" class=\"attachment-large size-large wp-image-1871\" alt=\"\" srcset=\"https:\/\/fsv.com.vn\/wp-content\/uploads\/2025\/03\/Anh-man-hinh-2025-03-15-luc-16.18.05-868x1024.png 868w, https:\/\/fsv.com.vn\/wp-content\/uploads\/2025\/03\/Anh-man-hinh-2025-03-15-luc-16.18.05-254x300.png 254w, https:\/\/fsv.com.vn\/wp-content\/uploads\/2025\/03\/Anh-man-hinh-2025-03-15-luc-16.18.05-768x906.png 768w, https:\/\/fsv.com.vn\/wp-content\/uploads\/2025\/03\/Anh-man-hinh-2025-03-15-luc-16.18.05.png 970w\" sizes=\"(max-width: 800px) 100vw, 800px\" \/>\t\t\t\t\t\t\t\t\t\t\t\t\t\t\t<\/div>\n\t\t\t\t<\/div>\n\t\t\t\t<div class=\"elementor-element elementor-element-4dd7812 elementor-widget elementor-widget-text-editor\" data-id=\"4dd7812\" data-element_type=\"widget\" data-widget_type=\"text-editor.default\">\n\t\t\t\t<div class=\"elementor-widget-container\">\n\t\t\t\t\t\t\t\t\t<h5><a href=\"https:\/\/www.cjc.dk\/fileadmin\/root\/File_Admin_Filter\/doc_Customer_Cases\/Lube-Control-Oil_Power-Plant-USA_Combined-Cycle-Natural-Gas-Turbine_GE7FA_CCPO6048UK.pdf\"><span style=\"color: #ff9900;\">\u21d2 Lube &amp; Control Oil Combined Cycle, Natural Gas Turbine, GE7FA, Power Plant<\/span><\/a><br \/><br \/>V\u00e0 nhi\u1ec1u tr\u01b0\u1eddng h\u1ee3p th\u1ef1c t\u1ebf kh\u00e1c tham kh\u1ea3o t\u1ea1i \u0111\u00e2y: <a href=\"https:\/\/www.cjc.dk\/system-solutions\/power\/gas-turbine-combined-lube-and-control-oil\/\"><strong><span style=\"color: #ff9900;\">CJC case studies<\/span><\/strong><\/a><\/h5>\t\t\t\t\t\t\t\t<\/div>\n\t\t\t\t<\/div>\n\t\t\t\t\t<\/div>\n\t\t<\/div>\n\t\t\t\t\t<\/div>\n\t\t<\/section>\n\t\t\t\t<section class=\"elementor-section elementor-top-section elementor-element elementor-element-3508400 elementor-section-boxed elementor-section-height-default elementor-section-height-default\" data-id=\"3508400\" data-element_type=\"section\">\n\t\t\t\t\t\t<div class=\"elementor-container elementor-column-gap-default\">\n\t\t\t\t\t<div class=\"elementor-column elementor-col-100 elementor-top-column elementor-element elementor-element-452b50f\" data-id=\"452b50f\" data-element_type=\"column\">\n\t\t\t<div class=\"elementor-widget-wrap elementor-element-populated\">\n\t\t\t\t\t\t<div class=\"elementor-element elementor-element-1042927 elementor-widget elementor-widget-spacer\" data-id=\"1042927\" data-element_type=\"widget\" data-widget_type=\"spacer.default\">\n\t\t\t\t<div class=\"elementor-widget-container\">\n\t\t\t\t\t\t\t<div class=\"elementor-spacer\">\n\t\t\t<div class=\"elementor-spacer-inner\"><\/div>\n\t\t<\/div>\n\t\t\t\t\t\t<\/div>\n\t\t\t\t<\/div>\n\t\t\t\t\t<\/div>\n\t\t<\/div>\n\t\t\t\t\t<\/div>\n\t\t<\/section>\n\t\t\t\t<\/div>\n\t\t","protected":false},"excerpt":{"rendered":"<p>GI\u1ea2I PH\u00c1P L\u1eccC D\u1ea6U CJC\u00ae CHO H\u1ec6 TH\u1ed0NG D\u1ea6U B\u00d4I TR\u01a0N &amp; \u0110I\u1ec0U KHI\u1ec2N TUA-BIN KH\u00cd \u2013 \u0110\u1ea2M B\u1ea2O HI\u1ec6U SU\u1ea4T &amp; \u0110\u1ed8 TIN C\u1eacY B\u1ea2O V\u1ec6 H\u1ec6 TH\u1ed0NG D\u1ea6U B\u00d4I TR\u01a0N V\u00c0 \u0110I\u1ec0U KHI\u1ec2N TUA-BIN KH\u00cd Trong c\u00e1c nh\u00e0 m\u00e1y \u0111i\u1ec7n chu tr\u00ecnh h\u1ed7n h\u1ee3p (CCGT) v\u00e0 tua-bin kh\u00ed \u0111\u1ed9c l\u1eadp, d\u1ea7u b\u00f4i tr\u01a1n [&hellip;]<\/p>\n","protected":false},"author":1,"featured_media":0,"parent":144,"menu_order":4,"comment_status":"closed","ping_status":"closed","template":"","meta":{"footnotes":""},"class_list":["post-202","page","type-page","status-publish","hentry"],"_links":{"self":[{"href":"https:\/\/fsv.com.vn\/index.php\/wp-json\/wp\/v2\/pages\/202","targetHints":{"allow":["GET"]}}],"collection":[{"href":"https:\/\/fsv.com.vn\/index.php\/wp-json\/wp\/v2\/pages"}],"about":[{"href":"https:\/\/fsv.com.vn\/index.php\/wp-json\/wp\/v2\/types\/page"}],"author":[{"embeddable":true,"href":"https:\/\/fsv.com.vn\/index.php\/wp-json\/wp\/v2\/users\/1"}],"replies":[{"embeddable":true,"href":"https:\/\/fsv.com.vn\/index.php\/wp-json\/wp\/v2\/comments?post=202"}],"version-history":[{"count":23,"href":"https:\/\/fsv.com.vn\/index.php\/wp-json\/wp\/v2\/pages\/202\/revisions"}],"predecessor-version":[{"id":1875,"href":"https:\/\/fsv.com.vn\/index.php\/wp-json\/wp\/v2\/pages\/202\/revisions\/1875"}],"up":[{"embeddable":true,"href":"https:\/\/fsv.com.vn\/index.php\/wp-json\/wp\/v2\/pages\/144"}],"wp:attachment":[{"href":"https:\/\/fsv.com.vn\/index.php\/wp-json\/wp\/v2\/media?parent=202"}],"curies":[{"name":"wp","href":"https:\/\/api.w.org\/{rel}","templated":true}]}}