{"id":196,"date":"2023-03-28T07:53:50","date_gmt":"2023-03-28T00:53:50","guid":{"rendered":"https:\/\/fsv.com.vn\/?page_id=196"},"modified":"2026-04-01T14:39:58","modified_gmt":"2026-04-01T07:39:58","slug":"tuabin-thuy-dien","status":"publish","type":"page","link":"https:\/\/fsv.com.vn\/index.php\/giai-phap\/nha-may-dien\/tuabin-thuy-dien\/","title":{"rendered":"Tuabin Thu\u1ef7 \u0111i\u1ec7n"},"content":{"rendered":"\t\t<div data-elementor-type=\"wp-page\" data-elementor-id=\"196\" class=\"elementor elementor-196\" data-elementor-post-type=\"page\">\n\t\t\t\t\t\t<section class=\"elementor-section elementor-top-section elementor-element elementor-element-4f5564b elementor-section-boxed elementor-section-height-default elementor-section-height-default\" data-id=\"4f5564b\" data-element_type=\"section\">\n\t\t\t\t\t\t<div class=\"elementor-container elementor-column-gap-default\">\n\t\t\t\t\t<div class=\"elementor-column elementor-col-100 elementor-top-column elementor-element elementor-element-1da1eda\" data-id=\"1da1eda\" data-element_type=\"column\">\n\t\t\t<div class=\"elementor-widget-wrap elementor-element-populated\">\n\t\t\t\t\t\t<div class=\"elementor-element elementor-element-ecba86e elementor-widget elementor-widget-spacer\" data-id=\"ecba86e\" data-element_type=\"widget\" data-widget_type=\"spacer.default\">\n\t\t\t\t<div class=\"elementor-widget-container\">\n\t\t\t\t\t\t\t<div class=\"elementor-spacer\">\n\t\t\t<div class=\"elementor-spacer-inner\"><\/div>\n\t\t<\/div>\n\t\t\t\t\t\t<\/div>\n\t\t\t\t<\/div>\n\t\t\t\t\t<\/div>\n\t\t<\/div>\n\t\t\t\t\t<\/div>\n\t\t<\/section>\n\t\t\t\t<section class=\"elementor-section elementor-top-section elementor-element elementor-element-40b3206 elementor-section-boxed elementor-section-height-default elementor-section-height-default\" data-id=\"40b3206\" data-element_type=\"section\">\n\t\t\t\t\t\t<div class=\"elementor-container elementor-column-gap-default\">\n\t\t\t\t\t<div class=\"elementor-column elementor-col-100 elementor-top-column elementor-element elementor-element-713050b\" data-id=\"713050b\" data-element_type=\"column\">\n\t\t\t<div class=\"elementor-widget-wrap elementor-element-populated\">\n\t\t\t\t\t\t<div class=\"elementor-element elementor-element-f4cd863 elementor-widget elementor-widget-text-editor\" data-id=\"f4cd863\" data-element_type=\"widget\" data-widget_type=\"text-editor.default\">\n\t\t\t\t<div class=\"elementor-widget-container\">\n\t\t\t\t\t\t\t\t\t<h4 data-start=\"0\" data-end=\"97\"><span style=\"color: #000000;\">Gi\u1ea3i Ph\u00e1p L\u1ecdc D\u1ea7u CJC\u00ae Cho Tua-bin Th\u1ee7y \u0110i\u1ec7n: <\/span><\/h4><p data-start=\"0\" data-end=\"97\"><strong><span style=\"color: #000000;\">B\u1ea3o V\u1ec7 Hi\u1ec7u Su\u1ea5t V\u00e0 K\u00e9o D\u00e0i Tu\u1ed5i Th\u1ecd H\u1ec7 Th\u1ed1ng<\/span><\/strong><\/p><p data-start=\"0\" data-end=\"97\"><span style=\"color: #000000;\"> Trong v\u1eadn h\u00e0nh nh\u00e0 m\u00e1y th\u1ee7y \u0111i\u1ec7n, d\u1ea7u b\u00f4i tr\u01a1n v\u00e0 d\u1ea7u \u0111i\u1ec1u khi\u1ec3n l\u00e0 y\u1ebfu t\u1ed1 c\u1ed1t l\u00f5i \u0111\u1ea3m b\u1ea3o s\u1ef1 ho\u1ea1t \u0111\u1ed9ng \u1ed5n \u0111\u1ecbnh c\u1ee7a tua-bin, m\u00e1y ph\u00e1t \u0111i\u1ec7n v\u00e0 h\u1ec7 th\u1ed1ng th\u1ee7y l\u1ef1c. Vi\u1ec7c duy tr\u00ec \u0111\u1ed9 s\u1ea1ch c\u1ee7a d\u1ea7u kh\u00f4ng ch\u1ec9 l\u00e0 y\u00eau c\u1ea7u k\u1ef9 thu\u1eadt m\u00e0 c\u00f2n l\u00e0 y\u1ebfu t\u1ed1 quy\u1ebft \u0111\u1ecbnh \u0111\u1ebfn t\u00ednh kinh t\u1ebf v\u00e0 tu\u1ed5i th\u1ecd c\u1ee7a to\u00e0n b\u1ed9 nh\u00e0 m\u00e1y. <\/span><\/p><p data-start=\"0\" data-end=\"97\"><span style=\"color: #000000;\">Th\u00e1ch th\u1ee9c trong qu\u1ea3n l\u00fd d\u1ea7u t\u1ea1i c\u00e1c nh\u00e0 m\u00e1y th\u1ee7y \u0111i\u1ec7n D\u1ea7u trong h\u1ec7 th\u1ed1ng tua-bin th\u01b0\u1eddng xuy\u00ean ph\u1ea3i \u0111\u1ed1i m\u1eb7t v\u1edbi t\u00ecnh tr\u1ea1ng nhi\u1ec5m b\u1ea9n t\u1eeb ba ngu\u1ed3n ch\u00ednh: n\u01b0\u1edbc, h\u1ea1t r\u1eafn v\u00e0 c\u00e1c s\u1ea3n ph\u1ea9m oxy h\u00f3a (varnish). N\u1ebfu kh\u00f4ng \u0111\u01b0\u1ee3c x\u1eed l\u00fd k\u1ecbp th\u1eddi, c\u00e1c t\u00e1c nh\u00e2n n\u00e0y s\u1ebd g\u00e2y ra nh\u1eefng h\u1ec7 l\u1ee5y nghi\u00eam tr\u1ecdng: <\/span><\/p><ul><li data-start=\"0\" data-end=\"97\"><span style=\"color: #000000;\">M\u00e0i m\u00f2n c\u01a1 kh\u00ed: C\u00e1c h\u1ea1t r\u1eafn g\u00e2y h\u1ecfng h\u00f3c v\u00f2ng bi, c\u00e1nh ph\u1edbt v\u00e0 c\u00e1c b\u1ec1 m\u1eb7t ti\u1ebfp x\u00fac trong b\u01a1m. <\/span><\/li><li data-start=\"0\" data-end=\"97\"><span style=\"color: #000000;\">Suy gi\u1ea3m \u0111\u1eb7c t\u00ednh b\u00f4i tr\u01a1n: N\u01b0\u1edbc v\u00e0 nhi\u1ec7t \u0111\u1ed9 cao l\u00e0m bi\u1ebfn ch\u1ea5t d\u1ea7u, g\u00e2y hi\u1ec7n t\u01b0\u1ee3ng qu\u00e1 nhi\u1ec7t v\u00e0 t\u0103ng ti\u00eau hao n\u0103ng l\u01b0\u1ee3ng. <\/span><\/li><li data-start=\"0\" data-end=\"97\"><span style=\"color: #000000;\">T\u1eafc ngh\u1ebdn h\u1ec7 th\u1ed1ng \u0111i\u1ec1u khi\u1ec3n: C\u1eb7n b\u1ea9n l\u00e0m ch\u1eadm t\u1ed1c \u0111\u1ed9 ph\u1ea3n \u1ee9ng c\u1ee7a c\u00e1c van \u0111i\u1ec1u ti\u1ebft, g\u00e2y m\u1ea5t an to\u00e0n trong v\u1eadn h\u00e0nh. <\/span><\/li><li data-start=\"0\" data-end=\"97\"><span style=\"color: #000000;\">Ph\u00e1t sinh chi ph\u00ed: T\u0103ng t\u1ea7n su\u1ea5t b\u1ea3o tr\u00ec, thay th\u1ebf ph\u1ee5 t\u00f9ng v\u00e0 \u0111\u1eb7c bi\u1ec7t l\u00e0 t\u1ed5n th\u1ea5t kinh t\u1ebf do th\u1eddi gian ng\u1eebng m\u00e1y \u0111\u1ed9t xu\u1ea5t. <\/span><\/li><\/ul><p data-start=\"0\" data-end=\"97\"><span style=\"color: #000000;\">Gi\u1ea3i ph\u00e1p l\u1ecdc d\u1ea7u CJC\u00ae t\u1eeb C.C.JENSEN Gi\u1ea3i ph\u00e1p l\u1ecdc d\u1ea7u offline CJC\u00ae \u0111\u01b0\u1ee3c thi\u1ebft k\u1ebf \u0111\u1ec3 lo\u1ea1i b\u1ecf tri\u1ec7t \u0111\u1ec3 c\u00e1c t\u1ea1p ch\u1ea5t, \u0111\u1ea3m b\u1ea3o d\u1ea7u lu\u00f4n trong t\u00ecnh tr\u1ea1ng s\u1ea1ch v\u00e0 kh\u00f4 tuy\u1ec7t \u0111\u1ed1i. \u0110\u00e2y l\u00e0 h\u1ec7 th\u1ed1ng l\u1ecdc ph\u1ee5 tu\u1ea7n ho\u00e0n li\u00ean t\u1ee5c, ho\u1ea1t \u0111\u1ed9ng \u0111\u1ed9c l\u1eadp v\u1edbi h\u1ec7 th\u1ed1ng ch\u00ednh. <\/span><\/p><p data-start=\"0\" data-end=\"97\">\u00a0<\/p><p data-start=\"0\" data-end=\"97\"><span style=\"color: #000000;\"><strong>\u01afu \u0111i\u1ec3m v\u01b0\u1ee3t tr\u1ed9i c\u1ee7a c\u00f4ng ngh\u1ec7 l\u1ecdc CJC\u00ae:<\/strong> <\/span><\/p><ol><li data-start=\"0\" data-end=\"97\"><span style=\"color: #000000;\">Lo\u1ea1i b\u1ecf n\u01b0\u1edbc v\u00e0 \u0111\u1ed9 \u1ea9m: Ng\u0103n ng\u1eeba hi\u1ec7u qu\u1ea3 qu\u00e1 tr\u00ecnh \u0103n m\u00f2n kim lo\u1ea1i v\u00e0 nh\u0169 h\u00f3a d\u1ea7u. <\/span><\/li><li data-start=\"0\" data-end=\"97\"><span style=\"color: #000000;\">Lo\u1ea1i b\u1ecf h\u1ea1t r\u1eafn v\u00e0 c\u1eb7n b\u1ea9n: Gi\u1eef \u0111\u1ed9 s\u1ea1ch c\u1ee7a d\u1ea7u \u1edf m\u1ee9c t\u1ed1i \u01b0u, gi\u1ea3m thi\u1ec3u ma s\u00e1t v\u00e0 m\u00e0i m\u00f2n thi\u1ebft b\u1ecb. <\/span><\/li><li data-start=\"0\" data-end=\"97\"><span style=\"color: #000000;\">H\u1ea5p th\u1ee5 s\u1ea3n ph\u1ea9m oxy h\u00f3a (Varnish): Ng\u0103n ch\u1eb7n s\u1ef1 h\u00ecnh th\u00e0nh m\u00e0ng b\u00e1m tr\u00ean c\u00e1c van \u0111i\u1ec1u khi\u1ec3n v\u00e0 b\u1ed9 trao \u0111\u1ed5i nhi\u1ec7t. <\/span><\/li><li data-start=\"0\" data-end=\"97\"><span style=\"color: #000000;\">K\u00e9o d\u00e0i tu\u1ed5i th\u1ecd d\u1ea7u: Gi\u1ea3m t\u1ea7n su\u1ea5t thay d\u1ea7u m\u1edbi, gi\u00fap doanh nghi\u1ec7p ti\u1ebft ki\u1ec7m chi ph\u00ed v\u1eadn h\u00e0nh v\u00e0 b\u1ea3o v\u1ec7 m\u00f4i tr\u01b0\u1eddng. <\/span><\/li><li data-start=\"0\" data-end=\"97\"><span style=\"color: #000000;\">V\u1eadn h\u00e0nh li\u00ean t\u1ee5c 24\/7: Qu\u00e1 tr\u00ecnh l\u1ecdc di\u1ec5n ra ngay c\u1ea3 khi nh\u00e0 m\u00e1y \u0111ang ho\u1ea1t \u0111\u1ed9ng, kh\u00f4ng l\u00e0m gi\u00e1n \u0111o\u1ea1n quy tr\u00ecnh s\u1ea3n xu\u1ea5t. <\/span><\/li><\/ol><p data-start=\"0\" data-end=\"97\">\u00a0<\/p><p data-start=\"0\" data-end=\"97\"><span style=\"color: #000000;\"><strong>Ph\u1ea1m vi \u1ee9ng d\u1ee5ng trong h\u1ec7 th\u1ed1ng th\u1ee7y \u0111i\u1ec7n H\u1ec7 th\u1ed1ng l\u1ecdc CJC\u00ae \u0111\u01b0\u1ee3c t\u00f9y ch\u1ec9nh \u0111\u1ec3 ph\u00f9 h\u1ee3p v\u1edbi nhi\u1ec1u v\u1ecb tr\u00ed tr\u1ecdng y\u1ebfu:<\/strong> <\/span><\/p><ul><li data-start=\"0\" data-end=\"97\"><span style=\"color: #000000;\">H\u1ec7 th\u1ed1ng d\u1ea7u b\u00f4i tr\u01a1n tua-bin: B\u1ea3o v\u1ec7 \u1ed5 tr\u1ee5c v\u00e0 c\u00e1c chi ti\u1ebft chuy\u1ec3n \u0111\u1ed9ng quan tr\u1ecdng.<\/span><\/li><li data-start=\"0\" data-end=\"97\">H\u1ec7 th\u1ed1ng d\u1ea7u \u0111i\u1ec1u khi\u1ec3n th\u1ee7y l\u1ef1c (Governor): \u0110\u1ea3m b\u1ea3o \u0111\u1ed9 ch\u00ednh x\u00e1c v\u00e0 nh\u1ea1y b\u00e9n c\u1ee7a h\u1ec7 th\u1ed1ng \u0111i\u1ec1u t\u1ed1c.<\/li><li data-start=\"0\" data-end=\"97\">H\u1ec7 th\u1ed1ng d\u1ea7u h\u1ed9p s\u1ed1: H\u1ea1n ch\u1ebf m\u00e0i m\u00f2n b\u00e1nh r\u0103ng v\u00e0 k\u00e9o d\u00e0i th\u1eddi gian s\u1eed d\u1ee5ng thi\u1ebft b\u1ecb.<\/li><\/ul><p data-start=\"0\" data-end=\"97\">\u00a0<\/p><p data-start=\"0\" data-end=\"97\"><strong><span style=\"color: #000000;\">Hi\u1ec7u qu\u1ea3 kinh t\u1ebf v\u00e0 v\u1eadn h\u00e0nh th\u1ef1c t\u1ebf Vi\u1ec7c \u00e1p d\u1ee5ng gi\u1ea3i ph\u00e1p l\u1ecdc d\u1ea7u CJC\u00ae mang l\u1ea1i nh\u1eefng ch\u1ec9 s\u1ed1 \u1ea5n t\u01b0\u1ee3ng trong qu\u1ea3n l\u00fd t\u00e0i s\u1ea3n:<\/span><\/strong><\/p><ul><li data-start=\"0\" data-end=\"97\"><span style=\"color: #000000;\">Chi ph\u00ed b\u1ea3o tr\u00ec: Gi\u1ea3m l\u00ean \u0111\u1ebfn 50%<\/span><\/li><li data-start=\"0\" data-end=\"97\"><span style=\"color: #000000;\">Tu\u1ed5i th\u1ecd d\u1ea7u: K\u00e9o d\u00e0i g\u1ea5p 3-4 l\u1ea7n so v\u1edbi th\u00f4ng th\u01b0\u1eddng<\/span><\/li><li data-start=\"0\" data-end=\"97\"><span style=\"color: #000000;\">Ti\u00eau chu\u1ea9n \u0111\u1ed9 s\u1ea1ch: Lu\u00f4n duy tr\u00ec \u0111\u1ea1t chu\u1ea9n ISO 4406<\/span><\/li><li data-start=\"0\" data-end=\"97\"><span style=\"color: #000000;\">\u0110\u1ed9 tin c\u1eady h\u1ec7 th\u1ed1ng: T\u0103ng \u0111\u00e1ng k\u1ec3, gi\u1ea3m thi\u1ec3u r\u1ee7i ro d\u1eebng m\u00e1y ngo\u00e0i k\u1ebf ho\u1ea1ch<\/span><\/li><\/ul><p><span style=\"color: #000000;\">V\u1edbi gi\u1ea3i ph\u00e1p t\u1eeb C.C.JENSEN, c\u00e1c nh\u00e0 m\u00e1y th\u1ee7y \u0111i\u1ec7n c\u00f3 th\u1ec3 t\u1ed1i \u01b0u h\u00f3a quy tr\u00ecnh b\u1ea3o tr\u00ec t\u1eeb h\u00ecnh th\u1ee9c kh\u1eafc ph\u1ee5c sang b\u1ea3o tr\u00ec ch\u1ee7 \u0111\u1ed9ng, \u0111\u1ea3m b\u1ea3o an ninh n\u0103ng l\u01b0\u1ee3ng v\u00e0 hi\u1ec7u qu\u1ea3 \u0111\u1ea7u t\u01b0 l\u00e2u d\u00e0i.<\/span><\/p>\t\t\t\t\t\t\t\t<\/div>\n\t\t\t\t<\/div>\n\t\t\t\t\t<\/div>\n\t\t<\/div>\n\t\t\t\t\t<\/div>\n\t\t<\/section>\n\t\t<div class=\"elementor-element elementor-element-b4a5a56 e-flex e-con-boxed e-con e-parent\" data-id=\"b4a5a56\" data-element_type=\"container\">\n\t\t\t\t\t<div class=\"e-con-inner\">\n\t\t<div class=\"elementor-element elementor-element-9e42e66 e-con-full e-flex e-con e-child\" data-id=\"9e42e66\" data-element_type=\"container\">\n\t\t\t\t<div class=\"elementor-element elementor-element-94746c3 elementor-widget elementor-widget-image\" data-id=\"94746c3\" data-element_type=\"widget\" data-widget_type=\"image.default\">\n\t\t\t\t<div class=\"elementor-widget-container\">\n\t\t\t\t\t\t\t\t\t\t\t\t\t\t\t<img fetchpriority=\"high\" decoding=\"async\" width=\"800\" height=\"645\" src=\"https:\/\/fsv.com.vn\/wp-content\/uploads\/2026\/04\/Screenshot-2026-04-01-at-14.20.08.png\" class=\"attachment-large size-large wp-image-2400\" alt=\"\" srcset=\"https:\/\/fsv.com.vn\/wp-content\/uploads\/2026\/04\/Screenshot-2026-04-01-at-14.20.08.png 896w, https:\/\/fsv.com.vn\/wp-content\/uploads\/2026\/04\/Screenshot-2026-04-01-at-14.20.08-300x242.png 300w, https:\/\/fsv.com.vn\/wp-content\/uploads\/2026\/04\/Screenshot-2026-04-01-at-14.20.08-768x619.png 768w\" sizes=\"(max-width: 800px) 100vw, 800px\" \/>\t\t\t\t\t\t\t\t\t\t\t\t\t\t\t<\/div>\n\t\t\t\t<\/div>\n\t\t\t\t<div class=\"elementor-element elementor-element-95822ae elementor-widget elementor-widget-image\" data-id=\"95822ae\" data-element_type=\"widget\" data-widget_type=\"image.default\">\n\t\t\t\t<div class=\"elementor-widget-container\">\n\t\t\t\t\t\t\t\t\t\t\t\t\t\t\t<img decoding=\"async\" width=\"563\" height=\"1024\" src=\"https:\/\/fsv.com.vn\/wp-content\/uploads\/2025\/03\/Anh-man-hinh-2025-03-15-luc-16.09.50-563x1024.png\" class=\"attachment-large size-large wp-image-1867\" alt=\"\" srcset=\"https:\/\/fsv.com.vn\/wp-content\/uploads\/2025\/03\/Anh-man-hinh-2025-03-15-luc-16.09.50-563x1024.png 563w, https:\/\/fsv.com.vn\/wp-content\/uploads\/2025\/03\/Anh-man-hinh-2025-03-15-luc-16.09.50-165x300.png 165w, https:\/\/fsv.com.vn\/wp-content\/uploads\/2025\/03\/Anh-man-hinh-2025-03-15-luc-16.09.50.png 642w\" sizes=\"(max-width: 563px) 100vw, 563px\" \/>\t\t\t\t\t\t\t\t\t\t\t\t\t\t\t<\/div>\n\t\t\t\t<\/div>\n\t\t\t\t<\/div>\n\t\t<div class=\"elementor-element elementor-element-231c167 e-con-full e-flex e-con e-child\" data-id=\"231c167\" data-element_type=\"container\">\n\t\t\t\t<div class=\"elementor-element elementor-element-45be546 elementor-widget elementor-widget-text-editor\" data-id=\"45be546\" data-element_type=\"widget\" data-widget_type=\"text-editor.default\">\n\t\t\t\t<div class=\"elementor-widget-container\">\n\t\t\t\t\t\t\t\t\t<h4 data-start=\"0\" data-end=\"97\"><span style=\"color: #000000;\">Tr\u01b0\u1eddng h\u1ee3p th\u1ef1c t\u1ebf:<\/span><\/h4><p data-start=\"0\" data-end=\"97\">B\u1eb1ng vi\u1ec7c l\u1eafp \u0111\u1eb7t b\u1ed9 l\u1ecdc tinh CJC\u00ae, h\u1ec7 th\u1ed1ng \u0111\u00e3 \u0111\u1ea1t \u0111\u01b0\u1ee3c c\u00e1c l\u1ee3i \u00edch thi\u1ebft th\u1ef1c sau:<\/p><ul><li data-start=\"0\" data-end=\"97\"><strong>\u0110\u1ea3m b\u1ea3o ch\u1ea5t l\u01b0\u1ee3ng d\u1ea7u:<\/strong> C\u00e1c \u0111\u1eb7c t\u00ednh k\u1ef9 thu\u1eadt c\u1ee7a d\u1ea7u lu\u00f4n duy tr\u00ec \u1ed5n \u0111\u1ecbnh trong ph\u1ea1m vi ti\u00eau chu\u1ea9n cho ph\u00e9p.<\/li><li data-start=\"0\" data-end=\"97\"><strong>Ti\u1ebft ki\u1ec7m chi ph\u00ed thay d\u1ea7u:<\/strong> Lo\u1ea1i b\u1ecf ho\u00e0n to\u00e0n vi\u1ec7c thay d\u1ea7u \u0111\u1ecbnh k\u1ef3, t\u1eeb \u0111\u00f3 c\u1eaft gi\u1ea3m chi ph\u00ed mua d\u1ea7u m\u1edbi.<\/li><li data-start=\"0\" data-end=\"97\"><strong>Gi\u1ea3m t\u00e1c \u0111\u1ed9ng m\u00f4i tr\u01b0\u1eddng:<\/strong> Gi\u1ea3m thi\u1ec3u l\u01b0\u1ee3ng d\u1ea7u th\u1ea3i ra m\u00f4i tr\u01b0\u1eddng, g\u00f3p ph\u1ea7n th\u1ef1c hi\u1ec7n m\u1ee5c ti\u00eau ph\u00e1t tri\u1ec3n b\u1ec1n v\u1eefng.<\/li><\/ul><p>\u00a0<\/p><p><strong>Kh\u00e1ch h\u00e0ng: <\/strong>Compagnie Nationale du Rh\u00f4ne (CNR) \u2013 Nh\u00e0 s\u1ea3n xu\u1ea5t th\u1ee7y \u0111i\u1ec7n h\u00e0ng \u0111\u1ea7u t\u1ea1i Ph\u00e1p, v\u1eadn h\u00e0nh c\u00e1c nh\u00e0 m\u00e1y d\u1ecdc theo l\u01b0u v\u1ef1c s\u00f4ng Rhone.<\/p><p><strong>H\u1ec7 th\u1ed1ng thi\u1ebft b\u1ecb:<\/strong><\/p><ul><li>C\u1ea5u h\u00ecnh: 6 t\u1ed5 m\u00e1y Tua-bin Kaplan, c\u00f4ng su\u1ea5t 30 MW m\u1ed7i t\u1ed5 m\u00e1y (T\u1ed5ng c\u00f4ng su\u1ea5t 180 MW).<\/li><li>\u1ee8ng d\u1ee5ng: H\u1ec7 th\u1ed1ng d\u1ea7u \u0111i\u1ec1u khi\u1ec3n tua-bin th\u1ee7y l\u1ef1c.<\/li><li>Lo\u1ea1i d\u1ea7u s\u1eed d\u1ee5ng: MOBIL TERESSTIC T 68.<\/li><li>T\u1ed5ng th\u1ec3 t\u00edch d\u1ea7u: 20.000 l\u00edt.<\/li><\/ul><p>\u00a0<\/p><p><strong>Gi\u1ea3i ph\u00e1p k\u1ef9 thu\u1eadt<\/strong><\/p><p>C.C.JENSEN \u0111\u00e3 cung c\u1ea5p 06 b\u1ed9 l\u1ecdc tinh CJC\u00ae HDU 2&#215;27\/108 cho h\u1ec7 th\u1ed1ng tua-bin v\u00e0 01 b\u1ed9 l\u1ecdc tinh CJC\u00ae HDU 27\/108 cho hai h\u1ec7 th\u1ed1ng th\u1ee7y l\u1ef1c \u0111i\u1ec1u khi\u1ec3n x\u1ea3 n\u01b0\u1edbc kh\u1ea9n c\u1ea5p. C\u00e1c h\u1ec7 th\u1ed1ng n\u00e0y \u0111\u01b0\u1ee3c l\u1ef1a ch\u1ecdn nh\u1edd hi\u1ec7u su\u1ea5t v\u01b0\u1ee3t tr\u1ed9i trong vi\u1ec7c lo\u1ea1i b\u1ecf h\u1ea1t r\u1eafn v\u00e0 varnish (nh\u1ef1a d\u1ea7u) trong c\u1ea3 giai \u0111o\u1ea1n ch\u1ea1y th\u1eed v\u00e0 v\u1eadn h\u00e0nh ch\u00ednh th\u1ee9c.M\u1ed7i b\u1ed9 l\u1ecdc s\u1eed d\u1ee5ng l\u00f5i l\u1ecdc CJC\u00ae B 27\/27 v\u1edbi \u0111\u1ed9 tinh l\u1ecdc 3 micron tuy\u1ec7t \u0111\u1ed1i. Ngo\u00e0i ra, l\u00f5i l\u1ecdc c\u00f2n c\u00f3 kh\u1ea3 n\u0103ng h\u1ea5p th\u1ee5 \u0111\u1ed9 \u1ea9m v\u00e0 lo\u1ea1i b\u1ecf varnish th\u00f4ng qua c\u01a1 ch\u1ebf h\u1ea5p ph\u1ee5.<\/p><p><strong>Hi\u1ec7u qu\u1ea3 kinh t\u1ebf<\/strong><\/p><ul><li>Vi\u1ec7c l\u1eafp \u0111\u1eb7t c\u00e1c b\u1ed9 l\u1ecdc d\u1ea7u CJC\u00ae \u0111\u00e3 mang l\u1ea1i hi\u1ec7u qu\u1ea3 kinh t\u1ebf l\u1edbn nh\u1edd lo\u1ea1i b\u1ecf nhu c\u1ea7u thay d\u1ea7u:<\/li><li>Ti\u1ebft ki\u1ec7m d\u1ea7u v\u00e0 gi\u1ea3m thi\u1ec3u s\u1ef1 c\u1ed1: Tr\u00e1nh \u0111\u01b0\u1ee3c vi\u1ec7c thay th\u1ebf ho\u00e0n to\u00e0n 20.000 l\u00edt d\u1ea7u cho m\u1ed7i tua-bin v\u00e0 ti\u1ebft ki\u1ec7m \u0111\u01b0\u1ee3c 2 tu\u1ea7n nh\u00e2n c\u00f4ng th\u1ef1c hi\u1ec7n.<\/li><li>T\u1ed1i \u01b0u h\u00f3a b\u1ed9 l\u1ecdc tr\u00ean \u0111\u01b0\u1eddng \u1ed1ng (In-line filters): Tr\u01b0\u1edbc khi l\u1eafp \u0111\u1eb7t CJC\u00ae, c\u00e1c b\u1ed9 l\u1ecdc tr\u00ean \u0111\u01b0\u1eddng \u1ed1ng ph\u1ea3i b\u1ea3o tr\u00ec \u0111\u1ecbnh k\u1ef3 2-3 th\u00e1ng\/l\u1ea7n; sau khi l\u1eafp \u0111\u1eb7t, th\u1eddi gian b\u1ea3o tr\u00ec \u0111\u01b0\u1ee3c k\u00e9o d\u00e0i l\u00ean m\u1ee9c h\u00e0ng n\u0103m.<\/li><li>V\u1eadn h\u00e0nh \u1ed5n \u0111\u1ecbnh: H\u1ec7 th\u1ed1ng \u0111i\u1ec1u khi\u1ec3n tua-bin th\u1ee7y l\u1ef1c ho\u1ea1t \u0111\u1ed9ng tr\u01a1n tru gi\u00fap nh\u00e0 m\u00e1y tr\u00e1nh \u0111\u01b0\u1ee3c c\u00e1c kho\u1ea3n ph\u1ea1t do th\u1eeba ho\u1eb7c thi\u1ebfu s\u1ea3n l\u01b0\u1ee3ng \u0111i\u1ec7n, nh\u1edd v\u00e0o kh\u1ea3 n\u0103ng \u0111i\u1ec1u ti\u1ebft v\u00e0 ki\u1ec3m so\u00e1t ch\u00ednh x\u00e1c l\u01b0u l\u01b0\u1ee3ng c\u0169ng nh\u01b0 th\u1ec3 t\u00edch n\u01b0\u1edbc.<\/li><\/ul><p>\u00a0<\/p><p><strong>L\u1ee3i \u00edch m\u00f4i tr\u01b0\u1eddng<\/strong><\/p><p>Vi\u1ec7c lo\u1ea1i b\u1ecf c\u00e1c \u0111\u1ee3t thay d\u1ea7u kh\u00f4ng ch\u1ec9 gi\u1ea3m \u0111\u00e1ng k\u1ec3 d\u1ea5u ch\u00e2n carbon c\u1ee7a nh\u00e0 m\u00e1y th\u1ee7y \u0111i\u1ec7n m\u00e0 c\u00f2n \u0111\u00f3ng g\u00f3p tr\u1ef1c ti\u1ebfp v\u00e0o m\u1ee5c ti\u00eau chi\u1ebfn l\u01b0\u1ee3c c\u1ee7a CNR trong vi\u1ec7c tr\u1edf th\u00e0nh m\u1ed9t doanh nghi\u1ec7p trung h\u00f2a carbon (CO2 neutral).<\/p>\t\t\t\t\t\t\t\t<\/div>\n\t\t\t\t<\/div>\n\t\t\t\t<\/div>\n\t\t\t\t\t<\/div>\n\t\t\t\t<\/div>\n\t\t\t\t<section class=\"elementor-section elementor-top-section elementor-element elementor-element-c57bcf7 elementor-section-boxed elementor-section-height-default elementor-section-height-default\" data-id=\"c57bcf7\" data-element_type=\"section\">\n\t\t\t\t\t\t<div class=\"elementor-container elementor-column-gap-default\">\n\t\t\t\t\t<div class=\"elementor-column elementor-col-100 elementor-top-column elementor-element elementor-element-bcf7fa8\" data-id=\"bcf7fa8\" data-element_type=\"column\">\n\t\t\t<div class=\"elementor-widget-wrap elementor-element-populated\">\n\t\t\t\t\t\t<div class=\"elementor-element elementor-element-65d69e9 elementor-widget elementor-widget-spacer\" data-id=\"65d69e9\" data-element_type=\"widget\" data-widget_type=\"spacer.default\">\n\t\t\t\t<div class=\"elementor-widget-container\">\n\t\t\t\t\t\t\t<div class=\"elementor-spacer\">\n\t\t\t<div class=\"elementor-spacer-inner\"><\/div>\n\t\t<\/div>\n\t\t\t\t\t\t<\/div>\n\t\t\t\t<\/div>\n\t\t\t\t\t<\/div>\n\t\t<\/div>\n\t\t\t\t\t<\/div>\n\t\t<\/section>\n\t\t\t\t<\/div>\n\t\t","protected":false},"excerpt":{"rendered":"<p>Gi\u1ea3i Ph\u00e1p L\u1ecdc D\u1ea7u CJC\u00ae Cho Tua-bin Th\u1ee7y \u0110i\u1ec7n: B\u1ea3o V\u1ec7 Hi\u1ec7u Su\u1ea5t V\u00e0 K\u00e9o D\u00e0i Tu\u1ed5i Th\u1ecd H\u1ec7 Th\u1ed1ng Trong v\u1eadn h\u00e0nh nh\u00e0 m\u00e1y th\u1ee7y \u0111i\u1ec7n, d\u1ea7u b\u00f4i tr\u01a1n v\u00e0 d\u1ea7u \u0111i\u1ec1u khi\u1ec3n l\u00e0 y\u1ebfu t\u1ed1 c\u1ed1t l\u00f5i \u0111\u1ea3m b\u1ea3o s\u1ef1 ho\u1ea1t \u0111\u1ed9ng \u1ed5n \u0111\u1ecbnh c\u1ee7a tua-bin, m\u00e1y ph\u00e1t \u0111i\u1ec7n v\u00e0 h\u1ec7 th\u1ed1ng th\u1ee7y [&hellip;]<\/p>\n","protected":false},"author":1,"featured_media":0,"parent":144,"menu_order":3,"comment_status":"closed","ping_status":"closed","template":"","meta":{"footnotes":""},"class_list":["post-196","page","type-page","status-publish","hentry"],"_links":{"self":[{"href":"https:\/\/fsv.com.vn\/index.php\/wp-json\/wp\/v2\/pages\/196","targetHints":{"allow":["GET"]}}],"collection":[{"href":"https:\/\/fsv.com.vn\/index.php\/wp-json\/wp\/v2\/pages"}],"about":[{"href":"https:\/\/fsv.com.vn\/index.php\/wp-json\/wp\/v2\/types\/page"}],"author":[{"embeddable":true,"href":"https:\/\/fsv.com.vn\/index.php\/wp-json\/wp\/v2\/users\/1"}],"replies":[{"embeddable":true,"href":"https:\/\/fsv.com.vn\/index.php\/wp-json\/wp\/v2\/comments?post=196"}],"version-history":[{"count":45,"href":"https:\/\/fsv.com.vn\/index.php\/wp-json\/wp\/v2\/pages\/196\/revisions"}],"predecessor-version":[{"id":2406,"href":"https:\/\/fsv.com.vn\/index.php\/wp-json\/wp\/v2\/pages\/196\/revisions\/2406"}],"up":[{"embeddable":true,"href":"https:\/\/fsv.com.vn\/index.php\/wp-json\/wp\/v2\/pages\/144"}],"wp:attachment":[{"href":"https:\/\/fsv.com.vn\/index.php\/wp-json\/wp\/v2\/media?parent=196"}],"curies":[{"name":"wp","href":"https:\/\/api.w.org\/{rel}","templated":true}]}}