{"id":180,"date":"2023-03-28T07:50:33","date_gmt":"2023-03-28T00:50:33","guid":{"rendered":"https:\/\/fsv.com.vn\/?page_id=180"},"modified":"2025-03-16T10:44:05","modified_gmt":"2025-03-16T03:44:05","slug":"tuabin-hoi-dau-boi-tron","status":"publish","type":"page","link":"https:\/\/fsv.com.vn\/index.php\/giai-phap\/nha-may-dien\/tuabin-hoi-dau-boi-tron\/","title":{"rendered":"Tuabin h\u01a1i &#8211; D\u1ea7u b\u00f4i tr\u01a1n"},"content":{"rendered":"\t\t<div data-elementor-type=\"wp-page\" data-elementor-id=\"180\" class=\"elementor elementor-180\" data-elementor-post-type=\"page\">\n\t\t\t\t\t\t<section class=\"elementor-section elementor-top-section elementor-element elementor-element-634575a elementor-section-boxed elementor-section-height-default elementor-section-height-default\" data-id=\"634575a\" data-element_type=\"section\">\n\t\t\t\t\t\t<div class=\"elementor-container elementor-column-gap-default\">\n\t\t\t\t\t<div class=\"elementor-column elementor-col-100 elementor-top-column elementor-element elementor-element-a59ff98\" data-id=\"a59ff98\" data-element_type=\"column\">\n\t\t\t<div class=\"elementor-widget-wrap elementor-element-populated\">\n\t\t\t\t\t\t<div class=\"elementor-element elementor-element-6d42179 elementor-widget elementor-widget-spacer\" data-id=\"6d42179\" data-element_type=\"widget\" data-widget_type=\"spacer.default\">\n\t\t\t\t<div class=\"elementor-widget-container\">\n\t\t\t\t\t\t\t<div class=\"elementor-spacer\">\n\t\t\t<div class=\"elementor-spacer-inner\"><\/div>\n\t\t<\/div>\n\t\t\t\t\t\t<\/div>\n\t\t\t\t<\/div>\n\t\t\t\t\t<\/div>\n\t\t<\/div>\n\t\t\t\t\t<\/div>\n\t\t<\/section>\n\t\t\t\t<section class=\"elementor-section elementor-top-section elementor-element elementor-element-b316527 elementor-section-boxed elementor-section-height-default elementor-section-height-default\" data-id=\"b316527\" data-element_type=\"section\">\n\t\t\t\t\t\t<div class=\"elementor-container elementor-column-gap-default\">\n\t\t\t\t\t<div class=\"elementor-column elementor-col-66 elementor-top-column elementor-element elementor-element-9ea5c80\" data-id=\"9ea5c80\" data-element_type=\"column\">\n\t\t\t<div class=\"elementor-widget-wrap elementor-element-populated\">\n\t\t\t\t\t\t<div class=\"elementor-element elementor-element-d4a4c8e elementor-widget elementor-widget-text-editor\" data-id=\"d4a4c8e\" data-element_type=\"widget\" data-widget_type=\"text-editor.default\">\n\t\t\t\t<div class=\"elementor-widget-container\">\n\t\t\t\t\t\t\t\t\t<p data-start=\"0\" data-end=\"81\"><strong data-start=\"0\" data-end=\"79\">GI\u1ea2I PH\u00c1P L\u1eccC D\u1ea6U B\u00d4I TR\u01a0N TUA-BIN H\u01a0I CJC\u00ae \u2013 T\u1ed0I \u01afU HI\u1ec6U SU\u1ea4T &amp; \u0110\u1ed8 TIN C\u1eacY<\/strong><\/p><h3 data-start=\"83\" data-end=\"133\"><strong data-start=\"87\" data-end=\"131\">B\u1ea2O V\u1ec6 H\u1ec6 TH\u1ed0NG D\u1ea6U B\u00d4I TR\u01a0N TUA-BIN H\u01a0I<\/strong><\/h3><p data-start=\"134\" data-end=\"490\">Trong c\u00e1c nh\u00e0 m\u00e1y nhi\u1ec7t \u0111i\u1ec7n v\u00e0 c\u00f4ng nghi\u1ec7p, tua-bin h\u01a1i \u0111\u00f3ng vai tr\u00f2 quan tr\u1ecdng trong qu\u00e1 tr\u00ecnh ph\u00e1t \u0111i\u1ec7n. D\u1ea7u b\u00f4i tr\u01a1n tua-bin c\u00f3 nhi\u1ec7m v\u1ee5 b\u00f4i tr\u01a1n, l\u00e0m m\u00e1t v\u00e0 b\u1ea3o v\u1ec7 c\u00e1c b\u1ed9 ph\u1eadn quan tr\u1ecdng nh\u01b0 \u1ed5 tr\u1ee5c, h\u1ed9p s\u1ed1 v\u00e0 h\u1ec7 th\u1ed1ng \u0111i\u1ec1u khi\u1ec3n. Tuy nhi\u00ean, d\u1ea7u c\u00f3 th\u1ec3 b\u1ecb nhi\u1ec5m n\u01b0\u1edbc, c\u1eb7n b\u1ea9n v\u00e0 s\u1ea3n ph\u1ea9m l\u00e3o h\u00f3a, l\u00e0m gi\u1ea3m hi\u1ec7u su\u1ea5t v\u1eadn h\u00e0nh v\u00e0 t\u0103ng nguy c\u01a1 h\u1ecfng h\u00f3c.<\/p><p data-start=\"492\" data-end=\"648\"><strong data-start=\"492\" data-end=\"532\">Gi\u1ea3i ph\u00e1p l\u1ecdc d\u1ea7u C.C. JENSEN (CJC\u00ae)<\/strong> gi\u00fap duy tr\u00ec d\u1ea7u lu\u00f4n s\u1ea1ch v\u00e0 kh\u00f4, gi\u1ea3m nguy c\u01a1 m\u00e0i m\u00f2n, h\u1ea1n ch\u1ebf s\u1ef1 c\u1ed1 v\u00e0 k\u00e9o d\u00e0i tu\u1ed5i th\u1ecd d\u1ea7u c\u0169ng nh\u01b0 thi\u1ebft b\u1ecb.<\/p><h3 data-start=\"650\" data-end=\"699\"><strong data-start=\"654\" data-end=\"697\">TH\u00c1CH TH\u1ee8C C\u1ee6A D\u1ea6U B\u00d4I TR\u01a0N TUA-BIN H\u01a0I<\/strong><\/h3><p data-start=\"700\" data-end=\"1126\">\ud83d\udd38 <strong data-start=\"703\" data-end=\"717\">Nhi\u1ec5m n\u01b0\u1edbc<\/strong> \u2013 D\u1ea7u c\u00f3 th\u1ec3 b\u1ecb nhi\u1ec5m n\u01b0\u1edbc t\u1eeb h\u01a1i n\u01b0\u1edbc ng\u01b0ng t\u1ee5, l\u00e0m gi\u1ea3m \u0111\u1ed9 b\u1ec1n m\u00e0ng d\u1ea7u v\u00e0 g\u00e2y \u0103n m\u00f2n.<br data-start=\"806\" data-end=\"809\" \/>\ud83d\udd38 <strong data-start=\"812\" data-end=\"833\">Nhi\u1ec5m b\u1ea9n h\u1ea1t r\u1eafn<\/strong> \u2013 C\u00e1c h\u1ea1t kim lo\u1ea1i, c\u1eb7n b\u1ea9n c\u00f3 th\u1ec3 g\u00e2y x\u01b0\u1edbc v\u00e0 l\u00e0m m\u00f2n b\u1ec1 m\u1eb7t ti\u1ebfp x\u00fac.<br data-start=\"905\" data-end=\"908\" \/>\ud83d\udd38 <strong data-start=\"911\" data-end=\"935\">S\u1ea3n ph\u1ea9m l\u00e3o h\u00f3a d\u1ea7u<\/strong> \u2013 C\u00e1c h\u1ee3p ch\u1ea5t oxy h\u00f3a l\u00e0m gi\u1ea3m hi\u1ec7u su\u1ea5t b\u00f4i tr\u01a1n, g\u00e2y t\u1eafc ngh\u1ebdn h\u1ec7 th\u1ed1ng.<br data-start=\"1011\" data-end=\"1014\" \/>\ud83d\udd38 <strong data-start=\"1017\" data-end=\"1050\">B\u1ecdt kh\u00ed v\u00e0 hi\u1ec7n t\u01b0\u1ee3ng s\u1ee7i b\u1ecdt<\/strong> \u2013 G\u00e2y m\u1ea5t \u1ed5n \u0111\u1ecbnh d\u1ea7u, gi\u1ea3m hi\u1ec7u su\u1ea5t l\u00e0m vi\u1ec7c c\u1ee7a b\u01a1m v\u00e0 van \u0111i\u1ec1u khi\u1ec3n.<\/p><h3 data-start=\"1128\" data-end=\"1171\"><strong data-start=\"1132\" data-end=\"1169\">L\u1ee2I \u00cdCH C\u1ee6A H\u1ec6 TH\u1ed0NG L\u1eccC D\u1ea6U CJC\u00ae<\/strong><\/h3><p data-start=\"1172\" data-end=\"1658\">\u2705 <strong data-start=\"1174\" data-end=\"1199\">Lo\u1ea1i b\u1ecf n\u01b0\u1edbc hi\u1ec7u qu\u1ea3<\/strong> \u2013 Ng\u0103n ng\u1eeba \u0103n m\u00f2n, duy tr\u00ec \u0111\u1ed9 b\u1ec1n m\u00e0ng d\u1ea7u.<br data-start=\"1244\" data-end=\"1247\" \/>\u2705 <strong data-start=\"1249\" data-end=\"1270\">Gi\u1eef d\u1ea7u lu\u00f4n s\u1ea1ch<\/strong> \u2013 Lo\u1ea1i b\u1ecf c\u1eb7n b\u1ea9n v\u00e0 h\u1ea1t r\u1eafn, gi\u1ea3m hao m\u00f2n thi\u1ebft b\u1ecb.<br data-start=\"1323\" data-end=\"1326\" \/>\u2705 <strong data-start=\"1328\" data-end=\"1348\">Gi\u1ea3m l\u00e3o h\u00f3a d\u1ea7u<\/strong> \u2013 Lo\u1ea1i b\u1ecf s\u1ea3n ph\u1ea9m oxy h\u00f3a, k\u00e9o d\u00e0i tu\u1ed5i th\u1ecd d\u1ea7u.<br data-start=\"1398\" data-end=\"1401\" \/>\u2705 <strong data-start=\"1403\" data-end=\"1422\">H\u1ea1n ch\u1ebf b\u1ecdt kh\u00ed<\/strong> \u2013 Gi\u00fap d\u1ea7u \u1ed5n \u0111\u1ecbnh, t\u0103ng hi\u1ec7u su\u1ea5t b\u00f4i tr\u01a1n.<br data-start=\"1467\" data-end=\"1470\" \/>\u2705 <strong data-start=\"1472\" data-end=\"1496\">Gi\u1ea3m chi ph\u00ed b\u1ea3o tr\u00ec<\/strong> \u2013 H\u1ea1n ch\u1ebf s\u1ef1 c\u1ed1, k\u00e9o d\u00e0i th\u1eddi gian s\u1eed d\u1ee5ng d\u1ea7u v\u00e0 thi\u1ebft b\u1ecb.<br data-start=\"1556\" data-end=\"1559\" \/>\u2705 <strong data-start=\"1561\" data-end=\"1587\">V\u1eadn h\u00e0nh li\u00ean t\u1ee5c 24\/7<\/strong> \u2013 Kh\u00f4ng c\u1ea7n d\u1eebng m\u00e1y khi l\u1ecdc d\u1ea7u, \u0111\u1ea3m b\u1ea3o nh\u00e0 m\u00e1y ho\u1ea1t \u0111\u1ed9ng \u1ed5n \u0111\u1ecbnh.<\/p><h3 data-start=\"1660\" data-end=\"1716\"><strong data-start=\"1664\" data-end=\"1714\">HI\u1ec6U QU\u1ea2 TH\u1ef0C T\u1ebe \u2013 GI\u1ea2I PH\u00c1P TI\u1ebeT KI\u1ec6M CHI PH\u00cd<\/strong><\/h3><p data-start=\"1717\" data-end=\"1892\">\ud83d\udca1 <strong data-start=\"1720\" data-end=\"1756\">Gi\u1ea3m chi ph\u00ed b\u1ea3o tr\u00ec l\u00ean \u0111\u1ebfn 50%<\/strong><br data-start=\"1756\" data-end=\"1759\" \/>\ud83d\udca1 <strong data-start=\"1762\" data-end=\"1798\">K\u00e9o d\u00e0i tu\u1ed5i th\u1ecd d\u1ea7u g\u1ea5p 3-4 l\u1ea7n<\/strong><br data-start=\"1798\" data-end=\"1801\" \/>\ud83d\udca1 <strong data-start=\"1804\" data-end=\"1841\">Gi\u1ea3m th\u1eddi gian ng\u1eebng m\u00e1y \u0111\u1ed9t xu\u1ea5t<\/strong><br data-start=\"1841\" data-end=\"1844\" \/>\ud83d\udca1 <strong data-start=\"1847\" data-end=\"1890\">N\u00e2ng cao hi\u1ec7u su\u1ea5t v\u1eadn h\u00e0nh c\u1ee7a tua-bin<\/strong><\/p>\t\t\t\t\t\t\t\t<\/div>\n\t\t\t\t<\/div>\n\t\t\t\t\t<\/div>\n\t\t<\/div>\n\t\t\t\t<div class=\"elementor-column elementor-col-33 elementor-top-column elementor-element elementor-element-c751b18\" data-id=\"c751b18\" data-element_type=\"column\">\n\t\t\t<div class=\"elementor-widget-wrap elementor-element-populated\">\n\t\t\t\t\t\t<div class=\"elementor-element elementor-element-8319a7b elementor-widget elementor-widget-image\" data-id=\"8319a7b\" data-element_type=\"widget\" data-widget_type=\"image.default\">\n\t\t\t\t<div class=\"elementor-widget-container\">\n\t\t\t\t\t\t\t\t\t\t\t\t\t\t\t<img fetchpriority=\"high\" decoding=\"async\" width=\"797\" height=\"1024\" src=\"https:\/\/fsv.com.vn\/wp-content\/uploads\/2025\/03\/Anh-man-hinh-2025-03-15-luc-15.50.01-797x1024.png\" class=\"attachment-large size-large wp-image-1854\" alt=\"\" srcset=\"https:\/\/fsv.com.vn\/wp-content\/uploads\/2025\/03\/Anh-man-hinh-2025-03-15-luc-15.50.01-797x1024.png 797w, https:\/\/fsv.com.vn\/wp-content\/uploads\/2025\/03\/Anh-man-hinh-2025-03-15-luc-15.50.01-233x300.png 233w, https:\/\/fsv.com.vn\/wp-content\/uploads\/2025\/03\/Anh-man-hinh-2025-03-15-luc-15.50.01-768x987.png 768w, https:\/\/fsv.com.vn\/wp-content\/uploads\/2025\/03\/Anh-man-hinh-2025-03-15-luc-15.50.01.png 918w\" sizes=\"(max-width: 797px) 100vw, 797px\" \/>\t\t\t\t\t\t\t\t\t\t\t\t\t\t\t<\/div>\n\t\t\t\t<\/div>\n\t\t\t\t<div class=\"elementor-element elementor-element-4337072 elementor-widget elementor-widget-text-editor\" data-id=\"4337072\" data-element_type=\"widget\" data-widget_type=\"text-editor.default\">\n\t\t\t\t<div class=\"elementor-widget-container\">\n\t\t\t\t\t\t\t\t\t<h5><a href=\"https:\/\/www.cjc.dk\/fileadmin\/root\/File_Admin_Filter\/doc_Customer_Cases\/Lube-Oil_Urban-Waste-Management-Plant_Steam-Turbine_Siemens-SST-400.65-MW_CCPO6051UK.pdf\"><span style=\"color: #ff9900;\">\u21d2\u00a0 Case: Lube Oil &#8211; Steam Turbine, Siemens SST-400, 65 MW\u00a0<\/span><\/a><\/h5><p>v\u00e0 nhi\u1ec1u Case kh\u00e1c tham kh\u1ea3o t\u1ea1i \u0111\u00e2y:<strong><span style=\"color: #ff9900;\"> <a style=\"color: #ff9900;\" href=\"https:\/\/www.cjc.dk\/system-solutions\/power\/steam-turbine-lube-oil\/\">CJC Case studies<\/a><\/span><\/strong><\/p><p>\u00a0<\/p>\t\t\t\t\t\t\t\t<\/div>\n\t\t\t\t<\/div>\n\t\t\t\t\t<\/div>\n\t\t<\/div>\n\t\t\t\t\t<\/div>\n\t\t<\/section>\n\t\t\t\t<section class=\"elementor-section elementor-top-section elementor-element elementor-element-e907952 elementor-section-boxed elementor-section-height-default elementor-section-height-default\" data-id=\"e907952\" data-element_type=\"section\">\n\t\t\t\t\t\t<div class=\"elementor-container elementor-column-gap-default\">\n\t\t\t\t\t<div class=\"elementor-column elementor-col-100 elementor-top-column elementor-element elementor-element-c52fc52\" data-id=\"c52fc52\" data-element_type=\"column\">\n\t\t\t<div class=\"elementor-widget-wrap elementor-element-populated\">\n\t\t\t\t\t\t<div class=\"elementor-element elementor-element-382dbd6 elementor-widget elementor-widget-spacer\" data-id=\"382dbd6\" data-element_type=\"widget\" data-widget_type=\"spacer.default\">\n\t\t\t\t<div class=\"elementor-widget-container\">\n\t\t\t\t\t\t\t<div class=\"elementor-spacer\">\n\t\t\t<div class=\"elementor-spacer-inner\"><\/div>\n\t\t<\/div>\n\t\t\t\t\t\t<\/div>\n\t\t\t\t<\/div>\n\t\t\t\t\t<\/div>\n\t\t<\/div>\n\t\t\t\t\t<\/div>\n\t\t<\/section>\n\t\t\t\t<\/div>\n\t\t","protected":false},"excerpt":{"rendered":"<p>GI\u1ea2I PH\u00c1P L\u1eccC D\u1ea6U B\u00d4I TR\u01a0N TUA-BIN H\u01a0I CJC\u00ae \u2013 T\u1ed0I \u01afU HI\u1ec6U SU\u1ea4T &amp; \u0110\u1ed8 TIN C\u1eacY B\u1ea2O V\u1ec6 H\u1ec6 TH\u1ed0NG D\u1ea6U B\u00d4I TR\u01a0N TUA-BIN H\u01a0I Trong c\u00e1c nh\u00e0 m\u00e1y nhi\u1ec7t \u0111i\u1ec7n v\u00e0 c\u00f4ng nghi\u1ec7p, tua-bin h\u01a1i \u0111\u00f3ng vai tr\u00f2 quan tr\u1ecdng trong qu\u00e1 tr\u00ecnh ph\u00e1t \u0111i\u1ec7n. D\u1ea7u b\u00f4i tr\u01a1n tua-bin c\u00f3 nhi\u1ec7m v\u1ee5 [&hellip;]<\/p>\n","protected":false},"author":1,"featured_media":0,"parent":144,"menu_order":1,"comment_status":"closed","ping_status":"closed","template":"","meta":{"footnotes":""},"class_list":["post-180","page","type-page","status-publish","hentry"],"_links":{"self":[{"href":"https:\/\/fsv.com.vn\/index.php\/wp-json\/wp\/v2\/pages\/180","targetHints":{"allow":["GET"]}}],"collection":[{"href":"https:\/\/fsv.com.vn\/index.php\/wp-json\/wp\/v2\/pages"}],"about":[{"href":"https:\/\/fsv.com.vn\/index.php\/wp-json\/wp\/v2\/types\/page"}],"author":[{"embeddable":true,"href":"https:\/\/fsv.com.vn\/index.php\/wp-json\/wp\/v2\/users\/1"}],"replies":[{"embeddable":true,"href":"https:\/\/fsv.com.vn\/index.php\/wp-json\/wp\/v2\/comments?post=180"}],"version-history":[{"count":49,"href":"https:\/\/fsv.com.vn\/index.php\/wp-json\/wp\/v2\/pages\/180\/revisions"}],"predecessor-version":[{"id":2050,"href":"https:\/\/fsv.com.vn\/index.php\/wp-json\/wp\/v2\/pages\/180\/revisions\/2050"}],"up":[{"embeddable":true,"href":"https:\/\/fsv.com.vn\/index.php\/wp-json\/wp\/v2\/pages\/144"}],"wp:attachment":[{"href":"https:\/\/fsv.com.vn\/index.php\/wp-json\/wp\/v2\/media?parent=180"}],"curies":[{"name":"wp","href":"https:\/\/api.w.org\/{rel}","templated":true}]}}