{"id":174,"date":"2023-03-28T07:49:02","date_gmt":"2023-03-28T00:49:02","guid":{"rendered":"https:\/\/fsv.com.vn\/?page_id=174"},"modified":"2025-03-16T15:21:53","modified_gmt":"2025-03-16T08:21:53","slug":"khai-khoang","status":"publish","type":"page","link":"https:\/\/fsv.com.vn\/index.php\/giai-phap\/khai-khoang\/","title":{"rendered":"Xi M\u0103ng &#038; Khai Kho\u00e1ng"},"content":{"rendered":"\t\t<div data-elementor-type=\"wp-page\" data-elementor-id=\"174\" class=\"elementor elementor-174\" data-elementor-post-type=\"page\">\n\t\t\t\t\t\t<section class=\"elementor-section elementor-top-section elementor-element elementor-element-4980bfb elementor-section-boxed elementor-section-height-default elementor-section-height-default\" data-id=\"4980bfb\" data-element_type=\"section\">\n\t\t\t\t\t\t<div class=\"elementor-container elementor-column-gap-default\">\n\t\t\t\t\t<div class=\"elementor-column elementor-col-100 elementor-top-column elementor-element elementor-element-0629c3d\" data-id=\"0629c3d\" data-element_type=\"column\">\n\t\t\t<div class=\"elementor-widget-wrap elementor-element-populated\">\n\t\t\t\t\t\t<div class=\"elementor-element elementor-element-cd0a2cf elementor-widget elementor-widget-spacer\" data-id=\"cd0a2cf\" data-element_type=\"widget\" data-widget_type=\"spacer.default\">\n\t\t\t\t<div class=\"elementor-widget-container\">\n\t\t\t\t\t\t\t<div class=\"elementor-spacer\">\n\t\t\t<div class=\"elementor-spacer-inner\"><\/div>\n\t\t<\/div>\n\t\t\t\t\t\t<\/div>\n\t\t\t\t<\/div>\n\t\t\t\t\t<\/div>\n\t\t<\/div>\n\t\t\t\t\t<\/div>\n\t\t<\/section>\n\t\t\t\t<section class=\"elementor-section elementor-top-section elementor-element elementor-element-fd901ed elementor-section-boxed elementor-section-height-default elementor-section-height-default\" data-id=\"fd901ed\" data-element_type=\"section\">\n\t\t\t\t\t\t<div class=\"elementor-container elementor-column-gap-default\">\n\t\t\t\t\t<div class=\"elementor-column elementor-col-66 elementor-top-column elementor-element elementor-element-6bacf20\" data-id=\"6bacf20\" data-element_type=\"column\">\n\t\t\t<div class=\"elementor-widget-wrap elementor-element-populated\">\n\t\t\t\t\t\t<div class=\"elementor-element elementor-element-60922c6 elementor-widget elementor-widget-text-editor\" data-id=\"60922c6\" data-element_type=\"widget\" data-widget_type=\"text-editor.default\">\n\t\t\t\t<div class=\"elementor-widget-container\">\n\t\t\t\t\t\t\t\t\t<p><strong>\ud83d\ude9c\u26cf\ufe0f T\u0102NG L\u1ee2I NHU\u1eacN \u2013 GI\u1ea2M THI\u1ec2U 3\/4 L\u1ea6N D\u1eeaNG M\u00c1Y! \u26cf\ufe0f\ud83d\ude9c<\/strong><\/p><p>\ud83d\udc49 <strong>1.500 gi\u1edd<\/strong> cho d\u1ea7u b\u00f4i tr\u01a1n \u0111\u1ed9ng c\u01a1<br \/>\ud83d\udc49 <strong>10.000 gi\u1edd<\/strong> cho d\u1ea7u th\u1ee7y l\u1ef1c<br \/>\ud83d\udc49 <strong>18.000 gi\u1edd<\/strong> cho kim phun<br \/>\ud83d\udc49 <strong>Ch\u1ec9 m\u1ed9t l\u1ea7n thay d\u1ea7u m\u1ed7i n\u0103m<\/strong> cho m\u00e1y nghi\u1ec1n<\/p><p><strong>H\u00e3y t\u01b0\u1edfng t\u01b0\u1ee3ng n\u1ebfu nh\u00e0 m\u00e1y c\u00f3 th\u1ec3 tr\u00e1nh \u0111\u01b0\u1ee3c 3\/4 l\u1ea7n d\u1eebng m\u00e1y, \u0111i\u1ec1u \u0111\u00f3 s\u1ebd t\u00e1c \u0111\u1ed9ng th\u1ebf n\u00e0o \u0111\u1ebfn l\u1ee3i nhu\u1eadn?<\/strong><\/p><p>\ud83d\udd27 <strong>N\u00e2ng cao hi\u1ec7u su\u1ea5t khai th\u00e1c \u2013 K\u00e9o d\u00e0i tu\u1ed5i th\u1ecd m\u00e1y m\u00f3c<\/strong><br \/>C.C.JENSEN \u2013 th\u01b0\u01a1ng hi\u1ec7u h\u00e0ng \u0111\u1ea7u v\u1ec1 <strong>l\u1ecdc d\u1ea7u c\u00f4ng nghi\u1ec7p<\/strong>, gi\u00fap gi\u1eef d\u1ea7u lu\u00f4n s\u1ea1ch cho c\u00e1c thi\u1ebft b\u1ecb khai kho\u00e1ng. H\u1ec7 th\u1ed1ng l\u1ecdc d\u1ea7u <strong>CJC\u00ae Oil Filter<\/strong> \u0111\u00e3 \u0111\u01b0\u1ee3c l\u1eafp \u0111\u1eb7t tr\u00ean to\u00e0n th\u1ebf gi\u1edbi v\u1edbi k\u1ebft qu\u1ea3 th\u1ef1c t\u1ebf \u1ea5n t\u01b0\u1ee3ng.<\/p><p>\u2699\ufe0f <strong>Gi\u1ea3m hao m\u00f2n \u2013 T\u0103ng th\u1eddi gian ho\u1ea1t \u0111\u1ed9ng<\/strong><br \/>H\u1ec7 th\u1ed1ng l\u1ecdc d\u1ea7u CJC\u00ae l\u00e0m s\u1ea1ch d\u1ea7u ngay khi thi\u1ebft b\u1ecb \u0111ang ho\u1ea1t \u0111\u1ed9ng, gi\u00fap lo\u1ea1i b\u1ecf <strong>b\u1ee5i b\u1ea9n, n\u01b0\u1edbc v\u00e0 qu\u00e1 tr\u00ecnh oxy h\u00f3a<\/strong>, gi\u1ea3m m\u00e0i m\u00f2n tr\u00ean <strong>m\u00e1y nghi\u1ec1n, m\u00e1y nghi\u1ec1n bi, xe ben, m\u00e1y x\u00fac, b\u0103ng t\u1ea3i\u2026<\/strong><\/p><p>\ud83d\udca1 <strong>Gi\u1ea3i quy\u1ebft tri\u1ec7t \u0111\u1ec3 v\u1ea5n \u0111\u1ec1 li\u00ean quan \u0111\u1ebfn d\u1ea7u nh\u1edbt<\/strong><br \/>V\u1edbi nhi\u1ec1u n\u0103m kinh nghi\u1ec7m trong ng\u00e0nh khai kho\u00e1ng, <strong>C.C.JENSEN<\/strong> t\u1ef1 h\u00e0o l\u00e0 nh\u00e0 cung c\u1ea5p h\u1ec7 th\u1ed1ng l\u1ecdc d\u1ea7u ch\u1ea5t l\u01b0\u1ee3ng cao, gi\u00fap <strong>gi\u1ea3m s\u1ef1 c\u1ed1 h\u1ecfng h\u00f3c, k\u00e9o d\u00e0i tu\u1ed5i th\u1ecd d\u1ea7u v\u00e0 m\u00e1y m\u00f3c<\/strong>.<\/p><p>\ud83d\udccc <strong>T\u00ecm hi\u1ec3u gi\u1ea3i ph\u00e1p t\u1ed1i \u01b0u cho nh\u00e0 m\u00e1y ngay h\u00f4m nay!<\/strong> \ud83d\ude80<\/p>\t\t\t\t\t\t\t\t<\/div>\n\t\t\t\t<\/div>\n\t\t\t\t<div class=\"elementor-element elementor-element-61ddb14 elementor-widget elementor-widget-video\" data-id=\"61ddb14\" data-element_type=\"widget\" data-settings=\"{&quot;youtube_url&quot;:&quot;https:\\\/\\\/www.youtube.com\\\/watch?v=8Z9OlrU9d-k&amp;t=18s&quot;,&quot;video_type&quot;:&quot;youtube&quot;,&quot;controls&quot;:&quot;yes&quot;}\" data-widget_type=\"video.default\">\n\t\t\t\t<div class=\"elementor-widget-container\">\n\t\t\t\t\t\t\t<div class=\"elementor-wrapper elementor-open-inline\">\n\t\t\t<div class=\"elementor-video\"><\/div>\t\t<\/div>\n\t\t\t\t\t\t<\/div>\n\t\t\t\t<\/div>\n\t\t\t\t\t<\/div>\n\t\t<\/div>\n\t\t\t\t<div class=\"elementor-column elementor-col-33 elementor-top-column elementor-element elementor-element-3d5519e\" data-id=\"3d5519e\" data-element_type=\"column\">\n\t\t\t<div class=\"elementor-widget-wrap elementor-element-populated\">\n\t\t\t\t\t\t<div class=\"elementor-element elementor-element-02f943b elementor-widget elementor-widget-image\" data-id=\"02f943b\" data-element_type=\"widget\" data-widget_type=\"image.default\">\n\t\t\t\t<div class=\"elementor-widget-container\">\n\t\t\t\t\t\t\t\t\t\t\t\t\t\t\t<img fetchpriority=\"high\" decoding=\"async\" width=\"800\" height=\"376\" src=\"https:\/\/fsv.com.vn\/wp-content\/uploads\/2023\/03\/dieu-chinh-quy-hoach-1602008022-1-3548-1.gif\" class=\"attachment-large size-large wp-image-176\" alt=\"\" \/>\t\t\t\t\t\t\t\t\t\t\t\t\t\t\t<\/div>\n\t\t\t\t<\/div>\n\t\t\t\t<div class=\"elementor-element elementor-element-31e9dce elementor-widget elementor-widget-image\" data-id=\"31e9dce\" data-element_type=\"widget\" data-widget_type=\"image.default\">\n\t\t\t\t<div class=\"elementor-widget-container\">\n\t\t\t\t\t\t\t\t\t\t\t\t\t\t\t<img decoding=\"async\" width=\"800\" height=\"377\" src=\"https:\/\/fsv.com.vn\/wp-content\/uploads\/2025\/03\/Cement_industry_Top_pictures.jpg\" class=\"attachment-large size-large wp-image-2124\" alt=\"\" srcset=\"https:\/\/fsv.com.vn\/wp-content\/uploads\/2025\/03\/Cement_industry_Top_pictures.jpg 848w, https:\/\/fsv.com.vn\/wp-content\/uploads\/2025\/03\/Cement_industry_Top_pictures-300x142.jpg 300w, https:\/\/fsv.com.vn\/wp-content\/uploads\/2025\/03\/Cement_industry_Top_pictures-768x362.jpg 768w\" sizes=\"(max-width: 800px) 100vw, 800px\" \/>\t\t\t\t\t\t\t\t\t\t\t\t\t\t\t<\/div>\n\t\t\t\t<\/div>\n\t\t\t\t\t<\/div>\n\t\t<\/div>\n\t\t\t\t\t<\/div>\n\t\t<\/section>\n\t\t\t\t<section class=\"elementor-section elementor-top-section elementor-element elementor-element-0ecb301 elementor-section-boxed elementor-section-height-default elementor-section-height-default\" data-id=\"0ecb301\" data-element_type=\"section\">\n\t\t\t\t\t\t<div class=\"elementor-container elementor-column-gap-default\">\n\t\t\t\t\t<div class=\"elementor-column elementor-col-100 elementor-top-column elementor-element elementor-element-d88ea3d\" data-id=\"d88ea3d\" data-element_type=\"column\">\n\t\t\t<div class=\"elementor-widget-wrap elementor-element-populated\">\n\t\t\t\t\t\t<div class=\"elementor-element elementor-element-95c7ac6 elementor-widget elementor-widget-spacer\" data-id=\"95c7ac6\" data-element_type=\"widget\" data-widget_type=\"spacer.default\">\n\t\t\t\t<div class=\"elementor-widget-container\">\n\t\t\t\t\t\t\t<div class=\"elementor-spacer\">\n\t\t\t<div class=\"elementor-spacer-inner\"><\/div>\n\t\t<\/div>\n\t\t\t\t\t\t<\/div>\n\t\t\t\t<\/div>\n\t\t\t\t\t<\/div>\n\t\t<\/div>\n\t\t\t\t\t<\/div>\n\t\t<\/section>\n\t\t\t\t<\/div>\n\t\t","protected":false},"excerpt":{"rendered":"<p>????\u26cf\ufe0f T\u0102NG L\u1ee2I NHU\u1eacN \u2013 GI\u1ea2M THI\u1ec2U 3\/4 L\u1ea6N D\u1eeaNG M\u00c1Y! \u26cf\ufe0f???? ???? 1.500 gi\u1edd cho d\u1ea7u b\u00f4i tr\u01a1n \u0111\u1ed9ng c\u01a1???? 10.000 gi\u1edd cho d\u1ea7u th\u1ee7y l\u1ef1c???? 18.000 gi\u1edd cho kim phun???? Ch\u1ec9 m\u1ed9t l\u1ea7n thay d\u1ea7u m\u1ed7i n\u0103m cho m\u00e1y nghi\u1ec1n H\u00e3y t\u01b0\u1edfng t\u01b0\u1ee3ng n\u1ebfu nh\u00e0 m\u00e1y c\u00f3 th\u1ec3 tr\u00e1nh \u0111\u01b0\u1ee3c 3\/4 l\u1ea7n d\u1eebng [&hellip;]<\/p>\n","protected":false},"author":1,"featured_media":0,"parent":137,"menu_order":5,"comment_status":"closed","ping_status":"closed","template":"","meta":{"footnotes":""},"class_list":["post-174","page","type-page","status-publish","hentry"],"_links":{"self":[{"href":"https:\/\/fsv.com.vn\/index.php\/wp-json\/wp\/v2\/pages\/174","targetHints":{"allow":["GET"]}}],"collection":[{"href":"https:\/\/fsv.com.vn\/index.php\/wp-json\/wp\/v2\/pages"}],"about":[{"href":"https:\/\/fsv.com.vn\/index.php\/wp-json\/wp\/v2\/types\/page"}],"author":[{"embeddable":true,"href":"https:\/\/fsv.com.vn\/index.php\/wp-json\/wp\/v2\/users\/1"}],"replies":[{"embeddable":true,"href":"https:\/\/fsv.com.vn\/index.php\/wp-json\/wp\/v2\/comments?post=174"}],"version-history":[{"count":15,"href":"https:\/\/fsv.com.vn\/index.php\/wp-json\/wp\/v2\/pages\/174\/revisions"}],"predecessor-version":[{"id":2127,"href":"https:\/\/fsv.com.vn\/index.php\/wp-json\/wp\/v2\/pages\/174\/revisions\/2127"}],"up":[{"embeddable":true,"href":"https:\/\/fsv.com.vn\/index.php\/wp-json\/wp\/v2\/pages\/137"}],"wp:attachment":[{"href":"https:\/\/fsv.com.vn\/index.php\/wp-json\/wp\/v2\/media?parent=174"}],"curies":[{"name":"wp","href":"https:\/\/api.w.org\/{rel}","templated":true}]}}