{"id":154,"date":"2023-03-28T07:43:54","date_gmt":"2023-03-28T00:43:54","guid":{"rendered":"https:\/\/fsv.com.vn\/?page_id=154"},"modified":"2023-04-25T09:08:17","modified_gmt":"2023-04-25T02:08:17","slug":"dien-gio","status":"publish","type":"page","link":"https:\/\/fsv.com.vn\/index.php\/giai-phap\/dien-gio\/","title":{"rendered":"\u0110i\u1ec7n Gi\u00f3"},"content":{"rendered":"\t\t<div data-elementor-type=\"wp-page\" data-elementor-id=\"154\" class=\"elementor elementor-154\" data-elementor-post-type=\"page\">\n\t\t\t\t\t\t<section class=\"elementor-section elementor-top-section elementor-element elementor-element-fe05c7e elementor-section-boxed elementor-section-height-default elementor-section-height-default\" data-id=\"fe05c7e\" data-element_type=\"section\">\n\t\t\t\t\t\t<div class=\"elementor-container elementor-column-gap-default\">\n\t\t\t\t\t<div class=\"elementor-column elementor-col-100 elementor-top-column elementor-element elementor-element-41160bf\" data-id=\"41160bf\" data-element_type=\"column\">\n\t\t\t<div class=\"elementor-widget-wrap elementor-element-populated\">\n\t\t\t\t\t\t<div class=\"elementor-element elementor-element-02f943b elementor-widget elementor-widget-image\" data-id=\"02f943b\" data-element_type=\"widget\" data-widget_type=\"image.default\">\n\t\t\t\t<div class=\"elementor-widget-container\">\n\t\t\t\t\t\t\t\t\t\t\t\t\t\t\t<img fetchpriority=\"high\" decoding=\"async\" width=\"800\" height=\"376\" src=\"https:\/\/fsv.com.vn\/wp-content\/uploads\/2023\/03\/diengiowobv-7096-1.jpg\" class=\"attachment-large size-large wp-image-159\" alt=\"\" srcset=\"https:\/\/fsv.com.vn\/wp-content\/uploads\/2023\/03\/diengiowobv-7096-1.jpg 850w, https:\/\/fsv.com.vn\/wp-content\/uploads\/2023\/03\/diengiowobv-7096-1-300x141.jpg 300w, https:\/\/fsv.com.vn\/wp-content\/uploads\/2023\/03\/diengiowobv-7096-1-768x361.jpg 768w\" sizes=\"(max-width: 800px) 100vw, 800px\" \/>\t\t\t\t\t\t\t\t\t\t\t\t\t\t\t<\/div>\n\t\t\t\t<\/div>\n\t\t\t\t<div class=\"elementor-element elementor-element-c92ede2 elementor-widget elementor-widget-heading\" data-id=\"c92ede2\" data-element_type=\"widget\" data-widget_type=\"heading.default\">\n\t\t\t\t<div class=\"elementor-widget-container\">\n\t\t\t\t\t<h3 class=\"elementor-heading-title elementor-size-default\">Nh\u00e0 M\u00e1y \u0110i\u1ec7n Gi\u00f3<\/h3>\t\t\t\t<\/div>\n\t\t\t\t<\/div>\n\t\t\t\t<div class=\"elementor-element elementor-element-65dad70 elementor-widget elementor-widget-text-editor\" data-id=\"65dad70\" data-element_type=\"widget\" data-widget_type=\"text-editor.default\">\n\t\t\t\t<div class=\"elementor-widget-container\">\n\t\t\t\t\t\t\t\t\t<p><strong>Improve your WTG production factor \u2013 reduce oil-related problems on your gearbox<\/strong><br \/>C.C.JENSEN \u2013 the market leader in offline oil filtration \u2013 ensures clean and dry oil for your wind turbine. More than 80,000 CJC\u00ae\u00a0Oil Filters are now installed worldwide.<\/p><p><strong>Improve your up-time and extend oil lifetime<\/strong><br \/>CJC\u00ae\u00a0Offline Oil Filters continuously remove particles, moisture and oxidation from oil, resulting in reduced wear on gearbox, pitch hydraulic and bearings. This can extend the lifetime of the oil with a factor 3-4, and improve your up-time. C.C.JENSEN ensures clean &amp; dry oil-solutions for more than 50% of all new wind turbines built today.\u00a0<\/p><p><strong>Technical expertise<\/strong><br \/>Our technically capable sales engineers in the CJC\u00ae\u00a0Wind Group actively applies this knowledge in their day-to-day work with wind turbine manufacturers, operators and wind power consultants, giving advice on selecting the right solution.\u00a0<\/p><p><strong>Reduce oil-related problems on your gearboxes<\/strong><br \/>C.C.JENSEN has more than 15 years\u2019 of experience in the wind industry and is the world&#8217;s largest supplier of offline oil filter systems to wind turbine manufacturers, owners and operators. CJC\u00ae\u00a0Oil Filters effectively reduce oil-related problems on gearboxes, hydraulic pitch and oil lubricated bearing systems.<\/p><p>We invite you to learn more about our specific system solutions, please select your preferred segment in the menu to the left.<\/p>\t\t\t\t\t\t\t\t<\/div>\n\t\t\t\t<\/div>\n\t\t\t\t\t<\/div>\n\t\t<\/div>\n\t\t\t\t\t<\/div>\n\t\t<\/section>\n\t\t\t\t<\/div>\n\t\t","protected":false},"excerpt":{"rendered":"<p>Nh\u00e0 M\u00e1y \u0110i\u1ec7n Gi\u00f3 Improve your WTG production factor \u2013 reduce oil-related problems on your gearboxC.C.JENSEN \u2013 the market leader in offline oil filtration \u2013 ensures clean and dry oil for your wind turbine. More than 80,000 CJC\u00ae\u00a0Oil Filters are now installed worldwide. Improve your up-time and extend oil lifetimeCJC\u00ae\u00a0Offline Oil Filters continuously remove particles, [&hellip;]<\/p>\n","protected":false},"author":1,"featured_media":0,"parent":137,"menu_order":3,"comment_status":"closed","ping_status":"closed","template":"","meta":{"footnotes":""},"class_list":["post-154","page","type-page","status-publish","hentry"],"_links":{"self":[{"href":"https:\/\/fsv.com.vn\/index.php\/wp-json\/wp\/v2\/pages\/154","targetHints":{"allow":["GET"]}}],"collection":[{"href":"https:\/\/fsv.com.vn\/index.php\/wp-json\/wp\/v2\/pages"}],"about":[{"href":"https:\/\/fsv.com.vn\/index.php\/wp-json\/wp\/v2\/types\/page"}],"author":[{"embeddable":true,"href":"https:\/\/fsv.com.vn\/index.php\/wp-json\/wp\/v2\/users\/1"}],"replies":[{"embeddable":true,"href":"https:\/\/fsv.com.vn\/index.php\/wp-json\/wp\/v2\/comments?post=154"}],"version-history":[{"count":10,"href":"https:\/\/fsv.com.vn\/index.php\/wp-json\/wp\/v2\/pages\/154\/revisions"}],"predecessor-version":[{"id":866,"href":"https:\/\/fsv.com.vn\/index.php\/wp-json\/wp\/v2\/pages\/154\/revisions\/866"}],"up":[{"embeddable":true,"href":"https:\/\/fsv.com.vn\/index.php\/wp-json\/wp\/v2\/pages\/137"}],"wp:attachment":[{"href":"https:\/\/fsv.com.vn\/index.php\/wp-json\/wp\/v2\/media?parent=154"}],"curies":[{"name":"wp","href":"https:\/\/api.w.org\/{rel}","templated":true}]}}