{"id":152,"date":"2023-03-28T00:05:25","date_gmt":"2023-03-27T17:05:25","guid":{"rendered":"https:\/\/fsv.com.vn\/?page_id=152"},"modified":"2025-03-16T08:46:12","modified_gmt":"2025-03-16T01:46:12","slug":"cong-nghiep","status":"publish","type":"page","link":"https:\/\/fsv.com.vn\/index.php\/giai-phap\/cong-nghiep\/","title":{"rendered":"C\u00f4ng Nghi\u1ec7p"},"content":{"rendered":"\t\t<div data-elementor-type=\"wp-page\" data-elementor-id=\"152\" class=\"elementor elementor-152\" data-elementor-post-type=\"page\">\n\t\t\t\t\t\t<section class=\"elementor-section elementor-top-section elementor-element elementor-element-a65142d elementor-section-boxed elementor-section-height-default elementor-section-height-default\" data-id=\"a65142d\" data-element_type=\"section\">\n\t\t\t\t\t\t<div class=\"elementor-container elementor-column-gap-default\">\n\t\t\t\t\t<div class=\"elementor-column elementor-col-100 elementor-top-column elementor-element elementor-element-a9795a6\" data-id=\"a9795a6\" data-element_type=\"column\">\n\t\t\t<div class=\"elementor-widget-wrap elementor-element-populated\">\n\t\t\t\t\t\t<div class=\"elementor-element elementor-element-69cc3fc elementor-widget elementor-widget-spacer\" data-id=\"69cc3fc\" data-element_type=\"widget\" data-widget_type=\"spacer.default\">\n\t\t\t\t<div class=\"elementor-widget-container\">\n\t\t\t\t\t\t\t<div class=\"elementor-spacer\">\n\t\t\t<div class=\"elementor-spacer-inner\"><\/div>\n\t\t<\/div>\n\t\t\t\t\t\t<\/div>\n\t\t\t\t<\/div>\n\t\t\t\t\t<\/div>\n\t\t<\/div>\n\t\t\t\t\t<\/div>\n\t\t<\/section>\n\t\t\t\t<section class=\"elementor-section elementor-top-section elementor-element elementor-element-1fdc0e2 elementor-section-boxed elementor-section-height-default elementor-section-height-default\" data-id=\"1fdc0e2\" data-element_type=\"section\">\n\t\t\t\t\t\t<div class=\"elementor-container elementor-column-gap-default\">\n\t\t\t\t\t<div class=\"elementor-column elementor-col-66 elementor-top-column elementor-element elementor-element-68af9da\" data-id=\"68af9da\" data-element_type=\"column\">\n\t\t\t<div class=\"elementor-widget-wrap elementor-element-populated\">\n\t\t\t\t\t\t<div class=\"elementor-element elementor-element-d8ebf76 elementor-widget elementor-widget-text-editor\" data-id=\"d8ebf76\" data-element_type=\"widget\" data-widget_type=\"text-editor.default\">\n\t\t\t\t<div class=\"elementor-widget-container\">\n\t\t\t\t\t\t\t\t\t<h5><strong>GI\u1ea2I PH\u00c1P L\u1eccC D\u1ea6U CJC\u00ae CHO NG\u00c0NH C\u00d4NG NGHI\u1ec6P<\/strong><\/h5>\n<h4><strong>T\u1ed0I \u01afU HI\u1ec6U SU\u1ea4T, GI\u1ea2M R\u1ee6I RO CHO THI\u1ebeT B\u1eca TH\u1ee6Y L\u1ef0C<\/strong><\/h4>\n<p>V\u1edbi nhi\u1ec1u th\u1eadp k\u1ef7 kinh nghi\u1ec7m trong l\u0129nh v\u1ef1c l\u1ecdc d\u1ea7u c\u00f4ng nghi\u1ec7p, C.C.JENSEN l\u00e0 \u0111\u01a1n v\u1ecb d\u1eabn \u0111\u1ea7u to\u00e0n c\u1ea7u v\u1ec1 c\u00f4ng ngh\u1ec7 l\u1ecdc d\u1ea7u ngo\u1ea1i tuy\u1ebfn (offline oil filtration), v\u1edbi h\u01a1n <strong>100.000 thi\u1ebft b\u1ecb l\u1ecdc d\u1ea7u CJC\u00ae<\/strong> \u0111\u00e3 \u0111\u01b0\u1ee3c l\u1eafp \u0111\u1eb7t tr\u00ean nhi\u1ec1u l\u0129nh v\u1ef1c c\u00f4ng nghi\u1ec7p nh\u01b0 \u00f4 t\u00f4, luy\u1ec7n kim, s\u1ea3n xu\u1ea5t th\u00e9p, v.v. Ch\u00fang t\u00f4i hi\u1ec3u r\u00f5 c\u00e1ch \u0111\u1ec3 n\u00e2ng cao hi\u1ec7u su\u1ea5t v\u00e0 t\u1ed1i \u0111a h\u00f3a s\u1ea3n l\u01b0\u1ee3ng s\u1ea3n xu\u1ea5t cho nh\u00e0 m\u00e1y.<\/p>\n<h4><strong>C\u1ea2I THI\u1ec6N HI\u1ec6U SU\u1ea4T V\u00c0 K\u00c9O D\u00c0I TU\u1ed4I TH\u1ecc D\u1ea6U<\/strong><\/h4>\n<p>\u2705 <strong>L\u1ecdc s\u1ea1ch d\u1ea7u li\u00ean t\u1ee5c<\/strong>, lo\u1ea1i b\u1ecf c\u00e1c t\u1ea1p ch\u1ea5t nh\u01b0 h\u1ea1t r\u1eafn, n\u01b0\u1edbc v\u00e0 c\u1eb7n oxy h\u00f3a<br>\u2705 <strong>Gi\u1ea3m m\u00e0i m\u00f2n linh ki\u1ec7n<\/strong>, gi\u00fap h\u1ec7 th\u1ed1ng v\u1eadn h\u00e0nh \u1ed5n \u0111\u1ecbnh h\u01a1n<br>\u2705 <strong>K\u00e9o d\u00e0i tu\u1ed5i th\u1ecd d\u1ea7u l\u00ean g\u1ea5p 3-4 l\u1ea7n<\/strong>, gi\u1ea3m chi ph\u00ed thay d\u1ea7u<br>\u2705 <strong>N\u00e2ng cao hi\u1ec7u su\u1ea5t ho\u1ea1t \u0111\u1ed9ng<\/strong>, h\u1ea1n ch\u1ebf th\u1eddi gian ng\u1eebng m\u00e1y<\/p>\n<h4><strong>CHUY\u00caN GIA K\u1ef8 THU\u1eacT H\u00c0NG \u0110\u1ea6U<\/strong><\/h4>\n<p>C\u00e1c k\u1ef9 s\u01b0 b\u00e1n h\u00e0ng c\u1ee7a C.C.JENSEN Industry Group c\u00f3 ki\u1ebfn th\u1ee9c chuy\u00ean s\u00e2u v\u1ec1 l\u1ecdc d\u1ea7u c\u00f4ng nghi\u1ec7p, gi\u00fap t\u01b0 v\u1ea5n v\u00e0 \u0111\u01b0a ra gi\u1ea3i ph\u00e1p ph\u00f9 h\u1ee3p nh\u1ea5t cho t\u1eebng nh\u00e0 m\u00e1y s\u1ea3n xu\u1ea5t.<\/p>\n<h4><strong>GI\u1ea2M S\u1ef0 C\u1ed0 LI\u00caN QUAN \u0110\u1ebeN D\u1ea6U CHO H\u1ec6 TH\u1ed0NG TH\u1ee6Y L\u1ef0C, B\u1ea0C \u0110\u1ea0N, H\u1ed8P S\u1ed0&#8230;<\/strong><\/h4>\n<p>V\u1edbi h\u01a1n <strong>70 n\u0103m kinh nghi\u1ec7m<\/strong>, C.C.JENSEN l\u00e0 nh\u00e0 cung c\u1ea5p h\u1ec7 th\u1ed1ng l\u1ecdc d\u1ea7u ngo\u1ea1i tuy\u1ebfn l\u1edbn nh\u1ea5t th\u1ebf gi\u1edbi, gi\u00fap h\u00e0ng ngh\u00ecn nh\u00e0 m\u00e1y c\u00f4ng nghi\u1ec7p gi\u1ea3i quy\u1ebft tri\u1ec7t \u0111\u1ec3 c\u00e1c v\u1ea5n \u0111\u1ec1 li\u00ean quan \u0111\u1ebfn d\u1ea7u b\u00f4i tr\u01a1n v\u00e0 d\u1ea7u th\u1ee7y l\u1ef1c.<\/p>\n<p>\ud83d\udd39 <strong>T\u00ecm hi\u1ec3u th\u00eam v\u1ec1 gi\u1ea3i ph\u00e1p c\u1ee7a ch\u00fang t\u00f4i cho t\u1eebng ng\u00e0nh c\u00f4ng nghi\u1ec7p b\u1eb1ng c\u00e1ch ch\u1ecdn ph\u00e2n kh\u00fac ph\u00f9 h\u1ee3p.<\/strong><\/p>\t\t\t\t\t\t\t\t<\/div>\n\t\t\t\t<\/div>\n\t\t\t\t\t<\/div>\n\t\t<\/div>\n\t\t\t\t<div class=\"elementor-column elementor-col-33 elementor-top-column elementor-element elementor-element-a36d9c4\" data-id=\"a36d9c4\" data-element_type=\"column\">\n\t\t\t<div class=\"elementor-widget-wrap elementor-element-populated\">\n\t\t\t\t\t\t<div class=\"elementor-element elementor-element-f52a243 elementor-widget elementor-widget-image\" data-id=\"f52a243\" data-element_type=\"widget\" data-widget_type=\"image.default\">\n\t\t\t\t<div class=\"elementor-widget-container\">\n\t\t\t\t\t\t\t\t\t\t\t\t\t\t\t<img fetchpriority=\"high\" decoding=\"async\" width=\"800\" height=\"500\" src=\"https:\/\/fsv.com.vn\/wp-content\/uploads\/2025\/02\/Capture.png\" class=\"attachment-large size-large wp-image-1673\" alt=\"\" srcset=\"https:\/\/fsv.com.vn\/wp-content\/uploads\/2025\/02\/Capture.png 848w, https:\/\/fsv.com.vn\/wp-content\/uploads\/2025\/02\/Capture-300x188.png 300w, https:\/\/fsv.com.vn\/wp-content\/uploads\/2025\/02\/Capture-768x480.png 768w\" sizes=\"(max-width: 800px) 100vw, 800px\" \/>\t\t\t\t\t\t\t\t\t\t\t\t\t\t\t<\/div>\n\t\t\t\t<\/div>\n\t\t\t\t\t<\/div>\n\t\t<\/div>\n\t\t\t\t\t<\/div>\n\t\t<\/section>\n\t\t\t\t<section class=\"elementor-section elementor-top-section elementor-element elementor-element-c2676b7 elementor-section-boxed elementor-section-height-default elementor-section-height-default\" data-id=\"c2676b7\" data-element_type=\"section\">\n\t\t\t\t\t\t<div class=\"elementor-container elementor-column-gap-default\">\n\t\t\t\t\t<div class=\"elementor-column elementor-col-100 elementor-top-column elementor-element elementor-element-8c39e52\" data-id=\"8c39e52\" data-element_type=\"column\">\n\t\t\t<div class=\"elementor-widget-wrap elementor-element-populated\">\n\t\t\t\t\t\t<div class=\"elementor-element elementor-element-0377205 elementor-widget elementor-widget-spacer\" data-id=\"0377205\" data-element_type=\"widget\" data-widget_type=\"spacer.default\">\n\t\t\t\t<div class=\"elementor-widget-container\">\n\t\t\t\t\t\t\t<div class=\"elementor-spacer\">\n\t\t\t<div class=\"elementor-spacer-inner\"><\/div>\n\t\t<\/div>\n\t\t\t\t\t\t<\/div>\n\t\t\t\t<\/div>\n\t\t\t\t\t<\/div>\n\t\t<\/div>\n\t\t\t\t\t<\/div>\n\t\t<\/section>\n\t\t\t\t<\/div>\n\t\t","protected":false},"excerpt":{"rendered":"<p>GI\u1ea2I PH\u00c1P L\u1eccC D\u1ea6U CJC\u00ae CHO NG\u00c0NH C\u00d4NG NGHI\u1ec6P T\u1ed0I \u01afU HI\u1ec6U SU\u1ea4T, GI\u1ea2M R\u1ee6I RO CHO THI\u1ebeT B\u1eca TH\u1ee6Y L\u1ef0C V\u1edbi nhi\u1ec1u th\u1eadp k\u1ef7 kinh nghi\u1ec7m trong l\u0129nh v\u1ef1c l\u1ecdc d\u1ea7u c\u00f4ng nghi\u1ec7p, C.C.JENSEN l\u00e0 \u0111\u01a1n v\u1ecb d\u1eabn \u0111\u1ea7u to\u00e0n c\u1ea7u v\u1ec1 c\u00f4ng ngh\u1ec7 l\u1ecdc d\u1ea7u ngo\u1ea1i tuy\u1ebfn (offline oil filtration), v\u1edbi h\u01a1n 100.000 [&hellip;]<\/p>\n","protected":false},"author":1,"featured_media":0,"parent":137,"menu_order":2,"comment_status":"closed","ping_status":"closed","template":"","meta":{"footnotes":""},"class_list":["post-152","page","type-page","status-publish","hentry"],"_links":{"self":[{"href":"https:\/\/fsv.com.vn\/index.php\/wp-json\/wp\/v2\/pages\/152","targetHints":{"allow":["GET"]}}],"collection":[{"href":"https:\/\/fsv.com.vn\/index.php\/wp-json\/wp\/v2\/pages"}],"about":[{"href":"https:\/\/fsv.com.vn\/index.php\/wp-json\/wp\/v2\/types\/page"}],"author":[{"embeddable":true,"href":"https:\/\/fsv.com.vn\/index.php\/wp-json\/wp\/v2\/users\/1"}],"replies":[{"embeddable":true,"href":"https:\/\/fsv.com.vn\/index.php\/wp-json\/wp\/v2\/comments?post=152"}],"version-history":[{"count":10,"href":"https:\/\/fsv.com.vn\/index.php\/wp-json\/wp\/v2\/pages\/152\/revisions"}],"predecessor-version":[{"id":1929,"href":"https:\/\/fsv.com.vn\/index.php\/wp-json\/wp\/v2\/pages\/152\/revisions\/1929"}],"up":[{"embeddable":true,"href":"https:\/\/fsv.com.vn\/index.php\/wp-json\/wp\/v2\/pages\/137"}],"wp:attachment":[{"href":"https:\/\/fsv.com.vn\/index.php\/wp-json\/wp\/v2\/media?parent=152"}],"curies":[{"name":"wp","href":"https:\/\/api.w.org\/{rel}","templated":true}]}}